{"id":1010,"date":"2019-11-18T15:40:08","date_gmt":"2019-11-18T18:40:08","guid":{"rendered":"https:\/\/www.ufsm.br\/reitoria\/gabinete-do-reitor\/guiaeventos\/?page_id=1010"},"modified":"2020-09-16T17:10:46","modified_gmt":"2020-09-16T20:10:46","slug":"evento","status":"publish","type":"page","link":"https:\/\/www.ufsm.br\/comunicacao\/guiaeventos\/evento","title":{"rendered":"Evento"},"content":{"rendered":"\t\t<div data-elementor-type=\"wp-page\" data-elementor-id=\"1010\" class=\"elementor elementor-1010\">\n\t\t\t\t\t\t<section class=\"elementor-section elementor-top-section elementor-element elementor-element-52bba4dd elementor-section-boxed elementor-section-height-default elementor-section-height-default\" data-id=\"52bba4dd\" data-element_type=\"section\">\n\t\t\t\t\t\t<div class=\"elementor-container elementor-column-gap-default\">\n\t\t\t\t\t<div class=\"elementor-column elementor-col-100 elementor-top-column elementor-element elementor-element-3bc655fd\" data-id=\"3bc655fd\" data-element_type=\"column\">\n\t\t\t<div class=\"elementor-widget-wrap elementor-element-populated\">\n\t\t\t\t\t\t<div class=\"elementor-element elementor-element-3295633c elementor-widget elementor-widget-text-editor\" data-id=\"3295633c\" data-element_type=\"widget\" data-widget_type=\"text-editor.default\">\n\t\t\t\t<div class=\"elementor-widget-container\">\n\t\t\t\t\t\t\t<p><!-- wp:tadv\/classic-paragraph --><\/p>\n<p>O evento \u00e9 o ponto alto do seu planejamento. <span style=\"color: black;font-size: 1rem\">Nessa parte, voc\u00ea j\u00e1 passou pelo pr\u00e9-evento e est\u00e1 com grande parte das a\u00e7\u00f5es organizadas, ent\u00e3o nesta se\u00e7\u00e3o, reunimos informa\u00e7\u00f5es para o dia, ou dias, do seu evento.\u00a0<\/span><\/p>\n<p><span style=\"color: black;font-size: 1rem\">O dia do evento pode ser estressante e bastante conturbado, por isso, antes de qualquer coisa confira o seu checklist e veja o que est\u00e1 realizado e o que ainda falta realizar. O checklist deve ser consultado ao longo do evento para que haja acompanhamento e confer\u00eancia das informa\u00e7\u00f5es.<\/span><\/p>\n<p><span style=\"color: black;font-size: 1rem\">S\u00e3o importantes durante o evento:<\/span><\/p>\n<p><b>Cerimonialista<\/b><\/p>\n<p>\u00c9 a pessoa para quem os participantes e funcion\u00e1rios do evento se reportam. \u00c9 a organizadora que estar\u00e1 acompanhando o checklist e resolvendo imprevistos que possam acontecer.<\/p>\n<p><b>Mestre de Cerim\u00f4nia<\/b><\/p>\n<p>\u00c9 quem conduzir\u00e1 o cerimonial.<\/p>\n<p><b>Credenciamento ou Recep\u00e7\u00e3o<\/b><\/p>\n<p>Se o seu evento tiver credenciamento, busque organizar as mesas em ordem alfab\u00e9tica. A equipe de recep\u00e7\u00e3o deve estar identificada e treinada para orientar os participantes do evento.<\/p>\n<p><b>Cobertura Fotogr\u00e1fica<\/b><\/p>\n<p>\u00c9 importante que voc\u00ea busque por uma equipe fotogr\u00e1fica para registrar os momentos do seu evento.<\/p>\n<p>\u00a0<\/p>\n<p><!-- \/wp:tadv\/classic-paragraph --><\/p>\t\t\t\t\t\t<\/div>\n\t\t\t\t<\/div>\n\t\t\t\t<div class=\"elementor-element elementor-element-421353d elementor-align-center elementor-widget elementor-widget-button\" data-id=\"421353d\" data-element_type=\"widget\" data-widget_type=\"button.default\">\n\t\t\t\t<div class=\"elementor-widget-container\">\n\t\t\t\t\t\t\t<div class=\"elementor-button-wrapper\">\n\t\t\t\t\t<a class=\"elementor-button elementor-button-link elementor-size-sm\" href=\"https:\/\/www.ufsm.br\/app\/uploads\/sites\/767\/2020\/09\/CHECKLIST-EVENTO-.pdf\" target=\"_blank\">\n\t\t\t\t\t\t<span class=\"elementor-button-content-wrapper\">\n\t\t\t\t\t\t\t\t\t<span class=\"elementor-button-text\">Checklist para pr\u00e9-evento, evento e p\u00f3s-evento<\/span>\n\t\t\t\t\t<\/span>\n\t\t\t\t\t<\/a>\n\t\t\t\t<\/div>\n\t\t\t\t\t\t<\/div>\n\t\t\t\t<\/div>\n\t\t\t\t\t<\/div>\n\t\t<\/div>\n\t\t\t\t\t<\/div>\n\t\t<\/section>\n\t\t\t\t<\/div>\n\t\t","protected":false},"excerpt":{"rendered":"<p>O evento \u00e9 o ponto alto do seu planejamento. Nessa parte, voc\u00ea j\u00e1 passou pelo pr\u00e9-evento e est\u00e1 com grande parte das a\u00e7\u00f5es organizadas, ent\u00e3o nesta se\u00e7\u00e3o, reunimos informa\u00e7\u00f5es para o dia, ou dias, do seu evento.\u00a0 O dia do evento pode ser estressante e bastante conturbado, por isso, antes de qualquer coisa confira o [&hellip;]<\/p>\n","protected":false},"author":118,"featured_media":0,"parent":0,"menu_order":0,"comment_status":"closed","ping_status":"closed","template":"","meta":{"footnotes":""},"categories":[],"tags":[],"class_list":["post-1010","page","type-page","status-publish","hentry"],"acf":[],"_links":{"self":[{"href":"https:\/\/www.ufsm.br\/comunicacao\/guiaeventos\/wp-json\/wp\/v2\/pages\/1010","targetHints":{"allow":["GET"]}}],"collection":[{"href":"https:\/\/www.ufsm.br\/comunicacao\/guiaeventos\/wp-json\/wp\/v2\/pages"}],"about":[{"href":"https:\/\/www.ufsm.br\/comunicacao\/guiaeventos\/wp-json\/wp\/v2\/types\/page"}],"author":[{"embeddable":true,"href":"https:\/\/www.ufsm.br\/comunicacao\/guiaeventos\/wp-json\/wp\/v2\/users\/118"}],"replies":[{"embeddable":true,"href":"https:\/\/www.ufsm.br\/comunicacao\/guiaeventos\/wp-json\/wp\/v2\/comments?post=1010"}],"version-history":[{"count":0,"href":"https:\/\/www.ufsm.br\/comunicacao\/guiaeventos\/wp-json\/wp\/v2\/pages\/1010\/revisions"}],"wp:attachment":[{"href":"https:\/\/www.ufsm.br\/comunicacao\/guiaeventos\/wp-json\/wp\/v2\/media?parent=1010"}],"wp:term":[{"taxonomy":"category","embeddable":true,"href":"https:\/\/www.ufsm.br\/comunicacao\/guiaeventos\/wp-json\/wp\/v2\/categories?post=1010"},{"taxonomy":"post_tag","embeddable":true,"href":"https:\/\/www.ufsm.br\/comunicacao\/guiaeventos\/wp-json\/wp\/v2\/tags?post=1010"}],"curies":[{"name":"wp","href":"https:\/\/api.w.org\/{rel}","templated":true}]}}