{"id":1057,"date":"2020-09-01T12:14:33","date_gmt":"2020-09-01T15:14:33","guid":{"rendered":"https:\/\/www.ufsm.br\/comunicacao\/guiaeventos\/?page_id=1057"},"modified":"2020-09-03T15:29:43","modified_gmt":"2020-09-03T18:29:43","slug":"simbolos-nacionais","status":"publish","type":"page","link":"https:\/\/www.ufsm.br\/comunicacao\/guiaeventos\/simbolos-nacionais","title":{"rendered":"S\u00edmbolos Nacionais"},"content":{"rendered":"\n<p>Os s\u00edmbolos nacionais possuem valor hist\u00f3rico e foram definidos para transmitir o sentimento de uni\u00e3o nacional. Os s\u00edmbolos oficiais da Rep\u00fablica Federativa do Brasil s\u00e3o:<\/p>\n<ul>\n<li>Bandeira Nacional<\/li>\n<li>Hino Nacional<\/li>\n<li>Bras\u00e3o da Rep\u00fablica<\/li>\n<li>Selo Nacional<\/li>\n<\/ul>\n<p>Os usos s\u00e3o regulados pela Lei n. 5.700 de 1\u00ba de setembro de 1971. Para eventos n\u00e3o solenes da UFSM, indica-se que sejam usadas as bandeiras do Brasil, do Rio Grande do Sul e da UFSM.<\/p>\n<p>Abaixo, voc\u00ea encontra a ordem que as bandeiras devem ser apresentadas:<\/p>\n<p><a href=\"https:\/\/www.ufsm.br\/app\/uploads\/sites\/767\/2020\/09\/Apresentacao-sem-titulo.png\"><img fetchpriority=\"high\" decoding=\"async\" class=\"aligncenter wp-image-1090 \" src=\"https:\/\/www.ufsm.br\/app\/uploads\/sites\/767\/2020\/09\/Apresentacao-sem-titulo.png\" alt=\"Ordem das bandeiras, quando n\u00famero \u00edmpar: Rio Grande do Sul, Brasil e UFSM\" width=\"654\" height=\"368\" srcset=\"https:\/\/www.ufsm.br\/app\/uploads\/sites\/767\/2020\/09\/Apresentacao-sem-titulo.png 960w, https:\/\/www.ufsm.br\/app\/uploads\/sites\/767\/2020\/09\/Apresentacao-sem-titulo-300x169.png 300w, https:\/\/www.ufsm.br\/app\/uploads\/sites\/767\/2020\/09\/Apresentacao-sem-titulo-768x432.png 768w\" sizes=\"(max-width: 654px) 100vw, 654px\" \/><\/a><\/p>\n<p><a href=\"https:\/\/www.ufsm.br\/app\/uploads\/sites\/767\/2020\/09\/Apresentacao-sem-titulo-1.png\"><img decoding=\"async\" class=\"aligncenter  wp-image-1091\" src=\"https:\/\/www.ufsm.br\/app\/uploads\/sites\/767\/2020\/09\/Apresentacao-sem-titulo-1.png\" alt=\"\" width=\"656\" height=\"369\" srcset=\"https:\/\/www.ufsm.br\/app\/uploads\/sites\/767\/2020\/09\/Apresentacao-sem-titulo-1.png 960w, https:\/\/www.ufsm.br\/app\/uploads\/sites\/767\/2020\/09\/Apresentacao-sem-titulo-1-300x169.png 300w, https:\/\/www.ufsm.br\/app\/uploads\/sites\/767\/2020\/09\/Apresentacao-sem-titulo-1-768x432.png 768w\" sizes=\"(max-width: 656px) 100vw, 656px\" \/><\/a><\/p>\n","protected":false},"excerpt":{"rendered":"<p>Os s\u00edmbolos nacionais possuem valor hist\u00f3rico e foram definidos para transmitir o sentimento de uni\u00e3o nacional. Os s\u00edmbolos oficiais da Rep\u00fablica Federativa do Brasil s\u00e3o: Bandeira Nacional Hino Nacional Bras\u00e3o da Rep\u00fablica Selo Nacional Os usos s\u00e3o regulados pela Lei n. 5.700 de 1\u00ba de setembro de 1971. Para eventos n\u00e3o solenes da UFSM, indica-se [&hellip;]<\/p>\n","protected":false},"author":278,"featured_media":0,"parent":0,"menu_order":0,"comment_status":"closed","ping_status":"closed","template":"","meta":{"footnotes":""},"categories":[],"tags":[],"class_list":["post-1057","page","type-page","status-publish","hentry"],"acf":[],"_links":{"self":[{"href":"https:\/\/www.ufsm.br\/comunicacao\/guiaeventos\/wp-json\/wp\/v2\/pages\/1057","targetHints":{"allow":["GET"]}}],"collection":[{"href":"https:\/\/www.ufsm.br\/comunicacao\/guiaeventos\/wp-json\/wp\/v2\/pages"}],"about":[{"href":"https:\/\/www.ufsm.br\/comunicacao\/guiaeventos\/wp-json\/wp\/v2\/types\/page"}],"author":[{"embeddable":true,"href":"https:\/\/www.ufsm.br\/comunicacao\/guiaeventos\/wp-json\/wp\/v2\/users\/278"}],"replies":[{"embeddable":true,"href":"https:\/\/www.ufsm.br\/comunicacao\/guiaeventos\/wp-json\/wp\/v2\/comments?post=1057"}],"version-history":[{"count":0,"href":"https:\/\/www.ufsm.br\/comunicacao\/guiaeventos\/wp-json\/wp\/v2\/pages\/1057\/revisions"}],"wp:attachment":[{"href":"https:\/\/www.ufsm.br\/comunicacao\/guiaeventos\/wp-json\/wp\/v2\/media?parent=1057"}],"wp:term":[{"taxonomy":"category","embeddable":true,"href":"https:\/\/www.ufsm.br\/comunicacao\/guiaeventos\/wp-json\/wp\/v2\/categories?post=1057"},{"taxonomy":"post_tag","embeddable":true,"href":"https:\/\/www.ufsm.br\/comunicacao\/guiaeventos\/wp-json\/wp\/v2\/tags?post=1057"}],"curies":[{"name":"wp","href":"https:\/\/api.w.org\/{rel}","templated":true}]}}