{"id":1065,"date":"2020-09-01T12:23:18","date_gmt":"2020-09-01T15:23:18","guid":{"rendered":"https:\/\/www.ufsm.br\/comunicacao\/guiaeventos\/?page_id=1065"},"modified":"2023-07-19T14:45:53","modified_gmt":"2023-07-19T17:45:53","slug":"normativa-e-questoes-legais","status":"publish","type":"page","link":"https:\/\/www.ufsm.br\/comunicacao\/guiaeventos\/normativa-e-questoes-legais","title":{"rendered":"Normativa e quest\u00f5es legais"},"content":{"rendered":"\n<p>As formaturas, na UFSM, a partir de 2020, passaram a ser obrigatoriamente institucionais. Significa que todas as cerim\u00f4nias de cola\u00e7\u00e3o de grau devem seguir a <a href=\"https:\/\/portal.ufsm.br\/documentos\/publico\/documento.html?id=9264022\">Normativa N. 011\/2018\u00a0<\/a>.\u00a0<\/p>\n<p>Mais informa\u00e7\u00f5es sobre as cola\u00e7\u00f5es de grau na UFSM podem ser analisadas em <a href=\"_wp_link_placeholder\" data-wplink-edit=\"true\">https:\/\/www.ufsm.br\/pro-reitorias\/prograd\/colacao-de-grau<\/a><\/p>\n","protected":false},"excerpt":{"rendered":"<p>As formaturas, na UFSM, a partir de 2020, passaram a ser obrigatoriamente institucionais. Significa que todas as cerim\u00f4nias de cola\u00e7\u00e3o de grau devem seguir a Normativa N. 011\/2018\u00a0.\u00a0 Mais informa\u00e7\u00f5es sobre as cola\u00e7\u00f5es de grau na UFSM podem ser analisadas em https:\/\/www.ufsm.br\/pro-reitorias\/prograd\/colacao-de-grau<\/p>\n","protected":false},"author":278,"featured_media":0,"parent":0,"menu_order":0,"comment_status":"closed","ping_status":"closed","template":"","meta":{"footnotes":""},"categories":[],"tags":[],"class_list":["post-1065","page","type-page","status-publish","hentry"],"acf":[],"_links":{"self":[{"href":"https:\/\/www.ufsm.br\/comunicacao\/guiaeventos\/wp-json\/wp\/v2\/pages\/1065","targetHints":{"allow":["GET"]}}],"collection":[{"href":"https:\/\/www.ufsm.br\/comunicacao\/guiaeventos\/wp-json\/wp\/v2\/pages"}],"about":[{"href":"https:\/\/www.ufsm.br\/comunicacao\/guiaeventos\/wp-json\/wp\/v2\/types\/page"}],"author":[{"embeddable":true,"href":"https:\/\/www.ufsm.br\/comunicacao\/guiaeventos\/wp-json\/wp\/v2\/users\/278"}],"replies":[{"embeddable":true,"href":"https:\/\/www.ufsm.br\/comunicacao\/guiaeventos\/wp-json\/wp\/v2\/comments?post=1065"}],"version-history":[{"count":0,"href":"https:\/\/www.ufsm.br\/comunicacao\/guiaeventos\/wp-json\/wp\/v2\/pages\/1065\/revisions"}],"wp:attachment":[{"href":"https:\/\/www.ufsm.br\/comunicacao\/guiaeventos\/wp-json\/wp\/v2\/media?parent=1065"}],"wp:term":[{"taxonomy":"category","embeddable":true,"href":"https:\/\/www.ufsm.br\/comunicacao\/guiaeventos\/wp-json\/wp\/v2\/categories?post=1065"},{"taxonomy":"post_tag","embeddable":true,"href":"https:\/\/www.ufsm.br\/comunicacao\/guiaeventos\/wp-json\/wp\/v2\/tags?post=1065"}],"curies":[{"name":"wp","href":"https:\/\/api.w.org\/{rel}","templated":true}]}}