{"id":1080,"date":"2020-09-01T12:36:51","date_gmt":"2020-09-01T15:36:51","guid":{"rendered":"https:\/\/www.ufsm.br\/comunicacao\/guiaeventos\/?page_id=1080"},"modified":"2020-11-23T11:37:55","modified_gmt":"2020-11-23T14:37:55","slug":"divulgacao","status":"publish","type":"page","link":"https:\/\/www.ufsm.br\/comunicacao\/guiaeventos\/divulgacao","title":{"rendered":"Divulga\u00e7\u00e3o"},"content":{"rendered":"\t\t<div data-elementor-type=\"wp-page\" data-elementor-id=\"1080\" class=\"elementor elementor-1080\">\n\t\t\t\t\t\t<section class=\"elementor-section elementor-top-section elementor-element elementor-element-7d143560 elementor-section-boxed elementor-section-height-default elementor-section-height-default\" data-id=\"7d143560\" data-element_type=\"section\">\n\t\t\t\t\t\t<div class=\"elementor-container elementor-column-gap-default\">\n\t\t\t\t\t<div class=\"elementor-column elementor-col-100 elementor-top-column elementor-element elementor-element-10c7bbfe\" data-id=\"10c7bbfe\" data-element_type=\"column\">\n\t\t\t<div class=\"elementor-widget-wrap elementor-element-populated\">\n\t\t\t\t\t\t<div class=\"elementor-element elementor-element-327dbdc0 elementor-widget elementor-widget-text-editor\" data-id=\"327dbdc0\" data-element_type=\"widget\" data-widget_type=\"text-editor.default\">\n\t\t\t\t<div class=\"elementor-widget-container\">\n\t\t\t\t\t\t\t<p><!-- wp:tadv\/classic-paragraph --><\/p>\n<p>\u00c9 poss\u00edvel divulgar um evento de v\u00e1rias formas:<\/p>\n<ul>\n<li>E-mail para o p\u00fablico-alvo<\/li>\n<li>Cartazes em murais no hall dos pr\u00e9dios e Restaurante Universit\u00e1rio<\/li>\n<li>Evento no Facebook<\/li>\n<li>Post em redes sociais<\/li>\n<\/ul>\n<p>Para criar um site, a UFSM possui uma plataforma espec\u00edfica para os eventos institucionais. A fun\u00e7\u00e3o Eventos \u00e9 a cria\u00e7\u00e3o de um <em>hotsite<\/em> (site compacto ligado ao site do curso ou unidade de ensino ou pr\u00f3-reitoria) para os eventos, possibilitando a divulgar informa\u00e7\u00f5es gerais, programa\u00e7\u00e3o, inscri\u00e7\u00f5es, endere\u00e7o, not\u00edcias, etc. Para saber como fazer, acesse os tutoriais do Guia S\u00edtios UFSM:&nbsp; <a href=\"https:\/\/www.ufsm.br\/orgaos-suplementares\/cpd\/sitios\/2018\/11\/18\/eventos\/\">Eventos<\/a> e <a href=\"https:\/\/www.ufsm.br\/orgaos-suplementares\/cpd\/sitios\/2020\/07\/31\/como-permitir-que-uma-pessoa-gerencie-um-grupo-edital-evento-sem-ter-papel-administrativo-no-sitio\/\">Como inserir administradores no site do Evento.<\/a><\/p>\n<p>Para criar o material de divulga\u00e7\u00e3o do evento, o organizador pode entrar em contato com alguma empresa para <a href=\"https:\/\/www.ufsm.br\/comunicacao\/guiaeventos\/pre-evento\/\">uma parceria<\/a>, contratar empresa j\u00fanior, bolsistas ou, at\u00e9 mesmo, utilizar ferramentas de cria\u00e7\u00e3o online como <a href=\"https:\/\/www.ufsm.br\/comunicacao\/guiamidiassociais\/dicas-de-ferramentas-que-facilitam-sua-vida-nas-redes-sociais\/\">Canva<\/a>. Lembre-se de que a UFSM possui um <a href=\"https:\/\/www.ufsm.br\/identidade-institucional\/\">Guia de Identidade Institucional<\/a> para seguir e auxiliar nestas divulga\u00e7\u00f5es.<\/p>\n<p>Voc\u00ea pode obter mais informa\u00e7\u00f5es sobre divulga\u00e7\u00e3o nas redes sociais a partir do <a href=\"https:\/\/www.ufsm.br\/comunicacao\/guiamidiassociais\/\">Guia de M\u00eddias Sociais da UFSM.<\/a><\/p>\n<p><!-- \/wp:tadv\/classic-paragraph --><\/p>\n<p>&nbsp; <br><\/p>\t\t\t\t\t\t<\/div>\n\t\t\t\t<\/div>\n\t\t\t\t\t<\/div>\n\t\t<\/div>\n\t\t\t\t\t<\/div>\n\t\t<\/section>\n\t\t\t\t<section class=\"elementor-section elementor-top-section elementor-element elementor-element-4f98f0d elementor-section-boxed elementor-section-height-default elementor-section-height-default\" data-id=\"4f98f0d\" data-element_type=\"section\">\n\t\t\t\t\t\t<div class=\"elementor-container elementor-column-gap-default\">\n\t\t\t\t\t<div class=\"elementor-column elementor-col-33 elementor-top-column elementor-element elementor-element-78bea2e\" data-id=\"78bea2e\" data-element_type=\"column\">\n\t\t\t<div class=\"elementor-widget-wrap elementor-element-populated\">\n\t\t\t\t\t\t<div class=\"elementor-element elementor-element-97bc4d9 elementor-align-justify elementor-widget elementor-widget-button\" data-id=\"97bc4d9\" data-element_type=\"widget\" data-widget_type=\"button.default\">\n\t\t\t\t<div class=\"elementor-widget-container\">\n\t\t\t\t\t\t\t<div class=\"elementor-button-wrapper\">\n\t\t\t\t\t<a class=\"elementor-button elementor-button-link elementor-size-lg\" href=\"https:\/\/www.ufsm.br\/orgaos-suplementares\/cpd\/sitios\/2018\/11\/18\/eventos\/\" target=\"_blank\">\n\t\t\t\t\t\t<span class=\"elementor-button-content-wrapper\">\n\t\t\t\t\t\t\t\t\t<span class=\"elementor-button-text\">Criar site do evento<\/span>\n\t\t\t\t\t<\/span>\n\t\t\t\t\t<\/a>\n\t\t\t\t<\/div>\n\t\t\t\t\t\t<\/div>\n\t\t\t\t<\/div>\n\t\t\t\t\t<\/div>\n\t\t<\/div>\n\t\t\t\t<div class=\"elementor-column elementor-col-33 elementor-top-column elementor-element elementor-element-17fdfe4\" data-id=\"17fdfe4\" data-element_type=\"column\">\n\t\t\t<div class=\"elementor-widget-wrap elementor-element-populated\">\n\t\t\t\t\t\t<div class=\"elementor-element elementor-element-84bcd6c elementor-align-justify elementor-widget elementor-widget-button\" data-id=\"84bcd6c\" data-element_type=\"widget\" data-widget_type=\"button.default\">\n\t\t\t\t<div class=\"elementor-widget-container\">\n\t\t\t\t\t\t\t<div class=\"elementor-button-wrapper\">\n\t\t\t\t\t<a class=\"elementor-button elementor-button-link elementor-size-lg\" href=\"https:\/\/www.ufsm.br\/identidade-institucional\/\" target=\"_blank\">\n\t\t\t\t\t\t<span class=\"elementor-button-content-wrapper\">\n\t\t\t\t\t\t\t\t\t<span class=\"elementor-button-text\">Guia de Identidade Institucional<\/span>\n\t\t\t\t\t<\/span>\n\t\t\t\t\t<\/a>\n\t\t\t\t<\/div>\n\t\t\t\t\t\t<\/div>\n\t\t\t\t<\/div>\n\t\t\t\t\t<\/div>\n\t\t<\/div>\n\t\t\t\t<div class=\"elementor-column elementor-col-33 elementor-top-column elementor-element elementor-element-5235907\" data-id=\"5235907\" data-element_type=\"column\">\n\t\t\t<div class=\"elementor-widget-wrap elementor-element-populated\">\n\t\t\t\t\t\t<div class=\"elementor-element elementor-element-25bd5c0 elementor-align-justify elementor-widget elementor-widget-button\" data-id=\"25bd5c0\" data-element_type=\"widget\" data-widget_type=\"button.default\">\n\t\t\t\t<div class=\"elementor-widget-container\">\n\t\t\t\t\t\t\t<div class=\"elementor-button-wrapper\">\n\t\t\t\t\t<a class=\"elementor-button elementor-button-link elementor-size-lg\" href=\"https:\/\/www.ufsm.br\/comunicacao\/guiamidiassociais\/\" target=\"_blank\">\n\t\t\t\t\t\t<span class=\"elementor-button-content-wrapper\">\n\t\t\t\t\t\t\t\t\t<span class=\"elementor-button-text\">Guia de M\u00eddias Sociais<\/span>\n\t\t\t\t\t<\/span>\n\t\t\t\t\t<\/a>\n\t\t\t\t<\/div>\n\t\t\t\t\t\t<\/div>\n\t\t\t\t<\/div>\n\t\t\t\t\t<\/div>\n\t\t<\/div>\n\t\t\t\t\t<\/div>\n\t\t<\/section>\n\t\t\t\t<\/div>\n\t\t","protected":false},"excerpt":{"rendered":"<p>\u00c9 poss\u00edvel divulgar um evento de v\u00e1rias formas: E-mail para o p\u00fablico-alvo Cartazes em murais no hall dos pr\u00e9dios e Restaurante Universit\u00e1rio Evento no Facebook Post em redes sociais Para criar um site, a UFSM possui uma plataforma espec\u00edfica para os eventos institucionais. A fun\u00e7\u00e3o Eventos \u00e9 a cria\u00e7\u00e3o de um hotsite (site compacto ligado [&hellip;]<\/p>\n","protected":false},"author":278,"featured_media":0,"parent":0,"menu_order":0,"comment_status":"closed","ping_status":"closed","template":"","meta":{"footnotes":""},"categories":[],"tags":[],"class_list":["post-1080","page","type-page","status-publish","hentry"],"acf":[],"_links":{"self":[{"href":"https:\/\/www.ufsm.br\/comunicacao\/guiaeventos\/wp-json\/wp\/v2\/pages\/1080","targetHints":{"allow":["GET"]}}],"collection":[{"href":"https:\/\/www.ufsm.br\/comunicacao\/guiaeventos\/wp-json\/wp\/v2\/pages"}],"about":[{"href":"https:\/\/www.ufsm.br\/comunicacao\/guiaeventos\/wp-json\/wp\/v2\/types\/page"}],"author":[{"embeddable":true,"href":"https:\/\/www.ufsm.br\/comunicacao\/guiaeventos\/wp-json\/wp\/v2\/users\/278"}],"replies":[{"embeddable":true,"href":"https:\/\/www.ufsm.br\/comunicacao\/guiaeventos\/wp-json\/wp\/v2\/comments?post=1080"}],"version-history":[{"count":0,"href":"https:\/\/www.ufsm.br\/comunicacao\/guiaeventos\/wp-json\/wp\/v2\/pages\/1080\/revisions"}],"wp:attachment":[{"href":"https:\/\/www.ufsm.br\/comunicacao\/guiaeventos\/wp-json\/wp\/v2\/media?parent=1080"}],"wp:term":[{"taxonomy":"category","embeddable":true,"href":"https:\/\/www.ufsm.br\/comunicacao\/guiaeventos\/wp-json\/wp\/v2\/categories?post=1080"},{"taxonomy":"post_tag","embeddable":true,"href":"https:\/\/www.ufsm.br\/comunicacao\/guiaeventos\/wp-json\/wp\/v2\/tags?post=1080"}],"curies":[{"name":"wp","href":"https:\/\/api.w.org\/{rel}","templated":true}]}}