{"id":1084,"date":"2020-09-01T12:51:46","date_gmt":"2020-09-01T15:51:46","guid":{"rendered":"https:\/\/www.ufsm.br\/comunicacao\/guiaeventos\/?page_id=1084"},"modified":"2022-02-11T11:29:23","modified_gmt":"2022-02-11T14:29:23","slug":"eventos-online","status":"publish","type":"page","link":"https:\/\/www.ufsm.br\/comunicacao\/guiaeventos\/eventos-online","title":{"rendered":"Eventos Online"},"content":{"rendered":"\t\t<div data-elementor-type=\"wp-page\" data-elementor-id=\"1084\" class=\"elementor elementor-1084\">\n\t\t\t\t\t\t<section class=\"elementor-section elementor-top-section elementor-element elementor-element-60398763 elementor-section-boxed elementor-section-height-default elementor-section-height-default\" data-id=\"60398763\" data-element_type=\"section\">\n\t\t\t\t\t\t<div class=\"elementor-container elementor-column-gap-default\">\n\t\t\t\t\t<div class=\"elementor-column elementor-col-100 elementor-top-column elementor-element elementor-element-3ff346f\" data-id=\"3ff346f\" data-element_type=\"column\">\n\t\t\t<div class=\"elementor-widget-wrap elementor-element-populated\">\n\t\t\t\t\t\t<div class=\"elementor-element elementor-element-209bd205 elementor-widget elementor-widget-text-editor\" data-id=\"209bd205\" data-element_type=\"widget\" data-widget_type=\"text-editor.default\">\n\t\t\t\t<div class=\"elementor-widget-container\">\n\t\t\t\t\t\t\t<!-- wp:tadv\/classic-paragraph -->\n<p>A partir das ferramentas de transmiss\u00e3o online e da pandemia do coronav\u00edrus, foi necess\u00e1rio fazer uma adapta\u00e7\u00e3o nos eventos institucionais na UFSM. Tanto formaturas quanto outros eventos como palestras, jornadas e encontros tiveram de ser adaptados.<\/p>\n<p>Abaixo, est\u00e3o algumas ferramentas e orienta\u00e7\u00f5es para cada uma:<\/p>\n<!-- \/wp:tadv\/classic-paragraph -->\t\t\t\t\t\t<\/div>\n\t\t\t\t<\/div>\n\t\t\t\t\t<\/div>\n\t\t<\/div>\n\t\t\t\t\t<\/div>\n\t\t<\/section>\n\t\t\t\t<section class=\"elementor-section elementor-top-section elementor-element elementor-element-e952570 elementor-section-boxed elementor-section-height-default elementor-section-height-default\" data-id=\"e952570\" data-element_type=\"section\">\n\t\t\t\t\t\t<div class=\"elementor-container elementor-column-gap-default\">\n\t\t\t\t\t<div class=\"elementor-column elementor-col-100 elementor-top-column elementor-element elementor-element-3101516\" data-id=\"3101516\" data-element_type=\"column\">\n\t\t\t<div class=\"elementor-widget-wrap elementor-element-populated\">\n\t\t\t\t\t\t<div class=\"elementor-element elementor-element-07c173b elementor-widget elementor-widget-toggle\" data-id=\"07c173b\" data-element_type=\"widget\" data-widget_type=\"toggle.default\">\n\t\t\t\t<div class=\"elementor-widget-container\">\n\t\t\t\t\t<div class=\"elementor-toggle\">\n\t\t\t\t\t\t\t<div class=\"elementor-toggle-item\">\n\t\t\t\t\t<div id=\"elementor-tab-title-8131\" class=\"elementor-tab-title\" data-tab=\"1\" role=\"button\" aria-controls=\"elementor-tab-content-8131\" aria-expanded=\"false\">\n\t\t\t\t\t\t\t\t\t\t\t\t<span class=\"elementor-toggle-icon elementor-toggle-icon-left\" aria-hidden=\"true\">\n\t\t\t\t\t\t\t\t\t\t\t\t\t\t\t<span class=\"elementor-toggle-icon-closed\"><i class=\"fas fa-caret-right\"><\/i><\/span>\n\t\t\t\t\t\t\t\t<span class=\"elementor-toggle-icon-opened\"><i class=\"elementor-toggle-icon-opened fas fa-caret-up\"><\/i><\/span>\n\t\t\t\t\t\t\t\t\t\t\t\t\t<\/span>\n\t\t\t\t\t\t\t\t\t\t\t\t<a class=\"elementor-toggle-title\" tabindex=\"0\">Google Meet<\/a>\n\t\t\t\t\t<\/div>\n\n\t\t\t\t\t<div id=\"elementor-tab-content-8131\" class=\"elementor-tab-content elementor-clearfix\" data-tab=\"1\" role=\"region\" aria-labelledby=\"elementor-tab-title-8131\"><p>Indicado para reuni\u00f5es e eventos com n\u00famero de participantes limitado.<\/p>\n<p>Uma sala de reuni\u00e3o pode ser criada por qualquer usu\u00e1rio do aplicativo <a href=\"https:\/\/meet.google.com\/\">Google Meet<\/a>. Ap\u00f3s a cria\u00e7\u00e3o, um link espec\u00edfico ser\u00e1 gerado e os participantes precisam t\u00ea-lo para acessar o evento.<\/p>\n<p>Um ponto importante do Google Meet \u00e9 que todos os participantes da sala podem abrir o microfone e falar para a sala. Considere essa quest\u00e3o ao organizar seu evento.<\/p>\n<p>Caso seu evento tenha um n\u00famero grande de participantes, por quest\u00f5es de seguran\u00e7a e praticidade, indica-se a utiliza\u00e7\u00e3o do Farol ou redes sociais para a transmiss\u00e3o.<\/p><\/div>\n\t\t\t\t<\/div>\n\t\t\t\t\t\t\t<div class=\"elementor-toggle-item\">\n\t\t\t\t\t<div id=\"elementor-tab-title-8132\" class=\"elementor-tab-title\" data-tab=\"2\" role=\"button\" aria-controls=\"elementor-tab-content-8132\" aria-expanded=\"false\">\n\t\t\t\t\t\t\t\t\t\t\t\t<span class=\"elementor-toggle-icon elementor-toggle-icon-left\" aria-hidden=\"true\">\n\t\t\t\t\t\t\t\t\t\t\t\t\t\t\t<span class=\"elementor-toggle-icon-closed\"><i class=\"fas fa-caret-right\"><\/i><\/span>\n\t\t\t\t\t\t\t\t<span class=\"elementor-toggle-icon-opened\"><i class=\"elementor-toggle-icon-opened fas fa-caret-up\"><\/i><\/span>\n\t\t\t\t\t\t\t\t\t\t\t\t\t<\/span>\n\t\t\t\t\t\t\t\t\t\t\t\t<a class=\"elementor-toggle-title\" tabindex=\"0\">Farol UFSM<\/a>\n\t\t\t\t\t<\/div>\n\n\t\t\t\t\t<div id=\"elementor-tab-content-8132\" class=\"elementor-tab-content elementor-clearfix\" data-tab=\"2\" role=\"region\" aria-labelledby=\"elementor-tab-title-8132\"><p>O <a href=\"https:\/\/farol.ufsm.br\/\">Farol UFSM<\/a> \u00e9 uma ferramenta de transmiss\u00e3o de lives e tamb\u00e9m um reposit\u00f3rio de materiais audiovisuais da UFSM.<\/p>\n<p>O sistema permite que os espectadores fa\u00e7am coment\u00e1rios no chat, em tempo real.<\/p>\n<p>Para ter seu evento transmitido pelo Farol UFSM, fa\u00e7a a solicita\u00e7\u00e3o pelo link:&nbsp;https:\/\/servicos.cpd.ufsm.br\/otrs\/customer.pl<\/p>\n<p><b>Tutorial para Eventos transmitidos pelo Farol<\/b><\/p>\n<p><br><\/p>\n<p>1\u00ba passo: Fa\u00e7a a solicita\u00e7\u00e3o de transmiss\u00e3o pelo Farol no site https:\/\/servicos.cpd.ufsm.br\/otrs\/customer.pl<\/p>\n<p>2\u00ba passo: Aguardar a confirma\u00e7\u00e3o do CPD<\/p>\n<p>3\u00ba passo: Solicite tradu\u00e7\u00e3o em LIBRAS do evento junto a equipe da CAED&nbsp; peli link&nbsp;https:\/\/www.ufsm.br\/orgaos-executivos\/caed\/servicos\/solicitacao-de-interprete-de-libras\/<\/p>\n<p>4\u00ba passo: O organizador do evento dever\u00e1 criar uma sala no Google Meet, para o dia e hor\u00e1rio da transmiss\u00e3o, enviar os convites para palestrantes, mediador do evento, mestre de cerim\u00f4nias (quando houver), equipe de tradu\u00e7\u00e3o simult\u00e2nea (LIBRAS) e equipe do CPD<\/p>\n<p>5\u00aa passo: No dia do evento, o organizador do evento dever\u00e1 gerenciar a presen\u00e7a de pessoas na sala do Meet. Em fun\u00e7\u00e3o de seguran\u00e7a na web, a sala dever\u00e1 ter apenas os envolvidos no evento: participantes, organizador, mestre de cerim\u00f4nias e tradutores de LIBRAS.<\/p>\n<p>6\u00ba passo: O CPD utilizar\u00e1 a sala do Google Meet para fazer a transmiss\u00e3o e gerar um link no Farol. O link divulgado para p\u00fablico em geral dever\u00e1 ser o do Farol e n\u00e3o o do Meet.<\/p>\n<p>7\u00ba passo: Coment\u00e1rios e perguntas do p\u00fablico em geral ser\u00e3o feitas no Farol. O organizador do evento deve prever uma equipe para acompanhar as perguntas e repassar aos convidados na sala do Meet.&nbsp;<\/p><\/div>\n\t\t\t\t<\/div>\n\t\t\t\t\t\t\t<div class=\"elementor-toggle-item\">\n\t\t\t\t\t<div id=\"elementor-tab-title-8133\" class=\"elementor-tab-title\" data-tab=\"3\" role=\"button\" aria-controls=\"elementor-tab-content-8133\" aria-expanded=\"false\">\n\t\t\t\t\t\t\t\t\t\t\t\t<span class=\"elementor-toggle-icon elementor-toggle-icon-left\" aria-hidden=\"true\">\n\t\t\t\t\t\t\t\t\t\t\t\t\t\t\t<span class=\"elementor-toggle-icon-closed\"><i class=\"fas fa-caret-right\"><\/i><\/span>\n\t\t\t\t\t\t\t\t<span class=\"elementor-toggle-icon-opened\"><i class=\"elementor-toggle-icon-opened fas fa-caret-up\"><\/i><\/span>\n\t\t\t\t\t\t\t\t\t\t\t\t\t<\/span>\n\t\t\t\t\t\t\t\t\t\t\t\t<a class=\"elementor-toggle-title\" tabindex=\"0\">Lives em redes sociais - facebook, instagram e youtube<\/a>\n\t\t\t\t\t<\/div>\n\n\t\t\t\t\t<div id=\"elementor-tab-content-8133\" class=\"elementor-tab-content elementor-clearfix\" data-tab=\"3\" role=\"region\" aria-labelledby=\"elementor-tab-title-8133\"><p>As redes sociais s\u00e3o ferramentas que, de certa forma, facilitam a realiza\u00e7\u00e3o de transmiss\u00e3o ao vivo do seu evento.<\/p>\n<p>Cada uma delas tem as suas peculiaridades e pontos a serem considerados.<\/p>\n<p><strong>Instagram: <\/strong>apenas duas pessoas podem participar da live. \u00c9 preciso que ambas estejam logadas no aplicativo. Uma das contas inicia a live e aceita a participa\u00e7\u00e3o da outra.<\/p>\n<p><strong>Facebook:<\/strong>\u00a0 Se a live tiver apenas um participante &#8211; entre na p\u00e1gina do seu facebook (pelo computador\/<em>webcam <\/em>ou pelo celular) e clique em \u201cIniciar um v\u00eddeo ao vivo\u201d. Se a live for realizada com mais de um participante, \u00e9 preciso utilizar um software de codifica\u00e7\u00e3o &#8211; o mais comum nas lives \u00e9 o Open Broadcaster Software (OBS).<\/p>\n<p><strong>Youtube: <\/strong>Da mesma forma como no facebook, se a live tiver a participa\u00e7\u00e3o de mais de uma pessoa, ser\u00e1 preciso utilizar o OBS. Caso seja participante \u00fanico, \u00e9 preciso fazer o login na conta pelo site <a href=\"https:\/\/www.youtube.com\/webcam\">youtube.com\/webcam,<\/a> fa\u00e7a o upload de uma miniatura e selecione &#8220;Transmitir ao vivo&#8221;.<\/p><\/div>\n\t\t\t\t<\/div>\n\t\t\t\t\t\t\t\t<\/div>\n\t\t\t\t<\/div>\n\t\t\t\t<\/div>\n\t\t\t\t\t<\/div>\n\t\t<\/div>\n\t\t\t\t\t<\/div>\n\t\t<\/section>\n\t\t\t\t<section class=\"elementor-section elementor-top-section elementor-element elementor-element-7438ad6 elementor-section-boxed elementor-section-height-default elementor-section-height-default\" data-id=\"7438ad6\" data-element_type=\"section\">\n\t\t\t\t\t\t<div class=\"elementor-container elementor-column-gap-default\">\n\t\t\t\t\t<div class=\"elementor-column elementor-col-100 elementor-top-column elementor-element elementor-element-53892f9\" data-id=\"53892f9\" data-element_type=\"column\">\n\t\t\t<div class=\"elementor-widget-wrap elementor-element-populated\">\n\t\t\t\t\t\t<div class=\"elementor-element elementor-element-02e48c4 elementor-button-info elementor-align-justify elementor-widget elementor-widget-button\" data-id=\"02e48c4\" data-element_type=\"widget\" data-widget_type=\"button.default\">\n\t\t\t\t<div class=\"elementor-widget-container\">\n\t\t\t\t\t\t\t<div class=\"elementor-button-wrapper\">\n\t\t\t\t\t<a class=\"elementor-button elementor-button-link elementor-size-lg\" href=\"https:\/\/www.ufsm.br\/comunicacao\/guiamidiassociais\/transmissao-de-eventos-ao-vivo-lives\/?\">\n\t\t\t\t\t\t<span class=\"elementor-button-content-wrapper\">\n\t\t\t\t\t\t\t\t\t<span class=\"elementor-button-text\">Tutorial transmiss\u00e3o de eventos online (lives)<\/span>\n\t\t\t\t\t<\/span>\n\t\t\t\t\t<\/a>\n\t\t\t\t<\/div>\n\t\t\t\t\t\t<\/div>\n\t\t\t\t<\/div>\n\t\t\t\t\t<\/div>\n\t\t<\/div>\n\t\t\t\t\t<\/div>\n\t\t<\/section>\n\t\t\t\t<\/div>\n\t\t","protected":false},"excerpt":{"rendered":"<p>A partir das ferramentas de transmiss\u00e3o online e da pandemia do coronav\u00edrus, foi necess\u00e1rio fazer uma adapta\u00e7\u00e3o nos eventos institucionais na UFSM. Tanto formaturas quanto outros eventos como palestras, jornadas e encontros tiveram de ser adaptados. Abaixo, est\u00e3o algumas ferramentas e orienta\u00e7\u00f5es para cada uma: Google Meet Indicado para reuni\u00f5es e eventos com n\u00famero de [&hellip;]<\/p>\n","protected":false},"author":278,"featured_media":0,"parent":0,"menu_order":0,"comment_status":"closed","ping_status":"closed","template":"","meta":{"footnotes":""},"categories":[],"tags":[],"class_list":["post-1084","page","type-page","status-publish","hentry"],"acf":[],"_links":{"self":[{"href":"https:\/\/www.ufsm.br\/comunicacao\/guiaeventos\/wp-json\/wp\/v2\/pages\/1084","targetHints":{"allow":["GET"]}}],"collection":[{"href":"https:\/\/www.ufsm.br\/comunicacao\/guiaeventos\/wp-json\/wp\/v2\/pages"}],"about":[{"href":"https:\/\/www.ufsm.br\/comunicacao\/guiaeventos\/wp-json\/wp\/v2\/types\/page"}],"author":[{"embeddable":true,"href":"https:\/\/www.ufsm.br\/comunicacao\/guiaeventos\/wp-json\/wp\/v2\/users\/278"}],"replies":[{"embeddable":true,"href":"https:\/\/www.ufsm.br\/comunicacao\/guiaeventos\/wp-json\/wp\/v2\/comments?post=1084"}],"version-history":[{"count":0,"href":"https:\/\/www.ufsm.br\/comunicacao\/guiaeventos\/wp-json\/wp\/v2\/pages\/1084\/revisions"}],"wp:attachment":[{"href":"https:\/\/www.ufsm.br\/comunicacao\/guiaeventos\/wp-json\/wp\/v2\/media?parent=1084"}],"wp:term":[{"taxonomy":"category","embeddable":true,"href":"https:\/\/www.ufsm.br\/comunicacao\/guiaeventos\/wp-json\/wp\/v2\/categories?post=1084"},{"taxonomy":"post_tag","embeddable":true,"href":"https:\/\/www.ufsm.br\/comunicacao\/guiaeventos\/wp-json\/wp\/v2\/tags?post=1084"}],"curies":[{"name":"wp","href":"https:\/\/api.w.org\/{rel}","templated":true}]}}