{"id":1131,"date":"2024-11-07T09:11:02","date_gmt":"2024-11-07T12:11:02","guid":{"rendered":"https:\/\/www.ufsm.br\/comunicacao\/guiaeventos\/?page_id=1131"},"modified":"2024-11-07T09:49:21","modified_gmt":"2024-11-07T12:49:21","slug":"placas-de-inauguracao","status":"publish","type":"page","link":"https:\/\/www.ufsm.br\/comunicacao\/guiaeventos\/placas-de-inauguracao","title":{"rendered":"Placas de inaugura\u00e7\u00e3o de espa\u00e7os f\u00edsicos"},"content":{"rendered":"\n<p>As placas de inaugura\u00e7\u00e3o s\u00e3o uma parte importante das cerim\u00f4nias de inaugura\u00e7\u00e3o de espa\u00e7os novos e\/ou reformados na UFSM.\u00a0<\/p>\n<h3>1. <strong>Elementos Obrigat\u00f3rios<\/strong><\/h3>\n<ul>\n<li><strong>Identifica\u00e7\u00e3o Institucional<\/strong>: Incluir o nome da Universidade Federal de Santa Maria, o nome do Minist\u00e9rio da Educa\u00e7\u00e3o e a men\u00e7\u00e3o \u00e0 Rep\u00fablica Federativa do Brasil.<\/li>\n<li><strong>Nome da Obra<\/strong>: Deve ser destacado na parte superior da placa.<\/li>\n<li><strong>Data da Inaugura\u00e7\u00e3o<\/strong>: A data completa do evento, incluindo o dia, m\u00eas e ano.<\/li>\n<li><strong>Nomes das Autoridades Presentes<\/strong>:\n<ul>\n<li>Presidente e Vice-Presidente da Rep\u00fablica (quando obras\/pr\u00e9dios novos)<\/li>\n<li>Ministro de Estado da Educa\u00e7\u00e3o (quando obras\/pr\u00e9dios novos)<\/li>\n<li>Reitor(a) e Vice-Reitor(a) da UFSM<\/li>\n<li>Diretores de Centro, Vice-Diretores e outros representantes relevantes ao contexto da obra<\/li>\n<\/ul>\n<\/li>\n<\/ul>\n<h3>2. <strong>Padr\u00e3o Visual<\/strong><\/h3>\n<ul>\n<li><strong>Material<\/strong>: A placa deve ser de material dur\u00e1vel e adequado para ambientes internos e externos. Voc\u00ea pode verificar as placas dispon\u00edveis no <a href=\"https:\/\/www.ufsm.br\/orgaos-executivos\/demapa\/registro-de-precos\">registro de pre\u00e7os do Demapa<\/a><\/li>\n<li><strong>Formata\u00e7\u00e3o<\/strong>: Os textos devem seguir o padr\u00e3o de alinhamento centralizado e utilizar <a href=\"https:\/\/www.ufsm.br\/identidade-institucional\">tipografia oficial,<\/a> priorizando clareza e formalidade.<\/li>\n<li><strong>Logotipos e Bras\u00f5es<\/strong>: \u00c9 proibido o uso de logotipos ou bras\u00f5es adicionais que n\u00e3o fa\u00e7am parte do padr\u00e3o institucional da UFSM e s\u00edmbolos nacionais. Aten\u00e7\u00e3o: bras\u00e3o nacional difere de marcas de governo, sendo a primeira a utilizada em placas de inaugura\u00e7\u00e3o.<\/li>\n<\/ul>\n<h3>3. <strong>Modelos Padr\u00e3o<\/strong><\/h3>\n<ul>\n<li>Abaixo,\u00a0 modelos padronizados para as placas de inaugura\u00e7\u00e3o:<\/li>\n<\/ul>\n","protected":false},"excerpt":{"rendered":"<p>As placas de inaugura\u00e7\u00e3o s\u00e3o uma parte importante das cerim\u00f4nias de inaugura\u00e7\u00e3o de espa\u00e7os novos e\/ou reformados na UFSM.\u00a0 1. Elementos Obrigat\u00f3rios Identifica\u00e7\u00e3o Institucional: Incluir o nome da Universidade Federal de Santa Maria, o nome do Minist\u00e9rio da Educa\u00e7\u00e3o e a men\u00e7\u00e3o \u00e0 Rep\u00fablica Federativa do Brasil. Nome da Obra: Deve ser destacado na parte [&hellip;]<\/p>\n","protected":false},"author":278,"featured_media":0,"parent":0,"menu_order":0,"comment_status":"closed","ping_status":"closed","template":"","meta":{"footnotes":""},"categories":[],"tags":[],"class_list":["post-1131","page","type-page","status-publish","hentry"],"acf":[],"_links":{"self":[{"href":"https:\/\/www.ufsm.br\/comunicacao\/guiaeventos\/wp-json\/wp\/v2\/pages\/1131","targetHints":{"allow":["GET"]}}],"collection":[{"href":"https:\/\/www.ufsm.br\/comunicacao\/guiaeventos\/wp-json\/wp\/v2\/pages"}],"about":[{"href":"https:\/\/www.ufsm.br\/comunicacao\/guiaeventos\/wp-json\/wp\/v2\/types\/page"}],"author":[{"embeddable":true,"href":"https:\/\/www.ufsm.br\/comunicacao\/guiaeventos\/wp-json\/wp\/v2\/users\/278"}],"replies":[{"embeddable":true,"href":"https:\/\/www.ufsm.br\/comunicacao\/guiaeventos\/wp-json\/wp\/v2\/comments?post=1131"}],"version-history":[{"count":0,"href":"https:\/\/www.ufsm.br\/comunicacao\/guiaeventos\/wp-json\/wp\/v2\/pages\/1131\/revisions"}],"wp:attachment":[{"href":"https:\/\/www.ufsm.br\/comunicacao\/guiaeventos\/wp-json\/wp\/v2\/media?parent=1131"}],"wp:term":[{"taxonomy":"category","embeddable":true,"href":"https:\/\/www.ufsm.br\/comunicacao\/guiaeventos\/wp-json\/wp\/v2\/categories?post=1131"},{"taxonomy":"post_tag","embeddable":true,"href":"https:\/\/www.ufsm.br\/comunicacao\/guiaeventos\/wp-json\/wp\/v2\/tags?post=1131"}],"curies":[{"name":"wp","href":"https:\/\/api.w.org\/{rel}","templated":true}]}}