{"id":153,"date":"2018-05-02T13:28:29","date_gmt":"2018-05-02T16:28:29","guid":{"rendered":"https:\/\/www.ufsm.br\/reitoria\/gabinete-do-reitor\/guiaeventos\/?page_id=153"},"modified":"2023-10-09T15:14:10","modified_gmt":"2023-10-09T18:14:10","slug":"home","status":"publish","type":"page","link":"https:\/\/www.ufsm.br\/comunicacao\/guiaeventos\/","title":{"rendered":"Home"},"content":{"rendered":"\t\t<div data-elementor-type=\"wp-post\" data-elementor-id=\"153\" class=\"elementor elementor-153\">\n\t\t\t\t\t\t<section class=\"elementor-section elementor-top-section elementor-element elementor-element-5c205ee elementor-section-boxed elementor-section-height-default elementor-section-height-default\" data-id=\"5c205ee\" data-element_type=\"section\">\n\t\t\t\t\t\t<div class=\"elementor-container elementor-column-gap-default\">\n\t\t\t\t\t<div class=\"elementor-column elementor-col-100 elementor-top-column elementor-element elementor-element-d14e703\" data-id=\"d14e703\" data-element_type=\"column\">\n\t\t\t<div class=\"elementor-widget-wrap elementor-element-populated\">\n\t\t\t\t\t\t<div class=\"elementor-element elementor-element-df8577c elementor-widget elementor-widget-image\" data-id=\"df8577c\" data-element_type=\"widget\" data-widget_type=\"image.default\">\n\t\t\t\t<div class=\"elementor-widget-container\">\n\t\t\t\t\t\t\t\t\t\t\t\t\t<img fetchpriority=\"high\" decoding=\"async\" width=\"2448\" height=\"636\" src=\"https:\/\/www.ufsm.br\/app\/uploads\/sites\/767\/2020\/09\/Guia-Eventos-Capa-01-2.png\" class=\"attachment-full size-full wp-image-1096\" alt=\"Banner guia de eventos UFSM\" srcset=\"https:\/\/www.ufsm.br\/app\/uploads\/sites\/767\/2020\/09\/Guia-Eventos-Capa-01-2.png 2448w, https:\/\/www.ufsm.br\/app\/uploads\/sites\/767\/2020\/09\/Guia-Eventos-Capa-01-2-300x78.png 300w, https:\/\/www.ufsm.br\/app\/uploads\/sites\/767\/2020\/09\/Guia-Eventos-Capa-01-2-1024x266.png 1024w, https:\/\/www.ufsm.br\/app\/uploads\/sites\/767\/2020\/09\/Guia-Eventos-Capa-01-2-768x200.png 768w, https:\/\/www.ufsm.br\/app\/uploads\/sites\/767\/2020\/09\/Guia-Eventos-Capa-01-2-1536x399.png 1536w, https:\/\/www.ufsm.br\/app\/uploads\/sites\/767\/2020\/09\/Guia-Eventos-Capa-01-2-2048x532.png 2048w\" sizes=\"(max-width: 2448px) 100vw, 2448px\" \/>\t\t\t\t\t\t\t\t\t\t\t\t\t<\/div>\n\t\t\t\t<\/div>\n\t\t\t\t\t<\/div>\n\t\t<\/div>\n\t\t\t\t\t<\/div>\n\t\t<\/section>\n\t\t\t\t<section class=\"elementor-section elementor-top-section elementor-element elementor-element-bb95f84 elementor-section-boxed elementor-section-height-default elementor-section-height-default\" data-id=\"bb95f84\" data-element_type=\"section\">\n\t\t\t\t\t\t<div class=\"elementor-container elementor-column-gap-default\">\n\t\t\t\t\t<div class=\"elementor-column elementor-col-100 elementor-top-column elementor-element elementor-element-f3cbd02\" data-id=\"f3cbd02\" data-element_type=\"column\">\n\t\t\t<div class=\"elementor-widget-wrap elementor-element-populated\">\n\t\t\t\t\t\t<div class=\"elementor-element elementor-element-7d90c66 elementor-widget elementor-widget-heading\" data-id=\"7d90c66\" data-element_type=\"widget\" data-widget_type=\"heading.default\">\n\t\t\t\t<div class=\"elementor-widget-container\">\n\t\t\t<h5 class=\"elementor-heading-title elementor-size-default\">Apresenta\u00e7\u00e3o<\/h5>\t\t<\/div>\n\t\t\t\t<\/div>\n\t\t\t\t\t<\/div>\n\t\t<\/div>\n\t\t\t\t\t<\/div>\n\t\t<\/section>\n\t\t\t\t<section class=\"elementor-section elementor-top-section elementor-element elementor-element-6ae4771 elementor-section-boxed elementor-section-height-default elementor-section-height-default\" data-id=\"6ae4771\" data-element_type=\"section\">\n\t\t\t\t\t\t<div class=\"elementor-container elementor-column-gap-default\">\n\t\t\t\t\t<div class=\"elementor-column elementor-col-100 elementor-top-column elementor-element elementor-element-045e2b0\" data-id=\"045e2b0\" data-element_type=\"column\">\n\t\t\t<div class=\"elementor-widget-wrap elementor-element-populated\">\n\t\t\t\t\t\t<div class=\"elementor-element elementor-element-744038c elementor-widget elementor-widget-text-editor\" data-id=\"744038c\" data-element_type=\"widget\" data-widget_type=\"text-editor.default\">\n\t\t\t\t<div class=\"elementor-widget-container\">\n\t\t\t\t\t\t\t<p>O <strong>Guia Eventos<\/strong>\u00a0re\u00fane informa\u00e7\u00f5es sobre eventos institucionais, dentre eles as formaturas, e sobre eventos acess\u00edveis e sustent\u00e1veis.<\/p><p><span style=\"color: #1c1c1c;font-size: 16px\">A gest\u00e3o das informa\u00e7\u00f5es aqui descritas \u00e9 feita pelo Grupo de Trabalho Eventos Acess\u00edveis e Sustent\u00e1veis, vinculado ao Comit\u00ea Gestor da Pol\u00edtica de Comunica\u00e7\u00e3o da UFSM.<\/span><\/p>\t\t\t\t\t\t<\/div>\n\t\t\t\t<\/div>\n\t\t\t\t\t<\/div>\n\t\t<\/div>\n\t\t\t\t\t<\/div>\n\t\t<\/section>\n\t\t\t\t<section class=\"elementor-section elementor-top-section elementor-element elementor-element-e2bc047 elementor-section-boxed elementor-section-height-default elementor-section-height-default\" data-id=\"e2bc047\" data-element_type=\"section\">\n\t\t\t\t\t\t<div class=\"elementor-container elementor-column-gap-default\">\n\t\t\t\t\t<div class=\"elementor-column elementor-col-100 elementor-top-column elementor-element elementor-element-19e78bf\" data-id=\"19e78bf\" data-element_type=\"column\">\n\t\t\t<div class=\"elementor-widget-wrap elementor-element-populated\">\n\t\t\t\t\t\t<div class=\"elementor-element elementor-element-2842a4b elementor-widget elementor-widget-heading\" data-id=\"2842a4b\" data-element_type=\"widget\" data-widget_type=\"heading.default\">\n\t\t\t\t<div class=\"elementor-widget-container\">\n\t\t\t<h5 class=\"elementor-heading-title elementor-size-default\">Utilidades<\/h5>\t\t<\/div>\n\t\t\t\t<\/div>\n\t\t\t\t\t<\/div>\n\t\t<\/div>\n\t\t\t\t\t<\/div>\n\t\t<\/section>\n\t\t\t\t<section class=\"elementor-section elementor-top-section elementor-element elementor-element-8331c8e elementor-section-boxed elementor-section-height-default elementor-section-height-default\" data-id=\"8331c8e\" data-element_type=\"section\">\n\t\t\t\t\t\t<div class=\"elementor-container elementor-column-gap-default\">\n\t\t\t\t\t<div class=\"elementor-column elementor-col-20 elementor-top-column elementor-element elementor-element-4bee1a7\" data-id=\"4bee1a7\" data-element_type=\"column\">\n\t\t\t<div class=\"elementor-widget-wrap elementor-element-populated\">\n\t\t\t\t\t\t<div class=\"elementor-element elementor-element-49dcd06 elementor-view-default elementor-position-top elementor-mobile-position-top elementor-widget elementor-widget-icon-box\" data-id=\"49dcd06\" data-element_type=\"widget\" data-widget_type=\"icon-box.default\">\n\t\t\t\t<div class=\"elementor-widget-container\">\n\t\t\t\t\t<div class=\"elementor-icon-box-wrapper\">\n\n\t\t\t\t\t\t<div class=\"elementor-icon-box-icon\">\n\t\t\t\t<a href=\"https:\/\/www.ufsm.br\/comunicacao\/guiaeventos\/normativa-e-questoes-legais\/\" target=\"_blank\" class=\"elementor-icon elementor-animation-bounce-in\" tabindex=\"-1\">\n\t\t\t\t<i aria-hidden=\"true\" class=\"fas fa-graduation-cap\"><\/i>\t\t\t\t<\/a>\n\t\t\t<\/div>\n\t\t\t\n\t\t\t\t\t\t<div class=\"elementor-icon-box-content\">\n\n\t\t\t\t\t\t\t\t\t<h3 class=\"elementor-icon-box-title\">\n\t\t\t\t\t\t<a href=\"https:\/\/www.ufsm.br\/comunicacao\/guiaeventos\/normativa-e-questoes-legais\/\" target=\"_blank\" >\n\t\t\t\t\t\t\tCola\u00e7\u00e3o de Grau\t\t\t\t\t\t<\/a>\n\t\t\t\t\t<\/h3>\n\t\t\t\t\n\t\t\t\t\n\t\t\t<\/div>\n\t\t\t\n\t\t<\/div>\n\t\t\t\t<\/div>\n\t\t\t\t<\/div>\n\t\t\t\t\t<\/div>\n\t\t<\/div>\n\t\t\t\t<div class=\"elementor-column elementor-col-20 elementor-top-column elementor-element elementor-element-f8c006f\" data-id=\"f8c006f\" data-element_type=\"column\">\n\t\t\t<div class=\"elementor-widget-wrap elementor-element-populated\">\n\t\t\t\t\t\t<div class=\"elementor-element elementor-element-67a719c elementor-view-default elementor-position-top elementor-mobile-position-top elementor-widget elementor-widget-icon-box\" data-id=\"67a719c\" data-element_type=\"widget\" data-widget_type=\"icon-box.default\">\n\t\t\t\t<div class=\"elementor-widget-container\">\n\t\t\t\t\t<div class=\"elementor-icon-box-wrapper\">\n\n\t\t\t\t\t\t<div class=\"elementor-icon-box-icon\">\n\t\t\t\t<a href=\"https:\/\/www.ufsm.br\/comunicacao\/guiaeventos\/pre-evento\/\" target=\"_blank\" class=\"elementor-icon elementor-animation-bounce-in\" tabindex=\"-1\">\n\t\t\t\t<i aria-hidden=\"true\" class=\"fas fa-users\"><\/i>\t\t\t\t<\/a>\n\t\t\t<\/div>\n\t\t\t\n\t\t\t\t\t\t<div class=\"elementor-icon-box-content\">\n\n\t\t\t\t\t\t\t\t\t<h3 class=\"elementor-icon-box-title\">\n\t\t\t\t\t\t<a href=\"https:\/\/www.ufsm.br\/comunicacao\/guiaeventos\/pre-evento\/\" target=\"_blank\" >\n\t\t\t\t\t\t\tOrganize seu evento\t\t\t\t\t\t<\/a>\n\t\t\t\t\t<\/h3>\n\t\t\t\t\n\t\t\t\t\n\t\t\t<\/div>\n\t\t\t\n\t\t<\/div>\n\t\t\t\t<\/div>\n\t\t\t\t<\/div>\n\t\t\t\t\t<\/div>\n\t\t<\/div>\n\t\t\t\t<div class=\"elementor-column elementor-col-20 elementor-top-column elementor-element elementor-element-a3c99dd\" data-id=\"a3c99dd\" data-element_type=\"column\">\n\t\t\t<div class=\"elementor-widget-wrap elementor-element-populated\">\n\t\t\t\t\t\t<div class=\"elementor-element elementor-element-5f24ba4 elementor-view-default elementor-position-top elementor-mobile-position-top elementor-widget elementor-widget-icon-box\" data-id=\"5f24ba4\" data-element_type=\"widget\" data-widget_type=\"icon-box.default\">\n\t\t\t\t<div class=\"elementor-widget-container\">\n\t\t\t\t\t<div class=\"elementor-icon-box-wrapper\">\n\n\t\t\t\t\t\t<div class=\"elementor-icon-box-icon\">\n\t\t\t\t<a href=\"https:\/\/www.ufsm.br\/comunicacao\/guiaeventos\/eventos-online\/\" class=\"elementor-icon elementor-animation-bounce-in\" tabindex=\"-1\">\n\t\t\t\t<i aria-hidden=\"true\" class=\"fas fa-tv\"><\/i>\t\t\t\t<\/a>\n\t\t\t<\/div>\n\t\t\t\n\t\t\t\t\t\t<div class=\"elementor-icon-box-content\">\n\n\t\t\t\t\t\t\t\t\t<h3 class=\"elementor-icon-box-title\">\n\t\t\t\t\t\t<a href=\"https:\/\/www.ufsm.br\/comunicacao\/guiaeventos\/eventos-online\/\" >\n\t\t\t\t\t\t\tEventos online\t\t\t\t\t\t<\/a>\n\t\t\t\t\t<\/h3>\n\t\t\t\t\n\t\t\t\t\n\t\t\t<\/div>\n\t\t\t\n\t\t<\/div>\n\t\t\t\t<\/div>\n\t\t\t\t<\/div>\n\t\t\t\t\t<\/div>\n\t\t<\/div>\n\t\t\t\t<div class=\"elementor-column elementor-col-20 elementor-top-column elementor-element elementor-element-2040b90\" data-id=\"2040b90\" data-element_type=\"column\">\n\t\t\t<div class=\"elementor-widget-wrap elementor-element-populated\">\n\t\t\t\t\t\t<div class=\"elementor-element elementor-element-58ff2a3 elementor-view-default elementor-position-top elementor-mobile-position-top elementor-widget elementor-widget-icon-box\" data-id=\"58ff2a3\" data-element_type=\"widget\" data-widget_type=\"icon-box.default\">\n\t\t\t\t<div class=\"elementor-widget-container\">\n\t\t\t\t\t<div class=\"elementor-icon-box-wrapper\">\n\n\t\t\t\t\t\t<div class=\"elementor-icon-box-icon\">\n\t\t\t\t<a href=\"https:\/\/www.ufsm.br\/comunicacao\/guiaeventos\/salas-auditorios-e-espacos-multiuso\/\" target=\"_blank\" class=\"elementor-icon elementor-animation-bounce-in\" tabindex=\"-1\">\n\t\t\t\t<i aria-hidden=\"true\" class=\"fas fa-university\"><\/i>\t\t\t\t<\/a>\n\t\t\t<\/div>\n\t\t\t\n\t\t\t\t\t\t<div class=\"elementor-icon-box-content\">\n\n\t\t\t\t\t\t\t\t\t<h3 class=\"elementor-icon-box-title\">\n\t\t\t\t\t\t<a href=\"https:\/\/www.ufsm.br\/comunicacao\/guiaeventos\/salas-auditorios-e-espacos-multiuso\/\" target=\"_blank\" >\n\t\t\t\t\t\t\tSalas e audit\u00f3rios \t\t\t\t\t\t<\/a>\n\t\t\t\t\t<\/h3>\n\t\t\t\t\n\t\t\t\t\n\t\t\t<\/div>\n\t\t\t\n\t\t<\/div>\n\t\t\t\t<\/div>\n\t\t\t\t<\/div>\n\t\t\t\t\t<\/div>\n\t\t<\/div>\n\t\t\t\t<div class=\"elementor-column elementor-col-20 elementor-top-column elementor-element elementor-element-0cdb2c5\" data-id=\"0cdb2c5\" data-element_type=\"column\">\n\t\t\t<div class=\"elementor-widget-wrap elementor-element-populated\">\n\t\t\t\t\t\t<div class=\"elementor-element elementor-element-8cc27c9 elementor-view-default elementor-position-top elementor-mobile-position-top elementor-widget elementor-widget-icon-box\" data-id=\"8cc27c9\" data-element_type=\"widget\" data-widget_type=\"icon-box.default\">\n\t\t\t\t<div class=\"elementor-widget-container\">\n\t\t\t\t\t<div class=\"elementor-icon-box-wrapper\">\n\n\t\t\t\t\t\t<div class=\"elementor-icon-box-icon\">\n\t\t\t\t<a href=\"https:\/\/www.ufsm.br\/comunicacao\/guiaeventos\/cerimonial-e-protocolo-3\/\" class=\"elementor-icon elementor-animation-bounce-in\" tabindex=\"-1\">\n\t\t\t\t<i aria-hidden=\"true\" class=\"fas fa-folder-open\"><\/i>\t\t\t\t<\/a>\n\t\t\t<\/div>\n\t\t\t\n\t\t\t\t\t\t<div class=\"elementor-icon-box-content\">\n\n\t\t\t\t\t\t\t\t\t<h3 class=\"elementor-icon-box-title\">\n\t\t\t\t\t\t<a href=\"https:\/\/www.ufsm.br\/comunicacao\/guiaeventos\/cerimonial-e-protocolo-3\/\" >\n\t\t\t\t\t\t\tCerimonial e Protocolo \t\t\t\t\t\t<\/a>\n\t\t\t\t\t<\/h3>\n\t\t\t\t\n\t\t\t\t\n\t\t\t<\/div>\n\t\t\t\n\t\t<\/div>\n\t\t\t\t<\/div>\n\t\t\t\t<\/div>\n\t\t\t\t\t<\/div>\n\t\t<\/div>\n\t\t\t\t\t<\/div>\n\t\t<\/section>\n\t\t\t\t<section class=\"elementor-section elementor-top-section elementor-element elementor-element-ec4f0b0 elementor-section-boxed elementor-section-height-default elementor-section-height-default\" data-id=\"ec4f0b0\" data-element_type=\"section\">\n\t\t\t\t\t\t<div class=\"elementor-container elementor-column-gap-default\">\n\t\t\t\t\t<div class=\"elementor-column elementor-col-100 elementor-top-column elementor-element elementor-element-9f3f167\" data-id=\"9f3f167\" data-element_type=\"column\">\n\t\t\t<div class=\"elementor-widget-wrap elementor-element-populated\">\n\t\t\t\t\t\t<div class=\"elementor-element elementor-element-9db077d elementor-align-center elementor-widget elementor-widget-button\" data-id=\"9db077d\" data-element_type=\"widget\" data-widget_type=\"button.default\">\n\t\t\t\t<div class=\"elementor-widget-container\">\n\t\t\t\t\t\t\t<div class=\"elementor-button-wrapper\">\n\t\t\t\t\t<a class=\"elementor-button elementor-button-link elementor-size-sm\" href=\"https:\/\/www.ufsm.br\/calendario-de-defesas\/\">\n\t\t\t\t\t\t<span class=\"elementor-button-content-wrapper\">\n\t\t\t\t\t\t\t\t\t<span class=\"elementor-button-text\">Clique aqui par acessar o calend\u00e1rio de defesas - TCC, disserta\u00e7\u00f5es e teses<\/span>\n\t\t\t\t\t<\/span>\n\t\t\t\t\t<\/a>\n\t\t\t\t<\/div>\n\t\t\t\t\t\t<\/div>\n\t\t\t\t<\/div>\n\t\t\t\t\t<\/div>\n\t\t<\/div>\n\t\t\t\t\t<\/div>\n\t\t<\/section>\n\t\t\t\t<section class=\"elementor-section elementor-top-section elementor-element elementor-element-82b62e5 elementor-section-boxed elementor-section-height-default elementor-section-height-default\" data-id=\"82b62e5\" data-element_type=\"section\">\n\t\t\t\t\t\t<div class=\"elementor-container elementor-column-gap-default\">\n\t\t\t\t\t<div class=\"elementor-column elementor-col-100 elementor-top-column elementor-element elementor-element-b551f57\" data-id=\"b551f57\" data-element_type=\"column\">\n\t\t\t<div class=\"elementor-widget-wrap elementor-element-populated\">\n\t\t\t\t\t\t<div class=\"elementor-element elementor-element-a4eaa35 elementor-widget elementor-widget-wp-widget-ufsm_eventos_widget\" data-id=\"a4eaa35\" data-element_type=\"widget\" data-widget_type=\"wp-widget-ufsm_eventos_widget.default\">\n\t\t\t\t<div class=\"elementor-widget-container\">\n\t\t\t<H2 class='titulo-conteudos'>Calend\u00e1rio de Eventos da UFSM<\/H2><div><div class=\"row\"><div class=\"mb-5 col-lg-4\"><a class='ufsm-bg-scale' title='' href='https:\/\/www.ufsm.br\/cursos\/pos-graduacao\/santa-maria\/ppgart\/eventos\/arvores-e-raizes-conexoes-e-rupturas-na-biolocalizacao-de-territorios-poeticos-da-cidade-de-santa-maria' ><div class='eventos-widget-wrap mb-2' style='height: 130px;overflow: hidden;background:url(\"https:\/\/www.ufsm.br\/app\/uploads\/sites\/529\/2026\/04\/1000017299-768x1024.jpg\"); background-size:cover;background-repeat:no-repeat;background-color:white;background-position:center; '><span class='visually-hidden'>\u00c1rvores e ra\u00edzes: conex\u00f5es e rupturas na Biolocaliza\u00e7\u00e3o de Territ\u00f3rios Po\u00e9ticos da Cidade de Santa Maria<\/span><div data-bs-toggle='lightbox' class='noticias-widget-thumbs'><\/div><\/div><\/a><span class='categoria-publicacao-widget'>ART\u00cdSTICOS<\/span><br><a class=\"d-block\" title=\"\u00c1rvores e ra\u00edzes: conex\u00f5es e rupturas na Biolocaliza\u00e7\u00e3o de Territ\u00f3rios Po\u00e9ticos da Cidade de Santa Maria\" href=\"https:\/\/www.ufsm.br\/cursos\/pos-graduacao\/santa-maria\/ppgart\/eventos\/arvores-e-raizes-conexoes-e-rupturas-na-biolocalizacao-de-territorios-poeticos-da-cidade-de-santa-maria\"><span  title=\"\" class=\"titulo-publicacao-widget\">\u00c1rvores e ra\u00edzes: conex\u00f5es e rupturas na Biolocaliza\u00e7\u00e3o de Territ\u00f3rios Po\u00e9ticos da Cidade de Santa Maria<\/span><\/a><div title=\"O Evento \u00c1rvores e ra\u00edzes: conex\u00f5es e rupturas na Biolocaliza\u00e7\u00e3o de Territ\u00f3rios Po\u00e9ticos da Cidade de Santa Maria acontece de 02\/04\/2026 \u00e0 29\/05\/2026\" class=\"data-publicacao-widget text-break\"><i  class=\"fas fa-calendar-alt\"><\/i> 02\/04\/2026 - 29\/05\/2026<\/div><\/div><div class=\"mb-5 col-lg-4\"><a class='ufsm-bg-scale' title='' href='https:\/\/www.ufsm.br\/unidades-universitarias\/ccr\/eventos\/minicurso-zoobotanico' ><div class='eventos-widget-wrap mb-2' style='height: 130px;overflow: hidden;background:url(\"https:\/\/www.ufsm.br\/app\/uploads\/sites\/370\/2026\/03\/c5a0b46b-9f8a-4f78-8fac-c29d7ec44653-768x512.jpg\"); background-size:cover;background-repeat:no-repeat;background-color:white;background-position:center; '><span class='visually-hidden'>MINICURSO \"SILVESTRES NA PR\u00c1TICA\" NO JARDIM BOT\u00c2NICO E ZOOL\u00d3GICO MUNICIPAL DE CACHOEIRA DO SUL\/RS<\/span><div data-bs-toggle='lightbox' class='noticias-widget-thumbs'><\/div><\/div><\/a><span class='categoria-publicacao-widget'>T\u00c9CNICO-CIENT\u00cdFICOS<\/span><br><a class=\"d-block\" title=\"MINICURSO \"SILVESTRES NA PR\u00c1TICA\" NO JARDIM BOT\u00c2NICO E ZOOL\u00d3GICO MUNICIPAL DE CACHOEIRA DO SUL\/RS\" href=\"https:\/\/www.ufsm.br\/unidades-universitarias\/ccr\/eventos\/minicurso-zoobotanico\"><span  title=\"\" class=\"titulo-publicacao-widget\">MINICURSO \"SILVESTRES NA PR\u00c1TICA\" NO JARDIM BOT\u00c2NICO E ZOOL\u00d3GICO MUNICIPAL DE CACHOEIRA DO SUL\/RS<\/span><\/a><div title=\"O Evento MINICURSO \"SILVESTRES NA PR\u00c1TICA\" NO JARDIM BOT\u00c2NICO E ZOOL\u00d3GICO MUNICIPAL DE CACHOEIRA DO SUL\/RS acontece de 09\/04\/2026 \u00e0 09\/04\/2026\" class=\"data-publicacao-widget text-break\"><i  class=\"fas fa-calendar-alt\"><\/i> 09\/04\/2026 - 09\/04\/2026<\/div><\/div><div class=\"mb-5 col-lg-4\"><a class='ufsm-bg-scale' title='' href='https:\/\/www.ufsm.br\/pro-reitorias\/proinova\/eventos\/1a-semana-da-propriedade-intelectual' ><div class='eventos-widget-wrap mb-2' style='height: 130px;overflow: hidden;background:url(\"https:\/\/www.ufsm.br\/app\/uploads\/sites\/399\/2026\/03\/SavetheDate_Semanadapi_evento-768x266.jpg\"); background-size:cover;background-repeat:no-repeat;background-color:white;background-position:center; '><span class='visually-hidden'>1\u00aa Semana da Propriedade Intelectual<\/span><div data-bs-toggle='lightbox' class='noticias-widget-thumbs'><\/div><\/div><\/a><span class='categoria-publicacao-widget'>T\u00c9CNICO-CIENT\u00cdFICOS<\/span><br><a class=\"d-block\" title=\"1\u00aa Semana da Propriedade Intelectual\" href=\"https:\/\/www.ufsm.br\/pro-reitorias\/proinova\/eventos\/1a-semana-da-propriedade-intelectual\"><span  title=\"\" class=\"titulo-publicacao-widget\">1\u00aa Semana da Propriedade Intelectual<\/span><\/a><div title=\"O Evento 1\u00aa Semana da Propriedade Intelectual acontece de 27\/04\/2026 \u00e0 30\/04\/2026\" class=\"data-publicacao-widget text-break\"><i  class=\"fas fa-calendar-alt\"><\/i> 27\/04\/2026 - 30\/04\/2026<\/div><\/div><\/div><div class=\"row\"><div class=\"mb-5 col-lg-4\"><a class='ufsm-bg-scale' title='' href='https:\/\/www.ufsm.br\/outros-orgaos\/cc\/eventos\/troca-ou-nao-troca' ><div class='eventos-widget-wrap mb-2' style='height: 130px;overflow: hidden;background:url(\"https:\/\/www.ufsm.br\/app\/uploads\/sites\/403\/2026\/03\/1080X400-1-768x284.jpg\"); background-size:cover;background-repeat:no-repeat;background-color:white;background-position:center; '><span class='visually-hidden'>TROCA OU N\u00c3O TROCA<\/span><div data-bs-toggle='lightbox' class='noticias-widget-thumbs'><\/div><\/div><\/a><span class='categoria-publicacao-widget'>ART\u00cdSTICOS<\/span><br><a class=\"d-block\" title=\"TROCA OU N\u00c3O TROCA\" href=\"https:\/\/www.ufsm.br\/outros-orgaos\/cc\/eventos\/troca-ou-nao-troca\"><span  title=\"\" class=\"titulo-publicacao-widget\">TROCA OU N\u00c3O TROCA<\/span><\/a><div title=\"O Evento TROCA OU N\u00c3O TROCA acontece de 16\/05\/2026 \u00e0 19\/05\/2026\" class=\"data-publicacao-widget text-break\"><i  class=\"fas fa-calendar-alt\"><\/i> 16\/05\/2026 - 19\/05\/2026<\/div><\/div><div class=\"mb-5 col-lg-4\"><a class='ufsm-bg-scale' title='' href='https:\/\/www.ufsm.br\/outros-orgaos\/cc\/eventos\/concerto-de-abertura-da-temporada-2026-aniversario-de-60-anos-da-orquestra-sinfonica-de-santa-maria' ><div class='eventos-widget-wrap mb-2' style='height: 130px;overflow: hidden;background:url(\"https:\/\/www.ufsm.br\/app\/uploads\/sites\/403\/2026\/03\/651661949_1559742929488688_6134415052977305958_n-768x285.jpg\"); background-size:cover;background-repeat:no-repeat;background-color:white;background-position:center; '><span class='visually-hidden'>CONCERTO DE ABERTURA DA TEMPORADA 2026 - Anivers\u00e1rio de 60 anos da Orquestra Sinf\u00f4nica de Santa Maria<\/span><div data-bs-toggle='lightbox' class='noticias-widget-thumbs'><\/div><\/div><\/a><span class='categoria-publicacao-widget'>ART\u00cdSTICOS<\/span><br><a class=\"d-block\" title=\"CONCERTO DE ABERTURA DA TEMPORADA 2026 - Anivers\u00e1rio de 60 anos da Orquestra Sinf\u00f4nica de Santa Maria\" href=\"https:\/\/www.ufsm.br\/outros-orgaos\/cc\/eventos\/concerto-de-abertura-da-temporada-2026-aniversario-de-60-anos-da-orquestra-sinfonica-de-santa-maria\"><span  title=\"\" class=\"titulo-publicacao-widget\">CONCERTO DE ABERTURA DA TEMPORADA 2026 - Anivers\u00e1rio de 60 anos da Orquestra Sinf\u00f4nica de Santa Maria<\/span><\/a><div title=\"O Evento CONCERTO DE ABERTURA DA TEMPORADA 2026 - Anivers\u00e1rio de 60 anos da Orquestra Sinf\u00f4nica de Santa Maria acontece de 07\/04\/2026 \u00e0 07\/04\/2026\" class=\"data-publicacao-widget text-break\"><i  class=\"fas fa-calendar-alt\"><\/i> 07\/04\/2026 - 07\/04\/2026<\/div><\/div><div class=\"mb-5 col-lg-4\"><a class='ufsm-bg-scale' title='' href='https:\/\/www.ufsm.br\/unidades-universitarias\/ccsh\/eventos\/ciclo-de-debates-em-di-campo-de-pesquisa-em-direito-internacional-no-brasil' ><div class='eventos-widget-wrap mb-2' style='height: 130px;overflow: hidden;background:url(\"https:\/\/www.ufsm.br\/app\/uploads\/sites\/372\/2026\/03\/18-Ciclo-768x768.jpg\"); background-size:cover;background-repeat:no-repeat;background-color:white;background-position:center; '><span class='visually-hidden'>[Ciclo de Debates em DI] Campo de Pesquisa em Direito Internacional no Brasil<\/span><div data-bs-toggle='lightbox' class='noticias-widget-thumbs'><\/div><\/div><\/a><span class='categoria-publicacao-widget'>T\u00c9CNICO-CIENT\u00cdFICOS<\/span><br><a class=\"d-block\" title=\"[Ciclo de Debates em DI] Campo de Pesquisa em Direito Internacional no Brasil\" href=\"https:\/\/www.ufsm.br\/unidades-universitarias\/ccsh\/eventos\/ciclo-de-debates-em-di-campo-de-pesquisa-em-direito-internacional-no-brasil\"><span  title=\"\" class=\"titulo-publicacao-widget\">[Ciclo de Debates em DI] Campo de Pesquisa em Direito Internacional no Brasil<\/span><\/a><div title=\"O Evento [Ciclo de Debates em DI] Campo de Pesquisa em Direito Internacional no Brasil acontece de 20\/03\/2026 \u00e0 17\/04\/2026\" class=\"data-publicacao-widget text-break\"><i  class=\"fas fa-calendar-alt\"><\/i> 20\/03\/2026 - 17\/04\/2026<\/div><\/div><\/div><\/div><div class=\"leia-mais\"><a href=\"https:\/\/ufsm.br\/eventos\">LEIA MAIS<span class=\"icon-box\"><span class=\"bg-ufsm-widget-icon\"><i class=\"fas fa-chevron-right\" aria-hidden=\"true\"><\/i><\/span><\/span><\/a><\/div>\t\t<\/div>\n\t\t\t\t<\/div>\n\t\t\t\t\t<\/div>\n\t\t<\/div>\n\t\t\t\t\t<\/div>\n\t\t<\/section>\n\t\t\t\t<\/div>\n\t\t","protected":false},"excerpt":{"rendered":"<p>Apresenta\u00e7\u00e3o O Guia Eventos\u00a0re\u00fane informa\u00e7\u00f5es sobre eventos institucionais, dentre eles as formaturas, e sobre eventos acess\u00edveis e sustent\u00e1veis. A gest\u00e3o das informa\u00e7\u00f5es aqui descritas \u00e9 feita pelo Grupo de Trabalho Eventos Acess\u00edveis e Sustent\u00e1veis, vinculado ao Comit\u00ea Gestor da Pol\u00edtica de Comunica\u00e7\u00e3o da UFSM. Utilidades Cola\u00e7\u00e3o de Grau Organize seu evento Eventos online Salas e [&hellip;]<\/p>\n","protected":false},"author":47,"featured_media":0,"parent":0,"menu_order":0,"comment_status":"closed","ping_status":"closed","template":"","meta":{"footnotes":""},"categories":[],"tags":[],"class_list":["post-153","page","type-page","status-publish","hentry"],"acf":[],"_links":{"self":[{"href":"https:\/\/www.ufsm.br\/comunicacao\/guiaeventos\/wp-json\/wp\/v2\/pages\/153","targetHints":{"allow":["GET"]}}],"collection":[{"href":"https:\/\/www.ufsm.br\/comunicacao\/guiaeventos\/wp-json\/wp\/v2\/pages"}],"about":[{"href":"https:\/\/www.ufsm.br\/comunicacao\/guiaeventos\/wp-json\/wp\/v2\/types\/page"}],"author":[{"embeddable":true,"href":"https:\/\/www.ufsm.br\/comunicacao\/guiaeventos\/wp-json\/wp\/v2\/users\/47"}],"replies":[{"embeddable":true,"href":"https:\/\/www.ufsm.br\/comunicacao\/guiaeventos\/wp-json\/wp\/v2\/comments?post=153"}],"version-history":[{"count":0,"href":"https:\/\/www.ufsm.br\/comunicacao\/guiaeventos\/wp-json\/wp\/v2\/pages\/153\/revisions"}],"wp:attachment":[{"href":"https:\/\/www.ufsm.br\/comunicacao\/guiaeventos\/wp-json\/wp\/v2\/media?parent=153"}],"wp:term":[{"taxonomy":"category","embeddable":true,"href":"https:\/\/www.ufsm.br\/comunicacao\/guiaeventos\/wp-json\/wp\/v2\/categories?post=153"},{"taxonomy":"post_tag","embeddable":true,"href":"https:\/\/www.ufsm.br\/comunicacao\/guiaeventos\/wp-json\/wp\/v2\/tags?post=153"}],"curies":[{"name":"wp","href":"https:\/\/api.w.org\/{rel}","templated":true}]}}