{"id":997,"date":"2019-11-18T12:34:39","date_gmt":"2019-11-18T15:34:39","guid":{"rendered":"https:\/\/www.ufsm.br\/reitoria\/gabinete-do-reitor\/guiaeventos\/?page_id=997"},"modified":"2019-11-18T12:51:21","modified_gmt":"2019-11-18T15:51:21","slug":"pre-eventos","status":"publish","type":"page","link":"https:\/\/www.ufsm.br\/comunicacao\/guiaeventos\/pre-eventos","title":{"rendered":"Pr\u00e9 Evento"},"content":{"rendered":"\n<p>No pr\u00e9 evento acontece o processo de viabiliza\u00e7\u00e3o do projeto, onde se \u00e9 definido qual ser\u00e1 o tipo de evento, qual ser\u00e1 sua data e o melhor local, atendendo \u00e0s demandas de infraestrutura e acessibilidade. As etapas ligadas a execu\u00e7\u00e3o do evento estar\u00e3o presentes no checklist, que \u00e9 desenvolvido no \u201cpr\u00e9 evento\u201d e efetivado no \u201cevento\u201d. Para conceber o checklist \u00e9 importante entender quais s\u00e3o os objetivos que o evento busca alcan\u00e7ar. Os itens b\u00e1sicos, j\u00e1 mencionados acima, tamb\u00e9m contam com a legitima\u00e7\u00e3o do evento perante a UFSM<\/p>\n<p>Como apresentado no cap\u00edtulo dois deste trabalho, trabalhamos o checklist apresentado por Matias (2010), por\u00e9m o adaptamos para eventos institucionais. Dessa forma, chegamos na seguinte lista de itens:<\/p>\n<p><strong>Defini\u00e7\u00e3o do tipo de evento: Este<\/strong> \u00e9 o momento que o usu\u00e1rio define qual ser\u00e1 o seu evento dentre as op\u00e7\u00f5es, para delimitar seu planejamento e assim alinhar o planejamento para as pr\u00f3ximas etapas.&nbsp;<\/p>\n<p><strong>Elabora\u00e7\u00e3o do tema:<\/strong> A escolha do tema \u00e9 resultante do tipo de evento e o que direciona para qual ser\u00e1 o p\u00fablico atingido pela divulga\u00e7\u00e3o do evento, o tema \u00e9 capaz de transformar um pequeno evento em um poss\u00edvel sucesso de p\u00fablico e definir\u00e1 quais os pr\u00f3ximos passos do projeto.<\/p>\n<p><strong>Identifica\u00e7\u00e3o do p\u00fablico alvo:<\/strong> compreender que tipo de evento est\u00e1 desenvolvendo o leva a interpretar qual \u00e9 o p\u00fablico que ficar\u00e1 cativado a comparecer, a partir da abrang\u00eancia do tema e a demanda dos p\u00fablicos o deve-se ficar atendo no item a seguir.<\/p>\n<p><strong>Defini\u00e7\u00e3o da data:<\/strong> A escolha da data \u00e9 o processo que depende de v\u00e1rios outros itens desta lista,&nbsp; podemos dizer que est\u00e1 diretamente ligado aos seus palestrantes, pois depende da agenda dos convidados, ap\u00f3s isto, a data precisa de disponibilidade dentro da universidade e assim escolher qual \u00e9 local que possui a capacidade necess\u00e1ria e disponibilidade no dia\/semana de sua escolha.<\/p>\n<p><strong>Escolha do local:<\/strong> A UFSM possui diversos espa\u00e7os que podem ser usados para eventos, entendendo qual \u00e9 a propor\u00e7\u00e3o do evento o local de escolha deve ser o que melhor atende as quest\u00f5es de estrutura e acessibilidade.&nbsp;<\/p>\n","protected":false},"excerpt":{"rendered":"<p>No pr\u00e9 evento acontece o processo de viabiliza\u00e7\u00e3o do projeto, onde se \u00e9 definido qual ser\u00e1 o tipo de evento, qual ser\u00e1 sua data e o melhor local, atendendo \u00e0s demandas de infraestrutura e acessibilidade. As etapas ligadas a execu\u00e7\u00e3o do evento estar\u00e3o presentes no checklist, que \u00e9 desenvolvido no \u201cpr\u00e9 evento\u201d e efetivado no [&hellip;]<\/p>\n","protected":false},"author":118,"featured_media":0,"parent":0,"menu_order":0,"comment_status":"closed","ping_status":"closed","template":"","meta":{"footnotes":""},"categories":[],"tags":[],"class_list":["post-997","page","type-page","status-publish","hentry"],"acf":[],"_links":{"self":[{"href":"https:\/\/www.ufsm.br\/comunicacao\/guiaeventos\/wp-json\/wp\/v2\/pages\/997","targetHints":{"allow":["GET"]}}],"collection":[{"href":"https:\/\/www.ufsm.br\/comunicacao\/guiaeventos\/wp-json\/wp\/v2\/pages"}],"about":[{"href":"https:\/\/www.ufsm.br\/comunicacao\/guiaeventos\/wp-json\/wp\/v2\/types\/page"}],"author":[{"embeddable":true,"href":"https:\/\/www.ufsm.br\/comunicacao\/guiaeventos\/wp-json\/wp\/v2\/users\/118"}],"replies":[{"embeddable":true,"href":"https:\/\/www.ufsm.br\/comunicacao\/guiaeventos\/wp-json\/wp\/v2\/comments?post=997"}],"version-history":[{"count":0,"href":"https:\/\/www.ufsm.br\/comunicacao\/guiaeventos\/wp-json\/wp\/v2\/pages\/997\/revisions"}],"wp:attachment":[{"href":"https:\/\/www.ufsm.br\/comunicacao\/guiaeventos\/wp-json\/wp\/v2\/media?parent=997"}],"wp:term":[{"taxonomy":"category","embeddable":true,"href":"https:\/\/www.ufsm.br\/comunicacao\/guiaeventos\/wp-json\/wp\/v2\/categories?post=997"},{"taxonomy":"post_tag","embeddable":true,"href":"https:\/\/www.ufsm.br\/comunicacao\/guiaeventos\/wp-json\/wp\/v2\/tags?post=997"}],"curies":[{"name":"wp","href":"https:\/\/api.w.org\/{rel}","templated":true}]}}