{"id":20,"date":"2020-03-05T15:27:35","date_gmt":"2020-03-05T18:27:35","guid":{"rendered":"https:\/\/www.ufsm.br\/comunicacao\/guiamidiassociais\/?page_id=20"},"modified":"2020-03-06T11:52:53","modified_gmt":"2020-03-06T14:52:53","slug":"instagram","status":"publish","type":"page","link":"https:\/\/www.ufsm.br\/comunicacao\/guiamidiassociais\/instagram","title":{"rendered":"Instagram"},"content":{"rendered":"\t\t<div data-elementor-type=\"wp-page\" data-elementor-id=\"20\" class=\"elementor elementor-20\">\n\t\t\t\t\t\t<section class=\"elementor-section elementor-top-section elementor-element elementor-element-267806c9 elementor-section-boxed elementor-section-height-default elementor-section-height-default\" data-id=\"267806c9\" data-element_type=\"section\">\n\t\t\t\t\t\t<div class=\"elementor-container elementor-column-gap-default\">\n\t\t\t\t\t<div class=\"elementor-column elementor-col-100 elementor-top-column elementor-element elementor-element-1d93e330\" data-id=\"1d93e330\" data-element_type=\"column\">\n\t\t\t<div class=\"elementor-widget-wrap elementor-element-populated\">\n\t\t\t\t\t\t<div class=\"elementor-element elementor-element-3f858114 elementor-widget elementor-widget-text-editor\" data-id=\"3f858114\" data-element_type=\"widget\" data-widget_type=\"text-editor.default\">\n\t\t\t\t<div class=\"elementor-widget-container\">\n\t\t\t\t\t\t\t<p><!-- wp:paragraph --><\/p>\n<p>O <em>Instagram <\/em>\u00e9 uma rede social de publica\u00e7\u00e3o de fotografias\/imagens e v\u00eddeos diversos. \u00c9 poss\u00edvel compartilhar fotografias tratadas (com filtros e edi\u00e7\u00f5es) do pr\u00f3prio <em>Instagram <\/em>para outras redes sociais como Facebook e <em>Twitter<\/em>. O <em>Instagram <\/em>possui din\u00e2mica de conte\u00fado diferente do Facebook. O objetivo do <em>Instagram <\/em>se caracteriza no <em>feed<\/em>, quase como um \u00e1lbum de fotos\/uma exposi\u00e7\u00e3o de arte. A rede \u00e9 a que mais cresceu em 2018 e conta, atualmente, com 1 bilh\u00e3o de usu\u00e1rios. O Brasil \u00e9 o quarto pa\u00eds que mais usa o <em>Instagram<\/em>.<\/p>\n<p><!-- \/wp:paragraph --><!-- wp:paragraph --><\/p>\n<p>Assim como no <em>Facebook<\/em>, no <i>Instagram <\/i>h\u00e1 dois tipos de contas: as de pessoas f\u00edsicas e as p\u00fablicas (para empresas, blogs pessoais). A diferen\u00e7a entre elas \u00e9 que na segunda \u00e9 poss\u00edvel receber os relat\u00f3rios de alcance e visibilidade da p\u00e1gina.<\/p>\n<p><!-- \/wp:paragraph --><!-- wp:paragraph --><\/p>\n<p>Quaisquer que sejam as p\u00e1ginas, p\u00fablicas ou de pessoas f\u00edsicas, \u00e9 poss\u00edvel curtir e comentar as fotos\/v\u00eddeos. O <i>Instagram <\/i>determina o intenso uso de <i>hashtags <\/i>(#) para que seja poss\u00edvel encontrar imagens correlatas ao tema da #, por exemplo, #UFSM.<\/p>\n<p><!-- \/wp:paragraph --><!-- wp:paragraph --><\/p>\n<p>Em 2016, uma atualiza\u00e7\u00e3o do <i>Instagram <\/i>fez surgir os <i>Stories <\/i>&#8211; publica\u00e7\u00f5es que s\u00e3o disponibilizadas somente por 24 horas no formato retrato e tratam de conte\u00fados mais instant\u00e2neos, como avisos r\u00e1pidos, coberturas de eventos, etc. Os <em>stories<\/em>, pela sua caracter\u00edstica tempor\u00e1ria, indicam a cria\u00e7\u00e3o de conte\u00fados voltados para o dia-a-dia.<\/p>\n<p>\u00a0<\/p>\n<p>\u00a0<\/p>\n<p><!-- \/wp:paragraph --><!-- wp:heading --><\/p>\n<h2>Orienta\u00e7\u00f5es para Conte\u00fado<\/h2>\n<div>\u00a0<\/div>\n<p><!-- \/wp:heading --><!-- wp:paragraph --><\/p>\n<p>\u2022 <strong>FEED<\/strong>: privilegia-se uma preocupa\u00e7\u00e3o est\u00e9tica, uma vez que o <em>Instagram <\/em>tem em sua base a divulga\u00e7\u00e3o de fotos e v\u00eddeos. Dessa forma, \u00e9 poss\u00edvel divulgar conte\u00fados art\u00edsticos, informativos e de relacionamento, desde que esses atentem ao cuidado est\u00e9tico. Fot\u00f3grafos devem receber os cr\u00e9ditos de suas fotos publicadas.<\/p>\n<figure id=\"attachment_22\" aria-describedby=\"caption-attachment-22\" style=\"width: 650px\" class=\"wp-caption aligncenter\"><img fetchpriority=\"high\" decoding=\"async\" class=\"wp-image-22\" src=\"https:\/\/www.ufsm.br\/comunicacao\/guiamidiassociais\/wp-content\/uploads\/sites\/812\/2020\/03\/Conte\u00fado-Instagram-informativo.jpg\" alt=\"Exemplo de conte\u00fado informativo pro Instagram\" width=\"650\" height=\"477\" srcset=\"https:\/\/www.ufsm.br\/app\/uploads\/sites\/812\/2020\/03\/Conte\u00fado-Instagram-informativo.jpg 809w, https:\/\/www.ufsm.br\/app\/uploads\/sites\/812\/2020\/03\/Conte\u00fado-Instagram-informativo-300x220.jpg 300w, https:\/\/www.ufsm.br\/app\/uploads\/sites\/812\/2020\/03\/Conte\u00fado-Instagram-informativo-768x564.jpg 768w\" sizes=\"(max-width: 650px) 100vw, 650px\" \/><figcaption id=\"caption-attachment-22\" class=\"wp-caption-text\">Exemplo de conte\u00fado informativo pro Instagram<\/figcaption><\/figure>\n<p>\u00a0<\/p>\n<figure id=\"attachment_21\" aria-describedby=\"caption-attachment-21\" style=\"width: 650px\" class=\"wp-caption aligncenter\"><img decoding=\"async\" class=\"wp-image-21\" src=\"https:\/\/www.ufsm.br\/comunicacao\/guiamidiassociais\/wp-content\/uploads\/sites\/812\/2020\/03\/Conte\u00fado-Instagram-est\u00e9tico.jpg\" alt=\"Exemplo de conte\u00fado est\u00e9tico pro Instagram\" width=\"650\" height=\"482\" srcset=\"https:\/\/www.ufsm.br\/app\/uploads\/sites\/812\/2020\/03\/Conte\u00fado-Instagram-est\u00e9tico.jpg 807w, https:\/\/www.ufsm.br\/app\/uploads\/sites\/812\/2020\/03\/Conte\u00fado-Instagram-est\u00e9tico-300x222.jpg 300w, https:\/\/www.ufsm.br\/app\/uploads\/sites\/812\/2020\/03\/Conte\u00fado-Instagram-est\u00e9tico-768x569.jpg 768w\" sizes=\"(max-width: 650px) 100vw, 650px\" \/><figcaption id=\"caption-attachment-21\" class=\"wp-caption-text\">Exemplo de conte\u00fado est\u00e9tico pro Instagram<\/figcaption><\/figure>\n<!-- \/wp:paragraph --><!-- wp:paragraph -->\n<p>\u00a0<\/p>\n<p>\u2022 <strong>REPOST<\/strong>: \u00e9 poss\u00edvel fazer o <em>repost <\/em>de fotos feitas por outros usu\u00e1rios do <em>Instagram<\/em>. Recomenda-se o compartilhamento de imagens que representem os campi e\/ou projetos e o cotidiano da UFSM de forma positiva e que estejam marcadas com alguma <em>hashtag <\/em>determinada pelo setor ou que marque o pr\u00f3prio setor;\u00a0<\/p>\n<p><!-- \/wp:paragraph --><!-- wp:paragraph --><\/p>\n<p>\u2022 <strong>LEGENDAS<\/strong>: as legendas utilizadas em posts do <em>Instagram <\/em>devem ser alinhadas com a proposta da fotografia. Veja aqui como usar a legenda para engajar mais o p\u00fablico curtidor. \u00c9 importante N\u00c3O usar link na legenda, pois demonstra desconhecimento da ferramenta \u2013 o <em>Instagram <\/em>n\u00e3o permite acessar links via legenda, por isso os usu\u00e1rios usam a frase \u201cLink na Bio\u201d ou \u201cLink no perfil\u201d em suas legendas.<\/p>\n<p><!-- \/wp:paragraph --><!-- wp:paragraph --><\/p>\n<p>\u2022 <strong>HASHTAGS<\/strong>: no <em>Instagram<\/em>, al\u00e9m de indexarem e categorizarem conte\u00fados, as <em>hashtags <\/em>s\u00e3o utilizadas para promover e aumentar visibilidade do post. Portanto, use de forma a descrever a foto e preferencialmente com <em>hashtags <\/em>que indiquem a UFSM como #UFSM #SouUFSM #UFSMPM #UFSMFW #UFSMCSS. Segundo o TecMundo, as 5 hashtags mais utilizadas no Brasil s\u00e3o: #tbt, #love, #brasil, #amor e #instagood.\u00a0<\/p>\n<p>\u00a0<\/p>\n<figure id=\"attachment_23\" aria-describedby=\"caption-attachment-23\" style=\"width: 650px\" class=\"wp-caption aligncenter\"><img decoding=\"async\" class=\"wp-image-23\" src=\"https:\/\/www.ufsm.br\/comunicacao\/guiamidiassociais\/wp-content\/uploads\/sites\/812\/2020\/03\/Hashtags-pro-Insta.jpg\" alt=\"Exemplo de uso de hashtags no Instagram\" width=\"650\" height=\"476\" srcset=\"https:\/\/www.ufsm.br\/app\/uploads\/sites\/812\/2020\/03\/Hashtags-pro-Insta.jpg 809w, https:\/\/www.ufsm.br\/app\/uploads\/sites\/812\/2020\/03\/Hashtags-pro-Insta-300x220.jpg 300w, https:\/\/www.ufsm.br\/app\/uploads\/sites\/812\/2020\/03\/Hashtags-pro-Insta-768x563.jpg 768w\" sizes=\"(max-width: 650px) 100vw, 650px\" \/><figcaption id=\"caption-attachment-23\" class=\"wp-caption-text\">Observe as hashtags institucionais: #UFSM e #SouUFSM e as <em>hashtags <\/em>de descri\u00e7\u00e3o do conte\u00fado: #Stop #pare<\/figcaption><\/figure>\n<!-- \/wp:paragraph --><!-- wp:paragraph -->\n<p>\u00a0<\/p>\n<p><!-- \/wp:paragraph --><!-- wp:paragraph --><\/p>\n<p>\u2022 <em><strong>STORIES<\/strong><\/em>: as publica\u00e7\u00f5es nos <em>stories <\/em>assumem um prop\u00f3sito diferente, j\u00e1 que ficam dispon\u00edveis por apenas 24 horas. Por isso, \u00e9 poss\u00edvel divulgar not\u00edcias, editais, campanhas, agenda da Universidade, cobrir eventos em tempo real, dar avisos. Os recursos para a constru\u00e7\u00e3o dos <em>stories <\/em>podem e devem ser utilizados, tais como textos, <em>hashtags<\/em>, GIFs, emojis, localiza\u00e7\u00e3o e outras ferramentas como enquetes e perguntas.<\/p>\n<p>\u00a0<\/p>\n<p><!-- \/wp:paragraph --><!-- wp:heading --><\/p>\n<h2>Periodicidade<\/h2>\n<p>\u00a0<\/p>\n<p><!-- \/wp:heading --><!-- wp:paragraph --><\/p>\n<p>\u00c9 indicado que no <em>Instagram<\/em> haja de duas a tr\u00eas postagens por semana, no m\u00ednimo.<\/p>\n<p><!-- \/wp:paragraph --><!-- wp:paragraph --><\/p>\n<p>\u00c9 poss\u00edvel montar\/programar o <em>feed<\/em> do <em>Instagram<\/em> atrav\u00e9s da periodicidade da p\u00e1gina, de forma que haja uma padroniza\u00e7\u00e3o dos dias que ser\u00e3o postadas as fotos, como por exemplo, toda segunda e quinta-feira.<\/p>\n<p><!-- \/wp:paragraph --><!-- wp:paragraph --><\/p>\n<p>Para os <em>stories<\/em>, \u00e9 imprescind\u00edvel que seja veiculado pelo menos um por dia, tendo o cuidado de postar, no m\u00e1ximo, 5 a 6 <em>stories <\/em>por vez. Os <em>stories <\/em>podem ser utilizados tamb\u00e9m para auxiliar na divulga\u00e7\u00e3o de posts do <em>feed<\/em>. Para conseguir mais visualiza\u00e7\u00f5es, publique os <em>stories <\/em>em diferentes hor\u00e1rios do dia.<\/p>\n<p><!-- \/wp:paragraph --><!-- wp:paragraph --><\/p>\n<p>Se a decis\u00e3o for por postagens em dias fixos, <em>hashtags <\/em>podem ser utilizadas\u00a0 de acordo com as datas, como\u00a0 #motivacionaldesegunda (ver abaixo).<\/p>\n<p>\u00a0<\/p>\n<figure id=\"attachment_24\" aria-describedby=\"caption-attachment-24\" style=\"width: 650px\" class=\"wp-caption aligncenter\"><img loading=\"lazy\" decoding=\"async\" class=\"wp-image-24\" src=\"https:\/\/www.ufsm.br\/comunicacao\/guiamidiassociais\/wp-content\/uploads\/sites\/812\/2020\/03\/Motivacional-segunda-no-Instagram.jpg\" alt=\"Exemplo de conte\u00fado peri\u00f3dico no Instagram\" width=\"650\" height=\"485\" srcset=\"https:\/\/www.ufsm.br\/app\/uploads\/sites\/812\/2020\/03\/Motivacional-segunda-no-Instagram.jpg 810w, https:\/\/www.ufsm.br\/app\/uploads\/sites\/812\/2020\/03\/Motivacional-segunda-no-Instagram-300x224.jpg 300w, https:\/\/www.ufsm.br\/app\/uploads\/sites\/812\/2020\/03\/Motivacional-segunda-no-Instagram-768x573.jpg 768w\" sizes=\"(max-width: 650px) 100vw, 650px\" \/><figcaption id=\"caption-attachment-24\" class=\"wp-caption-text\">Exemplo de conte\u00fado peri\u00f3dico no Instagram para as segundas-feiras<\/figcaption><\/figure>\n<p>\u00a0<\/p>\n<p><!-- \/wp:paragraph --><!-- wp:paragraph --><\/p>\n<p>Ou pode-se utilizar a <em>hashtag <\/em>mais conhecida do mundo #TBT (<em>Throw Back Thursday<\/em>, em portugu\u00eas significa lembran\u00e7a de quinta-feira). Ela deve ser postada obrigatoriamente nas quintas-feiras com fotos antigas de fatos hist\u00f3ricos, mem\u00f3rias, atividades anteriores. A utiliza\u00e7\u00e3o dessa <em>hashtag<\/em> faz com que a publica\u00e7\u00e3o tenha mais visualiza\u00e7\u00f5es.<\/p>\n<p>\u00a0<\/p>\n<p><!-- \/wp:paragraph --><!-- wp:paragraph --><\/p>\n<figure id=\"attachment_25\" aria-describedby=\"caption-attachment-25\" style=\"width: 650px\" class=\"wp-caption aligncenter\"><img loading=\"lazy\" decoding=\"async\" class=\"wp-image-25\" src=\"https:\/\/www.ufsm.br\/comunicacao\/guiamidiassociais\/wp-content\/uploads\/sites\/812\/2020\/03\/Modelo-de-post-TBT-no-Instagram.jpg\" alt=\"Exemplo de posts #TBT pro Instagram\" width=\"650\" height=\"417\" srcset=\"https:\/\/www.ufsm.br\/app\/uploads\/sites\/812\/2020\/03\/Modelo-de-post-TBT-no-Instagram.jpg 932w, https:\/\/www.ufsm.br\/app\/uploads\/sites\/812\/2020\/03\/Modelo-de-post-TBT-no-Instagram-300x192.jpg 300w, https:\/\/www.ufsm.br\/app\/uploads\/sites\/812\/2020\/03\/Modelo-de-post-TBT-no-Instagram-768x493.jpg 768w\" sizes=\"(max-width: 650px) 100vw, 650px\" \/><figcaption id=\"caption-attachment-25\" class=\"wp-caption-text\">Exemplo de post usando a #TBT no Instagram<\/figcaption><\/figure>\n<p><!-- \/wp:paragraph --><\/p>\t\t\t\t\t\t<\/div>\n\t\t\t\t<\/div>\n\t\t\t\t\t<\/div>\n\t\t<\/div>\n\t\t\t\t\t<\/div>\n\t\t<\/section>\n\t\t\t\t<\/div>\n\t\t","protected":false},"excerpt":{"rendered":"<p>O Instagram \u00e9 uma rede social de publica\u00e7\u00e3o de fotografias\/imagens e v\u00eddeos diversos. \u00c9 poss\u00edvel compartilhar fotografias tratadas (com filtros e edi\u00e7\u00f5es) do pr\u00f3prio Instagram para outras redes sociais como Facebook e Twitter. O Instagram possui din\u00e2mica de conte\u00fado diferente do Facebook. O objetivo do Instagram se caracteriza no feed, quase como um \u00e1lbum de [&hellip;]<\/p>\n","protected":false},"author":80,"featured_media":0,"parent":0,"menu_order":0,"comment_status":"closed","ping_status":"closed","template":"","meta":{"footnotes":""},"categories":[],"tags":[],"class_list":["post-20","page","type-page","status-publish","hentry"],"acf":[],"_links":{"self":[{"href":"https:\/\/www.ufsm.br\/comunicacao\/guiamidiassociais\/wp-json\/wp\/v2\/pages\/20","targetHints":{"allow":["GET"]}}],"collection":[{"href":"https:\/\/www.ufsm.br\/comunicacao\/guiamidiassociais\/wp-json\/wp\/v2\/pages"}],"about":[{"href":"https:\/\/www.ufsm.br\/comunicacao\/guiamidiassociais\/wp-json\/wp\/v2\/types\/page"}],"author":[{"embeddable":true,"href":"https:\/\/www.ufsm.br\/comunicacao\/guiamidiassociais\/wp-json\/wp\/v2\/users\/80"}],"replies":[{"embeddable":true,"href":"https:\/\/www.ufsm.br\/comunicacao\/guiamidiassociais\/wp-json\/wp\/v2\/comments?post=20"}],"version-history":[{"count":0,"href":"https:\/\/www.ufsm.br\/comunicacao\/guiamidiassociais\/wp-json\/wp\/v2\/pages\/20\/revisions"}],"wp:attachment":[{"href":"https:\/\/www.ufsm.br\/comunicacao\/guiamidiassociais\/wp-json\/wp\/v2\/media?parent=20"}],"wp:term":[{"taxonomy":"category","embeddable":true,"href":"https:\/\/www.ufsm.br\/comunicacao\/guiamidiassociais\/wp-json\/wp\/v2\/categories?post=20"},{"taxonomy":"post_tag","embeddable":true,"href":"https:\/\/www.ufsm.br\/comunicacao\/guiamidiassociais\/wp-json\/wp\/v2\/tags?post=20"}],"curies":[{"name":"wp","href":"https:\/\/api.w.org\/{rel}","templated":true}]}}