{"id":26,"date":"2020-03-05T15:43:55","date_gmt":"2020-03-05T18:43:55","guid":{"rendered":"https:\/\/www.ufsm.br\/comunicacao\/guiamidiassociais\/?page_id=26"},"modified":"2020-03-06T11:52:21","modified_gmt":"2020-03-06T14:52:21","slug":"twitter","status":"publish","type":"page","link":"https:\/\/www.ufsm.br\/comunicacao\/guiamidiassociais\/twitter","title":{"rendered":"Twitter"},"content":{"rendered":"\t\t<div data-elementor-type=\"wp-page\" data-elementor-id=\"26\" class=\"elementor elementor-26\">\n\t\t\t\t\t\t<section class=\"elementor-section elementor-top-section elementor-element elementor-element-5e98f4b8 elementor-section-boxed elementor-section-height-default elementor-section-height-default\" data-id=\"5e98f4b8\" data-element_type=\"section\">\n\t\t\t\t\t\t<div class=\"elementor-container elementor-column-gap-default\">\n\t\t\t\t\t<div class=\"elementor-column elementor-col-100 elementor-top-column elementor-element elementor-element-c86f8f\" data-id=\"c86f8f\" data-element_type=\"column\">\n\t\t\t<div class=\"elementor-widget-wrap elementor-element-populated\">\n\t\t\t\t\t\t<div class=\"elementor-element elementor-element-6e04046d elementor-widget elementor-widget-text-editor\" data-id=\"6e04046d\" data-element_type=\"widget\" data-widget_type=\"text-editor.default\">\n\t\t\t\t<div class=\"elementor-widget-container\">\n\t\t\t\t\t\t\t<p><!-- wp:paragraph --><\/p>\n<p>\u00c9 um microblog que oferece espa\u00e7o reduzido de 280 caracteres para o usu\u00e1rio postar sua mensagem. O <em>Twitter<\/em> n\u00e3o diferencia contas de pessoas f\u00edsicas e organiza\u00e7\u00f5es.\u00a0<\/p>\n<p><!-- \/wp:paragraph --><\/p>\n<p><!-- wp:paragraph --><\/p>\n<p>O <em>Twitter <\/em>\u00e9 a rede social considerada mais \u201cinstant\u00e2nea\u201d. Apresenta os \u201c<em>trending topics<\/em>\u201d, isto \u00e9, os temas mais falados do momento neste site. A linha do tempo do <em>Twitter <\/em>\u00e9 apresentada em modo cronol\u00f3gico, ou seja, n\u00e3o h\u00e1 algoritmos que possam influenciar na relev\u00e2ncia do post. Por isso, \u00e9 preciso ficar atento \u00e0 quantidade de <em>tweets <\/em>e aos hor\u00e1rios publicados. A linguagem utilizada no <em>Twitter <\/em>\u00e9 informal, buscando divulgar informa\u00e7\u00f5es \u201cr\u00e1pidas\u201d, conhecidas como manchetes, e interagir com o p\u00fablico de forma descontra\u00edda.<\/p>\n<p><!-- \/wp:paragraph --><\/p>\n<p><!-- wp:paragraph --><\/p>\n<p>Por\u00e9m, quando o usu\u00e1rio escolher a op\u00e7\u00e3o \u201cDESTAQUES\u201d, os algoritmos do site mostrar\u00e3o <em>tweets <\/em>que talvez n\u00e3o tenham sido visualizados ou aqueles que o sistema considera pertinentes ao usu\u00e1rio.\u00a0 A intera\u00e7\u00e3o da publica\u00e7\u00e3o ocorre por meio de <em>replys<\/em> (respostas), <em>retweets <\/em>(compartilhamentos) e curtidas. Essas intera\u00e7\u00f5es determinam a \u201cvida \u00fatil\u201d (tempo de apari\u00e7\u00e3o) do <em>tweet <\/em>publicado.<\/p>\n<p>\u00a0<\/p>\n<p><!-- \/wp:paragraph --><\/p>\n<p><!-- wp:heading --><\/p>\n<h2>Orienta\u00e7\u00f5es para Conte\u00fado<\/h2>\n<div>\u00a0<\/div>\n<p><!-- \/wp:heading --><\/p>\n<p><!-- wp:list --><\/p>\n<ul>\n<li><strong>TIPOS DE <em>TWEET<\/em><\/strong>: poder\u00e3o ser publicados links diretos para not\u00edcias do s\u00edtio, imagens, gifs e v\u00eddeos. Os <em>tweets <\/em>poder\u00e3o ser publicados sem link para mais informa\u00e7\u00f5es, desde que seja poss\u00edvel informar o conte\u00fado necess\u00e1rio nos 280 caracteres dispon\u00edveis em 1 <em>tweet<\/em>.<\/li>\n<li><strong>MEN\u00c7\u00d5ES<\/strong>: \u00e9 importante fazer men\u00e7\u00e3o a outros perfis ligados \u00e0 UFSM, sempre que poss\u00edvel.<\/li>\n<li><strong>RETWEET<\/strong>: recomenda-se o <em>retweet <\/em>somente de publica\u00e7\u00f5es de p\u00e1ginas oficiais do Governo Federal (MEC, MCT, etc.), bem como de p\u00e1ginas de outros setores da UFSM.<\/li>\n<li><strong>GIFS<\/strong>: no <i>Twitter<\/i>, os gifs podem ser inseridos diretamente da ferramenta.<\/li>\n<\/ul>\n<figure id=\"attachment_27\" aria-describedby=\"caption-attachment-27\" style=\"width: 650px\" class=\"wp-caption aligncenter\"><img fetchpriority=\"high\" decoding=\"async\" class=\"wp-image-27\" src=\"https:\/\/www.ufsm.br\/comunicacao\/guiamidiassociais\/wp-content\/uploads\/sites\/812\/2020\/03\/Bot\u00e3o-gif-no-Twitter.jpeg\" alt=\"Demonstra\u00e7\u00e3o de bot\u00e3o para gif no Twitter\" width=\"650\" height=\"196\" srcset=\"https:\/\/www.ufsm.br\/app\/uploads\/sites\/812\/2020\/03\/Bot\u00e3o-gif-no-Twitter.jpeg 751w, https:\/\/www.ufsm.br\/app\/uploads\/sites\/812\/2020\/03\/Bot\u00e3o-gif-no-Twitter-300x91.jpeg 300w\" sizes=\"(max-width: 650px) 100vw, 650px\" \/><figcaption id=\"caption-attachment-27\" class=\"wp-caption-text\">Clique no bot\u00e3o &#8220;GIF&#8221; para adicionar algum na publica\u00e7\u00e3o<\/figcaption><\/figure>\n<p>\u00a0<\/p>\n<ul>\n<li><strong>LINKS<\/strong>: n\u00e3o \u00e9 necess\u00e1rio utilizar encurtadores de link, pois o pr\u00f3prio <em>Twitter <\/em>faz essa fun\u00e7\u00e3o.<\/li>\n<li><strong>MEMES<\/strong>: no <em>Twitter<\/em>, os memes s\u00e3o a principal a principal forma de express\u00e3o. Ent\u00e3o, \u00e9 necess\u00e1rio que sejam usados para o sucesso do perfil.\u00a0<\/li>\n<li><em><strong>THREADS<\/strong><\/em>: atualmente, \u00e9 comum no <em>Twitter<\/em> dar continuidade \u00e0 publica\u00e7\u00e3o atrav\u00e9s dos coment\u00e1rios. Veja o exemplo abaixo.<\/li>\n<\/ul>\n<figure id=\"attachment_46\" aria-describedby=\"caption-attachment-46\" style=\"width: 400px\" class=\"wp-caption aligncenter\"><img decoding=\"async\" class=\"wp-image-46\" src=\"https:\/\/www.ufsm.br\/comunicacao\/guiamidiassociais\/wp-content\/uploads\/sites\/812\/2020\/03\/Thread-no-Twitter.jpg\" alt=\"Exemplo de thread no Twitter\" width=\"400\" height=\"1128\" srcset=\"https:\/\/www.ufsm.br\/app\/uploads\/sites\/812\/2020\/03\/Thread-no-Twitter.jpg 304w, https:\/\/www.ufsm.br\/app\/uploads\/sites\/812\/2020\/03\/Thread-no-Twitter-106x300.jpg 106w\" sizes=\"(max-width: 400px) 100vw, 400px\" \/><figcaption id=\"caption-attachment-46\" class=\"wp-caption-text\">Exemplo de thread no Twitter<\/figcaption><\/figure>\n<p>\u00a0<\/p>\n<p><!-- \/wp:list --><\/p>\t\t\t\t\t\t<\/div>\n\t\t\t\t<\/div>\n\t\t\t\t\t<\/div>\n\t\t<\/div>\n\t\t\t\t\t<\/div>\n\t\t<\/section>\n\t\t\t\t<\/div>\n\t\t","protected":false},"excerpt":{"rendered":"<p>\u00c9 um microblog que oferece espa\u00e7o reduzido de 280 caracteres para o usu\u00e1rio postar sua mensagem. O Twitter n\u00e3o diferencia contas de pessoas f\u00edsicas e organiza\u00e7\u00f5es.\u00a0 O Twitter \u00e9 a rede social considerada mais \u201cinstant\u00e2nea\u201d. Apresenta os \u201ctrending topics\u201d, isto \u00e9, os temas mais falados do momento neste site. A linha do tempo do Twitter [&hellip;]<\/p>\n","protected":false},"author":80,"featured_media":0,"parent":0,"menu_order":0,"comment_status":"closed","ping_status":"closed","template":"","meta":{"footnotes":""},"categories":[],"tags":[],"class_list":["post-26","page","type-page","status-publish","hentry"],"acf":[],"_links":{"self":[{"href":"https:\/\/www.ufsm.br\/comunicacao\/guiamidiassociais\/wp-json\/wp\/v2\/pages\/26","targetHints":{"allow":["GET"]}}],"collection":[{"href":"https:\/\/www.ufsm.br\/comunicacao\/guiamidiassociais\/wp-json\/wp\/v2\/pages"}],"about":[{"href":"https:\/\/www.ufsm.br\/comunicacao\/guiamidiassociais\/wp-json\/wp\/v2\/types\/page"}],"author":[{"embeddable":true,"href":"https:\/\/www.ufsm.br\/comunicacao\/guiamidiassociais\/wp-json\/wp\/v2\/users\/80"}],"replies":[{"embeddable":true,"href":"https:\/\/www.ufsm.br\/comunicacao\/guiamidiassociais\/wp-json\/wp\/v2\/comments?post=26"}],"version-history":[{"count":0,"href":"https:\/\/www.ufsm.br\/comunicacao\/guiamidiassociais\/wp-json\/wp\/v2\/pages\/26\/revisions"}],"wp:attachment":[{"href":"https:\/\/www.ufsm.br\/comunicacao\/guiamidiassociais\/wp-json\/wp\/v2\/media?parent=26"}],"wp:term":[{"taxonomy":"category","embeddable":true,"href":"https:\/\/www.ufsm.br\/comunicacao\/guiamidiassociais\/wp-json\/wp\/v2\/categories?post=26"},{"taxonomy":"post_tag","embeddable":true,"href":"https:\/\/www.ufsm.br\/comunicacao\/guiamidiassociais\/wp-json\/wp\/v2\/tags?post=26"}],"curies":[{"name":"wp","href":"https:\/\/api.w.org\/{rel}","templated":true}]}}