{"id":3,"date":"2020-03-04T12:33:24","date_gmt":"2020-03-04T15:33:24","guid":{"rendered":"https:\/\/www.ufsm.br\/comunicacao\/guiamidiassociais\/?page_id=3"},"modified":"2022-04-29T17:06:44","modified_gmt":"2022-04-29T20:06:44","slug":"perfis-institucionais-da-ufsm","status":"publish","type":"page","link":"https:\/\/www.ufsm.br\/comunicacao\/guiamidiassociais\/perfis-institucionais-da-ufsm","title":{"rendered":"Perfis Institucionais da UFSM"},"content":{"rendered":"\n<p>At\u00e9 a data da publica\u00e7\u00e3o deste documento, a UFSM est\u00e1 presente, enquanto institui\u00e7\u00e3o, nas seguintes redes sociais mantidas pela Unidade de Comunica\u00e7\u00e3o Integrada\/Coordenadoria de Comunica\u00e7\u00e3o:\u00a0<\/p>\n\n\n\n<p>\u2022 <strong><em>Facebook<\/em><\/strong>: <a href=\"http:\/\/www.facebook.com\/ufsm.br\" data-type=\"URL\" data-id=\"www.facebook.com\/ufsm.br\">www.facebook.com\/ufsm.br<\/a> &nbsp;<\/p>\n\n\n\n<p>\u2022 <strong><em>Instagram<\/em><\/strong>: <a href=\"http:\/\/www.instagram.com\/ufsm.br\" data-type=\"URL\" data-id=\"www.instagram.com\/ufsm.br\">www.instagram.com\/ufsm.br<\/a><\/p>\n\n\n\n<p>\u2022 <strong><em>Twitter<\/em><\/strong>: <a href=\"http:\/\/www.twitter.com\/noticiasufsm\" data-type=\"URL\" data-id=\"www.twitter.com\/noticiasufsm\">www.twitter.com\/noticiasufsm<\/a><\/p>\n\n\n\n<p>\u2022 <strong><em>Linkedin<\/em><\/strong>: <a href=\"http:\/\/www.linkedin.com\/in\/not\u00edcias-ufsm\">www.linkedin.com\/in\/not\u00edcias-ufsm<\/a><\/p>\n\n\n\n<p>\u2022 <strong><em>YouTube<\/em><\/strong>: <a href=\"https:\/\/www.youtube.com\/user\/tvcampusUFSM\">https:\/\/www.youtube.com\/user\/tvcampusUFSM<\/a><\/p>\n\n\n\n<p>A presen\u00e7a da UFSM nas m\u00eddias sociais come\u00e7ou ainda em 2011, a partir do <em>Facebook <\/em>e do <em>Twitter<\/em>. Inicialmente, a estrat\u00e9gia adotada foi a reverbera\u00e7\u00e3o das not\u00edcias do site principal da Universidade. O objetivo principal era ampliar o acesso ao site, a partir dos cliques provenientes das redes sociais. Com o tempo, esta forma de uso foi repensada e complexificada, acompanhando a evolu\u00e7\u00e3o e a tend\u00eancia do uso das m\u00eddias sociais pelos usu\u00e1rios e institui\u00e7\u00f5es.&nbsp;<\/p>\n\n\n\n<p>Foram mapeadas centenas de p\u00e1ginas e perfis de setores, cursos, grupos de pesquisa da UFSM nas redes sociais. Entende-se que a comunica\u00e7\u00e3o na UFSM \u00e9 realizada por profissionais que podem n\u00e3o ser, necessariamente, da \u00e1rea da comunica\u00e7\u00e3o ou de \u00e1reas afins. Nesse sentido, a comunica\u00e7\u00e3o <em>online <\/em>ou <em>offline<\/em>, independente da forma\u00e7\u00e3o de seu respons\u00e1vel institucional, deve agir com responsabilidade e em concord\u00e2ncia com leis, guias, normativas e objetivos estabelecidos pela <strong><a href=\"https:\/\/www.ufsm.br\/politica-de-comunicacao-da-ufsm\/\">Pol\u00edtica de Comunica\u00e7\u00e3o<\/a><\/strong>.<\/p>\n\n\n\n<p> Para que a sua presen\u00e7a nas redes sociais, seja atrav\u00e9s de p\u00e1gina ou perfil institucional, seja considerada oficial pela UFSM e apare\u00e7a no cabe\u00e7alho do seu site, voc\u00ea deve (1) seguir as orienta\u00e7\u00f5es de conte\u00fado e os princ\u00edpios descritos neste guia, (2) solicitar via e-mail (comunicacaointegrada@ufsm.br) a inser\u00e7\u00e3o da sua p\u00e1gina no Neg\u00f3cio da UFSM no\u00a0<em>Facebook<\/em>. Se n\u00e3o inserida do neg\u00f3cio, a sua p\u00e1gina n\u00e3o ser\u00e1 considerada institucional da UFSM. <br><\/p>\n","protected":false},"excerpt":{"rendered":"<p>At\u00e9 a data da publica\u00e7\u00e3o deste documento, a UFSM est\u00e1 presente, enquanto institui\u00e7\u00e3o, nas seguintes redes sociais mantidas pela Unidade de Comunica\u00e7\u00e3o Integrada\/Coordenadoria de Comunica\u00e7\u00e3o:\u00a0 \u2022 Facebook: www.facebook.com\/ufsm.br &nbsp; \u2022 Instagram: www.instagram.com\/ufsm.br \u2022 Twitter: www.twitter.com\/noticiasufsm \u2022 Linkedin: www.linkedin.com\/in\/not\u00edcias-ufsm \u2022 YouTube: https:\/\/www.youtube.com\/user\/tvcampusUFSM A presen\u00e7a da UFSM nas m\u00eddias sociais come\u00e7ou ainda em 2011, a partir do [&hellip;]<\/p>\n","protected":false},"author":80,"featured_media":0,"parent":0,"menu_order":0,"comment_status":"closed","ping_status":"closed","template":"","meta":{"footnotes":""},"categories":[],"tags":[],"class_list":["post-3","page","type-page","status-publish","hentry"],"acf":[],"_links":{"self":[{"href":"https:\/\/www.ufsm.br\/comunicacao\/guiamidiassociais\/wp-json\/wp\/v2\/pages\/3","targetHints":{"allow":["GET"]}}],"collection":[{"href":"https:\/\/www.ufsm.br\/comunicacao\/guiamidiassociais\/wp-json\/wp\/v2\/pages"}],"about":[{"href":"https:\/\/www.ufsm.br\/comunicacao\/guiamidiassociais\/wp-json\/wp\/v2\/types\/page"}],"author":[{"embeddable":true,"href":"https:\/\/www.ufsm.br\/comunicacao\/guiamidiassociais\/wp-json\/wp\/v2\/users\/80"}],"replies":[{"embeddable":true,"href":"https:\/\/www.ufsm.br\/comunicacao\/guiamidiassociais\/wp-json\/wp\/v2\/comments?post=3"}],"version-history":[{"count":0,"href":"https:\/\/www.ufsm.br\/comunicacao\/guiamidiassociais\/wp-json\/wp\/v2\/pages\/3\/revisions"}],"wp:attachment":[{"href":"https:\/\/www.ufsm.br\/comunicacao\/guiamidiassociais\/wp-json\/wp\/v2\/media?parent=3"}],"wp:term":[{"taxonomy":"category","embeddable":true,"href":"https:\/\/www.ufsm.br\/comunicacao\/guiamidiassociais\/wp-json\/wp\/v2\/categories?post=3"},{"taxonomy":"post_tag","embeddable":true,"href":"https:\/\/www.ufsm.br\/comunicacao\/guiamidiassociais\/wp-json\/wp\/v2\/tags?post=3"}],"curies":[{"name":"wp","href":"https:\/\/api.w.org\/{rel}","templated":true}]}}