{"id":52,"date":"2020-03-06T11:32:47","date_gmt":"2020-03-06T14:32:47","guid":{"rendered":"https:\/\/www.ufsm.br\/comunicacao\/guiamidiassociais\/?page_id=52"},"modified":"2020-03-06T11:48:42","modified_gmt":"2020-03-06T14:48:42","slug":"grupo-de-trabalho","status":"publish","type":"page","link":"https:\/\/www.ufsm.br\/comunicacao\/guiamidiassociais\/grupo-de-trabalho","title":{"rendered":"Grupo de Trabalho"},"content":{"rendered":"\n<p>O Grupo de Trabalho M\u00eddias Sociais tem por objetivo mapear a presen\u00e7a digital da UFSM nas redes sociais e encaminhar aprova\u00e7\u00e3o de um guia para produ\u00e7\u00e3o de conte\u00fado nessas redes.<\/p>\n\n\n\n<p>\u00c9 formado por:<\/p>\n\n\n\n<p>Carla Isa Costa &#8211; Ag\u00eancia de Not\u00edcias\/Coordenadoria de Comunica\u00e7\u00e3o Social<\/p>\n\n\n\n<p>Daniel Michelon de Carli &#8211; Centro de Processamento de Dados<\/p>\n\n\n\n<p>D\u00e9bora Flores Dalla Pozza &#8211; TV Campus\/Coordenadoria de Comunica\u00e7\u00e3o Social<\/p>\n\n\n\n<p>Julia Cervo &#8211; Se\u00e7\u00e3o de Apoio Administrativo de Frederico Westphalen&nbsp;<\/p>\n\n\n\n<p>Marcelo de Franceschi dos Santos &#8211; R\u00e1dios Universidade e UniFM\/Coordenadoria de Comunica\u00e7\u00e3o Social<\/p>\n\n\n\n<p>Maur\u00edcio Dias &#8211; Revista Arco\/Coordenadoria de Comunica\u00e7\u00e3o<\/p>\n\n\n\n<p>Sendi Chiapinotto Spiazzi &#8211; Unidade de Comunica\u00e7\u00e3o Integrada\/Pr\u00f3-Reitoria de Planejamento<\/p>\n\n\n\n<p>Solange Prediger &#8211; Assessoria de Comunica\u00e7\u00e3o do Gabinete do Reitor<\/p>\n\n\n\n<p>Matheus Santos e Vitor Welzel &#8211; estudantes colaboradores<br><\/p>\n","protected":false},"excerpt":{"rendered":"<p>O Grupo de Trabalho M\u00eddias Sociais tem por objetivo mapear a presen\u00e7a digital da UFSM nas redes sociais e encaminhar aprova\u00e7\u00e3o de um guia para produ\u00e7\u00e3o de conte\u00fado nessas redes. \u00c9 formado por: Carla Isa Costa &#8211; Ag\u00eancia de Not\u00edcias\/Coordenadoria de Comunica\u00e7\u00e3o Social Daniel Michelon de Carli &#8211; Centro de Processamento de Dados D\u00e9bora Flores [&hellip;]<\/p>\n","protected":false},"author":80,"featured_media":0,"parent":0,"menu_order":0,"comment_status":"closed","ping_status":"closed","template":"","meta":{"footnotes":""},"categories":[],"tags":[],"class_list":["post-52","page","type-page","status-publish","hentry"],"acf":[],"_links":{"self":[{"href":"https:\/\/www.ufsm.br\/comunicacao\/guiamidiassociais\/wp-json\/wp\/v2\/pages\/52","targetHints":{"allow":["GET"]}}],"collection":[{"href":"https:\/\/www.ufsm.br\/comunicacao\/guiamidiassociais\/wp-json\/wp\/v2\/pages"}],"about":[{"href":"https:\/\/www.ufsm.br\/comunicacao\/guiamidiassociais\/wp-json\/wp\/v2\/types\/page"}],"author":[{"embeddable":true,"href":"https:\/\/www.ufsm.br\/comunicacao\/guiamidiassociais\/wp-json\/wp\/v2\/users\/80"}],"replies":[{"embeddable":true,"href":"https:\/\/www.ufsm.br\/comunicacao\/guiamidiassociais\/wp-json\/wp\/v2\/comments?post=52"}],"version-history":[{"count":0,"href":"https:\/\/www.ufsm.br\/comunicacao\/guiamidiassociais\/wp-json\/wp\/v2\/pages\/52\/revisions"}],"wp:attachment":[{"href":"https:\/\/www.ufsm.br\/comunicacao\/guiamidiassociais\/wp-json\/wp\/v2\/media?parent=52"}],"wp:term":[{"taxonomy":"category","embeddable":true,"href":"https:\/\/www.ufsm.br\/comunicacao\/guiamidiassociais\/wp-json\/wp\/v2\/categories?post=52"},{"taxonomy":"post_tag","embeddable":true,"href":"https:\/\/www.ufsm.br\/comunicacao\/guiamidiassociais\/wp-json\/wp\/v2\/tags?post=52"}],"curies":[{"name":"wp","href":"https:\/\/api.w.org\/{rel}","templated":true}]}}