{"id":6,"date":"2020-03-04T14:20:41","date_gmt":"2020-03-04T17:20:41","guid":{"rendered":"https:\/\/www.ufsm.br\/comunicacao\/guiamidiassociais\/?page_id=6"},"modified":"2020-09-03T11:27:28","modified_gmt":"2020-09-03T14:27:28","slug":"facebook","status":"publish","type":"page","link":"https:\/\/www.ufsm.br\/comunicacao\/guiamidiassociais\/facebook","title":{"rendered":"Facebook"},"content":{"rendered":"\t\t<div data-elementor-type=\"wp-page\" data-elementor-id=\"6\" class=\"elementor elementor-6\">\n\t\t\t\t\t\t<section class=\"elementor-section elementor-top-section elementor-element elementor-element-3aaa3cd1 elementor-section-boxed elementor-section-height-default elementor-section-height-default\" data-id=\"3aaa3cd1\" data-element_type=\"section\">\n\t\t\t\t\t\t<div class=\"elementor-container elementor-column-gap-default\">\n\t\t\t\t\t<div class=\"elementor-column elementor-col-100 elementor-top-column elementor-element elementor-element-7efa74e8\" data-id=\"7efa74e8\" data-element_type=\"column\">\n\t\t\t<div class=\"elementor-widget-wrap elementor-element-populated\">\n\t\t\t\t\t\t<div class=\"elementor-element elementor-element-359e52b9 elementor-widget elementor-widget-text-editor\" data-id=\"359e52b9\" data-element_type=\"widget\" data-widget_type=\"text-editor.default\">\n\t\t\t\t<div class=\"elementor-widget-container\">\n\t\t\t\t\t\t\t<p><!-- wp:paragraph --><\/p>\n<p>O <em>Facebook<\/em> pode ser considerado, atualmente, a maior rede social do mundo, com mais de 2,3 bilh\u00f5es de usu\u00e1rios ativos, conforme relat\u00f3rio divulgado pela empresa em janeiro de 2019. \u00c9 uma ferramenta voltada para a <em>intera\u00e7\u00e3o<\/em> dos usu\u00e1rios, o que nos indica ser necess\u00e1ria a divulga\u00e7\u00e3o de conte\u00fados de interesse geral. Quando os conte\u00fados s\u00e3o de interesse do p\u00fablico-alvo da p\u00e1gina, eles estimulam os seguidores a curtir e compartilhar (seja por compartilhamento direto no <i>feed <\/i>ou pela marca\u00e7\u00e3o de outros usu\u00e1rios nos posts).<\/p>\n<p><!-- \/wp:paragraph --><\/p>\n<p><!-- wp:paragraph --><\/p>\n<p>A ferramenta possibilita a utiliza\u00e7\u00e3o de links, fotografias, v\u00eddeos e enquetes nos posts em p\u00e1ginas. A cria\u00e7\u00e3o de conte\u00fados precisa ser constru\u00edda de forma direta, objetiva e adaptada ao p\u00fablico da p\u00e1gina. No <i>Facebook<\/i>, h\u00e1 algoritmos e posts patrocinados que interferem na apresenta\u00e7\u00e3o dos conte\u00fados ao p\u00fablico. Em virtude disso, \u00e9 importante estar atento \u00e0s dicas de produ\u00e7\u00e3o de conte\u00fado para esta rede.<\/p>\n<p><!-- \/wp:paragraph --><\/p>\n<p><!-- wp:paragraph --><\/p>\n<p>\u00c9 poss\u00edvel criar um PERFIL ou <i>FANPAGE <\/i>(p\u00e1gina no <i>Facebook<\/i>). A ferramenta possibilita, ainda a cria\u00e7\u00e3o de GRUPOS (aberto, privado e secreto) e EVENTOS (aberto, privado e secreto), de acordo com as necessidades do setor. A op\u00e7\u00e3o PERFIL se limita \u00e0s pessoas f\u00edsicas. Todo e qualquer curso, departamento, projeto ou grupo de pesquisa, com caracter\u00edsticas de pessoa jur\u00eddica, deve criar uma <i>FANPAGE<\/i>. Atrav\u00e9s da <i>FANPAGE<\/i>, \u00e9 poss\u00edvel publicar informa\u00e7\u00f5es no <i>feed <\/i>de not\u00edcias, interagir com seguidores e fazer a mensura\u00e7\u00e3o do alcance e do engajamento do p\u00fablico.<\/p>\n<p><!-- \/wp:paragraph --><\/p>\n<p><!-- wp:paragraph --><\/p>\n<p><b>GRUPOS <\/b>s\u00e3o indicados para turmas, grupos de pesquisa, setores, moradores da casa de estudante que querem discutir informa\u00e7\u00f5es que n\u00e3o s\u00e3o p\u00fablicas, mas destinadas \u00e0s pessoas pertencentes ao GRUPO.&nbsp;<\/p>\n<p><!-- \/wp:paragraph --><\/p>\n<p><!-- wp:paragraph --><\/p>\n<p><b>EVENTO<\/b>, como o pr\u00f3prio nome j\u00e1 diz, serve para criar e divulgar eventos, atividades, semin\u00e1rios, congressos, campanhas com per\u00edodo determinado. Para esse tipo de atividade (com data definida) n\u00e3o s\u00e3o indicadas <i>FANPAGES<\/i>.&nbsp;<\/p>\n<p><!-- \/wp:paragraph --><\/p>\n<p><!-- wp:paragraph --><\/p>\n<p>\u00c9 interessante manter uma linguagem leve, aproximando-se de textos informais. Os textos das publica\u00e7\u00f5es dever\u00e3o estimular a participa\u00e7\u00e3o, a resposta e o estabelecimento do di\u00e1logo da institui\u00e7\u00e3o com os seus seguidores.<\/p>\n<p><\/p>\n<p><!-- \/wp:paragraph --><\/p>\n<p><!-- wp:heading {\"level\":3} --><\/p>\n<h2>Orienta\u00e7\u00f5es para Conte\u00fado<\/h2>\n<div>&nbsp;<\/div>\n<p><!-- \/wp:heading --><\/p>\n<p><!-- wp:paragraph --><\/p>\n<p>As publica\u00e7\u00f5es devem remeter a informa\u00e7\u00f5es relevantes a respeito do setor. A ideia central \u00e9 deixar o p\u00fablico a par dos eventos, not\u00edcias, a\u00e7\u00f5es e conte\u00fados relacionados \u00e0 tem\u00e1tica da <i>fanpage<\/i>.<\/p>\n<p><!-- \/wp:paragraph --><\/p>\n<p><!-- wp:paragraph --><\/p>\n<p>\u00c9 importante ter em mente que o p\u00fablico pode n\u00e3o entender o que estamos querendo divulgar. Por isso, \u00e9 necess\u00e1rio que os posts tenham informa\u00e7\u00f5es completas, ou seja, que contenham informa\u00e7\u00f5es sobre: <em>o que<\/em>, <em>como<\/em>, <em>onde<\/em>, <em>por que <\/em>e <em>quando<\/em> acerca do assunto a ser divulgado. Mesmo que se compartilhe um link com a mat\u00e9ria completa sobre o conte\u00fado, \u00e9 aconselh\u00e1vel um texto introdut\u00f3rio &#8211; e curto, com no m\u00e1ximo 5 linhas &#8211; convidando o seguidor \u00e0 leitura.<\/p>\n<p><!-- \/wp:paragraph --><\/p>\n<p><!-- wp:paragraph --><\/p>\n<p>Confira exemplos de posts inadequados e adequados no <i>Facebook<\/i>:<\/p>\n<figure id=\"attachment_74\" aria-describedby=\"caption-attachment-74\" style=\"width: 554px\" class=\"wp-caption aligncenter\"><img fetchpriority=\"high\" decoding=\"async\" class=\"wp-image-74 size-full\" src=\"https:\/\/www.ufsm.br\/comunicacao\/guiamidiassociais\/wp-content\/uploads\/sites\/812\/2020\/03\/Post-Face1-1.png\" alt=\"Exemplo de post no Facebook sem texto, apenas com link\" width=\"554\" height=\"288\" srcset=\"https:\/\/www.ufsm.br\/app\/uploads\/sites\/812\/2020\/03\/Post-Face1-1.png 554w, https:\/\/www.ufsm.br\/app\/uploads\/sites\/812\/2020\/03\/Post-Face1-1-300x156.png 300w\" sizes=\"(max-width: 554px) 100vw, 554px\" \/><figcaption id=\"caption-attachment-74\" class=\"wp-caption-text\">Post inadequado, apenas com link, sem texto<\/figcaption><\/figure>\n<figure id=\"attachment_9\" aria-describedby=\"caption-attachment-9\" style=\"width: 400px\" class=\"wp-caption aligncenter\"><img decoding=\"async\" class=\"wp-image-9\" src=\"https:\/\/www.ufsm.br\/comunicacao\/guiamidiassociais\/wp-content\/uploads\/sites\/812\/2020\/03\/Post-Face2-234x300.jpg\" alt=\"Exemplo de post no Facebook com texto e link\" width=\"400\" height=\"514\" srcset=\"https:\/\/www.ufsm.br\/app\/uploads\/sites\/812\/2020\/03\/Post-Face2-234x300.jpg 234w, https:\/\/www.ufsm.br\/app\/uploads\/sites\/812\/2020\/03\/Post-Face2.jpg 539w\" sizes=\"(max-width: 400px) 100vw, 400px\" \/><figcaption id=\"caption-attachment-9\" class=\"wp-caption-text\">Post adequado, com link e texto<\/figcaption><\/figure>\n<p><!-- \/wp:paragraph --><\/p>\n<p><!-- wp:paragraph --><\/p>\n<p><!-- \/wp:paragraph --><\/p>\n<p><!-- wp:paragraph --><\/p>\n<p>O <i>Facebook <\/i>permite a utiliza\u00e7\u00e3o de recursos como <i>emojis <\/i>(carinhas), <i>hashtags <\/i>(#), fotos, ilustra\u00e7\u00f5es, cards, v\u00eddeos, gifs, memes, marca\u00e7\u00f5es de outras p\u00e1ginas e pessoas, sentimentos e localiza\u00e7\u00e3o. Saiba como us\u00e1-los:<\/p>\n<p><!-- \/wp:paragraph --><\/p>\n<p><!-- wp:list --><\/p>\n<ul>\n<li><b>IMAGEM DE PERFIL<\/b>: deve ser impessoal e representar o setor e\/ou grupo produtor do conte\u00fado. Para uso de marcas, basear-se no<strong> <a href=\"https:\/\/www.ufsm.br\/identidade-institucional\/\">Guia de Identidade Visual da UFSM<\/a>.<\/strong><\/li>\n<li><b>CAPA<\/b>: deve ser impessoal e representar o setor e\/ou grupo produtor do conte\u00fado, por\u00e9m pode ser atualizada de forma sazonal (outubro rosa, novembro azul, etc.) e planejada para contemplar campanhas institucionais, como por exemplo #SouUFSM, Descubra, etc.<\/li>\n<li><b><i>EMOJIS<\/i><\/b>: o uso \u00e9 recomendado para deixar a linguagem informal e tornar a publica\u00e7\u00e3o mais visual. A regra \u00e9: menos \u00e9 mais.<\/li>\n<li><b><i>HASHTAGS<\/i><\/b>: as <i>hashtags <\/i>s\u00e3o utilizadas para categorizar e indexar conte\u00fados nas redes sociais, \u00e9 importante ter esse conhecimento em mente para sua utiliza\u00e7\u00e3o. No <i>Facebook<\/i>, indica-se usar at\u00e9 tr\u00eas <i>hashtags<\/i>, relacionadas ao assunto principal da publica\u00e7\u00e3o e\/ou a campanhas institucionais, como os exemplos a seguir: #Cultura #MeioAmbiente #UFSM #SouUFSM #SetembroAmarelo&nbsp; #SISU, etc.&nbsp;<\/li>\n<li><b>FOTOS<\/b>: fotografias funcionam bem no <i>Facebook<\/i>, pois chamam a aten\u00e7\u00e3o na linha do tempo. Fot\u00f3grafos devem receber os cr\u00e9ditos por suas fotos. Se o n\u00famero de fotos for maior que cinco, indica-se a cria\u00e7\u00e3o de um \u00e1lbum (as informa\u00e7\u00f5es publicadas na descri\u00e7\u00e3o tornam-se o pr\u00f3prio post). Assim, o conte\u00fado fica organizado na linha do tempo. \u00c9 necess\u00e1rio ter um cuidado com a qualidade t\u00e9cnica e est\u00e9tica da imagem. Os tamanhos ideais s\u00e3o 1010 x 1080px (quadrado) ou 1350 x 1080px (vertical) e 1200 x 628px (horizontal). \u00c9 importante fazer a descri\u00e7\u00e3o da imagem para acessibilidade.<\/li>\n<li><b>ILUSTRA\u00c7\u00d5ES E\/OU <i>LAYOUTS<\/i><\/b>: o <i>Facebook <\/i>indica a utiliza\u00e7\u00e3o de <i>layouts <\/i>e ilustra\u00e7\u00f5es em formato quadrado, preferencialmente nos tamanhos ideais s\u00e3o 1010 x 1080px (quadrado) ou 1350 x 1080px (vertical) e 1200 x 628px (horizontal). Esses tamanho \u00e9 o exato para que os usu\u00e1rios n\u00e3o precisem abrir a imagem para enxergar o conte\u00fado completo dela. Al\u00e9m disso, a visualiza\u00e7\u00e3o nesse formato fica facilitada em dispositivos m\u00f3veis. Observa\u00e7\u00e3o: se for criar <i>layouts<\/i>, opte sempre pelo modo de cor RGB. Muito cuidado com imagens em baixa qualidade: &#8220;<i>pixeliza\u00e7\u00e3o<\/i>&#8221; e imagens encolhidas e\/ou esticadas demonstram falta de cuidado e profissionalismo. \u00c9 importante fazer a descri\u00e7\u00e3o da imagem para acessibilidade.<\/li>\n<\/ul>\n<p><!-- \/wp:list --><\/p>\n<p><!-- wp:paragraph --><\/p>\n<p>Confira os exemplos abaixo:<\/p>\n<figure id=\"attachment_12\" aria-describedby=\"caption-attachment-12\" style=\"width: 400px\" class=\"wp-caption aligncenter\"><img decoding=\"async\" class=\"wp-image-12\" src=\"https:\/\/www.ufsm.br\/comunicacao\/guiamidiassociais\/wp-content\/uploads\/sites\/812\/2020\/03\/PRINT_BRAS\u00c3O_PIXELADO_CERTO.png\" alt=\"Exemplo de imagem adequada\" width=\"400\" height=\"512\" srcset=\"https:\/\/www.ufsm.br\/app\/uploads\/sites\/812\/2020\/03\/PRINT_BRAS\u00c3O_PIXELADO_CERTO.png 246w, https:\/\/www.ufsm.br\/app\/uploads\/sites\/812\/2020\/03\/PRINT_BRAS\u00c3O_PIXELADO_CERTO-234x300.png 234w\" sizes=\"(max-width: 400px) 100vw, 400px\" \/><figcaption id=\"caption-attachment-12\" class=\"wp-caption-text\">Post com imagem adequada<\/figcaption><\/figure><figure id=\"attachment_11\" aria-describedby=\"caption-attachment-11\" style=\"width: 400px\" class=\"wp-caption aligncenter\"><img loading=\"lazy\" decoding=\"async\" class=\"wp-image-11\" src=\"https:\/\/www.ufsm.br\/comunicacao\/guiamidiassociais\/wp-content\/uploads\/sites\/812\/2020\/03\/PRINT_BRAS\u00c3O_PIXELADO-216x300.jpg\" alt=\"Exemplo de imagem inadequada pixelada\" width=\"400\" height=\"556\" srcset=\"https:\/\/www.ufsm.br\/app\/uploads\/sites\/812\/2020\/03\/PRINT_BRAS\u00c3O_PIXELADO-216x300.jpg 216w, https:\/\/www.ufsm.br\/app\/uploads\/sites\/812\/2020\/03\/PRINT_BRAS\u00c3O_PIXELADO.jpg 483w\" sizes=\"(max-width: 400px) 100vw, 400px\" \/><figcaption id=\"caption-attachment-11\" class=\"wp-caption-text\">Imagem inadequada pixelada<\/figcaption><\/figure><figure id=\"attachment_10\" aria-describedby=\"caption-attachment-10\" style=\"width: 400px\" class=\"wp-caption aligncenter\"><img loading=\"lazy\" decoding=\"async\" class=\"wp-image-10\" src=\"https:\/\/www.ufsm.br\/comunicacao\/guiamidiassociais\/wp-content\/uploads\/sites\/812\/2020\/03\/PRINT_BRAS\u00c3O_DISTORCIDO-300x114.jpg\" alt=\"Exemplo de imagem distorcida\" width=\"400\" height=\"152\" srcset=\"https:\/\/www.ufsm.br\/app\/uploads\/sites\/812\/2020\/03\/PRINT_BRAS\u00c3O_DISTORCIDO-300x114.jpg 300w, https:\/\/www.ufsm.br\/app\/uploads\/sites\/812\/2020\/03\/PRINT_BRAS\u00c3O_DISTORCIDO.jpg 512w\" sizes=\"(max-width: 400px) 100vw, 400px\" \/><figcaption id=\"caption-attachment-10\" class=\"wp-caption-text\">Imagem inadequada distorcida<\/figcaption><\/figure>\n<p><!-- \/wp:paragraph --><\/p>\n<p><!-- wp:paragraph --><\/p>\n<p><!-- \/wp:paragraph --><\/p>\n<p><!-- wp:paragraph --><\/p>\n<p><!-- \/wp:paragraph --><\/p>\n<p><!-- wp:paragraph --><\/p>\n<p><!-- \/wp:paragraph --><\/p>\n<p><!-- wp:paragraph --><\/p>\n<ul>\n<li><b>V\u00cdDEOS<\/b>: v\u00eddeos geram intera\u00e7\u00e3o com o p\u00fablico das p\u00e1ginas, por isso \u00e9 considerado um recurso importante, desde que postado diretamente no <i>Facebook <\/i>em fun\u00e7\u00e3o de gerar mais visualiza\u00e7\u00f5es e alcance na plataforma. Se decidir usar esse recurso, opte por produ\u00e7\u00f5es que respeitem a acessibilidade (O <em>Facebook<\/em> j\u00e1 disponibiliza a op\u00e7\u00e3o de gerar legenda). \u00c9 importante ser o mais direto poss\u00edvel, pois de acordo com as estat\u00edsticas, as pessoas visualizam os primeiros 10 seg. Por isso, para m\u00eddias sociais, sugere-se que os v\u00eddeos n\u00e3o ultrapassem 2 min.<\/li>\n<\/ul>\n<p><!-- \/wp:paragraph --><\/p>\n<p><!-- wp:paragraph --><\/p>\n<ul>\n<li><b>GIFS<\/b>: a utiliza\u00e7\u00e3o de gifs \u00e9 bem-vinda no <em>Facebook<\/em>. Para o uso correto, voc\u00ea deve baixar o gif de um reposit\u00f3rio, post\u00e1-lo como um v\u00eddeo e n\u00e3o apenas inseri-lo na publica\u00e7\u00e3o, caso contr\u00e1rio, o movimento do gif n\u00e3o aparecer\u00e1.&nbsp;<\/li>\n<\/ul>\n<p><!-- \/wp:paragraph --><\/p>\n<p><!-- wp:paragraph --><\/p>\n<ul>\n<li><b>MEMES<\/b>: \u00c9 poss\u00edvel e indicado us\u00e1-los desde que considerados os objetivos da p\u00e1gina, sem que se ofenda nenhum p\u00fablico.<\/li>\n<\/ul>\n<p><!-- \/wp:paragraph --><\/p>\n<p><!-- wp:paragraph --><\/p>\n<ul>\n<li><b>MARCA\u00c7\u00d5ES (DE PESSOAS, P\u00c1GINAS, SENTIMENTO E LOCALIZA\u00c7\u00c3O):<\/b> Sempre que poss\u00edvel e que houver rela\u00e7\u00e3o com o conte\u00fado da postagem, marcar nas publica\u00e7\u00f5es (ver mais clicando aqui) as p\u00e1ginas correspondentes aos setores da UFSM e as pessoas (diretores, pr\u00f3-reitores) presentes na foto. Marca\u00e7\u00e3o de localiza\u00e7\u00e3o e de sentimento devem ser usadas com parcim\u00f4nia, somente quando forem necess\u00e1rios ao conte\u00fado do post.<\/li>\n<\/ul>\n<p><!-- \/wp:paragraph --><\/p>\n<p><!-- wp:paragraph --><\/p>\n<ul>\n<li><b>COMPARTILHAMENTO<\/b>: recomenda-se a utiliza\u00e7\u00e3o moderada do compartilhamento, j\u00e1 que conte\u00fado compartilhado n\u00e3o atinge um alcance t\u00e3o grande quanto uma publica\u00e7\u00e3o original. Caso seja necess\u00e1rio, prezar por compartilhamento de p\u00e1ginas da UFSM, outras IFES ou Governo Federal. Atente para que os compartilhamentos sejam relacionados aos objetivos de sua p\u00e1gina.<\/li>\n<\/ul>\n<p><!-- \/wp:paragraph --><\/p>\n<p><!-- wp:list --><\/p>\n<ul>\n<li><b>PUBLICA\u00c7\u00c3O CRUZADA<\/b>: o <i>Facebook <\/i>lan\u00e7ou a ferramenta de publica\u00e7\u00e3o cruzada, em que p\u00e1ginas parceiras conseguem publicar os mesmos v\u00eddeos sem a necessidade de compartilhamento. As m\u00e9tricas s\u00e3o contabilizadas de forma conjunta e aumentam o alcance e engajamento dos usu\u00e1rios. Veja como fazer:<\/li>\n<\/ul>\n<p><!-- \/wp:list --><\/p>\n<p><!-- wp:paragraph --><\/p>\n<p>Em <strong>Configura\u00e7\u00f5es &#8211; Publica\u00e7\u00e3o Cruzada,<\/strong> \u00e9 poss\u00edvel adicionar <i>fanpages <\/i>para publica\u00e7\u00e3o cruzada de v\u00eddeos ou ver as <i>fanpages <\/i>que solicitaram fazer publica\u00e7\u00e3o cruzada com a sua.<\/p>\n<figure id=\"attachment_13\" aria-describedby=\"caption-attachment-13\" style=\"width: 600px\" class=\"wp-caption aligncenter\"><img loading=\"lazy\" decoding=\"async\" class=\"wp-image-13\" src=\"https:\/\/www.ufsm.br\/comunicacao\/guiamidiassociais\/wp-content\/uploads\/sites\/812\/2020\/03\/Publica\u00e7\u00e3o-cruzada-1.jpg\" alt=\"Tutorial publica\u00e7\u00e3o cruzada 1\" width=\"600\" height=\"497\" srcset=\"https:\/\/www.ufsm.br\/app\/uploads\/sites\/812\/2020\/03\/Publica\u00e7\u00e3o-cruzada-1.jpg 512w, https:\/\/www.ufsm.br\/app\/uploads\/sites\/812\/2020\/03\/Publica\u00e7\u00e3o-cruzada-1-300x248.jpg 300w\" sizes=\"(max-width: 600px) 100vw, 600px\" \/><figcaption id=\"caption-attachment-13\" class=\"wp-caption-text\">Digite o nome da p\u00e1gina no campo &#8220;Adicionar p\u00e1gina&#8221;<\/figcaption><\/figure>\n<p><!-- \/wp:paragraph --><\/p>\n<p><!-- wp:paragraph --><\/p>\n<p>Embaixo dos rascunhos, ficam dispon\u00edveis os v\u00eddeos que outras p\u00e1ginas habilitaram para publica\u00e7\u00e3o cruzada com a sua.<\/p>\n<p><img loading=\"lazy\" decoding=\"async\" class=\"aligncenter wp-image-14\" src=\"https:\/\/www.ufsm.br\/comunicacao\/guiamidiassociais\/wp-content\/uploads\/sites\/812\/2020\/03\/Publica\u00e7\u00e3o-cruzada-2.png\" alt=\"Tutorial publica\u00e7\u00e3o cruzada 2\" width=\"500\" height=\"273\" srcset=\"https:\/\/www.ufsm.br\/app\/uploads\/sites\/812\/2020\/03\/Publica\u00e7\u00e3o-cruzada-2.png 565w, https:\/\/www.ufsm.br\/app\/uploads\/sites\/812\/2020\/03\/Publica\u00e7\u00e3o-cruzada-2-300x164.png 300w\" sizes=\"(max-width: 500px) 100vw, 500px\" \/><\/p>\n<p><\/p>\n<p><!-- \/wp:paragraph --><\/p>\n<p><!-- wp:paragraph --><\/p>\n<p>No <strong>Est\u00fadio de Cria\u00e7\u00e3o<\/strong>, ao postar um v\u00eddeo, nas <strong>Op\u00e7\u00f5es de publica\u00e7\u00e3o<\/strong>, \u00e9 poss\u00edvel <strong>disponibilizar para outras p\u00e1ginas<\/strong>.<\/p>\n<figure id=\"attachment_15\" aria-describedby=\"caption-attachment-15\" style=\"width: 600px\" class=\"wp-caption aligncenter\"><img loading=\"lazy\" decoding=\"async\" class=\"wp-image-15\" src=\"https:\/\/www.ufsm.br\/comunicacao\/guiamidiassociais\/wp-content\/uploads\/sites\/812\/2020\/03\/Publica\u00e7\u00e3o-cruzada-3.png\" alt=\"Tutorial publica\u00e7\u00e3o cruzada 3\" width=\"600\" height=\"570\" srcset=\"https:\/\/www.ufsm.br\/app\/uploads\/sites\/812\/2020\/03\/Publica\u00e7\u00e3o-cruzada-3.png 945w, https:\/\/www.ufsm.br\/app\/uploads\/sites\/812\/2020\/03\/Publica\u00e7\u00e3o-cruzada-3-300x285.png 300w, https:\/\/www.ufsm.br\/app\/uploads\/sites\/812\/2020\/03\/Publica\u00e7\u00e3o-cruzada-3-768x730.png 768w\" sizes=\"(max-width: 600px) 100vw, 600px\" \/><figcaption id=\"caption-attachment-15\" class=\"wp-caption-text\">Clique em &#8220;Op\u00e7\u00f5es de publica\u00e7\u00f5es&#8221;. No terceiro quadro, &#8220;Disponibilizar para outras p\u00e1ginas&#8221;, selecione as p\u00e1ginas com que deseja compartilhar o v\u00eddeo<\/figcaption><\/figure>\n<p><!-- \/wp:paragraph --><\/p>\n<p><!-- wp:heading {\"level\":3} --><\/p>\n<h2>&nbsp;<\/h2>\n<h2>Periodicidade e Alcance<\/h2>\n<p><\/p>\n<p><!-- \/wp:heading --><\/p>\n<p><!-- wp:paragraph --><\/p>\n<p>A periodicidade \u00e9 fator determinante nas redes sociais, em especial no <em>Facebook<\/em>. Os algoritmos que interferem no alcance dos <em>posts<\/em> est\u00e3o ligados diretamente com a frequ\u00eancia das publica\u00e7\u00f5es. Por isso, indica-se que haja, no m\u00ednimo, um <em>post <\/em>por semana, sendo o ideal um <em>post <\/em>por dia.<\/p>\n<p><!-- \/wp:paragraph --><\/p>\n<p><!-- wp:paragraph --><\/p>\n<p>Indica-se, tamb\u00e9m, que sejam feitos testes para estabelecer a periodicidade, j\u00e1 que \u00e9 necess\u00e1rio ser espec\u00edfico a cada p\u00e1gina, em fun\u00e7\u00e3o do p\u00fablico diferenciado. Como testar? Poste uma vez por dia numa semana, duas vezes por dia na outra semana\u2026 fa\u00e7a a an\u00e1lise e quantifique curtidas e alcances dos <em>posts<\/em>. Assim, voc\u00ea ter\u00e1 uma vis\u00e3o da periodicidade ideal para o p\u00fablico de sua p\u00e1gina.&nbsp;<\/p>\n<p><!-- \/wp:paragraph --><\/p>\n<p><!-- wp:paragraph --><\/p>\n<p>Se for necess\u00e1rio postar mais de uma vez no mesmo dia, \u00e9 importante que que se tenha cuidado no hor\u00e1rio das publica\u00e7\u00f5es. Indicamos que seja feito um intervalo significativo, entre 6 a 8 horas de diferen\u00e7a. Programe publica\u00e7\u00f5es para que esse tipo de situa\u00e7\u00e3o n\u00e3o seja frequente j\u00e1 que, normalmente, os algoritmos da ferramenta tendem a diminuir o alcance das publica\u00e7\u00f5es, caso as mesmas n\u00e3o tenham sucesso de intera\u00e7\u00e3o.<\/p>\n<p><!-- \/wp:paragraph --><\/p>\n<p><!-- wp:paragraph --><\/p>\n<p><!-- \/wp:paragraph --><\/p>\t\t\t\t\t\t<\/div>\n\t\t\t\t<\/div>\n\t\t\t\t\t<\/div>\n\t\t<\/div>\n\t\t\t\t\t<\/div>\n\t\t<\/section>\n\t\t\t\t<\/div>\n\t\t","protected":false},"excerpt":{"rendered":"<p>O Facebook pode ser considerado, atualmente, a maior rede social do mundo, com mais de 2,3 bilh\u00f5es de usu\u00e1rios ativos, conforme relat\u00f3rio divulgado pela empresa em janeiro de 2019. \u00c9 uma ferramenta voltada para a intera\u00e7\u00e3o dos usu\u00e1rios, o que nos indica ser necess\u00e1ria a divulga\u00e7\u00e3o de conte\u00fados de interesse geral. Quando os conte\u00fados s\u00e3o [&hellip;]<\/p>\n","protected":false},"author":80,"featured_media":0,"parent":0,"menu_order":0,"comment_status":"closed","ping_status":"closed","template":"","meta":{"footnotes":""},"categories":[],"tags":[],"class_list":["post-6","page","type-page","status-publish","hentry"],"acf":[],"_links":{"self":[{"href":"https:\/\/www.ufsm.br\/comunicacao\/guiamidiassociais\/wp-json\/wp\/v2\/pages\/6","targetHints":{"allow":["GET"]}}],"collection":[{"href":"https:\/\/www.ufsm.br\/comunicacao\/guiamidiassociais\/wp-json\/wp\/v2\/pages"}],"about":[{"href":"https:\/\/www.ufsm.br\/comunicacao\/guiamidiassociais\/wp-json\/wp\/v2\/types\/page"}],"author":[{"embeddable":true,"href":"https:\/\/www.ufsm.br\/comunicacao\/guiamidiassociais\/wp-json\/wp\/v2\/users\/80"}],"replies":[{"embeddable":true,"href":"https:\/\/www.ufsm.br\/comunicacao\/guiamidiassociais\/wp-json\/wp\/v2\/comments?post=6"}],"version-history":[{"count":0,"href":"https:\/\/www.ufsm.br\/comunicacao\/guiamidiassociais\/wp-json\/wp\/v2\/pages\/6\/revisions"}],"wp:attachment":[{"href":"https:\/\/www.ufsm.br\/comunicacao\/guiamidiassociais\/wp-json\/wp\/v2\/media?parent=6"}],"wp:term":[{"taxonomy":"category","embeddable":true,"href":"https:\/\/www.ufsm.br\/comunicacao\/guiamidiassociais\/wp-json\/wp\/v2\/categories?post=6"},{"taxonomy":"post_tag","embeddable":true,"href":"https:\/\/www.ufsm.br\/comunicacao\/guiamidiassociais\/wp-json\/wp\/v2\/tags?post=6"}],"curies":[{"name":"wp","href":"https:\/\/api.w.org\/{rel}","templated":true}]}}