{"id":84,"date":"2020-12-23T10:57:45","date_gmt":"2020-12-23T13:57:45","guid":{"rendered":"https:\/\/www.ufsm.br\/comunicacao\/guiamidiassociais\/?page_id=84"},"modified":"2021-01-14T13:47:49","modified_gmt":"2021-01-14T16:47:49","slug":"youtube","status":"publish","type":"page","link":"https:\/\/www.ufsm.br\/comunicacao\/guiamidiassociais\/youtube","title":{"rendered":"YouTube"},"content":{"rendered":"\t\t<div data-elementor-type=\"wp-page\" data-elementor-id=\"84\" class=\"elementor elementor-84\">\n\t\t\t\t\t\t<section class=\"elementor-section elementor-top-section elementor-element elementor-element-4766bf0 elementor-section-boxed elementor-section-height-default elementor-section-height-default\" data-id=\"4766bf0\" data-element_type=\"section\">\n\t\t\t\t\t\t<div class=\"elementor-container elementor-column-gap-default\">\n\t\t\t\t\t<div class=\"elementor-column elementor-col-100 elementor-top-column elementor-element elementor-element-5514206\" data-id=\"5514206\" data-element_type=\"column\">\n\t\t\t<div class=\"elementor-widget-wrap elementor-element-populated\">\n\t\t\t\t\t\t<div class=\"elementor-element elementor-element-93b847c elementor-widget elementor-widget-text-editor\" data-id=\"93b847c\" data-element_type=\"widget\" data-widget_type=\"text-editor.default\">\n\t\t\t\t<div class=\"elementor-widget-container\">\n\t\t\t\t\t\t\t<p>Atualmente, o YouTube conta com mais de 1 bilh\u00e3o de usu\u00e1rios, o que representa quase um ter\u00e7o da internet. Al\u00e9m disso, a plataforma est\u00e1 presente em 88 pa\u00edses e dispon\u00edvel em 76 idiomas diferentes. Por dia, s\u00e3o assistidas um bilh\u00e3o de horas de v\u00eddeos no site, n\u00famero que atrai empresas para a realiza\u00e7\u00e3o de campanhas publicit\u00e1rias. De acordo com o Canaltech, O YouTube chegou ao Brasil em junho de 2007, com a vers\u00e3o em portugu\u00eas da plataforma.<\/p><p>Em fun\u00e7\u00e3o da pandemia de Covid-19 e da suspens\u00e3o de atividades presenciais ocorrida em 2020, o uso do YouTube se intensificou na Universidade. No mesmo ano, o Centro de Processamento de Dados ampliou o servi\u00e7o <b><a href=\"https:\/\/www.ufsm.br\/orgaos-suplementares\/cpd\/servicos\/g-suite-for-education\/\" target=\"_blank\" rel=\"noopener\">G Suite for Education<\/a><\/b>, possibilitando a cria\u00e7\u00e3o de canais no YouTube.<\/p>\t\t\t\t\t\t<\/div>\n\t\t\t\t<\/div>\n\t\t\t\t\t<\/div>\n\t\t<\/div>\n\t\t\t\t\t<\/div>\n\t\t<\/section>\n\t\t\t\t<section class=\"elementor-section elementor-top-section elementor-element elementor-element-2dd560e elementor-section-boxed elementor-section-height-default elementor-section-height-default\" data-id=\"2dd560e\" data-element_type=\"section\">\n\t\t\t\t\t\t<div class=\"elementor-container elementor-column-gap-default\">\n\t\t\t\t\t<div class=\"elementor-column elementor-col-100 elementor-top-column elementor-element elementor-element-0247e4e\" data-id=\"0247e4e\" data-element_type=\"column\">\n\t\t\t<div class=\"elementor-widget-wrap elementor-element-populated\">\n\t\t\t\t\t\t<div class=\"elementor-element elementor-element-55ad028 elementor-widget elementor-widget-heading\" data-id=\"55ad028\" data-element_type=\"widget\" data-widget_type=\"heading.default\">\n\t\t\t\t<div class=\"elementor-widget-container\">\n\t\t\t<h2 class=\"elementor-heading-title elementor-size-default\">Orienta\u00e7\u00f5es para conte\u00fado<\/h2>\t\t<\/div>\n\t\t\t\t<\/div>\n\t\t\t\t\t<\/div>\n\t\t<\/div>\n\t\t\t\t\t<\/div>\n\t\t<\/section>\n\t\t\t\t<section class=\"elementor-section elementor-top-section elementor-element elementor-element-741ff68c elementor-section-boxed elementor-section-height-default elementor-section-height-default\" data-id=\"741ff68c\" data-element_type=\"section\">\n\t\t\t\t\t\t<div class=\"elementor-container elementor-column-gap-default\">\n\t\t\t\t\t<div class=\"elementor-column elementor-col-100 elementor-top-column elementor-element elementor-element-beaebd1\" data-id=\"beaebd1\" data-element_type=\"column\">\n\t\t\t<div class=\"elementor-widget-wrap elementor-element-populated\">\n\t\t\t\t\t\t<div class=\"elementor-element elementor-element-25b2120 elementor-widget elementor-widget-text-editor\" data-id=\"25b2120\" data-element_type=\"widget\" data-widget_type=\"text-editor.default\">\n\t\t\t\t<div class=\"elementor-widget-container\">\n\t\t\t\t\t\t\t<p style=\"margin: 0cm 0cm 8pt;color: #222222;font-family: Arial, Helvetica, sans-serif;font-size: small;font-style: normal;font-weight: 400;letter-spacing: normal;text-align: start;text-indent: 0px;text-transform: none;background-color: #ffffff;line-height: normal\"><span style=\"font-family: arial, sans-serif\"><span style=\"color: black\">\u00c9 importante que o canal no YouTube seja criado ou tenha como um dos e-mails de acesso endere\u00e7o institucional da UFSM:\u00a0<a style=\"color: #1155cc\" href=\"http:\/\/ufsm.br\/\" target=\"_blank\" rel=\"noopener\" data-saferedirecturl=\"https:\/\/www.google.com\/url?q=http:\/\/ufsm.br&amp;source=gmail&amp;ust=1610726685106000&amp;usg=AFQjCNFTvAbIo2_tQM2ZwGsJcBLIElXq9Q\">ufsm.br<\/a>. Caso seu setor ainda n\u00e3o possua conta institucional, basta solicitar por meio dos\u00a0<\/span><a style=\"color: #1155cc\" href=\"https:\/\/www.ufsm.br\/orgaos-suplementares\/cpd\/servicos\/e-mail-institucional\/\" target=\"_blank\" rel=\"noopener\" data-saferedirecturl=\"https:\/\/www.google.com\/url?q=https:\/\/www.ufsm.br\/orgaos-suplementares\/cpd\/servicos\/e-mail-institucional\/&amp;source=gmail&amp;ust=1610726685106000&amp;usg=AFQjCNEJ5FUk94O071ADMO0WZ9cQVwReCg\"><b><span style=\"color: #204c90\">Servi\u00e7os do CPD<\/span><\/b><\/a><span style=\"color: black\">.<\/span><\/span><\/p><p style=\"margin: 0cm 0cm 8pt;color: #222222;font-family: Arial, Helvetica, sans-serif;font-size: small;font-style: normal;font-weight: 400;letter-spacing: normal;text-align: start;text-indent: 0px;text-transform: none;background-color: #ffffff;line-height: normal\"><span style=\"color: black\"><span style=\"font-family: arial, sans-serif\">Al\u00e9m disso, para identificar a institui\u00e7\u00e3o na rede social e nas buscas por conte\u00fado do Google, o nome do canal deve conter a sigla UFSM, por exemplo: Campus UFSM Frederico Westphalen, TV Campus UFSM, Centro de Tecnologia UFSM. O perfil no canal tamb\u00e9m deve conter marca da Unidade, setor ou da pr\u00f3pria UFSM, garantindo reconhecimento pelo p\u00fablico.<\/span><\/span><\/p><p style=\"margin: 0cm 0cm 8pt;color: #222222;font-family: Arial, Helvetica, sans-serif;font-size: small;font-style: normal;font-weight: 400;letter-spacing: normal;text-align: start;text-indent: 0px;text-transform: none;background-color: #ffffff;line-height: normal\"><span style=\"color: black\"><span style=\"font-family: arial, sans-serif\">Da mesma forma, os v\u00eddeos devem ser finalizados com os cr\u00e9ditos dos profissionais e institui\u00e7\u00f5es respons\u00e1veis pela produ\u00e7\u00e3o do conte\u00fado. O v\u00eddeo tamb\u00e9m deve ser finalizado com a marca do setor e bras\u00e3o da UFSM, como nos exemplos abaixo.<\/span><\/span><\/p>\t\t\t\t\t\t<\/div>\n\t\t\t\t<\/div>\n\t\t\t\t\t<\/div>\n\t\t<\/div>\n\t\t\t\t\t<\/div>\n\t\t<\/section>\n\t\t\t\t<section class=\"elementor-section elementor-top-section elementor-element elementor-element-fd01cc1 elementor-section-boxed elementor-section-height-default elementor-section-height-default\" data-id=\"fd01cc1\" data-element_type=\"section\">\n\t\t\t\t\t\t<div class=\"elementor-container elementor-column-gap-default\">\n\t\t\t\t\t<div class=\"elementor-column elementor-col-50 elementor-top-column elementor-element elementor-element-a4f3b19\" data-id=\"a4f3b19\" data-element_type=\"column\">\n\t\t\t<div class=\"elementor-widget-wrap elementor-element-populated\">\n\t\t\t\t\t\t<div class=\"elementor-element elementor-element-d86e6ee elementor-widget elementor-widget-video\" data-id=\"d86e6ee\" data-element_type=\"widget\" data-settings=\"{&quot;youtube_url&quot;:&quot;https:\\\/\\\/www.youtube.com\\\/watch?v=GelD2cv1vNU&quot;,&quot;video_type&quot;:&quot;youtube&quot;,&quot;controls&quot;:&quot;yes&quot;}\" data-widget_type=\"video.default\">\n\t\t\t\t<div class=\"elementor-widget-container\">\n\t\t\t\t\t<div class=\"elementor-wrapper elementor-open-inline\">\n\t\t\t<div class=\"elementor-video\"><\/div>\t\t<\/div>\n\t\t\t\t<\/div>\n\t\t\t\t<\/div>\n\t\t\t\t\t<\/div>\n\t\t<\/div>\n\t\t\t\t<div class=\"elementor-column elementor-col-50 elementor-top-column elementor-element elementor-element-0e3838a\" data-id=\"0e3838a\" data-element_type=\"column\">\n\t\t\t<div class=\"elementor-widget-wrap elementor-element-populated\">\n\t\t\t\t\t\t<div class=\"elementor-element elementor-element-ce99be3 elementor-widget elementor-widget-video\" data-id=\"ce99be3\" data-element_type=\"widget\" data-settings=\"{&quot;youtube_url&quot;:&quot;https:\\\/\\\/www.youtube.com\\\/watch?v=w-shNP-N3hg&quot;,&quot;video_type&quot;:&quot;youtube&quot;,&quot;controls&quot;:&quot;yes&quot;}\" data-widget_type=\"video.default\">\n\t\t\t\t<div class=\"elementor-widget-container\">\n\t\t\t\t\t<div class=\"elementor-wrapper elementor-open-inline\">\n\t\t\t<div class=\"elementor-video\"><\/div>\t\t<\/div>\n\t\t\t\t<\/div>\n\t\t\t\t<\/div>\n\t\t\t\t\t<\/div>\n\t\t<\/div>\n\t\t\t\t\t<\/div>\n\t\t<\/section>\n\t\t\t\t<section class=\"elementor-section elementor-top-section elementor-element elementor-element-009b4aa elementor-section-boxed elementor-section-height-default elementor-section-height-default\" data-id=\"009b4aa\" data-element_type=\"section\">\n\t\t\t\t\t\t<div class=\"elementor-container elementor-column-gap-default\">\n\t\t\t\t\t<div class=\"elementor-column elementor-col-100 elementor-top-column elementor-element elementor-element-67dd36b\" data-id=\"67dd36b\" data-element_type=\"column\">\n\t\t\t<div class=\"elementor-widget-wrap elementor-element-populated\">\n\t\t\t\t\t\t<div class=\"elementor-element elementor-element-956581e elementor-widget elementor-widget-text-editor\" data-id=\"956581e\" data-element_type=\"widget\" data-widget_type=\"text-editor.default\">\n\t\t\t\t<div class=\"elementor-widget-container\">\n\t\t\t\t\t\t\t<p style=\"margin: 0cm 0cm 8pt;color: #222222;font-family: Arial, Helvetica, sans-serif;font-size: small;font-style: normal;font-weight: 400;letter-spacing: normal;text-align: start;text-indent: 0px;text-transform: none;background-color: #ffffff;line-height: normal\"><span style=\"color: black\"><span style=\"font-family: arial, sans-serif\">Ao editar as informa\u00e7\u00f5es dos v\u00eddeos no momento de upload, indica-se que eles tenham descri\u00e7\u00e3o e se utilizem tags relacionadas \u00e0 \u00e1rea do conhecimento e institucionais (UFSM, Universidade Federal de Santa Maria). \u00c9 poss\u00edvel classificar a categoria do v\u00eddeo como \u201ceduca\u00e7\u00e3o\u201d e no campo \u201cvisibilidade\u201d, h\u00e1 a op\u00e7\u00e3o de deixar o v\u00eddeo p\u00fablico na plataforma ou n\u00e3o listado, uma alternativa que o torna acess\u00edvel apenas para quem possui seu link.<\/span><\/span><\/p>\n<p style=\"margin: 0cm 0cm 8pt;color: #222222;font-family: Arial, Helvetica, sans-serif;font-size: small;font-style: normal;font-weight: 400;letter-spacing: normal;text-align: start;text-indent: 0px;text-transform: none;background-color: #ffffff;line-height: normal\"><span style=\"color: black\"><span style=\"font-family: arial, sans-serif\">O YouTube \u00e9 uma das redes mais restritas quanto aos direitos autorais, por isso \u00e9 importante cuidar trilhas sonoras e imagens utilizadas nos v\u00eddeos para n\u00e3o ter o conte\u00fado exclu\u00eddo ou bloqueado pela plataforma.<\/span><\/span><\/p>\n<p><span style=\"color: #222222;font-family: Arial, Helvetica, sans-serif;font-size: small\">Al\u00e9m de conte\u00fado produzido na institui\u00e7\u00e3o, sugere-se a utiliza\u00e7\u00e3o de bancos de livre acesso, como&nbsp;<\/span><a href=\"https:\/\/unsplash.com\/\" target=\"_blank\" rel=\"noopener\">Unsplash<\/a><span style=\"color: #222222;font-family: Arial, Helvetica, sans-serif;font-size: small\">,&nbsp;<\/span><a href=\"https:\/\/br.freepik.com\/\" target=\"_blank\" rel=\"noopener\">FreePik<\/a><span style=\"color: #222222;font-family: Arial, Helvetica, sans-serif;font-size: small\">,&nbsp;<\/span><a href=\"https:\/\/pixabay.com\/pt\/\" target=\"_blank\" rel=\"noopener\">Pixabay<\/a><span style=\"color: #222222;font-family: Arial, Helvetica, sans-serif;font-size: small\">,&nbsp;&nbsp;<\/span><a href=\"https:\/\/commons.wikimedia.org\/wiki\/Main_Page\" target=\"_blank\" rel=\"noopener\">Wikimedia Commons<\/a><span style=\"color: #222222;font-family: Arial, Helvetica, sans-serif;font-size: small\">,&nbsp;<\/span><a href=\"https:\/\/www.jamendo.com\/?language=pt\" target=\"_blank\" rel=\"noopener\">Jamendo Music<\/a><span style=\"color: #222222;font-family: Arial, Helvetica, sans-serif;font-size: small\">,&nbsp;<\/span><a href=\"https:\/\/www.bensound.com\/\" target=\"_blank\" rel=\"noopener\">Ben Sound<\/a><span style=\"color: #222222;font-family: Arial, Helvetica, sans-serif;font-size: small\">&nbsp;e a biblioteca de \u00e1udio do pr\u00f3prio Youtube.<\/span><\/p><p><span style=\"color: #222222;font-family: Arial, Helvetica, sans-serif;font-size: small\"><br><\/span><\/p>\n<p><b>Dicas para grava\u00e7\u00e3o de v\u00eddeos pelo celular<\/b><\/p>\n<ul>\n<li>Configura\u00e7\u00e3o aconselhada para grava\u00e7\u00e3o: Full HD (1920\u00d71080) a 30 frames por segundo (fps). \u00c9 importante que a resolu\u00e7\u00e3o seja a melhor poss\u00edvel, pois esse \u00e9 hoje o padr\u00e3o de&nbsp;audiovisual&nbsp;digital;<\/li>\n<li>Gravar com o dispositivo na horizontal (orienta\u00e7\u00e3o paisagem), parado em apoio est\u00e1vel num trip\u00e9, numa pilha de livros, numa estante, etc. O importante \u00e9 permanecer fixo durante a grava\u00e7\u00e3o e evitar que outra pessoa fique segurando (pois h\u00e1 grande possibilidade de tremer) e que fique aproximadamente na altura dos olhos, ou seja, sem angula\u00e7\u00e3o (virado para cima ou para baixo);<\/li>\n<li>Procurar ficar no centro da tela ou distribuir os participantes no quadro de maneira igual. Uma dica \u00e9 ativar a grelha ou grade do dispositivo para ajudar na composi\u00e7\u00e3o do enquadramento;&nbsp;<\/li>\n<li>Trabalhar o cen\u00e1rio do local que ser\u00e1 enquadrado, com o cuidado de evitar elementos que chamem muita aten\u00e7\u00e3o ou se mexam, principalmente no fundo. Na d\u00favida, usar fundos neutros e sem movimento;&nbsp;<\/li>\n<li>Deixar a luz a favor do rosto, seja de frente ou lateralmente. Nunca iluminar por tr\u00e1s, pois a imagem pode ficar muito contrastada e criar o que se chama de silhueta (pessoa em primeiro plano muito escura, fundo muito claro ou \u201cestourado\u201d, apagando os detalhes do rosto e express\u00f5es). Luzes exatamente em cima tamb\u00e9m podem estourar o topo da cabe\u00e7a, e ainda formar sombras na regi\u00e3o dos olhos, logo, evitar ficar exatamente embaixo das fontes de luzes;&nbsp;<\/li>\n<li>Para a parte de \u00e1udio, priorizar ambientes silenciosos e que tenham pouco potencial para eco (evitar locais com muito vidro, m\u00e1rmore, azulejo ou materiais que reverberam \u2013 superf\u00edcies muito lisas em geral). Dica: cobertores, colch\u00f5es e objetos semelhantes espalhados ajudam a diminuir a reverbera\u00e7\u00e3o de um ambiente. Os cobertores tamb\u00e9m podem ser usados em frestas ou aberturas para abafar sons externos indesej\u00e1veis;<\/li>\n<li>Conferir em qual lado encontra-se o microfone e gravar de forma que este fique apontado para quem fala\/emite som (escolher entre c\u00e2mera frontal ou traseira baseado nisso ajuda na qualidade do \u00e1udio captado no v\u00eddeo);<\/li>\n<li>Desaconselha-se o envio do material por Whatsapp, Facebook ou plataformas que possam comprimir o tamanho dos arquivos originais, o que gera perda de qualidade. O indicado \u00e9 o envio por sites de servidor remoto tempor\u00e1rios tais como FromSmash ou WeTransfer ou compartilhamento por Google Drive, lembrando que o Drive dos e-mails institucionais da UFSM possuem capacidade de mem\u00f3ria ilimitada.<\/li>\n<\/ul>\n<p><b>&nbsp;<\/b><\/p>\n<div>\n<p style=\"color: #000000;font-size: 16px\"><span style=\"font-weight: bold\">Apoio para produ\u00e7\u00e3o audiovisual<\/span><\/p>\n<\/div>\n<p><span style=\"color: black;font-size: 1rem\">Na UFSM, alguns setores trabalham com produ\u00e7\u00e3o audiovisual e podem dar suporte \u00e0s demandas e necessidades das unidades de ensino e demais setores.<\/span><\/p>\n<p><span style=\"color: black;font-size: 1rem\">O&nbsp;<\/span><strong style=\"color: black;font-size: 1rem\"><a href=\"https:\/\/www.ufsm.br\/laboratorios\/estudio21\/\" data-type=\"URL\" data-id=\"https:\/\/www.ufsm.br\/laboratorios\/estudio21\/\">Est\u00fadio 21<\/a><\/strong><span style=\"color: black;font-size: 1rem\">, est\u00fadio de produ\u00e7\u00e3o audiovisual dos cursos de Comunica\u00e7\u00e3o Social da UFSM, al\u00e9m de dar suporte \u00e0s atividades pr\u00e1ticas do curso, produz v\u00eddeos institucionais mediante solicita\u00e7\u00e3o pr\u00e9via e repasse de recursos. O&nbsp;<\/span><strong style=\"color: black;font-size: 1rem\"><a href=\"https:\/\/www.ufsm.br\/orgaos-suplementares\/nte\/\" data-type=\"URL\" data-id=\"https:\/\/www.ufsm.br\/orgaos-suplementares\/nte\/\">N\u00facleo de Tecnologia Educacional<\/a><\/strong><span style=\"color: black;font-size: 1rem\">&nbsp;presta suporte na produ\u00e7\u00e3o de videoaulas e v\u00eddeos de cunho did\u00e1tico-pedag\u00f3gico.&nbsp;<\/span><a style=\"font-size: 1rem;background-color: #ffffff\" href=\"https:\/\/www.ufsm.br\/orgaos-suplementares\/nte\/servicos\/gravacao-de-videoaulas\/\" data-type=\"URL\" data-id=\"https:\/\/www.ufsm.br\/orgaos-suplementares\/nte\/servicos\/gravacao-de-videoaulas\/\">O servi\u00e7o pode ser solicitado no site<\/a><span style=\"color: black;font-size: 1rem\">.<\/span><\/p>\n<p><span style=\"color: black;font-size: 1rem\">O&nbsp;<\/span><strong style=\"color: black;font-size: 1rem\"><a href=\"https:\/\/www.ufsm.br\/orgaos-suplementares\/cpd\/\" data-type=\"URL\" data-id=\"https:\/\/www.ufsm.br\/orgaos-suplementares\/cpd\/\">Centro de Processamento de Dados<\/a><\/strong><span style=\"color: black;font-size: 1rem\">&nbsp;\u00e9 respons\u00e1vel pela transmiss\u00e3o de lives, como webconfer\u00eancias e palestras online. No site, voc\u00ea encontra a possibilidade de&nbsp;<\/span><a style=\"font-size: 1rem;background-color: #ffffff\" href=\"https:\/\/www.ufsm.br\/orgaos-suplementares\/cpd\/servicos\/videoconferencia\/\" data-type=\"URL\" data-id=\"https:\/\/www.ufsm.br\/orgaos-suplementares\/cpd\/servicos\/videoconferencia\/\">agendar videoconfer\u00eancia<\/a><span style=\"color: black;font-size: 1rem\">&nbsp;ou de&nbsp;<\/span><a style=\"font-size: 1rem;background-color: #ffffff\" href=\"https:\/\/www.ufsm.br\/orgaos-suplementares\/cpd\/servicos\/transmissao-de-eventos\/\" data-type=\"URL\" data-id=\"https:\/\/www.ufsm.br\/orgaos-suplementares\/cpd\/servicos\/transmissao-de-eventos\/\">transmitir evento online<\/a>.<\/p>\n<p><\/p>\t\t\t\t\t\t<\/div>\n\t\t\t\t<\/div>\n\t\t\t\t\t<\/div>\n\t\t<\/div>\n\t\t\t\t\t<\/div>\n\t\t<\/section>\n\t\t\t\t<section class=\"elementor-section elementor-top-section elementor-element elementor-element-8704045 elementor-section-boxed elementor-section-height-default elementor-section-height-default\" data-id=\"8704045\" data-element_type=\"section\">\n\t\t\t\t\t\t<div class=\"elementor-container elementor-column-gap-default\">\n\t\t\t\t\t<div class=\"elementor-column elementor-col-100 elementor-top-column elementor-element elementor-element-9f56355\" data-id=\"9f56355\" data-element_type=\"column\">\n\t\t\t<div class=\"elementor-widget-wrap elementor-element-populated\">\n\t\t\t\t\t\t<div class=\"elementor-element elementor-element-14dc9c1 elementor-button-info elementor-align-justify elementor-widget elementor-widget-button\" data-id=\"14dc9c1\" data-element_type=\"widget\" data-widget_type=\"button.default\">\n\t\t\t\t<div class=\"elementor-widget-container\">\n\t\t\t\t\t\t\t<div class=\"elementor-button-wrapper\">\n\t\t\t\t\t<a class=\"elementor-button elementor-button-link elementor-size-sm\" href=\"https:\/\/www.ufsm.br\/comunicacao\/guiaeventos\/eventos-online\/\">\n\t\t\t\t\t\t<span class=\"elementor-button-content-wrapper\">\n\t\t\t\t\t\t\t\t\t<span class=\"elementor-button-text\">Orienta\u00e7\u00f5es para eventos online no Guia Eventos<\/span>\n\t\t\t\t\t<\/span>\n\t\t\t\t\t<\/a>\n\t\t\t\t<\/div>\n\t\t\t\t\t\t<\/div>\n\t\t\t\t<\/div>\n\t\t\t\t\t<\/div>\n\t\t<\/div>\n\t\t\t\t\t<\/div>\n\t\t<\/section>\n\t\t\t\t<\/div>\n\t\t","protected":false},"excerpt":{"rendered":"<p>Atualmente, o YouTube conta com mais de 1 bilh\u00e3o de usu\u00e1rios, o que representa quase um ter\u00e7o da internet. Al\u00e9m disso, a plataforma est\u00e1 presente em 88 pa\u00edses e dispon\u00edvel em 76 idiomas diferentes. Por dia, s\u00e3o assistidas um bilh\u00e3o de horas de v\u00eddeos no site, n\u00famero que atrai empresas para a realiza\u00e7\u00e3o de campanhas [&hellip;]<\/p>\n","protected":false},"author":80,"featured_media":0,"parent":0,"menu_order":0,"comment_status":"closed","ping_status":"closed","template":"","meta":{"footnotes":""},"categories":[],"tags":[],"class_list":["post-84","page","type-page","status-publish","hentry"],"acf":[],"_links":{"self":[{"href":"https:\/\/www.ufsm.br\/comunicacao\/guiamidiassociais\/wp-json\/wp\/v2\/pages\/84","targetHints":{"allow":["GET"]}}],"collection":[{"href":"https:\/\/www.ufsm.br\/comunicacao\/guiamidiassociais\/wp-json\/wp\/v2\/pages"}],"about":[{"href":"https:\/\/www.ufsm.br\/comunicacao\/guiamidiassociais\/wp-json\/wp\/v2\/types\/page"}],"author":[{"embeddable":true,"href":"https:\/\/www.ufsm.br\/comunicacao\/guiamidiassociais\/wp-json\/wp\/v2\/users\/80"}],"replies":[{"embeddable":true,"href":"https:\/\/www.ufsm.br\/comunicacao\/guiamidiassociais\/wp-json\/wp\/v2\/comments?post=84"}],"version-history":[{"count":0,"href":"https:\/\/www.ufsm.br\/comunicacao\/guiamidiassociais\/wp-json\/wp\/v2\/pages\/84\/revisions"}],"wp:attachment":[{"href":"https:\/\/www.ufsm.br\/comunicacao\/guiamidiassociais\/wp-json\/wp\/v2\/media?parent=84"}],"wp:term":[{"taxonomy":"category","embeddable":true,"href":"https:\/\/www.ufsm.br\/comunicacao\/guiamidiassociais\/wp-json\/wp\/v2\/categories?post=84"},{"taxonomy":"post_tag","embeddable":true,"href":"https:\/\/www.ufsm.br\/comunicacao\/guiamidiassociais\/wp-json\/wp\/v2\/tags?post=84"}],"curies":[{"name":"wp","href":"https:\/\/api.w.org\/{rel}","templated":true}]}}