{"id":26,"date":"2019-05-14T17:03:27","date_gmt":"2019-05-14T20:03:27","guid":{"rendered":"https:\/\/www.ufsm.br\/template-laboratprio\/?page_id=26"},"modified":"2024-08-12T13:39:58","modified_gmt":"2024-08-12T16:39:58","slug":"contato-e-equipe-de-elaboracao","status":"publish","type":"page","link":"https:\/\/www.ufsm.br\/comunicacao\/politicas-editoriais\/contato-e-equipe-de-elaboracao","title":{"rendered":"Contato e Equipe de Elabora\u00e7\u00e3o"},"content":{"rendered":"\n<p>A elabora\u00e7\u00e3o dos textos foi iniciada pelo Grupo de Trabalho de Pol\u00edticas Editoriais (<a href=\"https:\/\/www.ufsm.br\/app\/uploads\/sites\/341\/2019\/01\/BOLETIM2018NOVEMBRO.pdf\">Portaria N. 92.139\/2018<\/a>) e finalizadas pelos ent\u00e3o Diretores de N\u00facleo:<\/p>\n<p><strong>Carla Isa Costa<\/strong> (<em>Ag\u00eancia de Not\u00edcias<\/em>)<\/p>\n<p><strong>Eug\u00eania Maria Mariano da Rocha Barichello<\/strong> (<em>Coordenadoria de Comunica\u00e7\u00e3o Social<\/em>)<\/p>\n<p><strong>Gabriel Machado Soares<\/strong> (<em>TV Campus<\/em>)<\/p>\n<p><strong>Marcelo De Franceschi dos Santos<\/strong> (<em>R\u00e1dios 800 AM e 107.9 FM<\/em>)<\/p>\n<p><strong>Maur\u00edcio Dias Souza<\/strong> (<em>Revista Arco<\/em>).<\/p>\n<p>Como citar:<\/p>\n<p>BARICHELLO, Eug\u00eania Maria Mariano da Rocha; COSTA, Carla Isa; SANTOS, Marcelo De Franceschi dos; SOARES, Gabriel Machado; SOUZA, Maur\u00edcio Dias. Pol\u00edticas Editoriais da Coordenadoria de Comunica\u00e7\u00e3o Social da UFSM. Santa Maria: UFSM, 2021. Dispon\u00edvel em: https:\/\/www.ufsm.br\/comunicacao\/politicas-editoriais.<\/p>\n<p><a href=\"https:\/\/www.ufsm.br\/comunicacao\/coordenadoria-de-comunicacao\"><strong>Coordenadoria de Comunica\u00e7\u00e3o Social da UFSM<\/strong><\/a><\/p>\n<p>Casa da Comunica\u00e7\u00e3o Social (Pr\u00e9dio 62B) \u2013 Campus da UFSM \u2013 Camobi<\/p>\n<p><b style=\"font-size: revert;color: initial\">E-mail: <\/b><span style=\"font-size: revert;color: initial\">comunicaufsm@ufsm.br<\/span><\/p>\n<p><b>Telefone<\/b>: + 55 (55) 3220-8550<\/p>\n","protected":false},"excerpt":{"rendered":"<p>A elabora\u00e7\u00e3o dos textos foi iniciada pelo Grupo de Trabalho de Pol\u00edticas Editoriais (Portaria N. 92.139\/2018) e finalizadas pelos ent\u00e3o Diretores de N\u00facleo: Carla Isa Costa (Ag\u00eancia de Not\u00edcias) Eug\u00eania Maria Mariano da Rocha Barichello (Coordenadoria de Comunica\u00e7\u00e3o Social) Gabriel Machado Soares (TV Campus) Marcelo De Franceschi dos Santos (R\u00e1dios 800 AM e 107.9 FM) [&hellip;]<\/p>\n","protected":false},"author":124,"featured_media":0,"parent":0,"menu_order":0,"comment_status":"closed","ping_status":"closed","template":"","meta":{"footnotes":""},"categories":[],"tags":[],"class_list":["post-26","page","type-page","status-publish","hentry"],"acf":[],"_links":{"self":[{"href":"https:\/\/www.ufsm.br\/comunicacao\/politicas-editoriais\/wp-json\/wp\/v2\/pages\/26","targetHints":{"allow":["GET"]}}],"collection":[{"href":"https:\/\/www.ufsm.br\/comunicacao\/politicas-editoriais\/wp-json\/wp\/v2\/pages"}],"about":[{"href":"https:\/\/www.ufsm.br\/comunicacao\/politicas-editoriais\/wp-json\/wp\/v2\/types\/page"}],"author":[{"embeddable":true,"href":"https:\/\/www.ufsm.br\/comunicacao\/politicas-editoriais\/wp-json\/wp\/v2\/users\/124"}],"replies":[{"embeddable":true,"href":"https:\/\/www.ufsm.br\/comunicacao\/politicas-editoriais\/wp-json\/wp\/v2\/comments?post=26"}],"version-history":[{"count":0,"href":"https:\/\/www.ufsm.br\/comunicacao\/politicas-editoriais\/wp-json\/wp\/v2\/pages\/26\/revisions"}],"wp:attachment":[{"href":"https:\/\/www.ufsm.br\/comunicacao\/politicas-editoriais\/wp-json\/wp\/v2\/media?parent=26"}],"wp:term":[{"taxonomy":"category","embeddable":true,"href":"https:\/\/www.ufsm.br\/comunicacao\/politicas-editoriais\/wp-json\/wp\/v2\/categories?post=26"},{"taxonomy":"post_tag","embeddable":true,"href":"https:\/\/www.ufsm.br\/comunicacao\/politicas-editoriais\/wp-json\/wp\/v2\/tags?post=26"}],"curies":[{"name":"wp","href":"https:\/\/api.w.org\/{rel}","templated":true}]}}