{"id":168,"date":"2020-04-14T20:36:31","date_gmt":"2020-04-14T23:36:31","guid":{"rendered":"https:\/\/www.ufsm.br\/coronavirus\/?page_id=168"},"modified":"2021-02-19T11:25:29","modified_gmt":"2021-02-19T14:25:29","slug":"funcionamento-dos-setores-e-situacao-dos-servidores","status":"publish","type":"page","link":"https:\/\/www.ufsm.br\/coronavirus\/funcionamento-dos-setores-e-situacao-dos-servidores","title":{"rendered":"Funcionamento dos setores e situa\u00e7\u00e3o dos servidores"},"content":{"rendered":"\t\t<div data-elementor-type=\"wp-page\" data-elementor-id=\"168\" class=\"elementor elementor-168\">\n\t\t\t\t\t\t<section class=\"elementor-section elementor-top-section elementor-element elementor-element-83dd158 elementor-section-boxed elementor-section-height-default elementor-section-height-default\" data-id=\"83dd158\" data-element_type=\"section\">\n\t\t\t\t\t\t<div class=\"elementor-container elementor-column-gap-default\">\n\t\t\t\t\t<div class=\"elementor-column elementor-col-100 elementor-top-column elementor-element elementor-element-add05f2\" data-id=\"add05f2\" data-element_type=\"column\">\n\t\t\t<div class=\"elementor-widget-wrap elementor-element-populated\">\n\t\t\t\t\t\t<div class=\"elementor-element elementor-element-e79561d elementor-widget elementor-widget-wp-widget-custom_html\" data-id=\"e79561d\" data-element_type=\"widget\" data-widget_type=\"wp-widget-custom_html.default\">\n\t\t\t\t<div class=\"elementor-widget-container\">\n\t\t\t<div class=\"textwidget custom-html-widget\"><iframe src=\"https:\/\/app.powerbi.com\/view?r=eyJrIjoiY2Y1MjFjZTUtY2RmMi00YTM0LWFlMmUtMDQyMDUxOTczNGQxIiwidCI6Ijk3OTAyMGQ1LTQ5NTAtNGY0My1hOTk0LTg4ZDY4M2VhYjQ3MyJ9\" height=\"700\">\r\n<\/iframe><\/div>\t\t<\/div>\n\t\t\t\t<\/div>\n\t\t\t\t\t<\/div>\n\t\t<\/div>\n\t\t\t\t\t<\/div>\n\t\t<\/section>\n\t\t\t\t<section class=\"elementor-section elementor-top-section elementor-element elementor-element-6a2d4563 elementor-section-boxed elementor-section-height-default elementor-section-height-default\" data-id=\"6a2d4563\" data-element_type=\"section\">\n\t\t\t\t\t\t<div class=\"elementor-container elementor-column-gap-default\">\n\t\t\t\t\t<div class=\"elementor-column elementor-col-100 elementor-top-column elementor-element elementor-element-4c4782f1\" data-id=\"4c4782f1\" data-element_type=\"column\">\n\t\t\t<div class=\"elementor-widget-wrap elementor-element-populated\">\n\t\t\t\t\t\t<div class=\"elementor-element elementor-element-5969fade elementor-widget elementor-widget-text-editor\" data-id=\"5969fade\" data-element_type=\"widget\" data-widget_type=\"text-editor.default\">\n\t\t\t\t<div class=\"elementor-widget-container\">\n\t\t\t\t\t\t\t<!-- wp:tadv\/classic-paragraph -->\n<p><strong><a href=\"https:\/\/www.ufsm.br\/pro-reitorias\/pre\/wp-content\/uploads\/sites\/346\/2020\/08\/Cartilha_Bioseguran%C3%A7a.pdf\">Manual de Biosseguran\u00e7a para a comunidade acad\u00eamica<\/a><\/strong><\/p>\n<p><strong>REITORIA<\/strong><\/p>\n<p><a href=\"https:\/\/www.ufsm.br\/reitoria\/gabinete-do-reitor\/contatos\/\">Gabinete do Reitor<\/a><\/p>\n<p><a href=\"https:\/\/www.ufsm.br\/pro-reitorias\/pra\/2020\/03\/17\/nota-publica-pra\/\">Pr\u00f3-Reitoria de Administra\u00e7\u00e3o (PRA)<\/a><\/p>\n<p><a href=\"https:\/\/www.ufsm.br\/pro-reitorias\/prae\/nota-publica-funcionamento-da-pro-reitoria-de-assuntos-estudantis-durante-o-periodo-de-suspensao-das-atividades-academicas-e-administrativas\/\">Pr\u00f3-Reitoria de Assuntos Estudantis (PRAE)<\/a><\/p>\n<p><a href=\"https:\/\/www.ufsm.br\/pro-reitorias\/pre\/2020\/03\/16\/funcionamento-da-pre-durante-o-periodo-de-suspensao-das-atividades-presenciais\/\">Pr\u00f3-Reitoria de Extens\u00e3o (PRE)<\/a><\/p>\n<p><a href=\"https:\/\/www.ufsm.br\/pro-reitorias\/progep\/2020\/03\/17\/atendimento-da-progep-durante-suspensao-de-atividades-administrativas-presenciais-e-prevencao-do-covid-19\/\">Pr\u00f3-Reitoria de Gest\u00e3o de Pessoas (Progep)<\/a><\/p>\n<p><a href=\"https:\/\/www.ufsm.br\/pro-reitorias\/prograd\/2020\/03\/19\/prograd-publica-orientacoes-para-as-atividades-do-regime-de-exercicios-domiciliares-especiais-rede\/\">Pr\u00f3-Reitoria de Gradua\u00e7\u00e3o (Prograd)<\/a><\/p>\n<p><a href=\"https:\/\/www.ufsm.br\/pro-reitorias\/proinfra\/2020\/03\/17\/nota-publica-da-proinfra\/\">Pr\u00f3-Reitoria de Infraestrutura (Proinfra)<\/a><\/p>\n<p><a href=\"https:\/\/www.ufsm.br\/pro-reitorias\/proplan\/2020\/03\/17\/funcionamento-da-proplan-durante-suspensao-de-atividades-e-prevencao-do-covid-19\/\">Pr\u00f3-Reitoria de Planejamento (Proplan)<\/a><\/p>\n<p><a href=\"https:\/\/www.ufsm.br\/pro-reitorias\/prpgp\/2020\/03\/16\/nota-publica-prpgp\/\">Pr\u00f3-Reitoria de P\u00f3s-Gradua\u00e7\u00e3o e Pesquisa (PRPGP)<\/a><\/p>\n<p><strong>UNIDADES<\/strong><\/p>\n<p><a href=\"https:\/\/www.ufsm.br\/unidades-universitarias\/cachoeira-do-sul\/contato\/\">Campus Cachoeira do Sul<\/a><\/p>\n<p><a href=\"https:\/\/www.ufsm.br\/unidades-universitarias\/frederico-westphalen\/2020\/03\/17\/entenda-como-fica-a-situacao-da-ufsm-fw-durante-a-suspensao-das-atividades\/\">Campus Frederico Westphalen<\/a><\/p>\n<p><a href=\"https:\/\/www.ufsm.br\/unidades-universitarias\/palmeira-das-missoes\/contato\/\">Campus Palmeira das Miss\u00f5es<\/a><\/p>\n<p><a href=\"https:\/\/www.ufsm.br\/unidades-universitarias\/cal\/contatos\/\">Centro de Artes e Letras (CAL)<\/a><\/p>\n<p><a href=\"https:\/\/www.ufsm.br\/unidades-universitarias\/ccne\/contatos\/\">Centro de Ci\u00eancias Naturais e Exatas (CCNE)<\/a><\/p>\n<p><a href=\"https:\/\/www.ufsm.br\/unidades-universitarias\/ccr\/2020\/03\/17\/atividades-presenciais-do-ccr-suspensas-devido-ao-coronavirus\/\">Centro de Ci\u00eancias Rurais (CCR)<\/a><\/p>\n<p><a href=\"https:\/\/www.ufsm.br\/unidades-universitarias\/ccs\/contato\/\">Centro de Ci\u00eancias da Sa\u00fade (CCS)<\/a><\/p>\n<p><a href=\"https:\/\/www.ufsm.br\/unidades-universitarias\/ccsh\/2020\/03\/16\/ccsh-atende-em-escala-durante-orientacao-de-suspensao-de-atividades-administrativas\/\">Centro de Ci\u00eancias Sociais e Humanas (CCSH)<\/a><\/p>\n<p><a href=\"https:\/\/www.ufsm.br\/unidades-universitarias\/ce\/2020\/03\/17\/orientacoes-complementares-da-direcao-do-ce-sobre-a-suspensao-de-atividades-presenciais\/\">Centro de Educa\u00e7\u00e3o (CE)<\/a><\/p>\n<p><a href=\"https:\/\/www.ufsm.br\/unidades-universitarias\/cefd\/2020\/03\/17\/comunicado-da-direcao-do-cefd\/\">Centro de Educa\u00e7\u00e3o F\u00edsica e Desportos (CEFD)<\/a><\/p>\n<p><a href=\"https:\/\/www.ufsm.br\/unidades-universitarias\/ct\/2020\/03\/17\/instrucoes-da-direcao-do-ct-sobre-a-suspensao-das-atividades-academicas-e-administrativas-na-ufsm\/\">Centro de Tecnologia (CT)<\/a><\/p>\n<p><a href=\"https:\/\/www.ufsm.br\/unidades-universitarias\/politecnico\/2020\/03\/17\/nota-publica\/\">Col\u00e9gio Polit\u00e9cnico<\/a><\/p>\n<p><a href=\"https:\/\/www.ufsm.br\/unidades-universitarias\/ctism\/2020\/03\/18\/suspensao-das-atividades-presenciais-no-ctism\/\">Col\u00e9gio T\u00e9cnico Industrial de Santa Maria (CTISM)<\/a><\/p>\n<p><a href=\"https:\/\/www.ufsm.br\/unidades-universitarias\/ipeamarelo\/2020\/03\/16\/suspensao-das-atividades-na-unidade-de-educacao-infantil-ipe-amarelo-ufsm\/\">Unidade de Educa\u00e7\u00e3o Infantil Ip\u00ea Amarelo<\/a><\/p>\n<p><strong>OUTROS SETORES<\/strong><\/p>\n<p><a href=\"https:\/\/www.ufsm.br\/2020\/03\/20\/empresas-incubadas-na-ufsm-adotam-home-office-para-prevencao-do-covid-19\/\">Ag\u00eancia de Inova\u00e7\u00e3o e Transfer\u00eancia de Tecnologia UFSM (Agittec)<\/a><\/p>\n<p><a href=\"https:\/\/www.ufsm.br\/2020\/03\/16\/biblioteca-central-fecha-e-estende-prazo-para-devolucoes\/\">Biblioteca Central<\/a><\/p>\n<p><a href=\"https:\/\/www.ufsm.br\/unidades-universitarias\/ccne\/cappa\/2020\/03\/16\/suspensao-das-atividades-do-cappa\/\">Centro de Apoio \u00e0 Pesquisa Paleontol\u00f3gica da Quarta Col\u00f4nia (CAPPA)<\/a><\/p>\n<p><a href=\"https:\/\/www.ufsm.br\/orgaos-suplementares\/cpd\/2020\/03\/17\/funcionamento-do-cpd-durante-suspensao-de-atividades\/\">Centro de Processamento de Dados (CPD)<\/a><\/p>\n<p><a href=\"https:\/\/www.ufsm.br\/orgaos-executivos\/caed\/contatos\/\">Coordenadoria de A\u00e7\u00f5es Educacionais (CAED)<\/a><\/p>\n<p><a href=\"https:\/\/www.ufsm.br\/outros-orgaos\/cebtt\/2020\/03\/18\/instrucao-normativa-01-2020-funcionamento-da-cebtt-durante-a-suspensao-das-atividades-educacionais-e-administrativas-em-face-da-pandemia-do-covid-19\/\">Coordenadoria de Educa\u00e7\u00e3o B\u00e1sica, T\u00e9cnica e Tecnol\u00f3gica (CEBTT)<\/a><\/p>\n<p><a style=\"font-size: inherit\" href=\"https:\/\/www.ufsm.br\/orgaos-suplementares\/dag\/2020\/03\/18\/dag-informa-sobre-servicos-durante-a-suspensao-de-atividades-presenciais\/\">Departamento\u00a0 Arquivo Geral (DAG)<\/a><\/p>\n<p><a style=\"font-size: inherit\" href=\"https:\/\/editoraufsm.com.br\/\">Editora UFSM<\/a><\/p>\n<p><a style=\"font-size: inherit\" href=\"https:\/\/www.ufsm.br\/2020\/03\/16\/hospital-veterinario-universitario-vai-atender-apenas-casos-de-urgencia-e-emergencia\/\">Hospital Veterin\u00e1rio Universit\u00e1rio (HVU)<\/a><\/p>\n<p><a href=\"https:\/\/www.ufsm.br\/orgaos-suplementares\/imprensa-universitaria\/2020\/03\/19\/suspensao-das-atividades\/\">Imprensa Universit\u00e1ria<\/a><\/p>\n<p><a href=\"https:\/\/www.ufsm.br\/orgaos-suplementares\/nte\/2020\/03\/18\/atendimento-do-suporte-moodle-sera-realizado-atraves-de-outros-canais\/\">N\u00facleo de Tecnologia Educacional (NTE)<\/a><\/p>\n<p><a href=\"https:\/\/www.ufsm.br\/orgaos-suplementares\/planetario\/\">Planet\u00e1rio\u00a0<\/a><\/p>\n<p><a href=\"https:\/\/www.ufsm.br\/orgaos-suplementares\/ru\/2020\/03\/24\/ru-suspende-as-atividades-a-partir-de-24-03\">Restaurante Universit\u00e1rio (RU)<\/a><\/p>\n<p><a href=\"https:\/\/www.ufsm.br\/orgaos-de-apoio\/sai\/2020\/03\/18\/atendimento-da-sai-durante-suspensao-de-atividades-administrativas-presenciais-e-prevencao-do-covid-19\/\">Secretaria de Apoio Internacional (SAI)<\/a><\/p>\n<p><a href=\"https:\/\/www.ufsm.br\/reitoria\/ouvidoria\/2020\/03\/19\/adotando-as-medidas-previstas-na-in-de-12-de-marco-de-2020-a-ouvidora-da-ufsm-suspende-o-atendimento-presencial\/\">Ouvidoria<\/a><\/p>\n<!-- \/wp:tadv\/classic-paragraph -->\t\t\t\t\t\t<\/div>\n\t\t\t\t<\/div>\n\t\t\t\t\t<\/div>\n\t\t<\/div>\n\t\t\t\t\t<\/div>\n\t\t<\/section>\n\t\t\t\t<\/div>\n\t\t","protected":false},"excerpt":{"rendered":"<p>Manual de Biosseguran\u00e7a para a comunidade acad\u00eamica REITORIA Gabinete do Reitor Pr\u00f3-Reitoria de Administra\u00e7\u00e3o (PRA) Pr\u00f3-Reitoria de Assuntos Estudantis (PRAE) Pr\u00f3-Reitoria de Extens\u00e3o (PRE) Pr\u00f3-Reitoria de Gest\u00e3o de Pessoas (Progep) Pr\u00f3-Reitoria de Gradua\u00e7\u00e3o (Prograd) Pr\u00f3-Reitoria de Infraestrutura (Proinfra) Pr\u00f3-Reitoria de Planejamento (Proplan) Pr\u00f3-Reitoria de P\u00f3s-Gradua\u00e7\u00e3o e Pesquisa (PRPGP) UNIDADES Campus Cachoeira do Sul Campus Frederico [&hellip;]<\/p>\n","protected":false},"author":25,"featured_media":0,"parent":0,"menu_order":0,"comment_status":"closed","ping_status":"closed","template":"","meta":{"footnotes":""},"categories":[],"tags":[],"class_list":["post-168","page","type-page","status-publish","hentry"],"acf":[],"_links":{"self":[{"href":"https:\/\/www.ufsm.br\/coronavirus\/wp-json\/wp\/v2\/pages\/168","targetHints":{"allow":["GET"]}}],"collection":[{"href":"https:\/\/www.ufsm.br\/coronavirus\/wp-json\/wp\/v2\/pages"}],"about":[{"href":"https:\/\/www.ufsm.br\/coronavirus\/wp-json\/wp\/v2\/types\/page"}],"author":[{"embeddable":true,"href":"https:\/\/www.ufsm.br\/coronavirus\/wp-json\/wp\/v2\/users\/25"}],"replies":[{"embeddable":true,"href":"https:\/\/www.ufsm.br\/coronavirus\/wp-json\/wp\/v2\/comments?post=168"}],"version-history":[{"count":0,"href":"https:\/\/www.ufsm.br\/coronavirus\/wp-json\/wp\/v2\/pages\/168\/revisions"}],"wp:attachment":[{"href":"https:\/\/www.ufsm.br\/coronavirus\/wp-json\/wp\/v2\/media?parent=168"}],"wp:term":[{"taxonomy":"category","embeddable":true,"href":"https:\/\/www.ufsm.br\/coronavirus\/wp-json\/wp\/v2\/categories?post=168"},{"taxonomy":"post_tag","embeddable":true,"href":"https:\/\/www.ufsm.br\/coronavirus\/wp-json\/wp\/v2\/tags?post=168"}],"curies":[{"name":"wp","href":"https:\/\/api.w.org\/{rel}","templated":true}]}}