{"id":2906,"date":"2020-10-22T17:49:33","date_gmt":"2020-10-22T20:49:33","guid":{"rendered":"https:\/\/www.ufsm.br\/coronavirus\/?page_id=2906"},"modified":"2022-05-03T15:46:15","modified_gmt":"2022-05-03T18:46:15","slug":"membros","status":"publish","type":"page","link":"https:\/\/www.ufsm.br\/coronavirus\/cbio\/membros","title":{"rendered":"Membros"},"content":{"rendered":"\t\t<div data-elementor-type=\"wp-page\" data-elementor-id=\"2906\" class=\"elementor elementor-2906\">\n\t\t\t\t\t\t<section class=\"elementor-section elementor-top-section elementor-element elementor-element-72eef6b elementor-section-boxed elementor-section-height-default elementor-section-height-default\" data-id=\"72eef6b\" data-element_type=\"section\">\n\t\t\t\t\t\t<div class=\"elementor-container elementor-column-gap-default\">\n\t\t\t\t\t<div class=\"elementor-column elementor-col-100 elementor-top-column elementor-element elementor-element-86b80ff\" data-id=\"86b80ff\" data-element_type=\"column\">\n\t\t\t<div class=\"elementor-widget-wrap elementor-element-populated\">\n\t\t\t\t\t\t<div class=\"elementor-element elementor-element-fbbb101 elementor-widget elementor-widget-image\" data-id=\"fbbb101\" data-element_type=\"widget\" data-widget_type=\"image.default\">\n\t\t\t\t<div class=\"elementor-widget-container\">\n\t\t\t\t\t\t\t\t\t\t\t\t\t<img fetchpriority=\"high\" decoding=\"async\" width=\"1921\" height=\"507\" src=\"https:\/\/www.ufsm.br\/app\/uploads\/sites\/820\/2021\/09\/Banner-COE-E-UFSM.jpg\" class=\"attachment-full size-full wp-image-4823\" alt=\"Centro de Opera\u00e7\u00f5es de Emerg\u00eancia em Sa\u00fade para Educa\u00e7\u00e3o \u2013 COVID 19 \u2013 UFSM\" srcset=\"https:\/\/www.ufsm.br\/app\/uploads\/sites\/820\/2021\/09\/Banner-COE-E-UFSM.jpg 1921w, https:\/\/www.ufsm.br\/app\/uploads\/sites\/820\/2021\/09\/Banner-COE-E-UFSM-300x79.jpg 300w, https:\/\/www.ufsm.br\/app\/uploads\/sites\/820\/2021\/09\/Banner-COE-E-UFSM-1024x270.jpg 1024w, https:\/\/www.ufsm.br\/app\/uploads\/sites\/820\/2021\/09\/Banner-COE-E-UFSM-768x203.jpg 768w, https:\/\/www.ufsm.br\/app\/uploads\/sites\/820\/2021\/09\/Banner-COE-E-UFSM-1536x405.jpg 1536w\" sizes=\"(max-width: 1921px) 100vw, 1921px\" \/>\t\t\t\t\t\t\t\t\t\t\t\t\t<\/div>\n\t\t\t\t<\/div>\n\t\t\t\t\t<\/div>\n\t\t<\/div>\n\t\t\t\t\t<\/div>\n\t\t<\/section>\n\t\t\t\t<section class=\"elementor-section elementor-top-section elementor-element elementor-element-2c12b5f elementor-section-boxed elementor-section-height-default elementor-section-height-default\" data-id=\"2c12b5f\" data-element_type=\"section\">\n\t\t\t\t\t\t<div class=\"elementor-container elementor-column-gap-default\">\n\t\t\t\t\t<div class=\"elementor-column elementor-col-33 elementor-top-column elementor-element elementor-element-4083d88\" data-id=\"4083d88\" data-element_type=\"column\">\n\t\t\t<div class=\"elementor-widget-wrap\">\n\t\t\t\t\t\t\t<\/div>\n\t\t<\/div>\n\t\t\t\t<div class=\"elementor-column elementor-col-33 elementor-top-column elementor-element elementor-element-0e2ac8c\" data-id=\"0e2ac8c\" data-element_type=\"column\">\n\t\t\t<div class=\"elementor-widget-wrap elementor-element-populated\">\n\t\t\t\t\t\t<div class=\"elementor-element elementor-element-3d153ee elementor-widget elementor-widget-heading\" data-id=\"3d153ee\" data-element_type=\"widget\" data-widget_type=\"heading.default\">\n\t\t\t\t<div class=\"elementor-widget-container\">\n\t\t\t<h1 class=\"elementor-heading-title elementor-size-default\">Membros<\/h1>\t\t<\/div>\n\t\t\t\t<\/div>\n\t\t\t\t\t<\/div>\n\t\t<\/div>\n\t\t\t\t<div class=\"elementor-column elementor-col-33 elementor-top-column elementor-element elementor-element-5b277ed\" data-id=\"5b277ed\" data-element_type=\"column\">\n\t\t\t<div class=\"elementor-widget-wrap\">\n\t\t\t\t\t\t\t<\/div>\n\t\t<\/div>\n\t\t\t\t\t<\/div>\n\t\t<\/section>\n\t\t\t\t<section class=\"elementor-section elementor-top-section elementor-element elementor-element-f41f67c elementor-section-boxed elementor-section-height-default elementor-section-height-default\" data-id=\"f41f67c\" data-element_type=\"section\">\n\t\t\t\t\t\t<div class=\"elementor-container elementor-column-gap-default\">\n\t\t\t\t\t<div class=\"elementor-column elementor-col-50 elementor-top-column elementor-element elementor-element-8e655c6\" data-id=\"8e655c6\" data-element_type=\"column\">\n\t\t\t<div class=\"elementor-widget-wrap elementor-element-populated\">\n\t\t\t\t\t\t<div class=\"elementor-element elementor-element-e251b53 elementor-widget elementor-widget-heading\" data-id=\"e251b53\" data-element_type=\"widget\" data-widget_type=\"heading.default\">\n\t\t\t\t<div class=\"elementor-widget-container\">\n\t\t\t<h4 class=\"elementor-heading-title elementor-size-default\">Informa\u00e7\u00f5es gerais<\/h4>\t\t<\/div>\n\t\t\t\t<\/div>\n\t\t\t\t<div class=\"elementor-element elementor-element-f1acf1d elementor-align-center elementor-icon-list--layout-traditional elementor-list-item-link-full_width elementor-widget elementor-widget-icon-list\" data-id=\"f1acf1d\" data-element_type=\"widget\" data-widget_type=\"icon-list.default\">\n\t\t\t\t<div class=\"elementor-widget-container\">\n\t\t\t\t\t<ul class=\"elementor-icon-list-items\">\n\t\t\t\t\t\t\t<li class=\"elementor-icon-list-item\">\n\t\t\t\t\t\t\t\t\t\t\t<a href=\"https:\/\/www.ufsm.br\/coronavirus\/cbio\/\">\n\n\t\t\t\t\t\t\t\t\t\t\t<span class=\"elementor-icon-list-text\">In\u00edcio<\/span>\n\t\t\t\t\t\t\t\t\t\t\t<\/a>\n\t\t\t\t\t\t\t\t\t<\/li>\n\t\t\t\t\t\t\t\t<li class=\"elementor-icon-list-item\">\n\t\t\t\t\t\t\t\t\t\t\t<a href=\"https:\/\/www.ufsm.br\/coronavirus\/cbio\/comissoes-setoriais\/\">\n\n\t\t\t\t\t\t\t\t\t\t\t<span class=\"elementor-icon-list-text\">Comiss\u00f5es Setoriais<\/span>\n\t\t\t\t\t\t\t\t\t\t\t<\/a>\n\t\t\t\t\t\t\t\t\t<\/li>\n\t\t\t\t\t\t\t\t<li class=\"elementor-icon-list-item\">\n\t\t\t\t\t\t\t\t\t\t\t<a href=\"https:\/\/www.ufsm.br\/coronavirus\/cbio\/instrucoes-normativas\/\">\n\n\t\t\t\t\t\t\t\t\t\t\t<span class=\"elementor-icon-list-text\">Instru\u00e7\u00f5es Normativas<\/span>\n\t\t\t\t\t\t\t\t\t\t\t<\/a>\n\t\t\t\t\t\t\t\t\t<\/li>\n\t\t\t\t\t\t\t\t<li class=\"elementor-icon-list-item\">\n\t\t\t\t\t\t\t\t\t\t\t<a href=\"https:\/\/www.ufsm.br\/coronavirus\/cbio\/manual-de-biosseguranca\/\">\n\n\t\t\t\t\t\t\t\t\t\t\t<span class=\"elementor-icon-list-text\">Manual de Biosseguran\u00e7a<\/span>\n\t\t\t\t\t\t\t\t\t\t\t<\/a>\n\t\t\t\t\t\t\t\t\t<\/li>\n\t\t\t\t\t\t\t\t<li class=\"elementor-icon-list-item\">\n\t\t\t\t\t\t\t\t\t\t\t<a href=\"https:\/\/www.ufsm.br\/coronavirus\/cbio\/membros\/\">\n\n\t\t\t\t\t\t\t\t\t\t\t<span class=\"elementor-icon-list-text\">Membros<\/span>\n\t\t\t\t\t\t\t\t\t\t\t<\/a>\n\t\t\t\t\t\t\t\t\t<\/li>\n\t\t\t\t\t\t\t\t<li class=\"elementor-icon-list-item\">\n\t\t\t\t\t\t\t\t\t\t\t<a href=\"https:\/\/www.ufsm.br\/coronavirus\/cbio\/videos\/\">\n\n\t\t\t\t\t\t\t\t\t\t\t<span class=\"elementor-icon-list-text\">Materiais Educativos<\/span>\n\t\t\t\t\t\t\t\t\t\t\t<\/a>\n\t\t\t\t\t\t\t\t\t<\/li>\n\t\t\t\t\t\t\t\t<li class=\"elementor-icon-list-item\">\n\t\t\t\t\t\t\t\t\t\t\t<a href=\"https:\/\/www.ufsm.br\/coronavirus\/orientacoes-governamentais\/\">\n\n\t\t\t\t\t\t\t\t\t\t\t<span class=\"elementor-icon-list-text\">Orienta\u00e7\u00f5es Governamentais<\/span>\n\t\t\t\t\t\t\t\t\t\t\t<\/a>\n\t\t\t\t\t\t\t\t\t<\/li>\n\t\t\t\t\t\t\t\t<li class=\"elementor-icon-list-item\">\n\t\t\t\t\t\t\t\t\t\t\t<a href=\"https:\/\/www.ufsm.br\/coronavirus\/cartazes-de-orientacao\/\">\n\n\t\t\t\t\t\t\t\t\t\t\t<span class=\"elementor-icon-list-text\">Cartazes de Orienta\u00e7\u00e3o<br><\/span>\n\t\t\t\t\t\t\t\t\t\t\t<\/a>\n\t\t\t\t\t\t\t\t\t<\/li>\n\t\t\t\t\t\t\t\t<li class=\"elementor-icon-list-item\">\n\t\t\t\t\t\t\t\t\t\t\t<a href=\"https:\/\/www.ufsm.br\/coronavirus\/atas-das-reunioes-do-coe-e-ufsm\/\">\n\n\t\t\t\t\t\t\t\t\t\t\t<span class=\"elementor-icon-list-text\">Atas das Reuni\u00f5es do COE-E UFSM<\/span>\n\t\t\t\t\t\t\t\t\t\t\t<\/a>\n\t\t\t\t\t\t\t\t\t<\/li>\n\t\t\t\t\t\t\t\t<li class=\"elementor-icon-list-item\">\n\t\t\t\t\t\t\t\t\t\t\t<a href=\"https:\/\/www.ufsm.br\/coronavirus\/cbio\/formulario-padrao-para-atividades-presenciais-em-carater-de-excepcionalidade\/\">\n\n\t\t\t\t\t\t\t\t\t\t\t<span class=\"elementor-icon-list-text\">Formul\u00e1rio Padr\u00e3o para atividades presenciais em car\u00e1ter de excepcionalidade<\/span>\n\t\t\t\t\t\t\t\t\t\t\t<\/a>\n\t\t\t\t\t\t\t\t\t<\/li>\n\t\t\t\t\t\t<\/ul>\n\t\t\t\t<\/div>\n\t\t\t\t<\/div>\n\t\t\t\t\t<\/div>\n\t\t<\/div>\n\t\t\t\t<div class=\"elementor-column elementor-col-50 elementor-top-column elementor-element elementor-element-a3fc5a5\" data-id=\"a3fc5a5\" data-element_type=\"column\">\n\t\t\t<div class=\"elementor-widget-wrap elementor-element-populated\">\n\t\t\t\t\t\t<div class=\"elementor-element elementor-element-21c8422 elementor-widget elementor-widget-heading\" data-id=\"21c8422\" data-element_type=\"widget\" data-widget_type=\"heading.default\">\n\t\t\t\t<div class=\"elementor-widget-container\">\n\t\t\t<h2 class=\"elementor-heading-title elementor-size-default\">Rela\u00e7\u00e3o de Servidores da CBio<\/h2>\t\t<\/div>\n\t\t\t\t<\/div>\n\t\t\t\t<div class=\"elementor-element elementor-element-4309716 elementor-widget elementor-widget-text-editor\" data-id=\"4309716\" data-element_type=\"widget\" data-widget_type=\"text-editor.default\">\n\t\t\t\t<div class=\"elementor-widget-container\">\n\t\t\t\t\t\t\t<table style=\"border-collapse: collapse;width: 100%;height: 280px\">\n<tbody>\n<tr style=\"height: 24px\">\n<td style=\"width: 52.4631%;height: 24px\">\n<p><strong>Servidores<\/strong><\/p>\n<p>Alexandre Vargas Schwarzbold<\/p>\n<\/td>\n<td style=\"width: 47.5369%;height: 24px\">\n<p><strong>Lota\u00e7\u00e3o\/ Exerc\u00edcio<\/strong><\/p>\n<p>M\u00e9dico-\u00c1rea<\/p>\n<\/td>\n<\/tr>\n<tr style=\"height: 72px\">\n<td style=\"width: 52.4631%;height: 72px\">Ana Beatris Souza de Deus Brusa<\/td>\n<td style=\"width: 47.5369%;height: 72px\"><span style=\"color: #000000;font-size: 16px\">Professora do Magist\u00e9rio Superior<\/span><\/td>\n<\/tr>\n<tr style=\"height: 24px\">\n<td style=\"width: 52.4631%;height: 24px\">Ang\u00e9lica Medianeira Iensen<\/td>\n<td style=\"width: 47.5369%;height: 24px\">Secret\u00e1ria Executiva<\/td>\n<\/tr>\n<tr style=\"height: 16px\">\n<td style=\"width: 52.4631%;height: 16px\">Beatriz Silvana da Silveira Porto<\/td>\n<td style=\"width: 47.5369%;height: 16px\">Professora do Magist\u00e9rio Superior<\/td>\n<\/tr>\n<tr style=\"height: 24px\">\n<td style=\"width: 52.4631%;height: 24px\">Carla Cristina Bauermann Brasil<\/td>\n<td style=\"width: 47.5369%;height: 24px\">Professora do Magist\u00e9rio Superior<\/td>\n<\/tr>\n<tr style=\"height: 24px\">\n<td style=\"width: 52.4631%;height: 24px\">Em\u00edlia Lorentz de Carvalho Leit\u00e3o<\/td>\n<td style=\"width: 47.5369%;height: 24px\">Secret\u00e1ria Executiva<\/td>\n<\/tr>\n<tr style=\"height: 24px\">\n<td style=\"width: 52.4631%;height: 24px\">Felix Alexandre Antunes Soares<\/td>\n<td style=\"width: 47.5369%;height: 24px\">Professor do Magist\u00e9rio Superior<\/td>\n<\/tr>\n<tr style=\"height: 24px\">\n<td style=\"width: 52.4631%;height: 24px\">Gilmor Jos\u00e9 Farenzena<\/td>\n<td style=\"width: 47.5369%;height: 24px\">Professor do Magist\u00e9rio Superior<\/td>\n<\/tr>\n<\/tbody>\n<\/table>\n<table style=\"border-collapse: collapse;width: 100%;height: 240px\">\n<tbody>\n<tr style=\"height: 24px\">\n<td style=\"width: 52.4874%;height: 24px\">Helton Fernandes Dos Santos<\/td>\n<td style=\"width: 47.5126%;height: 24px\">Professor do Magist\u00e9rio Superior<\/td>\n<\/tr>\n<tr style=\"height: 24px\">\n<td style=\"width: 52.4874%;height: 24px\">Jos\u00e9 Ab\u00edlio Lima de Freitas<\/td>\n<td style=\"width: 47.5126%;height: 24px\">Professor do Ensino B\u00e1sico, T\u00e9cnico e <br>Tecnol\u00f3gico<\/td>\n<\/tr>\n<tr>\n<td style=\"width: 52.4874%\">Jos\u00e9 Iran Ribeiro<\/td>\n<td style=\"width: 47.5126%\">Professor do Magist\u00e9rio Superior<\/td>\n<\/tr>\n<tr style=\"height: 24px\">\n<td style=\"width: 52.4874%;height: 24px\">Jovaneli Lara Xavier Siqueira da Rosa<\/td>\n<td style=\"width: 47.5126%;height: 24px\">Pedagoga<\/td>\n<\/tr>\n<tr style=\"height: 24px\">\n<td style=\"width: 52.4874%;height: 24px\">Liane Beatriz Righi<\/td>\n<td style=\"width: 47.5126%;height: 24px\">Professora do Magist\u00e9rio Superior<\/td>\n<\/tr>\n<tr style=\"height: 24px\">\n<td style=\"width: 52.4874%;height: 24px\">Marcos Ant\u00f4nio de Oliveira Lobato<\/td>\n<td style=\"width: 47.5126%;height: 24px\">Professor do Magist\u00e9rio Superior<\/td>\n<\/tr>\n<tr style=\"height: 24px\">\n<td style=\"width: 52.4874%;height: 24px\">Maria Denise Schimith<\/td>\n<td style=\"width: 47.5126%;height: 24px\">Professora do Magist\u00e9rio Superior<\/td>\n<\/tr>\n<\/tbody>\n<\/table>\n<table style=\"border-collapse: collapse;width: 100%;height: 215px\">\n<tbody>\n<tr style=\"height: 24px\">\n<td style=\"width: 52.4875%;height: 24px\">Martha Bohrer Adaime<\/td>\n<td style=\"width: 47.5125%;height: 24px\">Professora do Magist\u00e9rio Superior<\/td>\n<\/tr>\n<tr style=\"height: 24px\">\n<td style=\"width: 52.4875%;height: 24px\">Paulo Roberto Langwinski<\/td>\n<td style=\"width: 47.5125%;height: 24px\">Administrador<\/td>\n<\/tr>\n<tr style=\"height: 24px\">\n<td style=\"width: 52.4875%;height: 24px\">Priscila de Arruda Trindade<\/td>\n<td style=\"width: 47.5125%;height: 24px\">Professora do Magist\u00e9rio Superior<\/td>\n<\/tr>\n<tr style=\"height: 24px\">\n<td style=\"width: 52.4875%;height: 24px\">Rafael Silveira da Silveira<\/td>\n<td style=\"width: 47.5125%;height: 24px\">T\u00e9cnico de Tecnologia da Informa\u00e7\u00e3o<\/td>\n<\/tr>\n<tr>\n<td style=\"width: 52.4875%\">Rosane Scheffer Evaldt<\/td>\n<td style=\"width: 47.5125%\">Bibliotec\u00e1rio-Documentalista<\/td>\n<\/tr>\n<tr style=\"height: 24px\">\n<td style=\"width: 52.4875%;height: 24px\">Solange Prediger<\/td>\n<td style=\"width: 47.5125%;height: 24px\">Rela\u00e7\u00f5es P\u00fablicas<\/td>\n<\/tr>\n<tr style=\"height: 24px\">\n<td style=\"width: 52.4875%;height: 24px\">S\u00f4nia de Avila Botton<\/td>\n<td style=\"width: 47.5125%;height: 24px\">Professora do Magist\u00e9rio Superior<\/td>\n<\/tr>\n<tr style=\"height: 24px\">\n<td style=\"width: 52.4875%;height: 47px\">Tatiana Becker Ventura<\/td>\n<td style=\"width: 47.5125%;height: 47px\">Assistente em Administra\u00e7\u00e3o<\/td>\n<\/tr>\n<tr>\n<td style=\"width: 52.4875%\">Terezinha de F\u00e1tima P\u00f4ncio<\/td>\n<td style=\"width: 47.5125%\">&nbsp;Assistente em Administra\u00e7\u00e3o<\/td>\n<\/tr>\n<\/tbody>\n<\/table>\n<table style=\"border-collapse: collapse;width: 100%;height: 72px\">\n<tbody>\n<tr style=\"height: 48px\">\n<td style=\"width: 52.4876%;height: 48px\">Tobias Abich Rodrigues<\/td>\n<td style=\"width: 47.5124%;height: 48px\">Assistente em Administra\u00e7\u00e3o<\/td>\n<\/tr>\n<tr style=\"height: 24px\">\n<td style=\"width: 52.4876%;height: 24px\">Van\u00fazia Sari<\/td>\n<td style=\"width: 47.5124%;height: 24px\">Professora do Ensino B\u00e1sico, T\u00e9cnico e <br>Tecnol\u00f3gico<\/td>\n<\/tr>\n<\/tbody>\n<\/table>\t\t\t\t\t\t<\/div>\n\t\t\t\t<\/div>\n\t\t\t\t\t<\/div>\n\t\t<\/div>\n\t\t\t\t\t<\/div>\n\t\t<\/section>\n\t\t\t\t<section class=\"elementor-section elementor-top-section elementor-element elementor-element-a6920d4 elementor-section-boxed elementor-section-height-default elementor-section-height-default\" data-id=\"a6920d4\" data-element_type=\"section\">\n\t\t\t\t\t\t<div class=\"elementor-container elementor-column-gap-default\">\n\t\t\t\t\t<div class=\"elementor-column elementor-col-100 elementor-top-column elementor-element elementor-element-5f795db\" data-id=\"5f795db\" data-element_type=\"column\">\n\t\t\t<div class=\"elementor-widget-wrap elementor-element-populated\">\n\t\t\t\t\t\t<div class=\"elementor-element elementor-element-b936d88 elementor-widget elementor-widget-spacer\" data-id=\"b936d88\" data-element_type=\"widget\" data-widget_type=\"spacer.default\">\n\t\t\t\t<div class=\"elementor-widget-container\">\n\t\t\t\t\t<div class=\"elementor-spacer\">\n\t\t\t<div class=\"elementor-spacer-inner\"><\/div>\n\t\t<\/div>\n\t\t\t\t<\/div>\n\t\t\t\t<\/div>\n\t\t\t\t\t<\/div>\n\t\t<\/div>\n\t\t\t\t\t<\/div>\n\t\t<\/section>\n\t\t\t\t<section class=\"elementor-section elementor-top-section elementor-element elementor-element-ceb577d elementor-section-boxed elementor-section-height-default elementor-section-height-default\" data-id=\"ceb577d\" data-element_type=\"section\">\n\t\t\t\t\t\t<div class=\"elementor-container elementor-column-gap-default\">\n\t\t\t\t\t<div class=\"elementor-column elementor-col-100 elementor-top-column elementor-element elementor-element-170163f\" data-id=\"170163f\" data-element_type=\"column\">\n\t\t\t<div class=\"elementor-widget-wrap elementor-element-populated\">\n\t\t\t\t\t\t<div class=\"elementor-element elementor-element-c80cf62 elementor-widget elementor-widget-heading\" data-id=\"c80cf62\" data-element_type=\"widget\" data-widget_type=\"heading.default\">\n\t\t\t\t<div class=\"elementor-widget-container\">\n\t\t\t<h3 class=\"elementor-heading-title elementor-size-default\">Portarias Relacionadas<\/h3>\t\t<\/div>\n\t\t\t\t<\/div>\n\t\t\t\t<div class=\"elementor-element elementor-element-66c8657 elementor-widget elementor-widget-text-editor\" data-id=\"66c8657\" data-element_type=\"widget\" data-widget_type=\"text-editor.default\">\n\t\t\t\t<div class=\"elementor-widget-container\">\n\t\t\t\t\t\t\t<ol><li><p><a href=\"https:\/\/www.ufsm.br\/app\/uploads\/sites\/820\/2022\/05\/Portaria-de-Pessoal-n.-972.pdf\">Portaria de pessoal N. 972, de 25 de abril de 2022. <\/a><\/p><\/li><\/ol><p style=\"padding-left: 40px\">Designar os membros para comporem o \u00f3rg\u00e3o colegiado tempor\u00e1rio, denominado \u201cCentro de Opera\u00e7\u00f5es de Emerg\u00eancia em Sa\u00fade P\u00fablica \u2013 COVID 19 \u2013 UFSM&#8221;, vinculado ao Gabinete do Reitor da estrutura organizacional da Universidade Federal de Santa Maria (UFSM).<\/p>\t\t\t\t\t\t<\/div>\n\t\t\t\t<\/div>\n\t\t\t\t\t<\/div>\n\t\t<\/div>\n\t\t\t\t\t<\/div>\n\t\t<\/section>\n\t\t\t\t<\/div>\n\t\t","protected":false},"excerpt":{"rendered":"<p>Membros Informa\u00e7\u00f5es gerais In\u00edcio Comiss\u00f5es Setoriais Instru\u00e7\u00f5es Normativas Manual de Biosseguran\u00e7a Membros Materiais Educativos Orienta\u00e7\u00f5es Governamentais Cartazes de Orienta\u00e7\u00e3o Atas das Reuni\u00f5es do COE-E UFSM Formul\u00e1rio Padr\u00e3o para atividades presenciais em car\u00e1ter de excepcionalidade Rela\u00e7\u00e3o de Servidores da CBio Servidores Alexandre Vargas Schwarzbold Lota\u00e7\u00e3o\/ Exerc\u00edcio M\u00e9dico-\u00c1rea Ana Beatris Souza de Deus Brusa Professora do Magist\u00e9rio [&hellip;]<\/p>\n","protected":false},"author":30,"featured_media":0,"parent":2905,"menu_order":0,"comment_status":"closed","ping_status":"closed","template":"","meta":{"footnotes":""},"categories":[45],"tags":[],"class_list":["post-2906","page","type-page","status-publish","hentry","category-cbio"],"acf":[],"_links":{"self":[{"href":"https:\/\/www.ufsm.br\/coronavirus\/wp-json\/wp\/v2\/pages\/2906","targetHints":{"allow":["GET"]}}],"collection":[{"href":"https:\/\/www.ufsm.br\/coronavirus\/wp-json\/wp\/v2\/pages"}],"about":[{"href":"https:\/\/www.ufsm.br\/coronavirus\/wp-json\/wp\/v2\/types\/page"}],"author":[{"embeddable":true,"href":"https:\/\/www.ufsm.br\/coronavirus\/wp-json\/wp\/v2\/users\/30"}],"replies":[{"embeddable":true,"href":"https:\/\/www.ufsm.br\/coronavirus\/wp-json\/wp\/v2\/comments?post=2906"}],"version-history":[{"count":0,"href":"https:\/\/www.ufsm.br\/coronavirus\/wp-json\/wp\/v2\/pages\/2906\/revisions"}],"up":[{"embeddable":true,"href":"https:\/\/www.ufsm.br\/coronavirus\/wp-json\/wp\/v2\/pages\/2905"}],"wp:attachment":[{"href":"https:\/\/www.ufsm.br\/coronavirus\/wp-json\/wp\/v2\/media?parent=2906"}],"wp:term":[{"taxonomy":"category","embeddable":true,"href":"https:\/\/www.ufsm.br\/coronavirus\/wp-json\/wp\/v2\/categories?post=2906"},{"taxonomy":"post_tag","embeddable":true,"href":"https:\/\/www.ufsm.br\/coronavirus\/wp-json\/wp\/v2\/tags?post=2906"}],"curies":[{"name":"wp","href":"https:\/\/api.w.org\/{rel}","templated":true}]}}