{"id":2916,"date":"2020-10-22T20:31:06","date_gmt":"2020-10-22T23:31:06","guid":{"rendered":"https:\/\/www.ufsm.br\/coronavirus\/?page_id=2916"},"modified":"2022-02-24T11:58:08","modified_gmt":"2022-02-24T14:58:08","slug":"comissoes-setoriais","status":"publish","type":"page","link":"https:\/\/www.ufsm.br\/coronavirus\/cbio\/comissoes-setoriais","title":{"rendered":"Comiss\u00f5es Setoriais"},"content":{"rendered":"\t\t<div data-elementor-type=\"wp-page\" data-elementor-id=\"2916\" class=\"elementor elementor-2916\">\n\t\t\t\t\t\t<section class=\"elementor-section elementor-top-section elementor-element elementor-element-ee4709d elementor-section-boxed elementor-section-height-default elementor-section-height-default\" data-id=\"ee4709d\" data-element_type=\"section\">\n\t\t\t\t\t\t<div class=\"elementor-container elementor-column-gap-default\">\n\t\t\t\t\t<div class=\"elementor-column elementor-col-100 elementor-top-column elementor-element elementor-element-233ea8d\" data-id=\"233ea8d\" data-element_type=\"column\">\n\t\t\t<div class=\"elementor-widget-wrap elementor-element-populated\">\n\t\t\t\t\t\t<div class=\"elementor-element elementor-element-4e1fad0 elementor-widget elementor-widget-image\" data-id=\"4e1fad0\" data-element_type=\"widget\" data-widget_type=\"image.default\">\n\t\t\t\t<div class=\"elementor-widget-container\">\n\t\t\t\t\t\t\t\t\t\t\t\t\t<img fetchpriority=\"high\" decoding=\"async\" width=\"1921\" height=\"507\" src=\"https:\/\/www.ufsm.br\/app\/uploads\/sites\/820\/2021\/09\/Banner-COE-E-UFSM.jpg\" class=\"attachment-full size-full wp-image-4823\" alt=\"Centro de Opera\u00e7\u00f5es de Emerg\u00eancia em Sa\u00fade para Educa\u00e7\u00e3o \u2013 COVID 19 \u2013 UFSM\" srcset=\"https:\/\/www.ufsm.br\/app\/uploads\/sites\/820\/2021\/09\/Banner-COE-E-UFSM.jpg 1921w, https:\/\/www.ufsm.br\/app\/uploads\/sites\/820\/2021\/09\/Banner-COE-E-UFSM-300x79.jpg 300w, https:\/\/www.ufsm.br\/app\/uploads\/sites\/820\/2021\/09\/Banner-COE-E-UFSM-1024x270.jpg 1024w, https:\/\/www.ufsm.br\/app\/uploads\/sites\/820\/2021\/09\/Banner-COE-E-UFSM-768x203.jpg 768w, https:\/\/www.ufsm.br\/app\/uploads\/sites\/820\/2021\/09\/Banner-COE-E-UFSM-1536x405.jpg 1536w\" sizes=\"(max-width: 1921px) 100vw, 1921px\" \/>\t\t\t\t\t\t\t\t\t\t\t\t\t<\/div>\n\t\t\t\t<\/div>\n\t\t\t\t\t<\/div>\n\t\t<\/div>\n\t\t\t\t\t<\/div>\n\t\t<\/section>\n\t\t\t\t<section class=\"elementor-section elementor-top-section elementor-element elementor-element-71ccbe3 elementor-section-boxed elementor-section-height-default elementor-section-height-default\" data-id=\"71ccbe3\" data-element_type=\"section\">\n\t\t\t\t\t\t<div class=\"elementor-container elementor-column-gap-default\">\n\t\t\t\t\t<div class=\"elementor-column elementor-col-33 elementor-top-column elementor-element elementor-element-0a14ce6\" data-id=\"0a14ce6\" data-element_type=\"column\">\n\t\t\t<div class=\"elementor-widget-wrap\">\n\t\t\t\t\t\t\t<\/div>\n\t\t<\/div>\n\t\t\t\t<div class=\"elementor-column elementor-col-33 elementor-top-column elementor-element elementor-element-3cd5748\" data-id=\"3cd5748\" data-element_type=\"column\">\n\t\t\t<div class=\"elementor-widget-wrap elementor-element-populated\">\n\t\t\t\t\t\t<div class=\"elementor-element elementor-element-d767f3a elementor-widget elementor-widget-heading\" data-id=\"d767f3a\" data-element_type=\"widget\" data-widget_type=\"heading.default\">\n\t\t\t\t<div class=\"elementor-widget-container\">\n\t\t\t<h1 class=\"elementor-heading-title elementor-size-default\">Comiss\u00f5es Setoriais<\/h1>\t\t<\/div>\n\t\t\t\t<\/div>\n\t\t\t\t\t<\/div>\n\t\t<\/div>\n\t\t\t\t<div class=\"elementor-column elementor-col-33 elementor-top-column elementor-element elementor-element-3cd5d61\" data-id=\"3cd5d61\" data-element_type=\"column\">\n\t\t\t<div class=\"elementor-widget-wrap\">\n\t\t\t\t\t\t\t<\/div>\n\t\t<\/div>\n\t\t\t\t\t<\/div>\n\t\t<\/section>\n\t\t\t\t<section class=\"elementor-section elementor-top-section elementor-element elementor-element-a06cae3 elementor-section-boxed elementor-section-height-default elementor-section-height-default\" data-id=\"a06cae3\" data-element_type=\"section\">\n\t\t\t\t\t\t<div class=\"elementor-container elementor-column-gap-default\">\n\t\t\t\t\t<div class=\"elementor-column elementor-col-50 elementor-top-column elementor-element elementor-element-a946e77\" data-id=\"a946e77\" data-element_type=\"column\">\n\t\t\t<div class=\"elementor-widget-wrap elementor-element-populated\">\n\t\t\t\t\t\t<div class=\"elementor-element elementor-element-14b3c06 elementor-widget elementor-widget-heading\" data-id=\"14b3c06\" data-element_type=\"widget\" data-widget_type=\"heading.default\">\n\t\t\t\t<div class=\"elementor-widget-container\">\n\t\t\t<h4 class=\"elementor-heading-title elementor-size-default\">Informa\u00e7\u00f5es gerais<\/h4>\t\t<\/div>\n\t\t\t\t<\/div>\n\t\t\t\t<div class=\"elementor-element elementor-element-fa67813 elementor-align-center elementor-icon-list--layout-traditional elementor-list-item-link-full_width elementor-widget elementor-widget-icon-list\" data-id=\"fa67813\" data-element_type=\"widget\" data-widget_type=\"icon-list.default\">\n\t\t\t\t<div class=\"elementor-widget-container\">\n\t\t\t\t\t<ul class=\"elementor-icon-list-items\">\n\t\t\t\t\t\t\t<li class=\"elementor-icon-list-item\">\n\t\t\t\t\t\t\t\t\t\t\t<a href=\"https:\/\/www.ufsm.br\/coronavirus\/cbio\/\">\n\n\t\t\t\t\t\t\t\t\t\t\t<span class=\"elementor-icon-list-text\">In\u00edcio<\/span>\n\t\t\t\t\t\t\t\t\t\t\t<\/a>\n\t\t\t\t\t\t\t\t\t<\/li>\n\t\t\t\t\t\t\t\t<li class=\"elementor-icon-list-item\">\n\t\t\t\t\t\t\t\t\t\t\t<a href=\"https:\/\/www.ufsm.br\/coronavirus\/cbio\/comissoes-setoriais\/\">\n\n\t\t\t\t\t\t\t\t\t\t\t<span class=\"elementor-icon-list-text\">Comiss\u00f5es Setoriais<\/span>\n\t\t\t\t\t\t\t\t\t\t\t<\/a>\n\t\t\t\t\t\t\t\t\t<\/li>\n\t\t\t\t\t\t\t\t<li class=\"elementor-icon-list-item\">\n\t\t\t\t\t\t\t\t\t\t\t<a href=\"https:\/\/www.ufsm.br\/coronavirus\/cbio\/instrucoes-normativas\/\">\n\n\t\t\t\t\t\t\t\t\t\t\t<span class=\"elementor-icon-list-text\">Instru\u00e7\u00f5es Normativas<\/span>\n\t\t\t\t\t\t\t\t\t\t\t<\/a>\n\t\t\t\t\t\t\t\t\t<\/li>\n\t\t\t\t\t\t\t\t<li class=\"elementor-icon-list-item\">\n\t\t\t\t\t\t\t\t\t\t\t<a href=\"https:\/\/www.ufsm.br\/coronavirus\/cbio\/manual-de-biosseguranca\/\">\n\n\t\t\t\t\t\t\t\t\t\t\t<span class=\"elementor-icon-list-text\">Manual de Biosseguran\u00e7a<\/span>\n\t\t\t\t\t\t\t\t\t\t\t<\/a>\n\t\t\t\t\t\t\t\t\t<\/li>\n\t\t\t\t\t\t\t\t<li class=\"elementor-icon-list-item\">\n\t\t\t\t\t\t\t\t\t\t\t<a href=\"https:\/\/www.ufsm.br\/coronavirus\/cbio\/membros\/\">\n\n\t\t\t\t\t\t\t\t\t\t\t<span class=\"elementor-icon-list-text\">Membros<\/span>\n\t\t\t\t\t\t\t\t\t\t\t<\/a>\n\t\t\t\t\t\t\t\t\t<\/li>\n\t\t\t\t\t\t\t\t<li class=\"elementor-icon-list-item\">\n\t\t\t\t\t\t\t\t\t\t\t<a href=\"https:\/\/www.ufsm.br\/coronavirus\/cbio\/videos\/\">\n\n\t\t\t\t\t\t\t\t\t\t\t<span class=\"elementor-icon-list-text\">Materiais Educativos<\/span>\n\t\t\t\t\t\t\t\t\t\t\t<\/a>\n\t\t\t\t\t\t\t\t\t<\/li>\n\t\t\t\t\t\t\t\t<li class=\"elementor-icon-list-item\">\n\t\t\t\t\t\t\t\t\t\t\t<a href=\"https:\/\/www.ufsm.br\/coronavirus\/orientacoes-governamentais\/\">\n\n\t\t\t\t\t\t\t\t\t\t\t<span class=\"elementor-icon-list-text\">Orienta\u00e7\u00f5es Governamentais<\/span>\n\t\t\t\t\t\t\t\t\t\t\t<\/a>\n\t\t\t\t\t\t\t\t\t<\/li>\n\t\t\t\t\t\t\t\t<li class=\"elementor-icon-list-item\">\n\t\t\t\t\t\t\t\t\t\t\t<a href=\"https:\/\/www.ufsm.br\/coronavirus\/cartazes-de-orientacao\/\">\n\n\t\t\t\t\t\t\t\t\t\t\t<span class=\"elementor-icon-list-text\">Cartazes de Orienta\u00e7\u00e3o<br><\/span>\n\t\t\t\t\t\t\t\t\t\t\t<\/a>\n\t\t\t\t\t\t\t\t\t<\/li>\n\t\t\t\t\t\t\t\t<li class=\"elementor-icon-list-item\">\n\t\t\t\t\t\t\t\t\t\t\t<a href=\"https:\/\/www.ufsm.br\/coronavirus\/atas-das-reunioes-do-coe-e-ufsm\/\">\n\n\t\t\t\t\t\t\t\t\t\t\t<span class=\"elementor-icon-list-text\">Atas das Reuni\u00f5es do COE-E UFSM<\/span>\n\t\t\t\t\t\t\t\t\t\t\t<\/a>\n\t\t\t\t\t\t\t\t\t<\/li>\n\t\t\t\t\t\t\t\t<li class=\"elementor-icon-list-item\">\n\t\t\t\t\t\t\t\t\t\t\t<a href=\"https:\/\/www.ufsm.br\/coronavirus\/cbio\/formulario-padrao-para-atividades-presenciais-em-carater-de-excepcionalidade\/\">\n\n\t\t\t\t\t\t\t\t\t\t\t<span class=\"elementor-icon-list-text\">Formul\u00e1rio Padr\u00e3o para atividades presenciais em car\u00e1ter de excepcionalidade<\/span>\n\t\t\t\t\t\t\t\t\t\t\t<\/a>\n\t\t\t\t\t\t\t\t\t<\/li>\n\t\t\t\t\t\t<\/ul>\n\t\t\t\t<\/div>\n\t\t\t\t<\/div>\n\t\t\t\t\t<\/div>\n\t\t<\/div>\n\t\t\t\t<div class=\"elementor-column elementor-col-50 elementor-top-column elementor-element elementor-element-9997f86\" data-id=\"9997f86\" data-element_type=\"column\">\n\t\t\t<div class=\"elementor-widget-wrap elementor-element-populated\">\n\t\t\t\t\t\t<div class=\"elementor-element elementor-element-3ac2eb6 elementor-widget elementor-widget-heading\" data-id=\"3ac2eb6\" data-element_type=\"widget\" data-widget_type=\"heading.default\">\n\t\t\t\t<div class=\"elementor-widget-container\">\n\t\t\t<h2 class=\"elementor-heading-title elementor-size-default\">Contatos Unidades de Ensino e Comiss\u00f5es de Biosseguran\u00e7a Setoriais<\/h2>\t\t<\/div>\n\t\t\t\t<\/div>\n\t\t\t\t<div class=\"elementor-element elementor-element-22cbca3 elementor-widget elementor-widget-text-editor\" data-id=\"22cbca3\" data-element_type=\"widget\" data-widget_type=\"text-editor.default\">\n\t\t\t\t<div class=\"elementor-widget-container\">\n\t\t\t\t\t\t\t<p>\u00a0<\/p><table><tbody><tr><td>\u00a0<\/td><td><p><span style=\"font-weight: 400\">Unidade de Ensino<\/span><\/p><\/td><td><p><span style=\"font-weight: 400\">Contato da unidade<\/span><\/p><\/td><td><p><span style=\"font-weight: 400\">Contato da Comiss\u00e3o de Biosseguran\u00e7a<\/span><\/p><\/td><\/tr><tr><td><p><span style=\"font-weight: 400\">1<\/span><\/p><\/td><td><p><span style=\"font-weight: 400\">CCS<\/span><\/p><\/td><td><p><a href=\"mailto:ccs@ufsm.br\"><span style=\"font-weight: 400\">ccs@ufsm.br<\/span><\/a><\/p><\/td><td><p>Dire\u00e7\u00e3o:\u00a0<a href=\"mailto:ccs@ufsm.br\"><span style=\"font-weight: 400\">ccs@ufsm.br<\/span><\/a><span style=\"font-weight: 400\">\u00a0\u00a0<\/span><\/p><p><span style=\"font-weight: 400\">Fonoaudiologia:\u00a0<a href=\"mailto:cbio.predio26e@gmail.com\">cbio.predio26e@gmail.com<\/a><\/span><\/p><p><span style=\"font-weight: 400\">Odontologia:\u00a0<a href=\"mailto:cbo.ufsm@gmail.com\">cbo.ufsm@gmail.com<\/a><\/span><span style=\"font-weight: 400\">\u00a0<\/span><span style=\"font-family: inherit;font-size: inherit\">\u00a0<\/span><\/p><p><span style=\"font-weight: 400\">Pr\u00e9dios B\u00e1sicos:\u00a0<\/span><a href=\"mailto:valerio.portela@ufsm.br\"><span style=\"font-weight: 400\">valerio.portela@ufsm.br<\/span><\/a><\/p><p><a href=\"mailto:cristianedanesi@gmail.com\"><span style=\"font-weight: 400\">cristianedanesi@gmail.com<\/span><\/a><\/p><p><span style=\"font-weight: 400\">Fisioterapia:\u00a0<\/span><a href=\"rnm.marques@gmail.com\"><span style=\"color: #204c90\">rnm.marques@gmail.com<\/span><\/a><\/p><p>Terapia ocupacional: <a href=\"mailto:kaylaguiar@gmail.com\">kaylaguiar@gmail.com<\/a><\/p><\/td><\/tr><tr><td><p><span style=\"font-weight: 400\">2<\/span><\/p><\/td><td><p><span style=\"font-weight: 400\">CT<\/span><\/p><\/td><td><p><a href=\"mailto:ctufsm@ufsm.br\"><span style=\"font-weight: 400\">ctufsm@ufsm.br<\/span><\/a><\/p><\/td><td><p><a href=\"mailto:rodrigo.guerra@ufsm.br\"><span style=\"font-weight: 400\">rodrigo.guerra@ufsm.br<\/span><\/a><span style=\"font-weight: 400\">\u00a0<\/span><\/p><p><a href=\"mailto:cbio-ct@ufsm.br\"><span style=\"font-weight: 400\">cbio-ct@ufsm.br<\/span><\/a><\/p><\/td><\/tr><tr><td><p><span style=\"font-weight: 400\">3<\/span><\/p><\/td><td><p><span style=\"font-weight: 400\">CCNE<\/span><\/p><\/td><td><p><a href=\"mailto:ccne13@gmail.com\"><span style=\"font-weight: 400\">ccne13@gmail.com<\/span><\/a><\/p><\/td><td><p><a href=\"mailto:felix@ufsm.br\"><span style=\"font-weight: 400\">felix@ufsm.br<\/span><\/a><span style=\"font-weight: 400\">\u00a0\u00a0\u00a0<\/span><\/p><\/td><\/tr><tr><td><p><span style=\"font-weight: 400\">4<\/span><\/p><\/td><td><p><span style=\"font-weight: 400\">CE<\/span><\/p><\/td><td><p><a href=\"mailto:direcaoce@ufsm.br\"><span style=\"font-weight: 400\">direcaoce@ufsm.br<\/span><\/a><\/p><\/td><td><p><a href=\"mailto:infra.ce@ufsm.br\"><span style=\"font-weight: 400\">infra.ce@ufsm.br<\/span><\/a><\/p><\/td><\/tr><tr><td><p><span style=\"font-weight: 400\">5<\/span><\/p><\/td><td><p><span style=\"font-weight: 400\">CEFD<\/span><\/p><\/td><td><p><a href=\"mailto:admcefd@gmail.com\"><span style=\"font-weight: 400\">admcefd@gmail.com<\/span><\/a><\/p><\/td><td><p><a href=\"mailto:rafaelss.svp@gmail.com\"><span style=\"font-weight: 400\">rafaelss.svp@gmail.com<\/span><\/a><\/p><\/td><\/tr><tr><td><p><span style=\"font-weight: 400\">6<\/span><\/p><\/td><td><p><span style=\"font-weight: 400\">CAL<\/span><\/p><\/td><td><p><a href=\"mailto:dircalufsm@gmail.com\"><span style=\"font-weight: 400\">dircalufsm@gmail.com<\/span><\/a><\/p><\/td><td><p><a href=\"mailto:altamir@ufsm.br\"><span style=\"font-weight: 400\">altamir@ufsm.br<\/span><\/a><span style=\"font-weight: 400\">\u00a0<\/span><\/p><p><a href=\"mailto:emilialcl@gmail.com\"><span style=\"font-weight: 400\">emilialcl@gmail.com<\/span><\/a><span style=\"font-weight: 400\">\u00a0<\/span><\/p><\/td><\/tr><tr><td><p><span style=\"font-weight: 400\">7<\/span><\/p><\/td><td><p><span style=\"font-weight: 400\">CCSH<\/span><\/p><\/td><td><p><a href=\"mailto:ccsh@ufsm.br\"><span style=\"font-weight: 400\">ccsh@ufsm.br<\/span><\/a><span style=\"font-weight: 400\">\u00a0<\/span><\/p><\/td><td><p><a href=\"mailto:wanderlei.ghilardi@terra.com.br\"><span style=\"font-weight: 400\">wanderlei.ghilardi@terra.com.br<\/span><\/a><span style=\"font-weight: 400\">\u00a0<\/span><\/p><\/td><\/tr><tr><td><p><span style=\"font-weight: 400\">8<\/span><\/p><\/td><td><p><span style=\"font-weight: 400\">CCR<\/span><\/p><\/td><td><p><a href=\"mailto:dirccr@gmail.com\"><span style=\"font-weight: 400\">dirccr@gmail.com<\/span><\/a><\/p><\/td><td><p><a href=\"mailto:cbioccr@ufsm.br\"><span style=\"font-weight: 400\">cbioccr@ufsm.br<\/span><\/a><span style=\"font-weight: 400\">\u00a0<\/span><\/p><\/td><\/tr><tr><td><p><span style=\"font-weight: 400\">9<\/span><\/p><\/td><td><p><span style=\"font-weight: 400\">Dire\u00e7\u00e3o FW<\/span><\/p><\/td><td><p><a href=\"mailto:cesnors@ufsm.br\"><span style=\"font-weight: 400\">direcaofw@ufsm.br<\/span><\/a><\/p><\/td><td>\u00a0<a href=\"mailto:cbio.fw@ufsm.br\">cbio.fw@ufsm.br<\/a><\/td><\/tr><tr><td><p><span style=\"font-weight: 400\">10<\/span><\/p><\/td><td><p><span style=\"font-weight: 400\">Dire\u00e7\u00e3o PM<\/span><\/p><\/td><td><p><a href=\"mailto:campuspalmeira@ufsm.br\"><span style=\"font-weight: 400\">campuspalmeira@ufsm.br<\/span><\/a><\/p><\/td><td><p>\u00a0<a style=\"font-size: 1rem\" href=\"mailto:biosseguranca.pm@ufsm.br\">biosseguranca.pm@ufsm.br<\/a><\/p><\/td><\/tr><tr><td><p><span style=\"font-weight: 400\">11<\/span><\/p><\/td><td><p><span style=\"font-weight: 400\">Dire\u00e7\u00e3o CS<\/span><\/p><\/td><td><p><a href=\"mailto:direcao.cs@ufsm.br\"><span style=\"font-weight: 400\">direcao.cs@ufsm.br<\/span><\/a><\/p><\/td><td><p><a href=\"mailto:cbio.cs@ufsm.br\"><span style=\"font-weight: 400\">cbio.cs@ufsm.br<\/span><\/a><\/p><\/td><\/tr><tr><td><p><span style=\"font-weight: 400\">12<\/span><\/p><\/td><td><p><span style=\"font-weight: 400\">Col\u00e9gio Polit\u00e9cnico<\/span><\/p><\/td><td><p><a href=\"mailto:colegio@politecnico.ufsm.br\"><span style=\"font-weight: 400\">colegio@politecnico.ufsm.br<\/span><\/a><\/p><\/td><td><p><a href=\"mailto:comissaobiossegurancapoli@gmail.com\"><span style=\"font-weight: 400\">comissaobiossegurancapoli@gmail.com<\/span><\/a><span style=\"font-weight: 400\">\u00a0\u00a0<\/span><\/p><\/td><\/tr><tr><td><p><span style=\"font-weight: 400\">13<\/span><\/p><\/td><td><p><span style=\"font-weight: 400\">Col\u00e9gio CTISM<\/span><\/p><\/td><td><p><a href=\"mailto:direcao@ctism.ufsm.br\"><span style=\"font-weight: 400\">direcao@ctism.ufsm.br<\/span><\/a><\/p><\/td><td><p><a href=\"mailto:cbio@ctism.ufsm.br\"><span style=\"font-weight: 400\">cbio@ctism.ufsm.br<\/span><\/a><\/p><\/td><\/tr><tr><td><p><span style=\"font-weight: 400\">14<\/span><\/p><\/td><td><p><span style=\"font-weight: 400\">CEU\u00a0<\/span><\/p><\/td><td><p><a href=\"mailto:angeliensen.ufsm@gmail.com\"><span style=\"font-weight: 400\">angeliensen.ufsm@gmail.com<\/span><\/a><\/p><\/td><td>\u00a0<\/td><\/tr><tr><td><p><span style=\"font-weight: 400\">15<\/span><\/p><\/td><td><p><span style=\"font-weight: 400\">BC<\/span><\/p><\/td><td><p><a href=\"mailto:direcaobc@ufsm.br\"><span style=\"font-weight: 400\">direcaobc@ufsm.br<\/span><\/a><\/p><\/td><td>\u00a0<\/td><\/tr><tr><td><p><span style=\"font-weight: 400\">16<\/span><\/p><\/td><td><p><span style=\"font-weight: 400\">RU\u00a0<\/span><\/p><\/td><td><p><a href=\"mailto:carlacristinab@gmail.com\"><span style=\"font-weight: 400\">carlacristinab@gmail.com<\/span><\/a><\/p><p><a href=\"mailto:vanessa.bm06@gmail.com\"><span style=\"font-weight: 400\">vanessa.bm06@gmail.com<\/span><\/a><\/p><\/td><td><p><a href=\"mailto:csbio.ru@ufsm.br\"><span style=\"font-weight: 400\">csbio.ru@ufsm.br<\/span><\/a><\/p><p><a href=\"mailto:cs.ru@ufsm.br\"><span style=\"font-weight: 400\">cs.ru@ufsm.br<\/span><\/a><\/p><\/td><\/tr><tr><td><p><span style=\"font-weight: 400\">17<\/span><\/p><\/td><td><p><span style=\"font-weight: 400\">Dire\u00e7\u00e3o Ip\u00ea Amarelo<\/span><\/p><\/td><td><p><a href=\"mailto:ueiia@ufsm.br\">\u00a0ueiia@ufsm.br\u00a0<\/a><\/p><p>\u00a0<\/p><\/td><td><p><a href=\"mailto:cbio.ueiia@gmail.com\">cbio.ueiia@gmail.com<\/a><\/p><\/td><\/tr><\/tbody><\/table>\t\t\t\t\t\t<\/div>\n\t\t\t\t<\/div>\n\t\t\t\t\t<\/div>\n\t\t<\/div>\n\t\t\t\t\t<\/div>\n\t\t<\/section>\n\t\t\t\t<section class=\"elementor-section elementor-top-section elementor-element elementor-element-3f8c581 elementor-section-boxed elementor-section-height-default elementor-section-height-default\" data-id=\"3f8c581\" data-element_type=\"section\">\n\t\t\t\t\t\t<div class=\"elementor-container elementor-column-gap-default\">\n\t\t\t\t\t<div class=\"elementor-column elementor-col-100 elementor-top-column elementor-element elementor-element-01c6033\" data-id=\"01c6033\" data-element_type=\"column\">\n\t\t\t<div class=\"elementor-widget-wrap\">\n\t\t\t\t\t\t\t<\/div>\n\t\t<\/div>\n\t\t\t\t\t<\/div>\n\t\t<\/section>\n\t\t\t\t<section class=\"elementor-section elementor-top-section elementor-element elementor-element-7584ea0 elementor-section-boxed elementor-section-height-default elementor-section-height-default\" data-id=\"7584ea0\" data-element_type=\"section\">\n\t\t\t\t\t\t<div class=\"elementor-container elementor-column-gap-default\">\n\t\t\t\t\t<div class=\"elementor-column elementor-col-100 elementor-top-column elementor-element elementor-element-533d01b\" data-id=\"533d01b\" data-element_type=\"column\">\n\t\t\t<div class=\"elementor-widget-wrap\">\n\t\t\t\t\t\t\t<\/div>\n\t\t<\/div>\n\t\t\t\t\t<\/div>\n\t\t<\/section>\n\t\t\t\t<\/div>\n\t\t","protected":false},"excerpt":{"rendered":"<p>Comiss\u00f5es Setoriais Informa\u00e7\u00f5es gerais In\u00edcio Comiss\u00f5es Setoriais Instru\u00e7\u00f5es Normativas Manual de Biosseguran\u00e7a Membros Materiais Educativos Orienta\u00e7\u00f5es Governamentais Cartazes de Orienta\u00e7\u00e3o Atas das Reuni\u00f5es do COE-E UFSM Formul\u00e1rio Padr\u00e3o para atividades presenciais em car\u00e1ter de excepcionalidade Contatos Unidades de Ensino e Comiss\u00f5es de Biosseguran\u00e7a Setoriais \u00a0 \u00a0 Unidade de Ensino Contato da unidade Contato da Comiss\u00e3o [&hellip;]<\/p>\n","protected":false},"author":30,"featured_media":0,"parent":2905,"menu_order":0,"comment_status":"closed","ping_status":"closed","template":"","meta":{"footnotes":""},"categories":[45],"tags":[],"class_list":["post-2916","page","type-page","status-publish","hentry","category-cbio"],"acf":[],"_links":{"self":[{"href":"https:\/\/www.ufsm.br\/coronavirus\/wp-json\/wp\/v2\/pages\/2916","targetHints":{"allow":["GET"]}}],"collection":[{"href":"https:\/\/www.ufsm.br\/coronavirus\/wp-json\/wp\/v2\/pages"}],"about":[{"href":"https:\/\/www.ufsm.br\/coronavirus\/wp-json\/wp\/v2\/types\/page"}],"author":[{"embeddable":true,"href":"https:\/\/www.ufsm.br\/coronavirus\/wp-json\/wp\/v2\/users\/30"}],"replies":[{"embeddable":true,"href":"https:\/\/www.ufsm.br\/coronavirus\/wp-json\/wp\/v2\/comments?post=2916"}],"version-history":[{"count":0,"href":"https:\/\/www.ufsm.br\/coronavirus\/wp-json\/wp\/v2\/pages\/2916\/revisions"}],"up":[{"embeddable":true,"href":"https:\/\/www.ufsm.br\/coronavirus\/wp-json\/wp\/v2\/pages\/2905"}],"wp:attachment":[{"href":"https:\/\/www.ufsm.br\/coronavirus\/wp-json\/wp\/v2\/media?parent=2916"}],"wp:term":[{"taxonomy":"category","embeddable":true,"href":"https:\/\/www.ufsm.br\/coronavirus\/wp-json\/wp\/v2\/categories?post=2916"},{"taxonomy":"post_tag","embeddable":true,"href":"https:\/\/www.ufsm.br\/coronavirus\/wp-json\/wp\/v2\/tags?post=2916"}],"curies":[{"name":"wp","href":"https:\/\/api.w.org\/{rel}","templated":true}]}}