{"id":3009,"date":"2020-10-29T18:19:18","date_gmt":"2020-10-29T21:19:18","guid":{"rendered":"https:\/\/www.ufsm.br\/coronavirus\/?page_id=3009"},"modified":"2021-11-19T18:01:30","modified_gmt":"2021-11-19T21:01:30","slug":"videos","status":"publish","type":"page","link":"https:\/\/www.ufsm.br\/coronavirus\/cbio\/videos","title":{"rendered":"Materiais Educativos"},"content":{"rendered":"\t\t<div data-elementor-type=\"wp-page\" data-elementor-id=\"3009\" class=\"elementor elementor-3009\">\n\t\t\t\t\t\t<section class=\"elementor-section elementor-top-section elementor-element elementor-element-2035b8b elementor-section-boxed elementor-section-height-default elementor-section-height-default\" data-id=\"2035b8b\" data-element_type=\"section\">\n\t\t\t\t\t\t<div class=\"elementor-container elementor-column-gap-default\">\n\t\t\t\t\t<div class=\"elementor-column elementor-col-100 elementor-top-column elementor-element elementor-element-c8b322d\" data-id=\"c8b322d\" data-element_type=\"column\">\n\t\t\t<div class=\"elementor-widget-wrap elementor-element-populated\">\n\t\t\t\t\t\t<div class=\"elementor-element elementor-element-2ff26b8 elementor-widget elementor-widget-image\" data-id=\"2ff26b8\" data-element_type=\"widget\" data-widget_type=\"image.default\">\n\t\t\t\t<div class=\"elementor-widget-container\">\n\t\t\t\t\t\t\t\t\t\t\t\t\t<img fetchpriority=\"high\" decoding=\"async\" width=\"1921\" height=\"507\" src=\"https:\/\/www.ufsm.br\/app\/uploads\/sites\/820\/2021\/09\/Banner-COE-E-UFSM.jpg\" class=\"attachment-full size-full wp-image-4823\" alt=\"Centro de Opera\u00e7\u00f5es de Emerg\u00eancia em Sa\u00fade para Educa\u00e7\u00e3o \u2013 COVID 19 \u2013 UFSM\" srcset=\"https:\/\/www.ufsm.br\/app\/uploads\/sites\/820\/2021\/09\/Banner-COE-E-UFSM.jpg 1921w, https:\/\/www.ufsm.br\/app\/uploads\/sites\/820\/2021\/09\/Banner-COE-E-UFSM-300x79.jpg 300w, https:\/\/www.ufsm.br\/app\/uploads\/sites\/820\/2021\/09\/Banner-COE-E-UFSM-1024x270.jpg 1024w, https:\/\/www.ufsm.br\/app\/uploads\/sites\/820\/2021\/09\/Banner-COE-E-UFSM-768x203.jpg 768w, https:\/\/www.ufsm.br\/app\/uploads\/sites\/820\/2021\/09\/Banner-COE-E-UFSM-1536x405.jpg 1536w\" sizes=\"(max-width: 1921px) 100vw, 1921px\" \/>\t\t\t\t\t\t\t\t\t\t\t\t\t<\/div>\n\t\t\t\t<\/div>\n\t\t\t\t\t<\/div>\n\t\t<\/div>\n\t\t\t\t\t<\/div>\n\t\t<\/section>\n\t\t\t\t<section class=\"elementor-section elementor-top-section elementor-element elementor-element-6524f99 elementor-section-boxed elementor-section-height-default elementor-section-height-default\" data-id=\"6524f99\" data-element_type=\"section\">\n\t\t\t\t\t\t<div class=\"elementor-container elementor-column-gap-default\">\n\t\t\t\t\t<div class=\"elementor-column elementor-col-33 elementor-top-column elementor-element elementor-element-977964e\" data-id=\"977964e\" data-element_type=\"column\">\n\t\t\t<div class=\"elementor-widget-wrap\">\n\t\t\t\t\t\t\t<\/div>\n\t\t<\/div>\n\t\t\t\t<div class=\"elementor-column elementor-col-33 elementor-top-column elementor-element elementor-element-df54bc5\" data-id=\"df54bc5\" data-element_type=\"column\">\n\t\t\t<div class=\"elementor-widget-wrap elementor-element-populated\">\n\t\t\t\t\t\t<div class=\"elementor-element elementor-element-b854a7e elementor-widget elementor-widget-heading\" data-id=\"b854a7e\" data-element_type=\"widget\" data-widget_type=\"heading.default\">\n\t\t\t\t<div class=\"elementor-widget-container\">\n\t\t\t<h1 class=\"elementor-heading-title elementor-size-default\">Materiais Educativos<\/h1>\t\t<\/div>\n\t\t\t\t<\/div>\n\t\t\t\t\t<\/div>\n\t\t<\/div>\n\t\t\t\t<div class=\"elementor-column elementor-col-33 elementor-top-column elementor-element elementor-element-25cefa8\" data-id=\"25cefa8\" data-element_type=\"column\">\n\t\t\t<div class=\"elementor-widget-wrap\">\n\t\t\t\t\t\t\t<\/div>\n\t\t<\/div>\n\t\t\t\t\t<\/div>\n\t\t<\/section>\n\t\t\t\t<section class=\"elementor-section elementor-top-section elementor-element elementor-element-6ce622f elementor-section-boxed elementor-section-height-default elementor-section-height-default\" data-id=\"6ce622f\" data-element_type=\"section\">\n\t\t\t\t\t\t<div class=\"elementor-container elementor-column-gap-default\">\n\t\t\t\t\t<div class=\"elementor-column elementor-col-50 elementor-top-column elementor-element elementor-element-b40dafd\" data-id=\"b40dafd\" data-element_type=\"column\">\n\t\t\t<div class=\"elementor-widget-wrap elementor-element-populated\">\n\t\t\t\t\t\t<div class=\"elementor-element elementor-element-18b53b8 elementor-widget elementor-widget-heading\" data-id=\"18b53b8\" data-element_type=\"widget\" data-widget_type=\"heading.default\">\n\t\t\t\t<div class=\"elementor-widget-container\">\n\t\t\t<h4 class=\"elementor-heading-title elementor-size-default\">Informa\u00e7\u00f5es gerais<\/h4>\t\t<\/div>\n\t\t\t\t<\/div>\n\t\t\t\t<div class=\"elementor-element elementor-element-28a613c elementor-align-center elementor-icon-list--layout-traditional elementor-list-item-link-full_width elementor-widget elementor-widget-icon-list\" data-id=\"28a613c\" data-element_type=\"widget\" data-widget_type=\"icon-list.default\">\n\t\t\t\t<div class=\"elementor-widget-container\">\n\t\t\t\t\t<ul class=\"elementor-icon-list-items\">\n\t\t\t\t\t\t\t<li class=\"elementor-icon-list-item\">\n\t\t\t\t\t\t\t\t\t\t\t<a href=\"https:\/\/www.ufsm.br\/coronavirus\/cbio\/\">\n\n\t\t\t\t\t\t\t\t\t\t\t<span class=\"elementor-icon-list-text\">In\u00edcio<\/span>\n\t\t\t\t\t\t\t\t\t\t\t<\/a>\n\t\t\t\t\t\t\t\t\t<\/li>\n\t\t\t\t\t\t\t\t<li class=\"elementor-icon-list-item\">\n\t\t\t\t\t\t\t\t\t\t\t<a href=\"https:\/\/www.ufsm.br\/coronavirus\/cbio\/comissoes-setoriais\/\">\n\n\t\t\t\t\t\t\t\t\t\t\t<span class=\"elementor-icon-list-text\">Comiss\u00f5es Setoriais<\/span>\n\t\t\t\t\t\t\t\t\t\t\t<\/a>\n\t\t\t\t\t\t\t\t\t<\/li>\n\t\t\t\t\t\t\t\t<li class=\"elementor-icon-list-item\">\n\t\t\t\t\t\t\t\t\t\t\t<a href=\"https:\/\/www.ufsm.br\/coronavirus\/cbio\/instrucoes-normativas\/\">\n\n\t\t\t\t\t\t\t\t\t\t\t<span class=\"elementor-icon-list-text\">Instru\u00e7\u00f5es Normativas<\/span>\n\t\t\t\t\t\t\t\t\t\t\t<\/a>\n\t\t\t\t\t\t\t\t\t<\/li>\n\t\t\t\t\t\t\t\t<li class=\"elementor-icon-list-item\">\n\t\t\t\t\t\t\t\t\t\t\t<a href=\"https:\/\/www.ufsm.br\/coronavirus\/cbio\/manual-de-biosseguranca\/\">\n\n\t\t\t\t\t\t\t\t\t\t\t<span class=\"elementor-icon-list-text\">Manual de Biosseguran\u00e7a<\/span>\n\t\t\t\t\t\t\t\t\t\t\t<\/a>\n\t\t\t\t\t\t\t\t\t<\/li>\n\t\t\t\t\t\t\t\t<li class=\"elementor-icon-list-item\">\n\t\t\t\t\t\t\t\t\t\t\t<a href=\"https:\/\/www.ufsm.br\/coronavirus\/cbio\/membros\/\">\n\n\t\t\t\t\t\t\t\t\t\t\t<span class=\"elementor-icon-list-text\">Membros<\/span>\n\t\t\t\t\t\t\t\t\t\t\t<\/a>\n\t\t\t\t\t\t\t\t\t<\/li>\n\t\t\t\t\t\t\t\t<li class=\"elementor-icon-list-item\">\n\t\t\t\t\t\t\t\t\t\t\t<a href=\"https:\/\/www.ufsm.br\/coronavirus\/cbio\/videos\/\">\n\n\t\t\t\t\t\t\t\t\t\t\t<span class=\"elementor-icon-list-text\">Materiais Educativos<\/span>\n\t\t\t\t\t\t\t\t\t\t\t<\/a>\n\t\t\t\t\t\t\t\t\t<\/li>\n\t\t\t\t\t\t\t\t<li class=\"elementor-icon-list-item\">\n\t\t\t\t\t\t\t\t\t\t\t<a href=\"https:\/\/www.ufsm.br\/coronavirus\/orientacoes-governamentais\/\">\n\n\t\t\t\t\t\t\t\t\t\t\t<span class=\"elementor-icon-list-text\">Orienta\u00e7\u00f5es Governamentais<\/span>\n\t\t\t\t\t\t\t\t\t\t\t<\/a>\n\t\t\t\t\t\t\t\t\t<\/li>\n\t\t\t\t\t\t\t\t<li class=\"elementor-icon-list-item\">\n\t\t\t\t\t\t\t\t\t\t\t<a href=\"https:\/\/www.ufsm.br\/coronavirus\/cartazes-de-orientacao\/\">\n\n\t\t\t\t\t\t\t\t\t\t\t<span class=\"elementor-icon-list-text\">Cartazes de Orienta\u00e7\u00e3o<br><\/span>\n\t\t\t\t\t\t\t\t\t\t\t<\/a>\n\t\t\t\t\t\t\t\t\t<\/li>\n\t\t\t\t\t\t\t\t<li class=\"elementor-icon-list-item\">\n\t\t\t\t\t\t\t\t\t\t\t<a href=\"https:\/\/www.ufsm.br\/coronavirus\/atas-das-reunioes-do-coe-e-ufsm\/\">\n\n\t\t\t\t\t\t\t\t\t\t\t<span class=\"elementor-icon-list-text\">Atas das Reuni\u00f5es do COE-E UFSM<\/span>\n\t\t\t\t\t\t\t\t\t\t\t<\/a>\n\t\t\t\t\t\t\t\t\t<\/li>\n\t\t\t\t\t\t\t\t<li class=\"elementor-icon-list-item\">\n\t\t\t\t\t\t\t\t\t\t\t<a href=\"https:\/\/www.ufsm.br\/coronavirus\/cbio\/formulario-padrao-para-atividades-presenciais-em-carater-de-excepcionalidade\/\">\n\n\t\t\t\t\t\t\t\t\t\t\t<span class=\"elementor-icon-list-text\">Formul\u00e1rio Padr\u00e3o para atividades presenciais em car\u00e1ter de excepcionalidade<\/span>\n\t\t\t\t\t\t\t\t\t\t\t<\/a>\n\t\t\t\t\t\t\t\t\t<\/li>\n\t\t\t\t\t\t<\/ul>\n\t\t\t\t<\/div>\n\t\t\t\t<\/div>\n\t\t\t\t\t<\/div>\n\t\t<\/div>\n\t\t\t\t<div class=\"elementor-column elementor-col-50 elementor-top-column elementor-element elementor-element-86af233\" data-id=\"86af233\" data-element_type=\"column\">\n\t\t\t<div class=\"elementor-widget-wrap elementor-element-populated\">\n\t\t\t\t\t\t<div class=\"elementor-element elementor-element-7064231 elementor-widget elementor-widget-image\" data-id=\"7064231\" data-element_type=\"widget\" data-widget_type=\"image.default\">\n\t\t\t\t<div class=\"elementor-widget-container\">\n\t\t\t\t\t\t\t\t\t\t\t\t\t<img decoding=\"async\" src=\"https:\/\/www.ufsm.br\/app\/uploads\/sites\/820\/elementor\/thumbs\/WhatsApp-Image-2020-12-03-at-2.07.52-PM-1-ozizcl3g1v7yemnhy4imfj90iwj2h0u1pxjz072z0g.jpeg\" title=\"WhatsApp Image 2020-12-03 at 2.07.52 PM\" alt=\"WhatsApp Image 2020-12-03 at 2.07.52 PM\" loading=\"lazy\" \/>\t\t\t\t\t\t\t\t\t\t\t\t\t<\/div>\n\t\t\t\t<\/div>\n\t\t\t\t<div class=\"elementor-element elementor-element-48beb4e elementor-widget elementor-widget-image\" data-id=\"48beb4e\" data-element_type=\"widget\" data-widget_type=\"image.default\">\n\t\t\t\t<div class=\"elementor-widget-container\">\n\t\t\t\t\t\t\t\t\t\t\t\t\t<img decoding=\"async\" width=\"724\" height=\"1024\" src=\"https:\/\/www.ufsm.br\/app\/uploads\/sites\/820\/2021\/03\/analogia-fusca-724x1024.jpg\" class=\"attachment-large size-large wp-image-4536\" alt=\"\" srcset=\"https:\/\/www.ufsm.br\/app\/uploads\/sites\/820\/2021\/03\/analogia-fusca-724x1024.jpg 724w, https:\/\/www.ufsm.br\/app\/uploads\/sites\/820\/2021\/03\/analogia-fusca-212x300.jpg 212w, https:\/\/www.ufsm.br\/app\/uploads\/sites\/820\/2021\/03\/analogia-fusca-768x1086.jpg 768w, https:\/\/www.ufsm.br\/app\/uploads\/sites\/820\/2021\/03\/analogia-fusca-1086x1536.jpg 1086w, https:\/\/www.ufsm.br\/app\/uploads\/sites\/820\/2021\/03\/analogia-fusca.jpg 1414w\" sizes=\"(max-width: 724px) 100vw, 724px\" \/>\t\t\t\t\t\t\t\t\t\t\t\t\t<\/div>\n\t\t\t\t<\/div>\n\t\t\t\t<div class=\"elementor-element elementor-element-0f342c9 elementor-widget elementor-widget-image\" data-id=\"0f342c9\" data-element_type=\"widget\" data-widget_type=\"image.default\">\n\t\t\t\t<div class=\"elementor-widget-container\">\n\t\t\t\t\t\t\t\t\t\t\t\t\t<img decoding=\"async\" width=\"888\" height=\"1024\" src=\"https:\/\/www.ufsm.br\/app\/uploads\/sites\/820\/2021\/05\/1-888x1024.jpg\" class=\"attachment-large size-large wp-image-4621\" alt=\"\" srcset=\"https:\/\/www.ufsm.br\/app\/uploads\/sites\/820\/2021\/05\/1-888x1024.jpg 888w, https:\/\/www.ufsm.br\/app\/uploads\/sites\/820\/2021\/05\/1-260x300.jpg 260w, https:\/\/www.ufsm.br\/app\/uploads\/sites\/820\/2021\/05\/1-768x886.jpg 768w, https:\/\/www.ufsm.br\/app\/uploads\/sites\/820\/2021\/05\/1-1332x1536.jpg 1332w, https:\/\/www.ufsm.br\/app\/uploads\/sites\/820\/2021\/05\/1.jpg 1733w\" sizes=\"(max-width: 888px) 100vw, 888px\" \/>\t\t\t\t\t\t\t\t\t\t\t\t\t<\/div>\n\t\t\t\t<\/div>\n\t\t\t\t<div class=\"elementor-element elementor-element-4a05f5e elementor-widget elementor-widget-image\" data-id=\"4a05f5e\" data-element_type=\"widget\" data-widget_type=\"image.default\">\n\t\t\t\t<div class=\"elementor-widget-container\">\n\t\t\t\t\t\t\t\t\t\t\t\t\t<img loading=\"lazy\" decoding=\"async\" width=\"888\" height=\"1024\" src=\"https:\/\/www.ufsm.br\/app\/uploads\/sites\/820\/2021\/05\/2-888x1024.jpg\" class=\"attachment-large size-large wp-image-4622\" alt=\"\" srcset=\"https:\/\/www.ufsm.br\/app\/uploads\/sites\/820\/2021\/05\/2-888x1024.jpg 888w, https:\/\/www.ufsm.br\/app\/uploads\/sites\/820\/2021\/05\/2-260x300.jpg 260w, https:\/\/www.ufsm.br\/app\/uploads\/sites\/820\/2021\/05\/2-768x886.jpg 768w, https:\/\/www.ufsm.br\/app\/uploads\/sites\/820\/2021\/05\/2-1332x1536.jpg 1332w, https:\/\/www.ufsm.br\/app\/uploads\/sites\/820\/2021\/05\/2.jpg 1733w\" sizes=\"(max-width: 888px) 100vw, 888px\" \/>\t\t\t\t\t\t\t\t\t\t\t\t\t<\/div>\n\t\t\t\t<\/div>\n\t\t\t\t<div class=\"elementor-element elementor-element-f0726fe elementor-widget elementor-widget-image\" data-id=\"f0726fe\" data-element_type=\"widget\" data-widget_type=\"image.default\">\n\t\t\t\t<div class=\"elementor-widget-container\">\n\t\t\t\t\t\t\t\t\t\t\t\t\t<img loading=\"lazy\" decoding=\"async\" width=\"888\" height=\"1024\" src=\"https:\/\/www.ufsm.br\/app\/uploads\/sites\/820\/2021\/05\/3-888x1024.jpg\" class=\"attachment-large size-large wp-image-4620\" alt=\"\" srcset=\"https:\/\/www.ufsm.br\/app\/uploads\/sites\/820\/2021\/05\/3-888x1024.jpg 888w, https:\/\/www.ufsm.br\/app\/uploads\/sites\/820\/2021\/05\/3-260x300.jpg 260w, https:\/\/www.ufsm.br\/app\/uploads\/sites\/820\/2021\/05\/3-768x886.jpg 768w, https:\/\/www.ufsm.br\/app\/uploads\/sites\/820\/2021\/05\/3-1332x1536.jpg 1332w, https:\/\/www.ufsm.br\/app\/uploads\/sites\/820\/2021\/05\/3.jpg 1733w\" sizes=\"(max-width: 888px) 100vw, 888px\" \/>\t\t\t\t\t\t\t\t\t\t\t\t\t<\/div>\n\t\t\t\t<\/div>\n\t\t\t\t<div class=\"elementor-element elementor-element-4435c89 elementor-widget elementor-widget-image\" data-id=\"4435c89\" data-element_type=\"widget\" data-widget_type=\"image.default\">\n\t\t\t\t<div class=\"elementor-widget-container\">\n\t\t\t\t\t\t\t\t\t\t\t\t\t<img loading=\"lazy\" decoding=\"async\" width=\"888\" height=\"1024\" src=\"https:\/\/www.ufsm.br\/app\/uploads\/sites\/820\/2021\/05\/tabela-888x1024.jpg\" class=\"attachment-large size-large wp-image-4640\" alt=\"\" srcset=\"https:\/\/www.ufsm.br\/app\/uploads\/sites\/820\/2021\/05\/tabela-888x1024.jpg 888w, https:\/\/www.ufsm.br\/app\/uploads\/sites\/820\/2021\/05\/tabela-260x300.jpg 260w, https:\/\/www.ufsm.br\/app\/uploads\/sites\/820\/2021\/05\/tabela-768x886.jpg 768w, https:\/\/www.ufsm.br\/app\/uploads\/sites\/820\/2021\/05\/tabela-1332x1536.jpg 1332w, https:\/\/www.ufsm.br\/app\/uploads\/sites\/820\/2021\/05\/tabela.jpg 1733w\" sizes=\"(max-width: 888px) 100vw, 888px\" \/>\t\t\t\t\t\t\t\t\t\t\t\t\t<\/div>\n\t\t\t\t<\/div>\n\t\t\t\t<div class=\"elementor-element elementor-element-ccc17e0 elementor-widget elementor-widget-image\" data-id=\"ccc17e0\" data-element_type=\"widget\" data-widget_type=\"image.default\">\n\t\t\t\t<div class=\"elementor-widget-container\">\n\t\t\t\t\t\t\t\t\t\t\t\t\t<img loading=\"lazy\" decoding=\"async\" width=\"724\" height=\"1024\" src=\"https:\/\/www.ufsm.br\/app\/uploads\/sites\/820\/2021\/05\/1-4-724x1024.jpg\" class=\"attachment-large size-large wp-image-4637\" alt=\"\" srcset=\"https:\/\/www.ufsm.br\/app\/uploads\/sites\/820\/2021\/05\/1-4-724x1024.jpg 724w, https:\/\/www.ufsm.br\/app\/uploads\/sites\/820\/2021\/05\/1-4-212x300.jpg 212w, https:\/\/www.ufsm.br\/app\/uploads\/sites\/820\/2021\/05\/1-4-768x1086.jpg 768w, https:\/\/www.ufsm.br\/app\/uploads\/sites\/820\/2021\/05\/1-4-1086x1536.jpg 1086w, https:\/\/www.ufsm.br\/app\/uploads\/sites\/820\/2021\/05\/1-4-1448x2048.jpg 1448w, https:\/\/www.ufsm.br\/app\/uploads\/sites\/820\/2021\/05\/1-4.jpg 1587w\" sizes=\"(max-width: 724px) 100vw, 724px\" \/>\t\t\t\t\t\t\t\t\t\t\t\t\t<\/div>\n\t\t\t\t<\/div>\n\t\t\t\t<div class=\"elementor-element elementor-element-afd9d42 elementor-widget elementor-widget-image\" data-id=\"afd9d42\" data-element_type=\"widget\" data-widget_type=\"image.default\">\n\t\t\t\t<div class=\"elementor-widget-container\">\n\t\t\t\t\t\t\t\t\t\t\t\t\t<img loading=\"lazy\" decoding=\"async\" width=\"724\" height=\"1024\" src=\"https:\/\/www.ufsm.br\/app\/uploads\/sites\/820\/2021\/05\/2-1-724x1024.jpg\" class=\"attachment-large size-large wp-image-4638\" alt=\"\" srcset=\"https:\/\/www.ufsm.br\/app\/uploads\/sites\/820\/2021\/05\/2-1-724x1024.jpg 724w, https:\/\/www.ufsm.br\/app\/uploads\/sites\/820\/2021\/05\/2-1-212x300.jpg 212w, https:\/\/www.ufsm.br\/app\/uploads\/sites\/820\/2021\/05\/2-1-768x1086.jpg 768w, https:\/\/www.ufsm.br\/app\/uploads\/sites\/820\/2021\/05\/2-1-1086x1536.jpg 1086w, https:\/\/www.ufsm.br\/app\/uploads\/sites\/820\/2021\/05\/2-1-1448x2048.jpg 1448w, https:\/\/www.ufsm.br\/app\/uploads\/sites\/820\/2021\/05\/2-1.jpg 1587w\" sizes=\"(max-width: 724px) 100vw, 724px\" \/>\t\t\t\t\t\t\t\t\t\t\t\t\t<\/div>\n\t\t\t\t<\/div>\n\t\t\t\t<div class=\"elementor-element elementor-element-e19993b elementor-widget elementor-widget-image\" data-id=\"e19993b\" data-element_type=\"widget\" data-widget_type=\"image.default\">\n\t\t\t\t<div class=\"elementor-widget-container\">\n\t\t\t\t\t\t\t\t\t\t\t\t\t<img loading=\"lazy\" decoding=\"async\" width=\"724\" height=\"1024\" src=\"https:\/\/www.ufsm.br\/app\/uploads\/sites\/820\/2021\/08\/12-724x1024.jpg\" class=\"attachment-large size-large wp-image-4777\" alt=\"\" srcset=\"https:\/\/www.ufsm.br\/app\/uploads\/sites\/820\/2021\/08\/12-724x1024.jpg 724w, https:\/\/www.ufsm.br\/app\/uploads\/sites\/820\/2021\/08\/12-212x300.jpg 212w, https:\/\/www.ufsm.br\/app\/uploads\/sites\/820\/2021\/08\/12-768x1086.jpg 768w, https:\/\/www.ufsm.br\/app\/uploads\/sites\/820\/2021\/08\/12-1086x1536.jpg 1086w, https:\/\/www.ufsm.br\/app\/uploads\/sites\/820\/2021\/08\/12.jpg 1131w\" sizes=\"(max-width: 724px) 100vw, 724px\" \/>\t\t\t\t\t\t\t\t\t\t\t\t\t<\/div>\n\t\t\t\t<\/div>\n\t\t\t\t\t<\/div>\n\t\t<\/div>\n\t\t\t\t\t<\/div>\n\t\t<\/section>\n\t\t\t\t<section class=\"elementor-section elementor-top-section elementor-element elementor-element-039d765 elementor-section-boxed elementor-section-height-default elementor-section-height-default\" data-id=\"039d765\" data-element_type=\"section\">\n\t\t\t\t\t\t<div class=\"elementor-container elementor-column-gap-default\">\n\t\t\t\t\t<div class=\"elementor-column elementor-col-100 elementor-top-column elementor-element elementor-element-dedbd68\" data-id=\"dedbd68\" data-element_type=\"column\">\n\t\t\t<div class=\"elementor-widget-wrap elementor-element-populated\">\n\t\t\t\t\t\t<div class=\"elementor-element elementor-element-d8e27d3 elementor-widget elementor-widget-heading\" data-id=\"d8e27d3\" data-element_type=\"widget\" data-widget_type=\"heading.default\">\n\t\t\t\t<div class=\"elementor-widget-container\">\n\t\t\t<h5 class=\"elementor-heading-title elementor-size-default\">V\u00eddeos: Utiliza\u00e7\u00e3o e reutiliza\u00e7\u00e3o das m\u00e1scaras N95 e PFF2 pela comunidade acad\u00eamica.<\/h5>\t\t<\/div>\n\t\t\t\t<\/div>\n\t\t\t\t\t<\/div>\n\t\t<\/div>\n\t\t\t\t\t<\/div>\n\t\t<\/section>\n\t\t\t\t<section class=\"elementor-section elementor-top-section elementor-element elementor-element-53ebd25 elementor-section-boxed elementor-section-height-default elementor-section-height-default\" data-id=\"53ebd25\" data-element_type=\"section\">\n\t\t\t\t\t\t<div class=\"elementor-container elementor-column-gap-default\">\n\t\t\t\t\t<div class=\"elementor-column elementor-col-50 elementor-top-column elementor-element elementor-element-7109bc3\" data-id=\"7109bc3\" data-element_type=\"column\">\n\t\t\t<div class=\"elementor-widget-wrap elementor-element-populated\">\n\t\t\t\t\t\t<div class=\"elementor-element elementor-element-13c44b9 elementor-widget elementor-widget-video\" data-id=\"13c44b9\" data-element_type=\"widget\" data-settings=\"{&quot;video_type&quot;:&quot;hosted&quot;,&quot;controls&quot;:&quot;yes&quot;}\" data-widget_type=\"video.default\">\n\t\t\t\t<div class=\"elementor-widget-container\">\n\t\t\t\t\t<div class=\"e-hosted-video elementor-wrapper elementor-open-inline\">\n\t\t\t\t\t<video class=\"elementor-video\" src=\"https:\/\/www.ufsm.br\/app\/uploads\/sites\/820\/2021\/11\/envelope_de_papel_full_hd.mov\" controls=\"\" preload=\"metadata\" controlsList=\"nodownload\"><\/video>\n\t\t\t\t<\/div>\n\t\t\t\t<\/div>\n\t\t\t\t<\/div>\n\t\t\t\t\t<\/div>\n\t\t<\/div>\n\t\t\t\t<div class=\"elementor-column elementor-col-50 elementor-top-column elementor-element elementor-element-a9beb51\" data-id=\"a9beb51\" data-element_type=\"column\">\n\t\t\t<div class=\"elementor-widget-wrap elementor-element-populated\">\n\t\t\t\t\t\t<div class=\"elementor-element elementor-element-4f8080d elementor-widget elementor-widget-video\" data-id=\"4f8080d\" data-element_type=\"widget\" data-settings=\"{&quot;video_type&quot;:&quot;hosted&quot;,&quot;controls&quot;:&quot;yes&quot;}\" data-widget_type=\"video.default\">\n\t\t\t\t<div class=\"elementor-widget-container\">\n\t\t\t\t\t<div class=\"e-hosted-video elementor-wrapper elementor-open-inline\">\n\t\t\t\t\t<video class=\"elementor-video\" src=\"https:\/\/www.ufsm.br\/app\/uploads\/sites\/820\/2021\/11\/pote_de_plastico_full_hd.mov\" controls=\"\" preload=\"metadata\" controlsList=\"nodownload\"><\/video>\n\t\t\t\t<\/div>\n\t\t\t\t<\/div>\n\t\t\t\t<\/div>\n\t\t\t\t\t<\/div>\n\t\t<\/div>\n\t\t\t\t\t<\/div>\n\t\t<\/section>\n\t\t\t\t<\/div>\n\t\t","protected":false},"excerpt":{"rendered":"<p>Materiais Educativos Informa\u00e7\u00f5es gerais In\u00edcio Comiss\u00f5es Setoriais Instru\u00e7\u00f5es Normativas Manual de Biosseguran\u00e7a Membros Materiais Educativos Orienta\u00e7\u00f5es Governamentais Cartazes de Orienta\u00e7\u00e3o Atas das Reuni\u00f5es do COE-E UFSM Formul\u00e1rio Padr\u00e3o para atividades presenciais em car\u00e1ter de excepcionalidade V\u00eddeos: Utiliza\u00e7\u00e3o e reutiliza\u00e7\u00e3o das m\u00e1scaras N95 e PFF2 pela comunidade acad\u00eamica. https:\/\/www.ufsm.br\/app\/uploads\/sites\/820\/2021\/11\/envelope_de_papel_full_hd.movhttps:\/\/www.ufsm.br\/app\/uploads\/sites\/820\/2021\/11\/pote_de_plastico_full_hd.mov<\/p>\n","protected":false},"author":867,"featured_media":0,"parent":2905,"menu_order":0,"comment_status":"closed","ping_status":"closed","template":"","meta":{"footnotes":""},"categories":[],"tags":[],"class_list":["post-3009","page","type-page","status-publish","hentry"],"acf":[],"_links":{"self":[{"href":"https:\/\/www.ufsm.br\/coronavirus\/wp-json\/wp\/v2\/pages\/3009","targetHints":{"allow":["GET"]}}],"collection":[{"href":"https:\/\/www.ufsm.br\/coronavirus\/wp-json\/wp\/v2\/pages"}],"about":[{"href":"https:\/\/www.ufsm.br\/coronavirus\/wp-json\/wp\/v2\/types\/page"}],"author":[{"embeddable":true,"href":"https:\/\/www.ufsm.br\/coronavirus\/wp-json\/wp\/v2\/users\/867"}],"replies":[{"embeddable":true,"href":"https:\/\/www.ufsm.br\/coronavirus\/wp-json\/wp\/v2\/comments?post=3009"}],"version-history":[{"count":0,"href":"https:\/\/www.ufsm.br\/coronavirus\/wp-json\/wp\/v2\/pages\/3009\/revisions"}],"up":[{"embeddable":true,"href":"https:\/\/www.ufsm.br\/coronavirus\/wp-json\/wp\/v2\/pages\/2905"}],"wp:attachment":[{"href":"https:\/\/www.ufsm.br\/coronavirus\/wp-json\/wp\/v2\/media?parent=3009"}],"wp:term":[{"taxonomy":"category","embeddable":true,"href":"https:\/\/www.ufsm.br\/coronavirus\/wp-json\/wp\/v2\/categories?post=3009"},{"taxonomy":"post_tag","embeddable":true,"href":"https:\/\/www.ufsm.br\/coronavirus\/wp-json\/wp\/v2\/tags?post=3009"}],"curies":[{"name":"wp","href":"https:\/\/api.w.org\/{rel}","templated":true}]}}