{"id":363,"date":"2020-05-04T15:04:52","date_gmt":"2020-05-04T18:04:52","guid":{"rendered":"https:\/\/www.ufsm.br\/coronavirus\/?page_id=363"},"modified":"2021-09-16T08:04:33","modified_gmt":"2021-09-16T11:04:33","slug":"relatorios-tecnicos","status":"publish","type":"page","link":"https:\/\/www.ufsm.br\/coronavirus\/relatorios-tecnicos","title":{"rendered":"Relat\u00f3rios Cient\u00edficos"},"content":{"rendered":"\t\t<div data-elementor-type=\"wp-page\" data-elementor-id=\"363\" class=\"elementor elementor-363\">\n\t\t\t\t\t\t<section class=\"elementor-section elementor-top-section elementor-element elementor-element-890bb50 elementor-section-boxed elementor-section-height-default elementor-section-height-default\" data-id=\"890bb50\" data-element_type=\"section\">\n\t\t\t\t\t\t<div class=\"elementor-container elementor-column-gap-default\">\n\t\t\t\t\t<div class=\"elementor-column elementor-col-20 elementor-top-column elementor-element elementor-element-89b1361\" data-id=\"89b1361\" data-element_type=\"column\">\n\t\t\t<div class=\"elementor-widget-wrap elementor-element-populated\">\n\t\t\t\t\t\t<div class=\"elementor-element elementor-element-6199ac1 elementor-align-justify elementor-widget elementor-widget-button\" data-id=\"6199ac1\" data-element_type=\"widget\" data-widget_type=\"button.default\">\n\t\t\t\t<div class=\"elementor-widget-container\">\n\t\t\t\t\t\t\t<div class=\"elementor-button-wrapper\">\n\t\t\t\t\t<a class=\"elementor-button elementor-button-link elementor-size-md\" href=\"https:\/\/www.ufsm.br\/coronavirus\/santa-maria\">\n\t\t\t\t\t\t<span class=\"elementor-button-content-wrapper\">\n\t\t\t\t\t\t\t\t\t<span class=\"elementor-button-text\">Santa Maria<\/span>\n\t\t\t\t\t<\/span>\n\t\t\t\t\t<\/a>\n\t\t\t\t<\/div>\n\t\t\t\t\t\t<\/div>\n\t\t\t\t<\/div>\n\t\t\t\t\t<\/div>\n\t\t<\/div>\n\t\t\t\t<div class=\"elementor-column elementor-col-20 elementor-top-column elementor-element elementor-element-1bbfe88\" data-id=\"1bbfe88\" data-element_type=\"column\">\n\t\t\t<div class=\"elementor-widget-wrap elementor-element-populated\">\n\t\t\t\t\t\t<div class=\"elementor-element elementor-element-a2c7a40 elementor-align-justify elementor-widget elementor-widget-button\" data-id=\"a2c7a40\" data-element_type=\"widget\" data-widget_type=\"button.default\">\n\t\t\t\t<div class=\"elementor-widget-container\">\n\t\t\t\t\t\t\t<div class=\"elementor-button-wrapper\">\n\t\t\t\t\t<a class=\"elementor-button elementor-button-link elementor-size-md\" href=\"https:\/\/www.ufsm.br\/coronavirus\/campi-ufsm\/\">\n\t\t\t\t\t\t<span class=\"elementor-button-content-wrapper\">\n\t\t\t\t\t\t\t\t\t<span class=\"elementor-button-text\">Campi UFSM<\/span>\n\t\t\t\t\t<\/span>\n\t\t\t\t\t<\/a>\n\t\t\t\t<\/div>\n\t\t\t\t\t\t<\/div>\n\t\t\t\t<\/div>\n\t\t\t\t\t<\/div>\n\t\t<\/div>\n\t\t\t\t<div class=\"elementor-column elementor-col-20 elementor-top-column elementor-element elementor-element-9ccb2e5\" data-id=\"9ccb2e5\" data-element_type=\"column\">\n\t\t\t<div class=\"elementor-widget-wrap elementor-element-populated\">\n\t\t\t\t\t\t<div class=\"elementor-element elementor-element-5f5ab16 elementor-align-justify elementor-widget elementor-widget-button\" data-id=\"5f5ab16\" data-element_type=\"widget\" data-widget_type=\"button.default\">\n\t\t\t\t<div class=\"elementor-widget-container\">\n\t\t\t\t\t\t\t<div class=\"elementor-button-wrapper\">\n\t\t\t\t\t<a class=\"elementor-button elementor-button-link elementor-size-md\" href=\"https:\/\/www.ufsm.br\/coronavirus\/4a-crs\/\">\n\t\t\t\t\t\t<span class=\"elementor-button-content-wrapper\">\n\t\t\t\t\t\t\t\t\t<span class=\"elementor-button-text\">4\u00aa CRS<\/span>\n\t\t\t\t\t<\/span>\n\t\t\t\t\t<\/a>\n\t\t\t\t<\/div>\n\t\t\t\t\t\t<\/div>\n\t\t\t\t<\/div>\n\t\t\t\t\t<\/div>\n\t\t<\/div>\n\t\t\t\t<div class=\"elementor-column elementor-col-20 elementor-top-column elementor-element elementor-element-c304c87\" data-id=\"c304c87\" data-element_type=\"column\">\n\t\t\t<div class=\"elementor-widget-wrap elementor-element-populated\">\n\t\t\t\t\t\t<div class=\"elementor-element elementor-element-4da4af2 elementor-align-justify elementor-widget elementor-widget-button\" data-id=\"4da4af2\" data-element_type=\"widget\" data-widget_type=\"button.default\">\n\t\t\t\t<div class=\"elementor-widget-container\">\n\t\t\t\t\t\t\t<div class=\"elementor-button-wrapper\">\n\t\t\t\t\t<a class=\"elementor-button elementor-button-link elementor-size-md\" href=\"https:\/\/www.ufsm.br\/coronavirus\/rio-grande-do-sul\/\">\n\t\t\t\t\t\t<span class=\"elementor-button-content-wrapper\">\n\t\t\t\t\t\t\t\t\t<span class=\"elementor-button-text\">Rio Grande do Sul<\/span>\n\t\t\t\t\t<\/span>\n\t\t\t\t\t<\/a>\n\t\t\t\t<\/div>\n\t\t\t\t\t\t<\/div>\n\t\t\t\t<\/div>\n\t\t\t\t\t<\/div>\n\t\t<\/div>\n\t\t\t\t<div class=\"elementor-column elementor-col-20 elementor-top-column elementor-element elementor-element-769b0a6\" data-id=\"769b0a6\" data-element_type=\"column\">\n\t\t\t<div class=\"elementor-widget-wrap elementor-element-populated\">\n\t\t\t\t\t\t<div class=\"elementor-element elementor-element-571226f elementor-align-justify elementor-widget elementor-widget-button\" data-id=\"571226f\" data-element_type=\"widget\" data-widget_type=\"button.default\">\n\t\t\t\t<div class=\"elementor-widget-container\">\n\t\t\t\t\t\t\t<div class=\"elementor-button-wrapper\">\n\t\t\t\t\t<a class=\"elementor-button elementor-button-link elementor-size-md\" href=\"https:\/\/www.ufsm.br\/coronavirus\/brasil\/\">\n\t\t\t\t\t\t<span class=\"elementor-button-content-wrapper\">\n\t\t\t\t\t\t\t\t\t<span class=\"elementor-button-text\">Brasil<\/span>\n\t\t\t\t\t<\/span>\n\t\t\t\t\t<\/a>\n\t\t\t\t<\/div>\n\t\t\t\t\t\t<\/div>\n\t\t\t\t<\/div>\n\t\t\t\t\t<\/div>\n\t\t<\/div>\n\t\t\t\t\t<\/div>\n\t\t<\/section>\n\t\t\t\t<section class=\"elementor-section elementor-top-section elementor-element elementor-element-a290c23 elementor-section-boxed elementor-section-height-default elementor-section-height-default\" data-id=\"a290c23\" data-element_type=\"section\">\n\t\t\t\t\t\t<div class=\"elementor-container elementor-column-gap-default\">\n\t\t\t\t\t<div class=\"elementor-column elementor-col-33 elementor-top-column elementor-element elementor-element-5eece4e\" data-id=\"5eece4e\" data-element_type=\"column\">\n\t\t\t<div class=\"elementor-widget-wrap elementor-element-populated\">\n\t\t\t\t\t\t<div class=\"elementor-element elementor-element-d4cef30 elementor-align-justify elementor-widget elementor-widget-button\" data-id=\"d4cef30\" data-element_type=\"widget\" data-widget_type=\"button.default\">\n\t\t\t\t<div class=\"elementor-widget-container\">\n\t\t\t\t\t\t\t<div class=\"elementor-button-wrapper\">\n\t\t\t\t\t<a class=\"elementor-button elementor-button-link elementor-size-md\" href=\"https:\/\/www.ufsm.br\/coronavirus\/relatorios-tecnicos\/\">\n\t\t\t\t\t\t<span class=\"elementor-button-content-wrapper\">\n\t\t\t\t\t\t\t\t\t<span class=\"elementor-button-text\">Relat\u00f3rios T\u00e9cnicos<\/span>\n\t\t\t\t\t<\/span>\n\t\t\t\t\t<\/a>\n\t\t\t\t<\/div>\n\t\t\t\t\t\t<\/div>\n\t\t\t\t<\/div>\n\t\t\t\t\t<\/div>\n\t\t<\/div>\n\t\t\t\t<div class=\"elementor-column elementor-col-33 elementor-top-column elementor-element elementor-element-d1091e5\" data-id=\"d1091e5\" data-element_type=\"column\">\n\t\t\t<div class=\"elementor-widget-wrap elementor-element-populated\">\n\t\t\t\t\t\t<div class=\"elementor-element elementor-element-7c43a2a elementor-align-justify elementor-widget elementor-widget-button\" data-id=\"7c43a2a\" data-element_type=\"widget\" data-widget_type=\"button.default\">\n\t\t\t\t<div class=\"elementor-widget-container\">\n\t\t\t\t\t\t\t<div class=\"elementor-button-wrapper\">\n\t\t\t\t\t<a class=\"elementor-button elementor-button-link elementor-size-md\" href=\"https:\/\/www.ufsm.br\/coronavirus\/relatorios-cientificos\/\">\n\t\t\t\t\t\t<span class=\"elementor-button-content-wrapper\">\n\t\t\t\t\t\t\t\t\t<span class=\"elementor-button-text\">Relat\u00f3rios Cient\u00edficos<\/span>\n\t\t\t\t\t<\/span>\n\t\t\t\t\t<\/a>\n\t\t\t\t<\/div>\n\t\t\t\t\t\t<\/div>\n\t\t\t\t<\/div>\n\t\t\t\t\t<\/div>\n\t\t<\/div>\n\t\t\t\t<div class=\"elementor-column elementor-col-33 elementor-top-column elementor-element elementor-element-dbf58aa\" data-id=\"dbf58aa\" data-element_type=\"column\">\n\t\t\t<div class=\"elementor-widget-wrap elementor-element-populated\">\n\t\t\t\t\t\t<div class=\"elementor-element elementor-element-8aedc1b elementor-align-justify elementor-widget elementor-widget-button\" data-id=\"8aedc1b\" data-element_type=\"widget\" data-widget_type=\"button.default\">\n\t\t\t\t<div class=\"elementor-widget-container\">\n\t\t\t\t\t\t\t<div class=\"elementor-button-wrapper\">\n\t\t\t\t\t<a class=\"elementor-button elementor-button-link elementor-size-md\" href=\"https:\/\/www.ufsm.br\/coronavirus\/simulador\/\">\n\t\t\t\t\t\t<span class=\"elementor-button-content-wrapper\">\n\t\t\t\t\t\t\t\t\t<span class=\"elementor-button-text\">Simulador<\/span>\n\t\t\t\t\t<\/span>\n\t\t\t\t\t<\/a>\n\t\t\t\t<\/div>\n\t\t\t\t\t\t<\/div>\n\t\t\t\t<\/div>\n\t\t\t\t\t<\/div>\n\t\t<\/div>\n\t\t\t\t\t<\/div>\n\t\t<\/section>\n\t\t\t\t<section class=\"elementor-section elementor-top-section elementor-element elementor-element-30f4c71 elementor-section-boxed elementor-section-height-default elementor-section-height-default\" data-id=\"30f4c71\" data-element_type=\"section\">\n\t\t\t\t\t\t<div class=\"elementor-container elementor-column-gap-default\">\n\t\t\t\t\t<div class=\"elementor-column elementor-col-33 elementor-top-column elementor-element elementor-element-0576097\" data-id=\"0576097\" data-element_type=\"column\">\n\t\t\t<div class=\"elementor-widget-wrap elementor-element-populated\">\n\t\t\t\t\t\t<div class=\"elementor-element elementor-element-4b38ff5 elementor-align-justify elementor-widget elementor-widget-button\" data-id=\"4b38ff5\" data-element_type=\"widget\" data-widget_type=\"button.default\">\n\t\t\t\t<div class=\"elementor-widget-container\">\n\t\t\t\t\t\t\t<div class=\"elementor-button-wrapper\">\n\t\t\t\t\t<a class=\"elementor-button elementor-button-link elementor-size-md\" href=\"https:\/\/www.ufsm.br\/coronavirus\/equipe\/\">\n\t\t\t\t\t\t<span class=\"elementor-button-content-wrapper\">\n\t\t\t\t\t\t\t\t\t<span class=\"elementor-button-text\">Equipe<\/span>\n\t\t\t\t\t<\/span>\n\t\t\t\t\t<\/a>\n\t\t\t\t<\/div>\n\t\t\t\t\t\t<\/div>\n\t\t\t\t<\/div>\n\t\t\t\t\t<\/div>\n\t\t<\/div>\n\t\t\t\t<div class=\"elementor-column elementor-col-33 elementor-top-column elementor-element elementor-element-6e4e64b\" data-id=\"6e4e64b\" data-element_type=\"column\">\n\t\t\t<div class=\"elementor-widget-wrap elementor-element-populated\">\n\t\t\t\t\t\t<div class=\"elementor-element elementor-element-34d6278 elementor-align-justify elementor-widget elementor-widget-button\" data-id=\"34d6278\" data-element_type=\"widget\" data-widget_type=\"button.default\">\n\t\t\t\t<div class=\"elementor-widget-container\">\n\t\t\t\t\t\t\t<div class=\"elementor-button-wrapper\">\n\t\t\t\t\t<a class=\"elementor-button elementor-button-link elementor-size-md\" href=\"https:\/\/www.ufsm.br\/coronavirus\/vocabulario-da-pandemia-do-novo-coronavirus\/\">\n\t\t\t\t\t\t<span class=\"elementor-button-content-wrapper\">\n\t\t\t\t\t\t\t\t\t<span class=\"elementor-button-text\">Vocabul\u00e1rio<\/span>\n\t\t\t\t\t<\/span>\n\t\t\t\t\t<\/a>\n\t\t\t\t<\/div>\n\t\t\t\t\t\t<\/div>\n\t\t\t\t<\/div>\n\t\t\t\t\t<\/div>\n\t\t<\/div>\n\t\t\t\t<div class=\"elementor-column elementor-col-33 elementor-top-column elementor-element elementor-element-1276d4f\" data-id=\"1276d4f\" data-element_type=\"column\">\n\t\t\t<div class=\"elementor-widget-wrap elementor-element-populated\">\n\t\t\t\t\t\t<div class=\"elementor-element elementor-element-2369c2b elementor-align-justify elementor-widget elementor-widget-button\" data-id=\"2369c2b\" data-element_type=\"widget\" data-widget_type=\"button.default\">\n\t\t\t\t<div class=\"elementor-widget-container\">\n\t\t\t\t\t\t\t<div class=\"elementor-button-wrapper\">\n\t\t\t\t\t<a class=\"elementor-button elementor-button-link elementor-size-md\" href=\"https:\/\/www.ufsm.br\/coronavirus\/links-das-fontes-de-informacao\/\">\n\t\t\t\t\t\t<span class=\"elementor-button-content-wrapper\">\n\t\t\t\t\t\t\t\t\t<span class=\"elementor-button-text\">Fontes de informa\u00e7\u00e3o<\/span>\n\t\t\t\t\t<\/span>\n\t\t\t\t\t<\/a>\n\t\t\t\t<\/div>\n\t\t\t\t\t\t<\/div>\n\t\t\t\t<\/div>\n\t\t\t\t\t<\/div>\n\t\t<\/div>\n\t\t\t\t\t<\/div>\n\t\t<\/section>\n\t\t\t\t<section class=\"elementor-section elementor-top-section elementor-element elementor-element-340bcd9 elementor-section-boxed elementor-section-height-default elementor-section-height-default\" data-id=\"340bcd9\" data-element_type=\"section\">\n\t\t\t\t\t\t<div class=\"elementor-container elementor-column-gap-default\">\n\t\t\t\t\t<div class=\"elementor-column elementor-col-100 elementor-top-column elementor-element elementor-element-4a2faae\" data-id=\"4a2faae\" data-element_type=\"column\">\n\t\t\t<div class=\"elementor-widget-wrap elementor-element-populated\">\n\t\t\t\t\t\t<div class=\"elementor-element elementor-element-852f25f elementor-widget elementor-widget-text-editor\" data-id=\"852f25f\" data-element_type=\"widget\" data-widget_type=\"text-editor.default\">\n\t\t\t\t<div class=\"elementor-widget-container\">\n\t\t\t\t\t\t\t<p><strong>E-BOOK:<\/strong><\/p><p><a href=\"https:\/\/www.ufsm.br\/app\/uploads\/sites\/820\/2021\/03\/Os-contextos-geograficos-da-COVID-19.pdf\">Os contextos geogr\u00e1ficos da COVID-19<\/a><\/p><p><strong>ARTIGOS EM PERI\u00d3DICOS:<\/strong><\/p><p><a href=\"http:\/\/periodicos.pucminas.br\/index.php\/geografia\/article\/view\/26875\">A COVID-19 em mapas tem\u00e1ticos: a compreens\u00e3o espacial dos \u00f3bitos em Santa Maria, RS, em 2020-2021<\/a><\/p><p><a href=\"http:\/\/www.seer.ufu.br\/index.php\/hygeia\/article\/view\/54548\">Difus\u00e3o da COVID-19 nas grandes estruturas territoriais do estado do Rio Grande do Sul, Brasil<\/a><\/p><p><a href=\"https:\/\/rcgs.uvanet.br\/index.php\/RCGS\/article\/view\/686\">Difus\u00e3o espacial e interioriza\u00e7\u00e3o da COVID-19 no estado do Rio Grande do Sul<\/a><\/p><p><a href=\"https:\/\/periodicos.ufn.edu.br\/index.php\/disciplinarumCH\/article\/view\/3410\">Avalia\u00e7\u00e3o dos impactos da COVID-19 na Mortalidade por S\u00edndrome Respirat\u00f3ria Aguda Grave no estado do Rio Grande do Sul<\/a><\/p><p><a href=\"https:\/\/publicacoes.ifc.edu.br\/index.php\/metapre\/article\/view\/1314\">An\u00e1lise da infraestrutura m\u00e9dica da 4\u00aa Coordenadoria Regional de Sa\u00fade do Rio Grande do Sul (RS) e dispers\u00e3o da COVID-19<\/a><\/p><p><a href=\"https:\/\/periodicos.ufn.edu.br\/index.php\/disciplinarumCH\/article\/view\/3405\">Letramento e Cartografia Tem\u00e1tica aplicada aos dados da COVID-19: elementos pr\u00e1ticos para a doc\u00eancia em n\u00edvel b\u00e1sico<\/a><\/p><p><a href=\"https:\/\/publicacoes.ifc.edu.br\/index.php\/metapre\/article\/view\/1260\">Metodologia de geolocaliza\u00e7\u00e3o para mapeamento intraurbano de COVID-19 em Santa Maria, RS<\/a><\/p><p><a href=\"https:\/\/publicacoes.ifc.edu.br\/index.php\/metapre\/article\/view\/1334\">Metodologia para mapeamento de &#8216;sintomas&#8217; e &#8216;situa\u00e7\u00e3o dos pacientes&#8217; com casos confirmados de COVID-19 nos munic\u00edpios do estado do Rio Grande do Sul<\/a><\/p><p>\u00a0<a href=\"https:\/\/publicacoes.ifc.edu.br\/index.php\/metapre\/article\/view\/1312\">Mapeamento da COVID-19 por meio da densidade de Kernel<\/a><\/p><p>\u00a0<a href=\"http:\/\/www.seer.ufu.br\/index.php\/hygeia\/article\/view\/54554\">Evolu\u00e7\u00e3o e periferiza\u00e7\u00e3o da COVID-19 na \u00e1rea urbana de Santa Maria, RS: tra\u00e7ando padr\u00f5es espaciais<\/a><\/p><p><a href=\"https:\/\/periodicos.ufsm.br\/geografia\/article\/view\/44287\">Avalia\u00e7\u00e3o geogr\u00e1fica para risco de COVID-19\u00a0 em popula\u00e7\u00e3o a partir de 50 anos na \u00e1rea urbana de Santa Maria, RS, Brasil<\/a><\/p><p>\u00a0<a href=\"https:\/\/periodicos.ufn.edu.br\/index.php\/disciplinarumCH\/article\/view\/3395\">Quando a doen\u00e7a chega \u00e0 periferia:expans\u00e3o da COVID-19para os bairros da regi\u00e3o centro-oeste e oeste de Santa Maria, RS<\/a><\/p>\t\t\t\t\t\t<\/div>\n\t\t\t\t<\/div>\n\t\t\t\t\t<\/div>\n\t\t<\/div>\n\t\t\t\t\t<\/div>\n\t\t<\/section>\n\t\t\t\t<section class=\"elementor-section elementor-top-section elementor-element elementor-element-30ab9a4 elementor-section-boxed elementor-section-height-default elementor-section-height-default\" data-id=\"30ab9a4\" data-element_type=\"section\">\n\t\t\t\t\t\t<div class=\"elementor-container elementor-column-gap-default\">\n\t\t\t\t\t<div class=\"elementor-column elementor-col-100 elementor-top-column elementor-element elementor-element-a08bdce\" data-id=\"a08bdce\" data-element_type=\"column\">\n\t\t\t<div class=\"elementor-widget-wrap elementor-element-populated\">\n\t\t\t\t\t\t\t<\/div>\n\t\t<\/div>\n\t\t\t\t\t<\/div>\n\t\t<\/section>\n\t\t\t\t<\/div>\n\t\t","protected":false},"excerpt":{"rendered":"<p>Santa Maria Campi UFSM 4\u00aa CRS Rio Grande do Sul Brasil Relat\u00f3rios T\u00e9cnicos Relat\u00f3rios Cient\u00edficos Simulador Equipe Vocabul\u00e1rio Fontes de informa\u00e7\u00e3o E-BOOK: Os contextos geogr\u00e1ficos da COVID-19 ARTIGOS EM PERI\u00d3DICOS: A COVID-19 em mapas tem\u00e1ticos: a compreens\u00e3o espacial dos \u00f3bitos em Santa Maria, RS, em 2020-2021 Difus\u00e3o da COVID-19 nas grandes estruturas territoriais do estado [&hellip;]<\/p>\n","protected":false},"author":538,"featured_media":0,"parent":0,"menu_order":0,"comment_status":"closed","ping_status":"closed","template":"","meta":{"footnotes":""},"categories":[],"tags":[],"class_list":["post-363","page","type-page","status-publish","hentry"],"acf":[],"_links":{"self":[{"href":"https:\/\/www.ufsm.br\/coronavirus\/wp-json\/wp\/v2\/pages\/363","targetHints":{"allow":["GET"]}}],"collection":[{"href":"https:\/\/www.ufsm.br\/coronavirus\/wp-json\/wp\/v2\/pages"}],"about":[{"href":"https:\/\/www.ufsm.br\/coronavirus\/wp-json\/wp\/v2\/types\/page"}],"author":[{"embeddable":true,"href":"https:\/\/www.ufsm.br\/coronavirus\/wp-json\/wp\/v2\/users\/538"}],"replies":[{"embeddable":true,"href":"https:\/\/www.ufsm.br\/coronavirus\/wp-json\/wp\/v2\/comments?post=363"}],"version-history":[{"count":0,"href":"https:\/\/www.ufsm.br\/coronavirus\/wp-json\/wp\/v2\/pages\/363\/revisions"}],"wp:attachment":[{"href":"https:\/\/www.ufsm.br\/coronavirus\/wp-json\/wp\/v2\/media?parent=363"}],"wp:term":[{"taxonomy":"category","embeddable":true,"href":"https:\/\/www.ufsm.br\/coronavirus\/wp-json\/wp\/v2\/categories?post=363"},{"taxonomy":"post_tag","embeddable":true,"href":"https:\/\/www.ufsm.br\/coronavirus\/wp-json\/wp\/v2\/tags?post=363"}],"curies":[{"name":"wp","href":"https:\/\/api.w.org\/{rel}","templated":true}]}}