{"id":4529,"date":"2021-03-24T10:11:03","date_gmt":"2021-03-24T13:11:03","guid":{"rendered":"https:\/\/www.ufsm.br\/coronavirus\/?page_id=4529"},"modified":"2021-10-19T16:36:53","modified_gmt":"2021-10-19T19:36:53","slug":"cartazes-de-orientacao","status":"publish","type":"page","link":"https:\/\/www.ufsm.br\/coronavirus\/cartazes-de-orientacao","title":{"rendered":"Cartazes de Orienta\u00e7\u00e3o"},"content":{"rendered":"\t\t<div data-elementor-type=\"wp-page\" data-elementor-id=\"4529\" class=\"elementor elementor-4529\">\n\t\t\t\t\t\t<section class=\"elementor-section elementor-top-section elementor-element elementor-element-f27d54e elementor-section-boxed elementor-section-height-default elementor-section-height-default\" data-id=\"f27d54e\" data-element_type=\"section\">\n\t\t\t\t\t\t<div class=\"elementor-container elementor-column-gap-default\">\n\t\t\t\t\t<div class=\"elementor-column elementor-col-100 elementor-top-column elementor-element elementor-element-551ed74\" data-id=\"551ed74\" data-element_type=\"column\">\n\t\t\t<div class=\"elementor-widget-wrap elementor-element-populated\">\n\t\t\t\t\t\t<div class=\"elementor-element elementor-element-516f67e elementor-widget elementor-widget-image\" data-id=\"516f67e\" data-element_type=\"widget\" data-widget_type=\"image.default\">\n\t\t\t\t<div class=\"elementor-widget-container\">\n\t\t\t\t\t\t\t\t\t\t\t\t\t<img fetchpriority=\"high\" decoding=\"async\" width=\"1921\" height=\"507\" src=\"https:\/\/www.ufsm.br\/app\/uploads\/sites\/820\/2021\/09\/Banner-COE-E-UFSM.jpg\" class=\"attachment-full size-full wp-image-4823\" alt=\"Centro de Opera\u00e7\u00f5es de Emerg\u00eancia em Sa\u00fade para Educa\u00e7\u00e3o \u2013 COVID 19 \u2013 UFSM\" srcset=\"https:\/\/www.ufsm.br\/app\/uploads\/sites\/820\/2021\/09\/Banner-COE-E-UFSM.jpg 1921w, https:\/\/www.ufsm.br\/app\/uploads\/sites\/820\/2021\/09\/Banner-COE-E-UFSM-300x79.jpg 300w, https:\/\/www.ufsm.br\/app\/uploads\/sites\/820\/2021\/09\/Banner-COE-E-UFSM-1024x270.jpg 1024w, https:\/\/www.ufsm.br\/app\/uploads\/sites\/820\/2021\/09\/Banner-COE-E-UFSM-768x203.jpg 768w, https:\/\/www.ufsm.br\/app\/uploads\/sites\/820\/2021\/09\/Banner-COE-E-UFSM-1536x405.jpg 1536w\" sizes=\"(max-width: 1921px) 100vw, 1921px\" \/>\t\t\t\t\t\t\t\t\t\t\t\t\t<\/div>\n\t\t\t\t<\/div>\n\t\t\t\t\t<\/div>\n\t\t<\/div>\n\t\t\t\t\t<\/div>\n\t\t<\/section>\n\t\t\t\t<section class=\"elementor-section elementor-top-section elementor-element elementor-element-05ebec0 elementor-section-boxed elementor-section-height-default elementor-section-height-default\" data-id=\"05ebec0\" data-element_type=\"section\">\n\t\t\t\t\t\t<div class=\"elementor-container elementor-column-gap-default\">\n\t\t\t\t\t<div class=\"elementor-column elementor-col-33 elementor-top-column elementor-element elementor-element-675d046\" data-id=\"675d046\" data-element_type=\"column\">\n\t\t\t<div class=\"elementor-widget-wrap\">\n\t\t\t\t\t\t\t<\/div>\n\t\t<\/div>\n\t\t\t\t<div class=\"elementor-column elementor-col-33 elementor-top-column elementor-element elementor-element-83f17bc\" data-id=\"83f17bc\" data-element_type=\"column\">\n\t\t\t<div class=\"elementor-widget-wrap elementor-element-populated\">\n\t\t\t\t\t\t<div class=\"elementor-element elementor-element-fd21b23 elementor-widget elementor-widget-heading\" data-id=\"fd21b23\" data-element_type=\"widget\" data-widget_type=\"heading.default\">\n\t\t\t\t<div class=\"elementor-widget-container\">\n\t\t\t<h1 class=\"elementor-heading-title elementor-size-default\">Cartazes de Orienta\u00e7\u00e3o\n<\/h1>\t\t<\/div>\n\t\t\t\t<\/div>\n\t\t\t\t\t<\/div>\n\t\t<\/div>\n\t\t\t\t<div class=\"elementor-column elementor-col-33 elementor-top-column elementor-element elementor-element-59c2f44\" data-id=\"59c2f44\" data-element_type=\"column\">\n\t\t\t<div class=\"elementor-widget-wrap\">\n\t\t\t\t\t\t\t<\/div>\n\t\t<\/div>\n\t\t\t\t\t<\/div>\n\t\t<\/section>\n\t\t\t\t<section class=\"elementor-section elementor-top-section elementor-element elementor-element-199f8ee elementor-section-boxed elementor-section-height-default elementor-section-height-default\" data-id=\"199f8ee\" data-element_type=\"section\">\n\t\t\t\t\t\t<div class=\"elementor-container elementor-column-gap-default\">\n\t\t\t\t\t<div class=\"elementor-column elementor-col-50 elementor-top-column elementor-element elementor-element-4e99c4c\" data-id=\"4e99c4c\" data-element_type=\"column\">\n\t\t\t<div class=\"elementor-widget-wrap elementor-element-populated\">\n\t\t\t\t\t\t<div class=\"elementor-element elementor-element-56b5e60 elementor-widget elementor-widget-heading\" data-id=\"56b5e60\" data-element_type=\"widget\" data-widget_type=\"heading.default\">\n\t\t\t\t<div class=\"elementor-widget-container\">\n\t\t\t<h4 class=\"elementor-heading-title elementor-size-default\">Informa\u00e7\u00f5es gerais<\/h4>\t\t<\/div>\n\t\t\t\t<\/div>\n\t\t\t\t<div class=\"elementor-element elementor-element-47ba590 elementor-align-center elementor-icon-list--layout-traditional elementor-list-item-link-full_width elementor-widget elementor-widget-icon-list\" data-id=\"47ba590\" data-element_type=\"widget\" data-widget_type=\"icon-list.default\">\n\t\t\t\t<div class=\"elementor-widget-container\">\n\t\t\t\t\t<ul class=\"elementor-icon-list-items\">\n\t\t\t\t\t\t\t<li class=\"elementor-icon-list-item\">\n\t\t\t\t\t\t\t\t\t\t\t<a href=\"https:\/\/www.ufsm.br\/coronavirus\/cbio\/\">\n\n\t\t\t\t\t\t\t\t\t\t\t<span class=\"elementor-icon-list-text\">In\u00edcio<\/span>\n\t\t\t\t\t\t\t\t\t\t\t<\/a>\n\t\t\t\t\t\t\t\t\t<\/li>\n\t\t\t\t\t\t\t\t<li class=\"elementor-icon-list-item\">\n\t\t\t\t\t\t\t\t\t\t\t<a href=\"https:\/\/www.ufsm.br\/coronavirus\/cbio\/comissoes-setoriais\/\">\n\n\t\t\t\t\t\t\t\t\t\t\t<span class=\"elementor-icon-list-text\">Comiss\u00f5es Setoriais<\/span>\n\t\t\t\t\t\t\t\t\t\t\t<\/a>\n\t\t\t\t\t\t\t\t\t<\/li>\n\t\t\t\t\t\t\t\t<li class=\"elementor-icon-list-item\">\n\t\t\t\t\t\t\t\t\t\t\t<a href=\"https:\/\/www.ufsm.br\/coronavirus\/cbio\/instrucoes-normativas\/\">\n\n\t\t\t\t\t\t\t\t\t\t\t<span class=\"elementor-icon-list-text\">Instru\u00e7\u00f5es Normativas<\/span>\n\t\t\t\t\t\t\t\t\t\t\t<\/a>\n\t\t\t\t\t\t\t\t\t<\/li>\n\t\t\t\t\t\t\t\t<li class=\"elementor-icon-list-item\">\n\t\t\t\t\t\t\t\t\t\t\t<a href=\"https:\/\/www.ufsm.br\/coronavirus\/cbio\/manual-de-biosseguranca\/\">\n\n\t\t\t\t\t\t\t\t\t\t\t<span class=\"elementor-icon-list-text\">Manual de Biosseguran\u00e7a<\/span>\n\t\t\t\t\t\t\t\t\t\t\t<\/a>\n\t\t\t\t\t\t\t\t\t<\/li>\n\t\t\t\t\t\t\t\t<li class=\"elementor-icon-list-item\">\n\t\t\t\t\t\t\t\t\t\t\t<a href=\"https:\/\/www.ufsm.br\/coronavirus\/cbio\/membros\/\">\n\n\t\t\t\t\t\t\t\t\t\t\t<span class=\"elementor-icon-list-text\">Membros<\/span>\n\t\t\t\t\t\t\t\t\t\t\t<\/a>\n\t\t\t\t\t\t\t\t\t<\/li>\n\t\t\t\t\t\t\t\t<li class=\"elementor-icon-list-item\">\n\t\t\t\t\t\t\t\t\t\t\t<a href=\"https:\/\/www.ufsm.br\/coronavirus\/cbio\/videos\/\">\n\n\t\t\t\t\t\t\t\t\t\t\t<span class=\"elementor-icon-list-text\">Materiais Educativos<\/span>\n\t\t\t\t\t\t\t\t\t\t\t<\/a>\n\t\t\t\t\t\t\t\t\t<\/li>\n\t\t\t\t\t\t\t\t<li class=\"elementor-icon-list-item\">\n\t\t\t\t\t\t\t\t\t\t\t<a href=\"https:\/\/www.ufsm.br\/coronavirus\/orientacoes-governamentais\/\">\n\n\t\t\t\t\t\t\t\t\t\t\t<span class=\"elementor-icon-list-text\">Orienta\u00e7\u00f5es Governamentais<\/span>\n\t\t\t\t\t\t\t\t\t\t\t<\/a>\n\t\t\t\t\t\t\t\t\t<\/li>\n\t\t\t\t\t\t\t\t<li class=\"elementor-icon-list-item\">\n\t\t\t\t\t\t\t\t\t\t\t<a href=\"https:\/\/www.ufsm.br\/coronavirus\/cartazes-de-orientacao\/\">\n\n\t\t\t\t\t\t\t\t\t\t\t<span class=\"elementor-icon-list-text\">Cartazes de Orienta\u00e7\u00e3o<br><\/span>\n\t\t\t\t\t\t\t\t\t\t\t<\/a>\n\t\t\t\t\t\t\t\t\t<\/li>\n\t\t\t\t\t\t\t\t<li class=\"elementor-icon-list-item\">\n\t\t\t\t\t\t\t\t\t\t\t<a href=\"https:\/\/www.ufsm.br\/coronavirus\/atas-das-reunioes-do-coe-e-ufsm\/\">\n\n\t\t\t\t\t\t\t\t\t\t\t<span class=\"elementor-icon-list-text\">Atas das Reuni\u00f5es do COE-E UFSM<\/span>\n\t\t\t\t\t\t\t\t\t\t\t<\/a>\n\t\t\t\t\t\t\t\t\t<\/li>\n\t\t\t\t\t\t\t\t<li class=\"elementor-icon-list-item\">\n\t\t\t\t\t\t\t\t\t\t\t<a href=\"https:\/\/www.ufsm.br\/coronavirus\/cbio\/formulario-padrao-para-atividades-presenciais-em-carater-de-excepcionalidade\/\">\n\n\t\t\t\t\t\t\t\t\t\t\t<span class=\"elementor-icon-list-text\">Formul\u00e1rio Padr\u00e3o para atividades presenciais em car\u00e1ter de excepcionalidade<\/span>\n\t\t\t\t\t\t\t\t\t\t\t<\/a>\n\t\t\t\t\t\t\t\t\t<\/li>\n\t\t\t\t\t\t<\/ul>\n\t\t\t\t<\/div>\n\t\t\t\t<\/div>\n\t\t\t\t\t<\/div>\n\t\t<\/div>\n\t\t\t\t<div class=\"elementor-column elementor-col-50 elementor-top-column elementor-element elementor-element-700201b\" data-id=\"700201b\" data-element_type=\"column\">\n\t\t\t<div class=\"elementor-widget-wrap elementor-element-populated\">\n\t\t\t\t\t\t<div class=\"elementor-element elementor-element-ad9765f elementor-widget elementor-widget-image\" data-id=\"ad9765f\" data-element_type=\"widget\" data-widget_type=\"image.default\">\n\t\t\t\t<div class=\"elementor-widget-container\">\n\t\t\t\t\t\t\t\t\t\t<figure class=\"wp-caption\">\n\t\t\t\t\t\t\t\t\t\t\t<a href=\"https:\/\/www.ufsm.br\/app\/uploads\/sites\/820\/2021\/09\/Cartazes-Biosseguranca-2.pdf\">\n\t\t\t\t\t\t\t<img decoding=\"async\" width=\"767\" height=\"1024\" src=\"https:\/\/www.ufsm.br\/app\/uploads\/sites\/820\/2021\/09\/cartazes-coronavirus-767x1024.jpg\" class=\"attachment-large size-large wp-image-4824\" alt=\"\" srcset=\"https:\/\/www.ufsm.br\/app\/uploads\/sites\/820\/2021\/09\/cartazes-coronavirus-767x1024.jpg 767w, https:\/\/www.ufsm.br\/app\/uploads\/sites\/820\/2021\/09\/cartazes-coronavirus-225x300.jpg 225w, https:\/\/www.ufsm.br\/app\/uploads\/sites\/820\/2021\/09\/cartazes-coronavirus-768x1025.jpg 768w, https:\/\/www.ufsm.br\/app\/uploads\/sites\/820\/2021\/09\/cartazes-coronavirus.jpg 1114w\" sizes=\"(max-width: 767px) 100vw, 767px\" \/>\t\t\t\t\t\t\t\t<\/a>\n\t\t\t\t\t\t\t\t\t\t\t<figcaption class=\"widget-image-caption wp-caption-text\">Cartazes - Biosseguran\u00e7a<\/figcaption>\n\t\t\t\t\t\t\t\t\t\t<\/figure>\n\t\t\t\t\t\t\t<\/div>\n\t\t\t\t<\/div>\n\t\t\t\t\t<\/div>\n\t\t<\/div>\n\t\t\t\t\t<\/div>\n\t\t<\/section>\n\t\t\t\t<section class=\"elementor-section elementor-top-section elementor-element elementor-element-3e0fe93 elementor-section-boxed elementor-section-height-default elementor-section-height-default\" data-id=\"3e0fe93\" data-element_type=\"section\">\n\t\t\t\t\t\t<div class=\"elementor-container elementor-column-gap-default\">\n\t\t\t\t\t<div class=\"elementor-column elementor-col-100 elementor-top-column elementor-element elementor-element-4f3b2b0\" data-id=\"4f3b2b0\" data-element_type=\"column\">\n\t\t\t<div class=\"elementor-widget-wrap\">\n\t\t\t\t\t\t\t<\/div>\n\t\t<\/div>\n\t\t\t\t\t<\/div>\n\t\t<\/section>\n\t\t\t\t<\/div>\n\t\t","protected":false},"excerpt":{"rendered":"<p>Cartazes de Orienta\u00e7\u00e3o Informa\u00e7\u00f5es gerais In\u00edcio Comiss\u00f5es Setoriais Instru\u00e7\u00f5es Normativas Manual de Biosseguran\u00e7a Membros Materiais Educativos Orienta\u00e7\u00f5es Governamentais Cartazes de Orienta\u00e7\u00e3o Atas das Reuni\u00f5es do COE-E UFSM Formul\u00e1rio Padr\u00e3o para atividades presenciais em car\u00e1ter de excepcionalidade Cartazes &#8211; Biosseguran\u00e7a<\/p>\n","protected":false},"author":3904,"featured_media":0,"parent":0,"menu_order":0,"comment_status":"closed","ping_status":"closed","template":"","meta":{"footnotes":""},"categories":[],"tags":[],"class_list":["post-4529","page","type-page","status-publish","hentry"],"acf":[],"_links":{"self":[{"href":"https:\/\/www.ufsm.br\/coronavirus\/wp-json\/wp\/v2\/pages\/4529","targetHints":{"allow":["GET"]}}],"collection":[{"href":"https:\/\/www.ufsm.br\/coronavirus\/wp-json\/wp\/v2\/pages"}],"about":[{"href":"https:\/\/www.ufsm.br\/coronavirus\/wp-json\/wp\/v2\/types\/page"}],"author":[{"embeddable":true,"href":"https:\/\/www.ufsm.br\/coronavirus\/wp-json\/wp\/v2\/users\/3904"}],"replies":[{"embeddable":true,"href":"https:\/\/www.ufsm.br\/coronavirus\/wp-json\/wp\/v2\/comments?post=4529"}],"version-history":[{"count":0,"href":"https:\/\/www.ufsm.br\/coronavirus\/wp-json\/wp\/v2\/pages\/4529\/revisions"}],"wp:attachment":[{"href":"https:\/\/www.ufsm.br\/coronavirus\/wp-json\/wp\/v2\/media?parent=4529"}],"wp:term":[{"taxonomy":"category","embeddable":true,"href":"https:\/\/www.ufsm.br\/coronavirus\/wp-json\/wp\/v2\/categories?post=4529"},{"taxonomy":"post_tag","embeddable":true,"href":"https:\/\/www.ufsm.br\/coronavirus\/wp-json\/wp\/v2\/tags?post=4529"}],"curies":[{"name":"wp","href":"https:\/\/api.w.org\/{rel}","templated":true}]}}