{"id":4864,"date":"2021-10-05T18:18:01","date_gmt":"2021-10-05T21:18:01","guid":{"rendered":"https:\/\/www.ufsm.br\/coronavirus\/?page_id=4864"},"modified":"2022-05-24T13:59:26","modified_gmt":"2022-05-24T16:59:26","slug":"atas-das-reunioes-do-coe-e-ufsm","status":"publish","type":"page","link":"https:\/\/www.ufsm.br\/coronavirus\/atas-das-reunioes-do-coe-e-ufsm","title":{"rendered":"Atas das Reuni\u00f5es do COE-E UFSM"},"content":{"rendered":"\t\t<div data-elementor-type=\"wp-page\" data-elementor-id=\"4864\" class=\"elementor elementor-4864\">\n\t\t\t\t\t\t<section class=\"elementor-section elementor-top-section elementor-element elementor-element-2cf83f2b elementor-section-boxed elementor-section-height-default elementor-section-height-default\" data-id=\"2cf83f2b\" data-element_type=\"section\">\n\t\t\t\t\t\t<div class=\"elementor-container elementor-column-gap-default\">\n\t\t\t\t\t<div class=\"elementor-column elementor-col-100 elementor-top-column elementor-element elementor-element-76444e91\" data-id=\"76444e91\" data-element_type=\"column\">\n\t\t\t<div class=\"elementor-widget-wrap elementor-element-populated\">\n\t\t\t\t\t\t<div class=\"elementor-element elementor-element-7272cc33 elementor-widget elementor-widget-text-editor\" data-id=\"7272cc33\" data-element_type=\"widget\" data-widget_type=\"text-editor.default\">\n\t\t\t\t<div class=\"elementor-widget-container\">\n\t\t\t\t\t\t\t<!-- wp:tadv\/classic-paragraph \/-->\t\t\t\t\t\t<\/div>\n\t\t\t\t<\/div>\n\t\t\t\t\t<\/div>\n\t\t<\/div>\n\t\t\t\t\t<\/div>\n\t\t<\/section>\n\t\t\t\t<section class=\"elementor-section elementor-top-section elementor-element elementor-element-74a3865 elementor-section-boxed elementor-section-height-default elementor-section-height-default\" data-id=\"74a3865\" data-element_type=\"section\">\n\t\t\t\t\t\t<div class=\"elementor-container elementor-column-gap-default\">\n\t\t\t\t\t<div class=\"elementor-column elementor-col-33 elementor-top-column elementor-element elementor-element-8562fb4\" data-id=\"8562fb4\" data-element_type=\"column\">\n\t\t\t<div class=\"elementor-widget-wrap elementor-element-populated\">\n\t\t\t\t\t\t<div class=\"elementor-element elementor-element-d90a46f elementor-widget elementor-widget-heading\" data-id=\"d90a46f\" data-element_type=\"widget\" data-widget_type=\"heading.default\">\n\t\t\t\t<div class=\"elementor-widget-container\">\n\t\t\t<h4 class=\"elementor-heading-title elementor-size-default\">Informa\u00e7\u00f5es gerais<\/h4>\t\t<\/div>\n\t\t\t\t<\/div>\n\t\t\t\t<div class=\"elementor-element elementor-element-63d65aa elementor-align-center elementor-icon-list--layout-traditional elementor-list-item-link-full_width elementor-widget elementor-widget-icon-list\" data-id=\"63d65aa\" data-element_type=\"widget\" data-widget_type=\"icon-list.default\">\n\t\t\t\t<div class=\"elementor-widget-container\">\n\t\t\t\t\t<ul class=\"elementor-icon-list-items\">\n\t\t\t\t\t\t\t<li class=\"elementor-icon-list-item\">\n\t\t\t\t\t\t\t\t\t\t\t<a href=\"https:\/\/www.ufsm.br\/coronavirus\/cbio\/\">\n\n\t\t\t\t\t\t\t\t\t\t\t<span class=\"elementor-icon-list-text\">In\u00edcio<\/span>\n\t\t\t\t\t\t\t\t\t\t\t<\/a>\n\t\t\t\t\t\t\t\t\t<\/li>\n\t\t\t\t\t\t\t\t<li class=\"elementor-icon-list-item\">\n\t\t\t\t\t\t\t\t\t\t\t<a href=\"https:\/\/www.ufsm.br\/coronavirus\/cbio\/comissoes-setoriais\/\">\n\n\t\t\t\t\t\t\t\t\t\t\t<span class=\"elementor-icon-list-text\">Comiss\u00f5es Setoriais<\/span>\n\t\t\t\t\t\t\t\t\t\t\t<\/a>\n\t\t\t\t\t\t\t\t\t<\/li>\n\t\t\t\t\t\t\t\t<li class=\"elementor-icon-list-item\">\n\t\t\t\t\t\t\t\t\t\t\t<a href=\"https:\/\/www.ufsm.br\/coronavirus\/cbio\/instrucoes-normativas\/\">\n\n\t\t\t\t\t\t\t\t\t\t\t<span class=\"elementor-icon-list-text\">Instru\u00e7\u00f5es Normativas<\/span>\n\t\t\t\t\t\t\t\t\t\t\t<\/a>\n\t\t\t\t\t\t\t\t\t<\/li>\n\t\t\t\t\t\t\t\t<li class=\"elementor-icon-list-item\">\n\t\t\t\t\t\t\t\t\t\t\t<a href=\"https:\/\/www.ufsm.br\/coronavirus\/cbio\/manual-de-biosseguranca\/\">\n\n\t\t\t\t\t\t\t\t\t\t\t<span class=\"elementor-icon-list-text\">Manual de Biosseguran\u00e7a<\/span>\n\t\t\t\t\t\t\t\t\t\t\t<\/a>\n\t\t\t\t\t\t\t\t\t<\/li>\n\t\t\t\t\t\t\t\t<li class=\"elementor-icon-list-item\">\n\t\t\t\t\t\t\t\t\t\t\t<a href=\"https:\/\/www.ufsm.br\/coronavirus\/cbio\/membros\/\">\n\n\t\t\t\t\t\t\t\t\t\t\t<span class=\"elementor-icon-list-text\">Membros<\/span>\n\t\t\t\t\t\t\t\t\t\t\t<\/a>\n\t\t\t\t\t\t\t\t\t<\/li>\n\t\t\t\t\t\t\t\t<li class=\"elementor-icon-list-item\">\n\t\t\t\t\t\t\t\t\t\t\t<a href=\"https:\/\/www.ufsm.br\/coronavirus\/cbio\/videos\/\">\n\n\t\t\t\t\t\t\t\t\t\t\t<span class=\"elementor-icon-list-text\">Materiais Educativos<\/span>\n\t\t\t\t\t\t\t\t\t\t\t<\/a>\n\t\t\t\t\t\t\t\t\t<\/li>\n\t\t\t\t\t\t\t\t<li class=\"elementor-icon-list-item\">\n\t\t\t\t\t\t\t\t\t\t\t<a href=\"https:\/\/www.ufsm.br\/coronavirus\/orientacoes-governamentais\/\">\n\n\t\t\t\t\t\t\t\t\t\t\t<span class=\"elementor-icon-list-text\">Orienta\u00e7\u00f5es Governamentais<\/span>\n\t\t\t\t\t\t\t\t\t\t\t<\/a>\n\t\t\t\t\t\t\t\t\t<\/li>\n\t\t\t\t\t\t\t\t<li class=\"elementor-icon-list-item\">\n\t\t\t\t\t\t\t\t\t\t\t<a href=\"https:\/\/www.ufsm.br\/coronavirus\/cartazes-de-orientacao\/\">\n\n\t\t\t\t\t\t\t\t\t\t\t<span class=\"elementor-icon-list-text\">Cartazes de Orienta\u00e7\u00e3o<br><\/span>\n\t\t\t\t\t\t\t\t\t\t\t<\/a>\n\t\t\t\t\t\t\t\t\t<\/li>\n\t\t\t\t\t\t\t\t<li class=\"elementor-icon-list-item\">\n\t\t\t\t\t\t\t\t\t\t\t<a href=\"https:\/\/www.ufsm.br\/coronavirus\/atas-das-reunioes-do-coe-e-ufsm\/\">\n\n\t\t\t\t\t\t\t\t\t\t\t<span class=\"elementor-icon-list-text\">Atas das Reuni\u00f5es do COE-E UFSM<\/span>\n\t\t\t\t\t\t\t\t\t\t\t<\/a>\n\t\t\t\t\t\t\t\t\t<\/li>\n\t\t\t\t\t\t\t\t<li class=\"elementor-icon-list-item\">\n\t\t\t\t\t\t\t\t\t\t\t<a href=\"https:\/\/www.ufsm.br\/coronavirus\/cbio\/formulario-padrao-para-atividades-presenciais-em-carater-de-excepcionalidade\/\">\n\n\t\t\t\t\t\t\t\t\t\t\t<span class=\"elementor-icon-list-text\">Formul\u00e1rio Padr\u00e3o para atividades presenciais em car\u00e1ter de excepcionalidade<\/span>\n\t\t\t\t\t\t\t\t\t\t\t<\/a>\n\t\t\t\t\t\t\t\t\t<\/li>\n\t\t\t\t\t\t<\/ul>\n\t\t\t\t<\/div>\n\t\t\t\t<\/div>\n\t\t\t\t\t<\/div>\n\t\t<\/div>\n\t\t\t\t<div class=\"elementor-column elementor-col-33 elementor-top-column elementor-element elementor-element-d53d484\" data-id=\"d53d484\" data-element_type=\"column\">\n\t\t\t<div class=\"elementor-widget-wrap elementor-element-populated\">\n\t\t\t\t\t\t<div class=\"elementor-element elementor-element-76f07a6 elementor-widget elementor-widget-text-editor\" data-id=\"76f07a6\" data-element_type=\"widget\" data-widget_type=\"text-editor.default\">\n\t\t\t\t<div class=\"elementor-widget-container\">\n\t\t\t\t\t\t\t<p><a href=\"https:\/\/www.ufsm.br\/app\/uploads\/sites\/820\/2021\/10\/Ata-01-21.02.21.pdf\" target=\"_blank\" rel=\"noopener\">Ata 1 (arquivo pdf, 201 KB)<\/a><\/p>\n<p><a href=\"https:\/\/www.ufsm.br\/app\/uploads\/sites\/820\/2021\/10\/Ata-02-26.02.21.pdf\" target=\"_blank\" rel=\"noopener\">Ata 2 (arquivo pdf, 200 KB)<\/a><\/p>\n<p><a href=\"https:\/\/www.ufsm.br\/app\/uploads\/sites\/820\/2021\/10\/Ata-03-03.03.21.pdf\" target=\"_blank\" rel=\"noopener\">Ata 3 (arquivo pdf, 185 KB)<\/a><\/p>\n<p><a href=\"https:\/\/www.ufsm.br\/app\/uploads\/sites\/820\/2021\/10\/Ata-04-26.03.21.pdf\" target=\"_blank\" rel=\"noopener\">Ata 4 (arquivo pdf, 182 KB)<\/a><\/p>\n<p><a href=\"https:\/\/www.ufsm.br\/app\/uploads\/sites\/820\/2021\/10\/Ata-05-22.04.21.pdf\" target=\"_blank\" rel=\"noopener\">Ata 5 (arquivo pdf, 210 KB)<\/a><\/p>\n<p><a href=\"https:\/\/www.ufsm.br\/app\/uploads\/sites\/820\/2021\/10\/Ata-06-29.04.21.pdf\" target=\"_blank\" rel=\"noopener\">Ata 6 (arquivo pdf, 196 KB)<\/a><\/p>\n<p><a href=\"https:\/\/www.ufsm.br\/app\/uploads\/sites\/820\/2021\/10\/Ata-07-06.05.21.pdf\" target=\"_blank\" rel=\"noopener\">Ata 7 (arquivo pdf, 183 KB)<\/a><\/p>\n<p><a href=\"https:\/\/www.ufsm.br\/app\/uploads\/sites\/820\/2021\/10\/Ata-08-07.05.21.pdf\" target=\"_blank\" rel=\"noopener\">Ata 8 (arquivo pdf, 217 KB)<\/a><\/p>\n<p><a href=\"https:\/\/www.ufsm.br\/app\/uploads\/sites\/820\/2021\/10\/Ata-09-21.05.21.pdf\" target=\"_blank\" rel=\"noopener\">Ata 9 (arquivo pdf, 204 KB)<\/a><\/p>\n<p><a href=\"https:\/\/www.ufsm.br\/app\/uploads\/sites\/820\/2021\/10\/Ata-10-10.06.21.pdf\" target=\"_blank\" rel=\"noopener\">Ata 10 (arquivo pdf, 186 KB)<\/a><\/p>\n<p><a href=\"https:\/\/www.ufsm.br\/app\/uploads\/sites\/820\/2021\/10\/Ata-11-18.06.21.pdf\" target=\"_blank\" rel=\"noopener\">Ata 11 (arquivo pdf, 206 KB)<\/a><\/p>\n<p><a href=\"https:\/\/www.ufsm.br\/app\/uploads\/sites\/820\/2021\/10\/Ata-12-01.07.21.pdf\" target=\"_blank\" rel=\"noopener\">Ata 12 (arquivo pdf, 183 KB)<\/a><\/p>\n<p><a href=\"https:\/\/www.ufsm.br\/app\/uploads\/sites\/820\/2021\/10\/Ata-13-22.07.21.pdf\" target=\"_blank\" rel=\"noopener\">Ata 13 (arquivo pdf, 204 KB)<\/a><\/p>\n<p><a href=\"https:\/\/www.ufsm.br\/app\/uploads\/sites\/820\/2021\/10\/Ata-14-29.01.21.pdf\" target=\"_blank\" rel=\"noopener\">Ata 14 (arquivo pdf, 186 KB)<\/a><\/p>\t\t\t\t\t\t<\/div>\n\t\t\t\t<\/div>\n\t\t\t\t\t<\/div>\n\t\t<\/div>\n\t\t\t\t<div class=\"elementor-column elementor-col-33 elementor-top-column elementor-element elementor-element-16e08e3\" data-id=\"16e08e3\" data-element_type=\"column\">\n\t\t\t<div class=\"elementor-widget-wrap elementor-element-populated\">\n\t\t\t\t\t\t<div class=\"elementor-element elementor-element-d1b7194 elementor-widget elementor-widget-text-editor\" data-id=\"d1b7194\" data-element_type=\"widget\" data-widget_type=\"text-editor.default\">\n\t\t\t\t<div class=\"elementor-widget-container\">\n\t\t\t\t\t\t\t<p><a href=\"https:\/\/www.ufsm.br\/app\/uploads\/sites\/820\/2022\/03\/Ata-29-19.11.21-2.pdf\">Ata 29 (arquivo pdf, 170 KB)<\/a><\/p>\n<p><a href=\"https:\/\/www.ufsm.br\/app\/uploads\/sites\/820\/2022\/03\/Ata-30-25.11.21-1.pdf\"><span style=\"background-color: var(--bs-body-bg);color: #000000;font-size: 1rem;text-align: var(--bs-body-text-align)\">Ata 30 (arquivo pdf, 171 KB)<\/span><\/a><\/p>\n<p><a href=\"https:\/\/www.ufsm.br\/app\/uploads\/sites\/820\/2022\/03\/Ata-31-06.01.22-1.pdf\">Ata 31 (arquivo pdf, 200 KB)<\/a><\/p>\n<p><a href=\"https:\/\/www.ufsm.br\/app\/uploads\/sites\/820\/2022\/03\/Ata-32-10.01.22-1.pdf\">Ata 32 (arquivo pdf, 205 KB)<\/a><\/p>\n<p><a href=\"https:\/\/www.ufsm.br\/app\/uploads\/sites\/820\/2022\/03\/Ata-33-13.01.22-1.pdf\">Ata 33 (arquivo pdf, 188 KB)<\/a><\/p>\n<p><a href=\"https:\/\/www.ufsm.br\/app\/uploads\/sites\/820\/2022\/03\/Ata-34-17.01.22-1.pdf\">Ata 34 (arquivo pdf, 206 KB)<\/a><\/p>\n<p><a href=\"https:\/\/www.ufsm.br\/app\/uploads\/sites\/820\/2022\/03\/Ata-35-20.01.22-1.pdf\">Ata 35 (arquivo pdf, 203 KB)<\/a><\/p>\n<p><a href=\"https:\/\/www.ufsm.br\/app\/uploads\/sites\/820\/2022\/03\/Ata-36-14.02.22-1.pdf\">Ata 36 (arquivo pdf, 204 KB)<\/a><\/p>\n<p><a href=\"https:\/\/www.ufsm.br\/app\/uploads\/sites\/820\/2022\/03\/Ata-37-17.02.22-1.pdf\">Ata 37 (arquivo pdf, 205 KB)<\/a><\/p>\n<p><a href=\"https:\/\/www.ufsm.br\/app\/uploads\/sites\/820\/2022\/03\/Ata-38-03.03.22-1.pdf\">Ata 38 (arquivo pdf 203 KB)<\/a><\/p>\n<p><span style=\"color: #204c90\"><span style=\"text-align: var(--bs-body-text-align)\"><a href=\"https:\/\/www.ufsm.br\/app\/uploads\/sites\/820\/2022\/05\/Ata-39-07.03.22-.pdf\">Ata 39 (arquivo pdf, 206 KB)<\/a><\/span><\/span><\/p>\n<p><span style=\"color: #204c90\"><span style=\"text-align: var(--bs-body-text-align)\"><a href=\"https:\/\/www.ufsm.br\/app\/uploads\/sites\/820\/2022\/05\/Ata-40-14.03.22.pdf\">Ata 40 (arquivo pdf, 207 KB)<\/a><\/span><\/span><\/p>\n<p><span style=\"color: #204c90\"><span style=\"text-align: var(--bs-body-text-align)\"><a href=\"https:\/\/www.ufsm.br\/app\/uploads\/sites\/820\/2022\/05\/Ata-41-17.03.22.pdf\">Ata 41 (arquivo pdf, 205 KB)<\/a><\/span><\/span><\/p>\n<p><a href=\"https:\/\/www.ufsm.br\/app\/uploads\/sites\/820\/2022\/05\/Ata-42-21.03.22.pdf\">Ata 42 (arquivo pdf, 204 KB)<\/a><\/p>\t\t\t\t\t\t<\/div>\n\t\t\t\t<\/div>\n\t\t\t\t\t<\/div>\n\t\t<\/div>\n\t\t\t\t\t<\/div>\n\t\t<\/section>\n\t\t\t\t<section class=\"elementor-section elementor-top-section elementor-element elementor-element-16dd566 elementor-section-boxed elementor-section-height-default elementor-section-height-default\" data-id=\"16dd566\" data-element_type=\"section\">\n\t\t\t\t\t\t<div class=\"elementor-container elementor-column-gap-default\">\n\t\t\t\t\t<div class=\"elementor-column elementor-col-33 elementor-top-column elementor-element elementor-element-0b9fac1\" data-id=\"0b9fac1\" data-element_type=\"column\">\n\t\t\t<div class=\"elementor-widget-wrap\">\n\t\t\t\t\t\t\t<\/div>\n\t\t<\/div>\n\t\t\t\t<div class=\"elementor-column elementor-col-33 elementor-top-column elementor-element elementor-element-d5b6f19\" data-id=\"d5b6f19\" data-element_type=\"column\">\n\t\t\t<div class=\"elementor-widget-wrap elementor-element-populated\">\n\t\t\t\t\t\t<div class=\"elementor-element elementor-element-5d4e29f elementor-widget elementor-widget-text-editor\" data-id=\"5d4e29f\" data-element_type=\"widget\" data-widget_type=\"text-editor.default\">\n\t\t\t\t<div class=\"elementor-widget-container\">\n\t\t\t\t\t\t\t<p><a href=\"https:\/\/www.ufsm.br\/app\/uploads\/sites\/820\/2021\/10\/Ata-15-06.08.21.pdf\">Ata 15 (arquivo pdf, 179 KB)<\/a><\/p>\n<p><a href=\"https:\/\/www.ufsm.br\/app\/uploads\/sites\/820\/2021\/10\/Ata-16-11.08.21.pdf\" target=\"_blank\" rel=\"noopener\">Ata 16 (arquivo pdf, 217 KB)<\/a><\/p>\n<p><a href=\"https:\/\/www.ufsm.br\/app\/uploads\/sites\/820\/2021\/10\/Ata-17-26.08.21.pdf\" target=\"_blank\" rel=\"noopener\">Ata 17 (arquivo pdf, 197 KB)<\/a><\/p>\n<p><a href=\"https:\/\/www.ufsm.br\/app\/uploads\/sites\/820\/2021\/10\/Ata-18-09.09.21.pdf\" target=\"_blank\" rel=\"noopener\">Ata 18 (arquivo pdf, 194 KB)<\/a><\/p>\n<p><a href=\"https:\/\/www.ufsm.br\/app\/uploads\/sites\/820\/2021\/10\/Ata-19-10.09.21.pdf\" target=\"_blank\" rel=\"noopener\">Ata 19 (arquivo pdf, 216 KB)<\/a><\/p>\n<p><a href=\"https:\/\/www.ufsm.br\/app\/uploads\/sites\/820\/2021\/10\/Ata-20-14.09.21.pdf\" target=\"_blank\" rel=\"noopener\">Ata 20 (arquivo pdf, 212 KB)<\/a><\/p>\n<p><a href=\"https:\/\/www.ufsm.br\/app\/uploads\/sites\/820\/2021\/10\/Ata-21-16.09.21.pdf\" target=\"_blank\" rel=\"noopener\">Ata 21 (arquivo pdf, 194 KB)<\/a><\/p>\n<p><a href=\"https:\/\/www.ufsm.br\/app\/uploads\/sites\/820\/2021\/11\/Ata-22-23.09.21-1.pdf\" target=\"_blank\" rel=\"noopener\">Ata 22 (arquivo pdf, 252 KB)<\/a><\/p>\n<p><a href=\"https:\/\/www.ufsm.br\/app\/uploads\/sites\/820\/2021\/11\/Ata-23-3009.21.pdf\">Ata 23 (arquivo pdf, 242 KB)<\/a><\/p>\n<p><a href=\"https:\/\/www.ufsm.br\/app\/uploads\/sites\/820\/2021\/11\/Ata-24-07.10.21.pdf\" target=\"_blank\" rel=\"noopener\">Ata 24 (arquivo pdf, 206 KB)<\/a><\/p>\n<p><a href=\"https:\/\/www.ufsm.br\/app\/uploads\/sites\/820\/2021\/11\/Ata-25-14.10.21.pdf\">Ata 25 (arquivo pdf, 208 KB)<\/a><\/p>\n<p><a href=\"https:\/\/www.ufsm.br\/app\/uploads\/sites\/820\/2021\/11\/Ata-26-21.10.21-2.pdf\">Ata 26 (arquivo pdf, 207 KB)<\/a><\/p>\n<p><a href=\"https:\/\/www.ufsm.br\/app\/uploads\/sites\/820\/2021\/11\/Ata-27-28.10.21.pdf\">Ata 27 (arquivo pdf, 171 KB)<\/a><\/p>\n<p><a href=\"https:\/\/www.ufsm.br\/app\/uploads\/sites\/820\/2022\/01\/Ata-28-02.11.21.pdf\">Ata 28 (arquivo pdf, 166 KB)<\/a><\/p>\t\t\t\t\t\t<\/div>\n\t\t\t\t<\/div>\n\t\t\t\t\t<\/div>\n\t\t<\/div>\n\t\t\t\t<div class=\"elementor-column elementor-col-33 elementor-top-column elementor-element elementor-element-7494715\" data-id=\"7494715\" data-element_type=\"column\">\n\t\t\t<div class=\"elementor-widget-wrap elementor-element-populated\">\n\t\t\t\t\t\t<div class=\"elementor-element elementor-element-b7f0b7d elementor-widget elementor-widget-text-editor\" data-id=\"b7f0b7d\" data-element_type=\"widget\" data-widget_type=\"text-editor.default\">\n\t\t\t\t<div class=\"elementor-widget-container\">\n\t\t\t\t\t\t\t<p style=\"color: #000000;font-size: 16px\"><font color=\"#204c90\"><span style=\"text-align: var(--bs-body-text-align)\"><a href=\"https:\/\/www.ufsm.br\/app\/uploads\/sites\/820\/2022\/05\/Ata-43-28.03.22.pdf\">Ata 43 (arquivo pdf, 210 KB)<\/a><\/span><\/font><\/p>\n<p style=\"color: #000000;font-size: 16px\"><a href=\"https:\/\/www.ufsm.br\/app\/uploads\/sites\/820\/2022\/05\/Ata-44-31.03.22.pdf\"><font color=\"#204c90\"><span style=\"text-align: var(--bs-body-text-align)\">Ata 44 (arquivo pdf, 202 KB<\/span><\/font>)<\/a><\/p>\n<p style=\"color: #000000;font-size: 16px\"><font color=\"#204c90\"><span style=\"text-align: var(--bs-body-text-align)\"><a href=\"https:\/\/www.ufsm.br\/app\/uploads\/sites\/820\/2022\/05\/Ata-45-07.04.22.pdf\">Ata 45 (arquivo pdf, 209 KB)<\/a><\/span><\/font><\/p>\t\t\t\t\t\t<\/div>\n\t\t\t\t<\/div>\n\t\t\t\t\t<\/div>\n\t\t<\/div>\n\t\t\t\t\t<\/div>\n\t\t<\/section>\n\t\t\t\t<\/div>\n\t\t","protected":false},"excerpt":{"rendered":"<p>Informa\u00e7\u00f5es gerais In\u00edcio Comiss\u00f5es Setoriais Instru\u00e7\u00f5es Normativas Manual de Biosseguran\u00e7a Membros Materiais Educativos Orienta\u00e7\u00f5es Governamentais Cartazes de Orienta\u00e7\u00e3o Atas das Reuni\u00f5es do COE-E UFSM Formul\u00e1rio Padr\u00e3o para atividades presenciais em car\u00e1ter de excepcionalidade Ata 1 (arquivo pdf, 201 KB) Ata 2 (arquivo pdf, 200 KB) Ata 3 (arquivo pdf, 185 KB) Ata 4 (arquivo pdf, [&hellip;]<\/p>\n","protected":false},"author":3904,"featured_media":0,"parent":0,"menu_order":0,"comment_status":"closed","ping_status":"closed","template":"","meta":{"footnotes":""},"categories":[],"tags":[],"class_list":["post-4864","page","type-page","status-publish","hentry"],"acf":[],"_links":{"self":[{"href":"https:\/\/www.ufsm.br\/coronavirus\/wp-json\/wp\/v2\/pages\/4864","targetHints":{"allow":["GET"]}}],"collection":[{"href":"https:\/\/www.ufsm.br\/coronavirus\/wp-json\/wp\/v2\/pages"}],"about":[{"href":"https:\/\/www.ufsm.br\/coronavirus\/wp-json\/wp\/v2\/types\/page"}],"author":[{"embeddable":true,"href":"https:\/\/www.ufsm.br\/coronavirus\/wp-json\/wp\/v2\/users\/3904"}],"replies":[{"embeddable":true,"href":"https:\/\/www.ufsm.br\/coronavirus\/wp-json\/wp\/v2\/comments?post=4864"}],"version-history":[{"count":0,"href":"https:\/\/www.ufsm.br\/coronavirus\/wp-json\/wp\/v2\/pages\/4864\/revisions"}],"wp:attachment":[{"href":"https:\/\/www.ufsm.br\/coronavirus\/wp-json\/wp\/v2\/media?parent=4864"}],"wp:term":[{"taxonomy":"category","embeddable":true,"href":"https:\/\/www.ufsm.br\/coronavirus\/wp-json\/wp\/v2\/categories?post=4864"},{"taxonomy":"post_tag","embeddable":true,"href":"https:\/\/www.ufsm.br\/coronavirus\/wp-json\/wp\/v2\/tags?post=4864"}],"curies":[{"name":"wp","href":"https:\/\/api.w.org\/{rel}","templated":true}]}}