{"id":171,"date":"2018-11-30T13:03:05","date_gmt":"2018-11-30T15:03:05","guid":{"rendered":"https:\/\/www.ufsm.br\/cursos\/graduacao\/cachoeira-do-sul\/arquitetura-e-urbanismo\/?page_id=171"},"modified":"2025-03-19T14:46:52","modified_gmt":"2025-03-19T17:46:52","slug":"estagio-nao-obrigatorio","status":"publish","type":"page","link":"https:\/\/www.ufsm.br\/cursos\/graduacao\/cachoeira-do-sul\/arquitetura-e-urbanismo\/estagio-nao-obrigatorio","title":{"rendered":"Est\u00e1gio n\u00e3o Obrigat\u00f3rio"},"content":{"rendered":"\n<p>O Est\u00e1gio N\u00e3o Obrigat\u00f3rio \u00e9 desenvolvido como atividade opcional do Curso de Arquitetura e Urbanismo, sendo que para fins de valida\u00e7\u00e3o caber\u00e1 normativas similares ao Est\u00e1gio Obrigat\u00f3rio. As diretrizes gerais para a realiza\u00e7\u00e3o do Est\u00e1gio N\u00e3o Obrigat\u00f3rio, de acordo com a legisla\u00e7\u00e3o em vigor, s\u00e3o estabelecidas pelas Normas de Est\u00e1gio.<\/p>\n<p>\u00a0<\/p>\n<h3><span style=\"color: #015a87\"><strong>Pr\u00e9-requisitos:<\/strong><\/span><\/h3>\n<p>O Est\u00e1gio N\u00e3o Obrigat\u00f3rio poder\u00e1 ser desenvolvido pelo aluno que tiver cursado e sido aprovado na carga hor\u00e1ria m\u00ednima de 750 horas em disciplinas obrigat\u00f3rias do curso.<\/p>\n<p>\u00a0<\/p>\n<h3><span style=\"color: #015a87\"><strong>Local concedente:<\/strong><\/span><\/h3>\n<p>O Est\u00e1gio N\u00e3o Obrigat\u00f3rio poder\u00e1 ser realizado com pessoas jur\u00eddicas de direito privado, \u00f3rg\u00e3os da administra\u00e7\u00e3o p\u00fablica direta, aut\u00e1rquica e fundacional de qualquer dos Poderes da Uni\u00e3o, dos Estados, do Distrito Federal e dos Munic\u00edpios, bem como profissionais liberais de n\u00edvel superior. Havendo d\u00favida relacionada ao local do Est\u00e1gio, ser\u00e1 encaminhada para aprecia\u00e7\u00e3o do Colegiado de Curso.<\/p>\n<p>\u00a0<\/p>\n<h3><span style=\"color: #015a87\"><strong>Carga hor\u00e1ria:<\/strong><\/span><\/h3>\n<p>O Est\u00e1gio N\u00e3o Obrigat\u00f3rio possui carga hor\u00e1ria total livre, sendo o prazo estabelecido no Termo de Compromisso de Est\u00e1gio. A distribui\u00e7\u00e3o da carga hor\u00e1ria deve ser compat\u00edvel com as atividades acad\u00eamicas, n\u00e3o podendo exceder:<\/p>\n<p><strong>&#8211;<\/strong> 6h di\u00e1rias e 30h semanais, no caso de alunos que realizam est\u00e1gio de forma concomitante a demais disciplinas;<\/p>\n<p><strong>&#8211;<\/strong> 8h di\u00e1rias e 40h semanais, no caso de alunos que n\u00e3o estejam cursando nenhuma disciplina no per\u00edodo.<\/p>\n<p>\u00a0<\/p>\n<h3><span style=\"color: #015a87\"><strong>Orienta\u00e7\u00e3o:<\/strong><\/span><\/h3>\n<p>O Est\u00e1gio N\u00e3o Obrigat\u00f3rio ser\u00e1 orientado e acompanhado por um Professor Orientador da institui\u00e7\u00e3o, o qual \u00e9 determinado pela coordena\u00e7\u00e3o do curso.<\/p>\n<p><strong>\u00a0<\/strong><\/p>\n<h3><span style=\"color: #015a87\"><strong>Supervis\u00e3o:<\/strong><\/span><\/h3>\n<p>O Est\u00e1gio N\u00e3o Obrigat\u00f3rio ser\u00e1 supervisionado por um Supervisor de Est\u00e1gio, com forma\u00e7\u00e3o ou experi\u00eancia profissional preferencialmente na \u00e1rea de Arquitetura e Urbanismo, ou de \u00e1rea afim, indicado pela institui\u00e7\u00e3o Concedente do Est\u00e1gio. Havendo d\u00favida relacionada \u00e0 forma\u00e7\u00e3o do Supervisor, ser\u00e1 encaminhada para aprecia\u00e7\u00e3o do Colegiado de Curso.<\/p>\n<p>\u00a0<\/p>\n<h3><span style=\"color: #015a87\"><strong>Valida\u00e7\u00e3o como ACG:<\/strong><\/span><\/h3>\n<p>O Est\u00e1gio N\u00e3o Obrigat\u00f3rio poder\u00e1 ser validado pelo Aluno como parte das Atividades Complementares de Gradua\u00e7\u00e3o do Curso de Arquitetura e Urbanismo, conforme Normas de ACG, desde que:<\/p>\n<p>&#8211; tenha sido tramitado com a totalidade da documenta\u00e7\u00e3o pertinente nos prazos determinados pelo curso;<\/p>\n<p>&#8211; tenha sido acompanhado de um Professor Orientador e de um Supervisor de Est\u00e1gio.<\/p>\n<p>O Aluno dever\u00e1 anexar ao processo PEN o Termo de Realiza\u00e7\u00e3o do Est\u00e1gio N\u00e3o Obrigat\u00f3rio (ANEXO D\u00a0<span lang=\"PT-BR\">ou documento equivalente adotado pela entidade de conv\u00eanio<\/span>), conforme o calend\u00e1rio semestral estabelecido pela Comiss\u00e3o de ACG.<\/p>\n<p>\u00a0<\/p>\n<h3><span style=\"color: #015a87\"><strong>Documentos:<\/strong><\/span><\/h3>\n<p>1- Para o Est\u00e1gio N\u00e3o Obrigat\u00f3rio\u00a0cujo <strong>conv\u00eanio se d\u00e1 diretamente com a concedente:<\/strong><\/p>\n<p>O Aluno dever\u00e1 preencher os\u00a0documentos listados a seguir, abrindo processo eletr\u00f4nico via PEN-SIE (ver tutorial).<\/p>\n<ul style=\"list-style-type: circle\">\n<li>Ficha de identifica\u00e7\u00e3o do Est\u00e1gio N\u00e3o Obrigat\u00f3rio &#8211; Anexo A;<\/li>\n<li>Termo de Compromisso de Est\u00e1gio N\u00e3o Obrigat\u00f3rio padr\u00e3o UFSM<\/li>\n<\/ul>\n<p>O processo de est\u00e1gio ainda deve incluir:<\/p>\n<ul style=\"list-style-type: circle\">\n<li>Ap\u00f3lice de seguro contra acidentes pessoais<\/li>\n<\/ul>\n<p>O aluno deve incluir no processo PEN ap\u00f3s homologar o est\u00e1gio:<\/p>\n<ul style=\"list-style-type: circle\">\n<li>Relat\u00f3rio de Atividades do Estagi\u00e1rio &#8211; Anexo B (a cada seis meses);<\/li>\n<li><span style=\"font-weight: 600\">T<\/span>ermo de Realiza\u00e7\u00e3o do Est\u00e1gio N\u00e3o Obrigat\u00f3rio &#8211; Anexo C (ao finalizar o est\u00e1gio)<\/li>\n<\/ul>\n<p>2-\u00a0<span lang=\"PT-BR\">Para o Est\u00e1gio N\u00e3o Obrigat\u00f3rio, cujo <strong>conv\u00eanio se d\u00e1 atrav\u00e9s de entidades que atuem para este fim<\/strong>, os documentos acima poder\u00e3o ser substitu\u00eddos por documentos equivalentes adotados pelas entidades. Devem conter os dados do estagi\u00e1rio, da concedente e da Institui\u00e7\u00e3o de Ensino; o plano de atividades; o relat\u00f3rio das atividades desenvolvidas e demais informa\u00e7\u00f5es que se fa\u00e7am necess\u00e1rias.<\/span><\/p>\n<p>Observa\u00e7\u00f5es:\u00a0<\/p>\n<ul>\n<li><span lang=\"PT-BR\">O Anexo A ou documento equivalente utilizado pela entidade respons\u00e1vel pelo conv\u00eanio, dever\u00e1 ser encaminhado para aprova\u00e7\u00e3o pela coordena\u00e7\u00e3o do curso. Somente ap\u00f3s essa aprova\u00e7\u00e3o, ser\u00e1 dado andamento ao processo para coleta das assinaturas.<\/span><\/li>\n<li>\n<div><span lang=\"PT-BR\">As assinaturas dos documentos dever\u00e3o ser realizadas de forma digital, utilizando a plataforma PEN-SIE Institucional ou sistema pr\u00f3prio de assinatura digital da entidade respons\u00e1vel pelo conv\u00eanio.<\/span><\/div>\n<\/li>\n<\/ul>\n<p><strong><em>Veja abaixo os documentos e anexos relativos ao est\u00e1gio n\u00e3o obrigat\u00f3rio e esclare\u00e7a suas d\u00favidas.<\/em><\/strong><\/p>\n<p>\u00a0<\/p>\n","protected":false},"excerpt":{"rendered":"<p>O Est\u00e1gio N\u00e3o Obrigat\u00f3rio \u00e9 desenvolvido como atividade opcional do Curso de Arquitetura e Urbanismo, sendo que para fins de valida\u00e7\u00e3o caber\u00e1 normativas similares ao Est\u00e1gio Obrigat\u00f3rio. As diretrizes gerais para a realiza\u00e7\u00e3o do Est\u00e1gio N\u00e3o Obrigat\u00f3rio, de acordo com a legisla\u00e7\u00e3o em vigor, s\u00e3o estabelecidas pelas Normas de Est\u00e1gio. \u00a0 Pr\u00e9-requisitos: O Est\u00e1gio N\u00e3o [&hellip;]<\/p>\n","protected":false},"author":3968,"featured_media":0,"parent":0,"menu_order":0,"comment_status":"closed","ping_status":"closed","template":"","meta":{"footnotes":""},"categories":[],"tags":[],"class_list":["post-171","page","type-page","status-publish","hentry"],"acf":[],"_links":{"self":[{"href":"https:\/\/www.ufsm.br\/cursos\/graduacao\/cachoeira-do-sul\/arquitetura-e-urbanismo\/wp-json\/wp\/v2\/pages\/171","targetHints":{"allow":["GET"]}}],"collection":[{"href":"https:\/\/www.ufsm.br\/cursos\/graduacao\/cachoeira-do-sul\/arquitetura-e-urbanismo\/wp-json\/wp\/v2\/pages"}],"about":[{"href":"https:\/\/www.ufsm.br\/cursos\/graduacao\/cachoeira-do-sul\/arquitetura-e-urbanismo\/wp-json\/wp\/v2\/types\/page"}],"author":[{"embeddable":true,"href":"https:\/\/www.ufsm.br\/cursos\/graduacao\/cachoeira-do-sul\/arquitetura-e-urbanismo\/wp-json\/wp\/v2\/users\/3968"}],"replies":[{"embeddable":true,"href":"https:\/\/www.ufsm.br\/cursos\/graduacao\/cachoeira-do-sul\/arquitetura-e-urbanismo\/wp-json\/wp\/v2\/comments?post=171"}],"version-history":[{"count":0,"href":"https:\/\/www.ufsm.br\/cursos\/graduacao\/cachoeira-do-sul\/arquitetura-e-urbanismo\/wp-json\/wp\/v2\/pages\/171\/revisions"}],"wp:attachment":[{"href":"https:\/\/www.ufsm.br\/cursos\/graduacao\/cachoeira-do-sul\/arquitetura-e-urbanismo\/wp-json\/wp\/v2\/media?parent=171"}],"wp:term":[{"taxonomy":"category","embeddable":true,"href":"https:\/\/www.ufsm.br\/cursos\/graduacao\/cachoeira-do-sul\/arquitetura-e-urbanismo\/wp-json\/wp\/v2\/categories?post=171"},{"taxonomy":"post_tag","embeddable":true,"href":"https:\/\/www.ufsm.br\/cursos\/graduacao\/cachoeira-do-sul\/arquitetura-e-urbanismo\/wp-json\/wp\/v2\/tags?post=171"}],"curies":[{"name":"wp","href":"https:\/\/api.w.org\/{rel}","templated":true}]}}