{"id":186,"date":"2018-11-30T13:18:58","date_gmt":"2018-11-30T15:18:58","guid":{"rendered":"https:\/\/www.ufsm.br\/cursos\/graduacao\/cachoeira-do-sul\/arquitetura-e-urbanismo\/?page_id=186"},"modified":"2025-02-20T15:19:12","modified_gmt":"2025-02-20T18:19:12","slug":"solicitacao-para-realizar-provas-trabalhos-atrasados","status":"publish","type":"page","link":"https:\/\/www.ufsm.br\/cursos\/graduacao\/cachoeira-do-sul\/arquitetura-e-urbanismo\/solicitacao-para-realizar-provas-trabalhos-atrasados","title":{"rendered":"Solicita\u00e7\u00e3o para realizar provas\/trabalhos atrasados"},"content":{"rendered":"<p>De acordo com o Guia Estudantil UFSM 2025 (<a href=\"https:\/\/www.ufsm.br\/app\/uploads\/sites\/342\/2025\/02\/GUIA-ESTUDANTIL-UFSM-2025.pdf\">https:\/\/www.ufsm.br\/app\/uploads\/sites\/342\/2025\/02\/GUIA-ESTUDANTIL-UFSM-2025.pdf<\/a>), p\u00e1gina 46:<\/p>\n<p>&#8220;Os(As) estudantes que, por motivos devidamente justificados, n\u00e3o comparecerem \u00e0s <strong>atividades acad\u00eamicas sujeitas \u00e0 avalia\u00e7\u00e3o <\/strong>(prova e\/ou apresenta\u00e7\u00e3o\/entrega de trabalhos)<strong>,<\/strong>\u00a0poder\u00e3o requerer, no <strong>prazo m\u00e1ximo de 2 (dois) dias \u00fateis<\/strong> desde a data da avalia\u00e7\u00e3o, a oportunidade de realiz\u00e1-la em outra data, a crit\u00e9rio do departamento did\u00e1tico competente.<br \/>\nS\u00e3o considerados motivos devidamente justificados:<\/p>\n<ul>\n<li>Doen\u00e7a que impossibilite o(a) estudante de realizar a avalia\u00e7\u00e3o, devidamente comprovada por atestado m\u00e9dico com Classifica\u00e7\u00e3o Internacional de Doen\u00e7as &#8211; CID, assinatura, n\u00famero do Conselho Regional de Medicina &#8211; CRM e data;<\/li>\n<li>Acompanhamento de familiar de primeiro grau (pais ou filhos(as)) para tratamento de sa\u00fade, devidamente comprovado por atestado m\u00e9dico com CID, assinatura, CRM e data;<\/li>\n<li>\u00d3bito de familiar de primeiro grau (pais ou filhos(as));<\/li>\n<li>Participa\u00e7\u00e3o em eventos acad\u00eamicos com apresenta\u00e7\u00e3o de trabalho, desde que avisado com anteced\u00eancia m\u00ednima de 48 horas ao departamento did\u00e1tico do(a) professor(a) da disciplina e comprovada por certificado ou atestado de participa\u00e7\u00e3o.<\/li>\n<\/ul>\n<p>A solicita\u00e7\u00e3o deve ser realizada mediante abertura de \u201cProcesso de justificativa de faltas de aluno de gradua\u00e7\u00e3o\u201d no Portal de Documentos da UFSM.<\/p>\n<p>Link do Portal:\u00a0<a href=\"https:\/\/portal.ufsm.br\/documentos\" target=\"_blank\" rel=\"noreferrer noopener\">https:\/\/portal.ufsm.br\/documentos<\/a><\/p>\n<p>Link Tutorial para abertura de processo:\u00a0<a href=\"https:\/\/www.ufsm.br\/orgaos-suplementares\/dag\/pen\/tutorial-abertura-do-processo-eletronico\/\" target=\"_blank\" rel=\"noreferrer noopener\">https:\/\/www.ufsm.br\/orgaos-suplementares\/dag\/pen\/tutorial-abertura-do-processo-eletronico\/<\/a><\/p>\n<p>Para o Processo online, a classifica\u00e7\u00e3o \u00e9 \u201c<span aria-labelledby=\"OutFieldTag_HZxvov5NyHqIgdHT_label\"><i>125.31 \u2013\u00a0Provas. Exames. Trabalhos<\/i>\u201c.<\/span><\/p>\n<div dir=\"auto\">Preencha o\u00a0<strong>Requerimento de prova atrasada<\/strong>, salve em PDF e adicione no processo, juntamente com o\u00a0Atestado.<\/div>\n<div><\/div>\n<p><strong>OBS: <\/strong>Atestados com per\u00edodo inferior a 5 (cinco) dias N\u00c3O ABONAM FALTAS, somente garantem nova oportunidade de realizar avalia\u00e7\u00f5es\/provas atrasadas.<\/p>\n","protected":false},"excerpt":{"rendered":"<p>De acordo com o Guia Estudantil UFSM 2025 (https:\/\/www.ufsm.br\/app\/uploads\/sites\/342\/2025\/02\/GUIA-ESTUDANTIL-UFSM-2025.pdf), p\u00e1gina 46: &#8220;Os(As) estudantes que, por motivos devidamente justificados, n\u00e3o comparecerem \u00e0s atividades acad\u00eamicas sujeitas \u00e0 avalia\u00e7\u00e3o (prova e\/ou apresenta\u00e7\u00e3o\/entrega de trabalhos),\u00a0poder\u00e3o requerer, no prazo m\u00e1ximo de 2 (dois) dias \u00fateis desde a data da avalia\u00e7\u00e3o, a oportunidade de realiz\u00e1-la em outra data, a crit\u00e9rio do [&hellip;]<\/p>\n","protected":false},"author":117,"featured_media":0,"parent":0,"menu_order":0,"comment_status":"closed","ping_status":"closed","template":"","meta":{"footnotes":""},"categories":[],"tags":[],"class_list":["post-186","page","type-page","status-publish","hentry"],"acf":[],"_links":{"self":[{"href":"https:\/\/www.ufsm.br\/cursos\/graduacao\/cachoeira-do-sul\/arquitetura-e-urbanismo\/wp-json\/wp\/v2\/pages\/186","targetHints":{"allow":["GET"]}}],"collection":[{"href":"https:\/\/www.ufsm.br\/cursos\/graduacao\/cachoeira-do-sul\/arquitetura-e-urbanismo\/wp-json\/wp\/v2\/pages"}],"about":[{"href":"https:\/\/www.ufsm.br\/cursos\/graduacao\/cachoeira-do-sul\/arquitetura-e-urbanismo\/wp-json\/wp\/v2\/types\/page"}],"author":[{"embeddable":true,"href":"https:\/\/www.ufsm.br\/cursos\/graduacao\/cachoeira-do-sul\/arquitetura-e-urbanismo\/wp-json\/wp\/v2\/users\/117"}],"replies":[{"embeddable":true,"href":"https:\/\/www.ufsm.br\/cursos\/graduacao\/cachoeira-do-sul\/arquitetura-e-urbanismo\/wp-json\/wp\/v2\/comments?post=186"}],"version-history":[{"count":0,"href":"https:\/\/www.ufsm.br\/cursos\/graduacao\/cachoeira-do-sul\/arquitetura-e-urbanismo\/wp-json\/wp\/v2\/pages\/186\/revisions"}],"wp:attachment":[{"href":"https:\/\/www.ufsm.br\/cursos\/graduacao\/cachoeira-do-sul\/arquitetura-e-urbanismo\/wp-json\/wp\/v2\/media?parent=186"}],"wp:term":[{"taxonomy":"category","embeddable":true,"href":"https:\/\/www.ufsm.br\/cursos\/graduacao\/cachoeira-do-sul\/arquitetura-e-urbanismo\/wp-json\/wp\/v2\/categories?post=186"},{"taxonomy":"post_tag","embeddable":true,"href":"https:\/\/www.ufsm.br\/cursos\/graduacao\/cachoeira-do-sul\/arquitetura-e-urbanismo\/wp-json\/wp\/v2\/tags?post=186"}],"curies":[{"name":"wp","href":"https:\/\/api.w.org\/{rel}","templated":true}]}}