{"id":229,"date":"2019-06-25T19:20:15","date_gmt":"2019-06-25T22:20:15","guid":{"rendered":"https:\/\/www.ufsm.br\/cursos\/graduacao\/cachoeira-do-sul\/arquitetura-e-urbanismo\/?page_id=229"},"modified":"2026-02-05T17:24:17","modified_gmt":"2026-02-05T20:24:17","slug":"tcc","status":"publish","type":"page","link":"https:\/\/www.ufsm.br\/cursos\/graduacao\/cachoeira-do-sul\/arquitetura-e-urbanismo\/tcc","title":{"rendered":"TCC"},"content":{"rendered":"\n<div class=\"wp-block-columns is-layout-flex wp-container-core-columns-is-layout-9d6595d7 wp-block-columns-is-layout-flex\">\n<div class=\"wp-block-column is-layout-flow wp-block-column-is-layout-flow\" style=\"flex-basis:100%\">\n<p style=\"text-align: justify\">O <strong>Trabalho de Conclus\u00e3o de Curso<\/strong> (TCC) \u00e9 um componente curricular do Curso de Arquitetura e Urbanismo, de s\u00edntese e integra\u00e7\u00e3o do conhecimento, e objetiva avaliar as condi\u00e7\u00f5es do formando e qualific\u00e1-lo para ao exerc\u00edcio profissional, devendo este trabalho ser desenvolvido durante o 11\u00ba (d\u00e9cimo-primeiro) e o 12\u00ba (d\u00e9cimo-segundo) semestres curriculares.<\/p>\n<p>\u00a0<\/p>\n<h3><span style=\"color: #015b87\"><strong>Comiss\u00e3o de TCC:<\/strong><\/span><\/h3>\n<p style=\"text-align: justify\">O desenvolvimento das atividades relativas ao TCC \u00e9 feito sob a supervis\u00e3o de uma Comiss\u00e3o de TCC, escolhida pelo Colegiado do Curso de Arquitetura e Urbanismo. A Comiss\u00e3o de TCC (que tem mandato de 1 a 3 anos) \u00e9 composta pelos seguintes docentes:<\/p>\n<ul>\n<li>Prof\u00aa. Dra. Ana Paula Nogueira\u00a0<\/li>\n<li>Prof. Me. Bruno Cristiano dos Santos\u00a0<\/li>\n<li>Prof\u00aa. Dra. Renata Venturini Zampieri<\/li>\n<\/ul>\n<p>Contato: tcc.comissao@ufsm.br \u00a0 \u00a0 \u00a0 \u00a0 \u00a0 \u00a0\u00a0<\/p>\n<h3><span style=\"color: #015b87\"><strong>Estrutura\u00e7\u00e3o do TCC:<\/strong><\/span><\/h3>\n<p style=\"text-align: justify\">O TCC, estruturado pelas disciplinas de Trabalho de Conclus\u00e3o de Curso I (TCC I) e Trabalho de Conclus\u00e3o de Curso II (TCC II), \u00e9 desenvolvido em dois semestres letivos consecutivos, sendo a primeira pr\u00e9-requisito da segunda.<\/p>\n<p style=\"text-align: justify\">As disciplinas TCC I e TCC II s\u00e3o s\u00e3o conduzidas pelo professor orientador, obedecendo o cronograma proposto pela Comiss\u00e3o de TCC, com base na Norma de TCC (ver em anexo).<\/p>\n<p style=\"text-align: justify\">Na disciplina de TCC I os alunos desenvolvem a Proposi\u00e7\u00e3o Tem\u00e1tica, a Pesquisa e o Partido Geral \/ Diagn\u00f3stico, Diretrizes ou equivalente, dependendo da escala e \u00eanfase do projeto. A an\u00e1lise do trabalho desenvolvido pelo aluno no TCC I \u00e9 realizada em duas etapas obrigat\u00f3rias: Etapa intermedi\u00e1ria e Etapa de avalia\u00e7\u00e3o final.<\/p>\n<p style=\"text-align: justify\">J\u00e1 na disciplina de TCC II, o discente fica respons\u00e1vel pelo desenvolvimento pleno da proposta a partir do partido geral, diagn\u00f3stico\/diretrizes ou equivalente, iniciado no TCC I, no n\u00edvel de detalhamento pertinente \u00e0 escala escolhida. A an\u00e1lise do trabalho do aluno pela banca \u00e9 feito em duas etapas obrigat\u00f3rias para a aprova\u00e7\u00e3o: Etapa intermedi\u00e1ria e Etapa de avalia\u00e7\u00e3o final.\u00a0<\/p>\n<h3 style=\"text-align: justify\"><span style=\"color: #015b87\"><strong>Tema:<\/strong><\/span><\/h3>\n<p style=\"text-align: justify\">\u00c9 de car\u00e1ter individual, estabelecido pelo aluno de acordo com seu interesse pessoal, em comum acordo com o orientador e deve estar vinculado \u00e0 atribui\u00e7\u00e3o profissional do Arquiteto e Urbanista.\u00a0<\/p>\n<h3 style=\"text-align: justify\"><span style=\"color: #015b87\"><strong>Orienta\u00e7\u00e3o:<\/strong><\/span><\/h3>\n<p style=\"text-align: justify\">O desenvolvimento do TCC, pelo aluno, no \u00e2mbito das disciplinas TCC I e TCC II, \u00e9 feito sob a supervis\u00e3o de um professor orientador Arquiteto e Urbanista (professor efetivo ou substituto que ministre aulas para o Curso de Arquitetura e Urbanismo da UFSM Campus Cachoeira do Sul), de livre escolha do aluno e com a anu\u00eancia do professor orientador mediante a assinatura, por ambos, do Termo de Compromisso de Orienta\u00e7\u00e3o.\u00a0<\/p>\n<p style=\"text-align: justify\">\u00a0<\/p>\n<p style=\"text-align: justify\">Veja abaixo os documentos e anexos relativos ao TCC e esclare\u00e7a suas d\u00favidas.<\/p>\n<h3><span style=\"color: #015b87\"><strong>Documentos em anexo:<\/strong><\/span><\/h3>\n<ul>\n<li>Norma de TCC<\/li>\n<li>ANEXO 01: Termo de Compromisso de Orienta\u00e7\u00e3o<\/li>\n<li>ANEXO 02: Parecer de Encaminhamento \u00e0 Defesa<\/li>\n<li>ANEXO 03: Comprovante de recebimento de material para avalia\u00e7\u00e3o<\/li>\n<li>ANEXO 04: Certificado de aprova\u00e7\u00e3o do aluno<\/li>\n<\/ul>\n<p>\u00a0<\/p>\n<\/div>\n<\/div>\n","protected":false},"excerpt":{"rendered":"<p>O Trabalho de Conclus\u00e3o de Curso (TCC) \u00e9 um componente curricular do Curso de Arquitetura e Urbanismo, de s\u00edntese e integra\u00e7\u00e3o do conhecimento, e objetiva avaliar as condi\u00e7\u00f5es do formando e qualific\u00e1-lo para ao exerc\u00edcio profissional, devendo este trabalho ser desenvolvido durante o 11\u00ba (d\u00e9cimo-primeiro) e o 12\u00ba (d\u00e9cimo-segundo) semestres curriculares. \u00a0 Comiss\u00e3o de TCC: [&hellip;]<\/p>\n","protected":false},"author":339,"featured_media":0,"parent":0,"menu_order":0,"comment_status":"closed","ping_status":"closed","template":"","meta":{"footnotes":""},"categories":[],"tags":[],"class_list":["post-229","page","type-page","status-publish","hentry"],"acf":[],"_links":{"self":[{"href":"https:\/\/www.ufsm.br\/cursos\/graduacao\/cachoeira-do-sul\/arquitetura-e-urbanismo\/wp-json\/wp\/v2\/pages\/229","targetHints":{"allow":["GET"]}}],"collection":[{"href":"https:\/\/www.ufsm.br\/cursos\/graduacao\/cachoeira-do-sul\/arquitetura-e-urbanismo\/wp-json\/wp\/v2\/pages"}],"about":[{"href":"https:\/\/www.ufsm.br\/cursos\/graduacao\/cachoeira-do-sul\/arquitetura-e-urbanismo\/wp-json\/wp\/v2\/types\/page"}],"author":[{"embeddable":true,"href":"https:\/\/www.ufsm.br\/cursos\/graduacao\/cachoeira-do-sul\/arquitetura-e-urbanismo\/wp-json\/wp\/v2\/users\/339"}],"replies":[{"embeddable":true,"href":"https:\/\/www.ufsm.br\/cursos\/graduacao\/cachoeira-do-sul\/arquitetura-e-urbanismo\/wp-json\/wp\/v2\/comments?post=229"}],"version-history":[{"count":0,"href":"https:\/\/www.ufsm.br\/cursos\/graduacao\/cachoeira-do-sul\/arquitetura-e-urbanismo\/wp-json\/wp\/v2\/pages\/229\/revisions"}],"wp:attachment":[{"href":"https:\/\/www.ufsm.br\/cursos\/graduacao\/cachoeira-do-sul\/arquitetura-e-urbanismo\/wp-json\/wp\/v2\/media?parent=229"}],"wp:term":[{"taxonomy":"category","embeddable":true,"href":"https:\/\/www.ufsm.br\/cursos\/graduacao\/cachoeira-do-sul\/arquitetura-e-urbanismo\/wp-json\/wp\/v2\/categories?post=229"},{"taxonomy":"post_tag","embeddable":true,"href":"https:\/\/www.ufsm.br\/cursos\/graduacao\/cachoeira-do-sul\/arquitetura-e-urbanismo\/wp-json\/wp\/v2\/tags?post=229"}],"curies":[{"name":"wp","href":"https:\/\/api.w.org\/{rel}","templated":true}]}}