{"id":29,"date":"2018-01-18T09:10:07","date_gmt":"2018-01-18T11:10:07","guid":{"rendered":"https:\/\/www.ufsm.br\/cursos\/graduacao\/arquitetura-e-urbanismo\/16712\/?page_id=29"},"modified":"2025-09-22T10:51:49","modified_gmt":"2025-09-22T13:51:49","slug":"contato","status":"publish","type":"page","link":"https:\/\/www.ufsm.br\/cursos\/graduacao\/cachoeira-do-sul\/arquitetura-e-urbanismo\/contato","title":{"rendered":"Contato"},"content":{"rendered":"\n<p><span class=\"m_-8387355874764176296gmail-colour\"><span class=\"m_-8387355874764176296gmail-font\"><span class=\"m_-8387355874764176296gmail-size\"><b>Secretaria dos cursos<\/b>:<\/span><\/span><\/span><\/p>\n<p>Leandro Cardoso de Oliveira \u2013 Assistente em Administra\u00e7\u00e3o<br \/>Rosana Brettas da Silva \u2013 T\u00e9cnica em Secretariado<\/p>\n<p>\u00a0<\/p>\n<p><span class=\"m_-8387355874764176296gmail-colour\"><span class=\"m_-8387355874764176296gmail-font\"><span class=\"m_-8387355874764176296gmail-size\"><b>Hor\u00e1rio de atendimento:<\/b><\/span><\/span><\/span><\/p>\n<p><span class=\"m_-8387355874764176296gmail-colour\"><span class=\"m_-8387355874764176296gmail-font\"><span class=\"m_-8387355874764176296gmail-size\">De segunda-feira a sexta-feira, das 8h \u00e0s 18h.<\/span><\/span><\/span><\/p>\n<p><span class=\"m_-8387355874764176296gmail-colour\"><span class=\"m_-8387355874764176296gmail-font\"><span class=\"m_-8387355874764176296gmail-size\"><b>Endere\u00e7o<\/b>: Pr\u00e9dio D1, Sala 11A<\/span><\/span><\/span><\/p>\n<p><span class=\"m_-8387355874764176296gmail-colour\"><span class=\"m_-8387355874764176296gmail-font\"><span class=\"m_-8387355874764176296gmail-size\">Rod. Taufik Germano, n\u00ba 3013 &#8211; Bairro Passo D&#8217;Areia &#8211; Cachoeira do Sul &#8211; RS<\/span><\/span><\/span><\/p>\n<p><span class=\"m_-8387355874764176296gmail-colour\"><span class=\"m_-8387355874764176296gmail-font\"><span class=\"m_-8387355874764176296gmail-size\">Fone: (51) 99389-9500 Ramal: 8441<\/span><\/span><\/span><\/p>\n<p><span class=\"m_-8387355874764176296gmail-colour\"><span class=\"m_-8387355874764176296gmail-font\"><span class=\"m_-8387355874764176296gmail-size\">E-mail:\u00a0<a href=\"mailto:cs.cursos@ufsm.br\" target=\"_blank\" rel=\"noopener noreferrer\">cs.cursos@ufsm.br<\/a><\/span><\/span><\/span><\/p>\n<p><span style=\"color: #ffffff\">.<\/span><\/p>\n<p><span class=\"m_-8387355874764176296gmail-colour\"><span class=\"m_-8387355874764176296gmail-font\"><span class=\"m_-8387355874764176296gmail-size\"><b>Coordena\u00e7\u00e3o do Curso de Arquitetura e Urbanismo<\/b>:<\/span><\/span><\/span><\/p>\n<p><span class=\"m_-8387355874764176296gmail-colour\"><span class=\"m_-8387355874764176296gmail-font\"><span class=\"m_-8387355874764176296gmail-size\">Coordenador: Prof. Dr. J\u00falio C\u00e9sar Pinheiro Pires<\/span><\/span><\/span><\/p>\n<p><span class=\"m_-8387355874764176296gmail-colour\"><span class=\"m_-8387355874764176296gmail-font\"><span class=\"m_-8387355874764176296gmail-size\">Coordenadora Substituta: Prof\u00aa Dra. Let\u00edcia de Castro Gabriel<\/span><\/span><\/span><\/p>\n<p>Pr\u00e9dio D1, sala 24<\/p>\n<p><span class=\"m_-8387355874764176296gmail-colour\"><span class=\"m_-8387355874764176296gmail-font\"><span class=\"m_-8387355874764176296gmail-size\">E-mail: <a href=\"mailto:cau.cs@ufsm.br\" target=\"_blank\" rel=\"noopener noreferrer\">cau.cs@ufsm.br<\/a><\/span><\/span><\/span><\/p>\n","protected":false},"excerpt":{"rendered":"<p>Secretaria dos cursos: Leandro Cardoso de Oliveira \u2013 Assistente em Administra\u00e7\u00e3oRosana Brettas da Silva \u2013 T\u00e9cnica em Secretariado \u00a0 Hor\u00e1rio de atendimento: De segunda-feira a sexta-feira, das 8h \u00e0s 18h. Endere\u00e7o: Pr\u00e9dio D1, Sala 11A Rod. Taufik Germano, n\u00ba 3013 &#8211; Bairro Passo D&#8217;Areia &#8211; Cachoeira do Sul &#8211; RS Fone: (51) 99389-9500 Ramal: 8441 [&hellip;]<\/p>\n","protected":false},"author":8,"featured_media":0,"parent":0,"menu_order":0,"comment_status":"closed","ping_status":"closed","template":"","meta":{"footnotes":""},"categories":[],"tags":[],"class_list":["post-29","page","type-page","status-publish","hentry"],"acf":[],"_links":{"self":[{"href":"https:\/\/www.ufsm.br\/cursos\/graduacao\/cachoeira-do-sul\/arquitetura-e-urbanismo\/wp-json\/wp\/v2\/pages\/29","targetHints":{"allow":["GET"]}}],"collection":[{"href":"https:\/\/www.ufsm.br\/cursos\/graduacao\/cachoeira-do-sul\/arquitetura-e-urbanismo\/wp-json\/wp\/v2\/pages"}],"about":[{"href":"https:\/\/www.ufsm.br\/cursos\/graduacao\/cachoeira-do-sul\/arquitetura-e-urbanismo\/wp-json\/wp\/v2\/types\/page"}],"author":[{"embeddable":true,"href":"https:\/\/www.ufsm.br\/cursos\/graduacao\/cachoeira-do-sul\/arquitetura-e-urbanismo\/wp-json\/wp\/v2\/users\/8"}],"replies":[{"embeddable":true,"href":"https:\/\/www.ufsm.br\/cursos\/graduacao\/cachoeira-do-sul\/arquitetura-e-urbanismo\/wp-json\/wp\/v2\/comments?post=29"}],"version-history":[{"count":0,"href":"https:\/\/www.ufsm.br\/cursos\/graduacao\/cachoeira-do-sul\/arquitetura-e-urbanismo\/wp-json\/wp\/v2\/pages\/29\/revisions"}],"wp:attachment":[{"href":"https:\/\/www.ufsm.br\/cursos\/graduacao\/cachoeira-do-sul\/arquitetura-e-urbanismo\/wp-json\/wp\/v2\/media?parent=29"}],"wp:term":[{"taxonomy":"category","embeddable":true,"href":"https:\/\/www.ufsm.br\/cursos\/graduacao\/cachoeira-do-sul\/arquitetura-e-urbanismo\/wp-json\/wp\/v2\/categories?post=29"},{"taxonomy":"post_tag","embeddable":true,"href":"https:\/\/www.ufsm.br\/cursos\/graduacao\/cachoeira-do-sul\/arquitetura-e-urbanismo\/wp-json\/wp\/v2\/tags?post=29"}],"curies":[{"name":"wp","href":"https:\/\/api.w.org\/{rel}","templated":true}]}}