{"id":356,"date":"2019-09-25T15:56:02","date_gmt":"2019-09-25T18:56:02","guid":{"rendered":"https:\/\/www.ufsm.br\/cursos\/graduacao\/cachoeira-do-sul\/arquitetura-e-urbanismo\/?page_id=356"},"modified":"2023-06-06T16:46:52","modified_gmt":"2023-06-06T19:46:52","slug":"laboratorios","status":"publish","type":"page","link":"https:\/\/www.ufsm.br\/cursos\/graduacao\/cachoeira-do-sul\/arquitetura-e-urbanismo\/laboratorios","title":{"rendered":"Laborat\u00f3rios"},"content":{"rendered":"\n<ul>\n<li><a href=\"https:\/\/www.ufsm.br\/cursos\/graduacao\/cachoeira-do-sul\/arquitetura-e-urbanismo\/laboratorios\/laboratorio-de-conforto-ambiental\/\" target=\"_blank\" rel=\"noopener noreferrer\">Laborat\u00f3rio de Conforto Ambiental &#8211; LabCon<\/a><\/li>\n<li><a href=\"https:\/\/www.ufsm.br\/cursos\/graduacao\/cachoeira-do-sul\/arquitetura-e-urbanismo\/laboratorios\/laboratorio-de-informatica\/\" target=\"_blank\" rel=\"noopener noreferrer\">Laborat\u00f3rio de Inform\u00e1tica<\/a><\/li>\n<li><a href=\"https:\/\/www.ufsm.br\/cursos\/graduacao\/cachoeira-do-sul\/arquitetura-e-urbanismo\/laboratorios\/laboratorio-de-materiais-e-construcao-civil\/\" target=\"_blank\" rel=\"noopener noreferrer\">Laborat\u00f3rio de Materiais e Constru\u00e7\u00e3o Civil<\/a><\/li>\n<li><a href=\"https:\/\/www.ufsm.br\/cursos\/graduacao\/cachoeira-do-sul\/arquitetura-e-urbanismo\/laboratorios\/laboratorio-de-modelagem-em-arquitetura-modelab\/\" target=\"_blank\" rel=\"noopener noreferrer\">Laborat\u00f3rio de Modelagem em Arquitetura &#8211; ModeLAB<\/a><\/li>\n<li><a href=\"https:\/\/www.ufsm.br\/cursos\/graduacao\/cachoeira-do-sul\/arquitetura-e-urbanismo\/laboratorios\/labsur\" target=\"_blank\" rel=\"noopener noreferrer\">Laborat\u00f3rio de Sistemas Urbanos e Regionais &#8211; LABSUR<\/a><\/li>\n<li><a href=\"https:\/\/www.ufsm.br\/cursos\/graduacao\/cachoeira-do-sul\/arquitetura-e-urbanismo\/laboratorios\/laboratorio-de-projetos-e-acervo-lapa\/\" target=\"_blank\" rel=\"noopener noreferrer\"><span style=\"font-size: inherit\">Laborat\u00f3rio de Projetos e Acervo &#8211; LaPA<\/span><\/a><\/li>\n<li><a href=\"https:\/\/www.ufsm.br\/cursos\/graduacao\/cachoeira-do-sul\/arquitetura-e-urbanismo\/laboratorios\/laboratorio-de-psicologia-ambiental-lpa\/\" target=\"_blank\" rel=\"noopener noreferrer\">Laborat\u00f3rio de Psicologia Ambiental &#8211; LPA<\/a><\/li>\n<\/ul>\n<p><span style=\"color: #ffffff;background-color: #ffffff\">.<\/span><\/p>\n<hr \/>\n<h2 style=\"text-align: center\">Grupos de Pesquisa<\/h2>\n<ul>\n<li><a href=\"https:\/\/www.ufsm.br\/cursos\/graduacao\/cachoeira-do-sul\/arquitetura-e-urbanismo\/laboratorios\/g-p-modelagem-e-tecnologias-aplicadas-meta\/\" target=\"_blank\" rel=\"noopener noreferrer\">G.P. Modelagem e Tecnologias Aplicadas &#8211; META<\/a><\/li>\n<li><a href=\"https:\/\/www.ufsm.br\/cursos\/graduacao\/cachoeira-do-sul\/arquitetura-e-urbanismo\/laboratorios\/g-p-patologia-e-desempenho-das-edificacoes\/\" target=\"_blank\" rel=\"noopener noreferrer\">G.P. Patologia e Desempenho das Edifica\u00e7\u00f5es<\/a><\/li>\n<li><a href=\"https:\/\/www.ufsm.br\/cursos\/graduacao\/cachoeira-do-sul\/arquitetura-e-urbanismo\/laboratorios\/g-p-processo-de-projeto-em-arquitetura-projelab\/\" target=\"_blank\" rel=\"noopener noreferrer\">G.P. Processo de Projeto em Arquitetura &#8211; PROJELAB<\/a><\/li>\n<li><a href=\"https:\/\/www.ufsm.br\/cursos\/graduacao\/cachoeira-do-sul\/arquitetura-e-urbanismo\/laboratorios\/gpsur\" target=\"_blank\" rel=\"noopener noreferrer\">G.P. Sistemas Urbanos e Regionais &#8211; GPSUR<\/a><\/li>\n<li><a href=\"https:\/\/www.ufsm.br\/cursos\/graduacao\/cachoeira-do-sul\/arquitetura-e-urbanismo\/laboratorios\/nucleo-de-estudos-criativos-da-cidade-vivacidade\/\" target=\"_blank\" rel=\"noopener noreferrer\">N\u00facleo de Estudos Criativos da Cidade &#8211; vivaCIDADE<\/a><\/li>\n<\/ul>\n","protected":false},"excerpt":{"rendered":"<p>Laborat\u00f3rio de Conforto Ambiental &#8211; LabCon Laborat\u00f3rio de Inform\u00e1tica Laborat\u00f3rio de Materiais e Constru\u00e7\u00e3o Civil Laborat\u00f3rio de Modelagem em Arquitetura &#8211; ModeLAB Laborat\u00f3rio de Sistemas Urbanos e Regionais &#8211; LABSUR Laborat\u00f3rio de Projetos e Acervo &#8211; LaPA Laborat\u00f3rio de Psicologia Ambiental &#8211; LPA . Grupos de Pesquisa G.P. Modelagem e Tecnologias Aplicadas &#8211; META G.P. [&hellip;]<\/p>\n","protected":false},"author":339,"featured_media":0,"parent":0,"menu_order":0,"comment_status":"closed","ping_status":"closed","template":"","meta":{"footnotes":""},"categories":[],"tags":[],"class_list":["post-356","page","type-page","status-publish","hentry"],"acf":[],"_links":{"self":[{"href":"https:\/\/www.ufsm.br\/cursos\/graduacao\/cachoeira-do-sul\/arquitetura-e-urbanismo\/wp-json\/wp\/v2\/pages\/356","targetHints":{"allow":["GET"]}}],"collection":[{"href":"https:\/\/www.ufsm.br\/cursos\/graduacao\/cachoeira-do-sul\/arquitetura-e-urbanismo\/wp-json\/wp\/v2\/pages"}],"about":[{"href":"https:\/\/www.ufsm.br\/cursos\/graduacao\/cachoeira-do-sul\/arquitetura-e-urbanismo\/wp-json\/wp\/v2\/types\/page"}],"author":[{"embeddable":true,"href":"https:\/\/www.ufsm.br\/cursos\/graduacao\/cachoeira-do-sul\/arquitetura-e-urbanismo\/wp-json\/wp\/v2\/users\/339"}],"replies":[{"embeddable":true,"href":"https:\/\/www.ufsm.br\/cursos\/graduacao\/cachoeira-do-sul\/arquitetura-e-urbanismo\/wp-json\/wp\/v2\/comments?post=356"}],"version-history":[{"count":0,"href":"https:\/\/www.ufsm.br\/cursos\/graduacao\/cachoeira-do-sul\/arquitetura-e-urbanismo\/wp-json\/wp\/v2\/pages\/356\/revisions"}],"wp:attachment":[{"href":"https:\/\/www.ufsm.br\/cursos\/graduacao\/cachoeira-do-sul\/arquitetura-e-urbanismo\/wp-json\/wp\/v2\/media?parent=356"}],"wp:term":[{"taxonomy":"category","embeddable":true,"href":"https:\/\/www.ufsm.br\/cursos\/graduacao\/cachoeira-do-sul\/arquitetura-e-urbanismo\/wp-json\/wp\/v2\/categories?post=356"},{"taxonomy":"post_tag","embeddable":true,"href":"https:\/\/www.ufsm.br\/cursos\/graduacao\/cachoeira-do-sul\/arquitetura-e-urbanismo\/wp-json\/wp\/v2\/tags?post=356"}],"curies":[{"name":"wp","href":"https:\/\/api.w.org\/{rel}","templated":true}]}}