{"id":407,"date":"2019-09-26T15:12:02","date_gmt":"2019-09-26T18:12:02","guid":{"rendered":"https:\/\/www.ufsm.br\/cursos\/graduacao\/cachoeira-do-sul\/arquitetura-e-urbanismo\/?page_id=407"},"modified":"2025-09-22T11:13:30","modified_gmt":"2025-09-22T14:13:30","slug":"labsur","status":"publish","type":"page","link":"https:\/\/www.ufsm.br\/cursos\/graduacao\/cachoeira-do-sul\/arquitetura-e-urbanismo\/laboratorios\/labsur","title":{"rendered":"Laborat\u00f3rio de Sistemas Urbanos e Regionais &#8211; LABSUR"},"content":{"rendered":"\n<p>O <strong>Laborat\u00f3rio de Sistemas Urbanos e Regionais (LABSUR)<\/strong>, localizado na UFSM \u2013 Campus Cachoeira do Sul (Pr\u00e9dio C3 &#8211; sala 12), caracteriza-se pelo desenvolvimento de pesquisas cient\u00edficas acad\u00eamicas que abrangem diversas abordagens do espa\u00e7o urbano e regional, as din\u00e2micas espaciais e sist\u00eamicas.<\/p>\n<p>Atualmente, acolhe as atividades do do <a href=\"https:\/\/www.ufsm.br\/cursos\/graduacao\/cachoeira-do-sul\/arquitetura-e-urbanismo\/laboratorios\/gpsur\" target=\"_blank\" rel=\"noopener noreferrer\">Grupo de Pesquisas Sistemas Urbanos e Regionais<\/a> (<a href=\"http:\/\/dgp.cnpq.br\/dgp\/espelhogrupo\/9037366206570271\" target=\"_blank\" rel=\"noopener\">registrado no CNPq<\/a> e certificado pela UFSM).<\/p>\n<p>Encontra-se em desenvolvimento o projeto de pesquisa:<br \/>&#8211; <strong>Sistemas urbanos e regionais: an\u00e1lise espacial e configuracional do caso de Cachoeira do Sul (RS, Brasil)<\/strong> &#8211; projeto registrado na UFSM sob n\u00ba 051032 e no CNPq &#8211; processo n\u00ba 437313\/2018-2<br \/><br \/><\/p>\n<p>Al\u00e9m disso, desenvolve-se no \u00e2mbito do LABSUR os projetos de extens\u00e3o: <br \/>&#8211; <strong>Onde est\u00e3o os bairros cachoeirenses?<\/strong> &#8211; projeto registrado na UFSM sob n\u00ba 051065<\/p>\n<p>&#8211; <strong>Pr\u00e1ticas em Planejamento Urbano, Regional e da Paisagem &#8211; PPURP<\/strong>\u00a0&#8211; projeto registrado na UFSM sob n\u00ba 059425<\/p>\n<p><span style=\"color: #ffffff;background-color: #ffffff\">.<\/span><\/p>\n<p><strong>Pesquisadores atuais:<\/strong><br \/><a href=\"http:\/\/lattes.cnpq.br\/9005618935596246\" target=\"_blank\" rel=\"noopener noreferrer\">Dra. Let\u00edcia Gabriel<\/a><br \/><a href=\"http:\/\/lattes.cnpq.br\/5935767076752234\" target=\"_blank\" rel=\"noopener\">Dra. D\u00e9bora Gregoletto<\/a><br \/><br \/><\/p>\n<p><strong>Estudantes de Gradua\u00e7\u00e3o<\/strong><\/p>\n<p>\u00a0<\/p>\n<p><a href=\"http:\/\/dgp.cnpq.br\/dgp\/espelhogrupo\/9037366206570271\" target=\"_blank\" rel=\"noopener noreferrer\">Espelho do grupo &#8211; DGP CNPq\u00a0<\/a><\/p>\n","protected":false},"excerpt":{"rendered":"<p>O Laborat\u00f3rio de Sistemas Urbanos e Regionais (LABSUR), localizado na UFSM \u2013 Campus Cachoeira do Sul (Pr\u00e9dio C3 &#8211; sala 12), caracteriza-se pelo desenvolvimento de pesquisas cient\u00edficas acad\u00eamicas que abrangem diversas abordagens do espa\u00e7o urbano e regional, as din\u00e2micas espaciais e sist\u00eamicas. Atualmente, acolhe as atividades do do Grupo de Pesquisas Sistemas Urbanos e Regionais [&hellip;]<\/p>\n","protected":false},"author":339,"featured_media":0,"parent":356,"menu_order":0,"comment_status":"closed","ping_status":"closed","template":"","meta":{"footnotes":""},"categories":[],"tags":[],"class_list":["post-407","page","type-page","status-publish","hentry"],"acf":[],"_links":{"self":[{"href":"https:\/\/www.ufsm.br\/cursos\/graduacao\/cachoeira-do-sul\/arquitetura-e-urbanismo\/wp-json\/wp\/v2\/pages\/407","targetHints":{"allow":["GET"]}}],"collection":[{"href":"https:\/\/www.ufsm.br\/cursos\/graduacao\/cachoeira-do-sul\/arquitetura-e-urbanismo\/wp-json\/wp\/v2\/pages"}],"about":[{"href":"https:\/\/www.ufsm.br\/cursos\/graduacao\/cachoeira-do-sul\/arquitetura-e-urbanismo\/wp-json\/wp\/v2\/types\/page"}],"author":[{"embeddable":true,"href":"https:\/\/www.ufsm.br\/cursos\/graduacao\/cachoeira-do-sul\/arquitetura-e-urbanismo\/wp-json\/wp\/v2\/users\/339"}],"replies":[{"embeddable":true,"href":"https:\/\/www.ufsm.br\/cursos\/graduacao\/cachoeira-do-sul\/arquitetura-e-urbanismo\/wp-json\/wp\/v2\/comments?post=407"}],"version-history":[{"count":0,"href":"https:\/\/www.ufsm.br\/cursos\/graduacao\/cachoeira-do-sul\/arquitetura-e-urbanismo\/wp-json\/wp\/v2\/pages\/407\/revisions"}],"up":[{"embeddable":true,"href":"https:\/\/www.ufsm.br\/cursos\/graduacao\/cachoeira-do-sul\/arquitetura-e-urbanismo\/wp-json\/wp\/v2\/pages\/356"}],"wp:attachment":[{"href":"https:\/\/www.ufsm.br\/cursos\/graduacao\/cachoeira-do-sul\/arquitetura-e-urbanismo\/wp-json\/wp\/v2\/media?parent=407"}],"wp:term":[{"taxonomy":"category","embeddable":true,"href":"https:\/\/www.ufsm.br\/cursos\/graduacao\/cachoeira-do-sul\/arquitetura-e-urbanismo\/wp-json\/wp\/v2\/categories?post=407"},{"taxonomy":"post_tag","embeddable":true,"href":"https:\/\/www.ufsm.br\/cursos\/graduacao\/cachoeira-do-sul\/arquitetura-e-urbanismo\/wp-json\/wp\/v2\/tags?post=407"}],"curies":[{"name":"wp","href":"https:\/\/api.w.org\/{rel}","templated":true}]}}