{"id":424,"date":"2019-09-26T21:24:08","date_gmt":"2019-09-27T00:24:08","guid":{"rendered":"https:\/\/www.ufsm.br\/cursos\/graduacao\/cachoeira-do-sul\/arquitetura-e-urbanismo\/?page_id=424"},"modified":"2025-09-22T11:11:51","modified_gmt":"2025-09-22T14:11:51","slug":"laboratorio-de-conforto-ambiental","status":"publish","type":"page","link":"https:\/\/www.ufsm.br\/cursos\/graduacao\/cachoeira-do-sul\/arquitetura-e-urbanismo\/laboratorios\/laboratorio-de-conforto-ambiental","title":{"rendered":"Laborat\u00f3rio de Conforto Ambiental &#8211; LabCon"},"content":{"rendered":"\n<p style=\"text-align: justify\">O Laborat\u00f3rio de Conforto Ambiental, localizado na UFSM \u2013 Campus Cachoeira do Sul (Pr\u00e9dio C3 \u2013 sala 12), re\u00fane os equipamentos e espa\u00e7os destinados a experimentos voltados para ensino e pesquisa no \u00e2mbito do Conforto Ambiental e Efici\u00eancia Energ\u00e9tica, abrangendo as \u00e1reas de t\u00e9rmica, ilumina\u00e7\u00e3o e ac\u00fastica.<\/p>\n<p style=\"text-align: justify\"><strong>Equipamentos:\u00a0<\/strong>Data Logger Temperatura e Umidade; Term\u00f4metro de Globo Digital; Termo Anem\u00f4metro Digital; Termo Hidro Anem\u00f4metro lux\u00edmetro Digital; Termo Higr\u00f4metro anal\u00f3gico e Digital; Termovisor Infravermelho; Medidor de Energia Solar; Lux\u00edmetro Digital; Decibel\u00edmetro Digital; Calibrador Ac\u00fastico; Heliodon simplificado (para a latitude 30\u00b0Sul).<\/p>\n<p><strong>Prof. Respons\u00e1vel:<\/strong> Dra. Min\u00e9ia Johann Scherer<\/p>\n<p><strong>Contato:<\/strong> mineiaarq@gmail.com<\/p>\n<p>\u00a0<\/p>\n","protected":false},"excerpt":{"rendered":"<p>O Laborat\u00f3rio de Conforto Ambiental, localizado na UFSM \u2013 Campus Cachoeira do Sul (Pr\u00e9dio C3 \u2013 sala 12), re\u00fane os equipamentos e espa\u00e7os destinados a experimentos voltados para ensino e pesquisa no \u00e2mbito do Conforto Ambiental e Efici\u00eancia Energ\u00e9tica, abrangendo as \u00e1reas de t\u00e9rmica, ilumina\u00e7\u00e3o e ac\u00fastica. Equipamentos:\u00a0Data Logger Temperatura e Umidade; Term\u00f4metro de Globo [&hellip;]<\/p>\n","protected":false},"author":339,"featured_media":0,"parent":356,"menu_order":0,"comment_status":"closed","ping_status":"closed","template":"","meta":{"footnotes":""},"categories":[],"tags":[],"class_list":["post-424","page","type-page","status-publish","hentry"],"acf":[],"_links":{"self":[{"href":"https:\/\/www.ufsm.br\/cursos\/graduacao\/cachoeira-do-sul\/arquitetura-e-urbanismo\/wp-json\/wp\/v2\/pages\/424","targetHints":{"allow":["GET"]}}],"collection":[{"href":"https:\/\/www.ufsm.br\/cursos\/graduacao\/cachoeira-do-sul\/arquitetura-e-urbanismo\/wp-json\/wp\/v2\/pages"}],"about":[{"href":"https:\/\/www.ufsm.br\/cursos\/graduacao\/cachoeira-do-sul\/arquitetura-e-urbanismo\/wp-json\/wp\/v2\/types\/page"}],"author":[{"embeddable":true,"href":"https:\/\/www.ufsm.br\/cursos\/graduacao\/cachoeira-do-sul\/arquitetura-e-urbanismo\/wp-json\/wp\/v2\/users\/339"}],"replies":[{"embeddable":true,"href":"https:\/\/www.ufsm.br\/cursos\/graduacao\/cachoeira-do-sul\/arquitetura-e-urbanismo\/wp-json\/wp\/v2\/comments?post=424"}],"version-history":[{"count":0,"href":"https:\/\/www.ufsm.br\/cursos\/graduacao\/cachoeira-do-sul\/arquitetura-e-urbanismo\/wp-json\/wp\/v2\/pages\/424\/revisions"}],"up":[{"embeddable":true,"href":"https:\/\/www.ufsm.br\/cursos\/graduacao\/cachoeira-do-sul\/arquitetura-e-urbanismo\/wp-json\/wp\/v2\/pages\/356"}],"wp:attachment":[{"href":"https:\/\/www.ufsm.br\/cursos\/graduacao\/cachoeira-do-sul\/arquitetura-e-urbanismo\/wp-json\/wp\/v2\/media?parent=424"}],"wp:term":[{"taxonomy":"category","embeddable":true,"href":"https:\/\/www.ufsm.br\/cursos\/graduacao\/cachoeira-do-sul\/arquitetura-e-urbanismo\/wp-json\/wp\/v2\/categories?post=424"},{"taxonomy":"post_tag","embeddable":true,"href":"https:\/\/www.ufsm.br\/cursos\/graduacao\/cachoeira-do-sul\/arquitetura-e-urbanismo\/wp-json\/wp\/v2\/tags?post=424"}],"curies":[{"name":"wp","href":"https:\/\/api.w.org\/{rel}","templated":true}]}}