{"id":425,"date":"2019-09-26T21:26:46","date_gmt":"2019-09-27T00:26:46","guid":{"rendered":"https:\/\/www.ufsm.br\/cursos\/graduacao\/cachoeira-do-sul\/arquitetura-e-urbanismo\/?page_id=425"},"modified":"2025-09-22T11:15:30","modified_gmt":"2025-09-22T14:15:30","slug":"laboratorio-de-informatica","status":"publish","type":"page","link":"https:\/\/www.ufsm.br\/cursos\/graduacao\/cachoeira-do-sul\/arquitetura-e-urbanismo\/laboratorios\/laboratorio-de-informatica","title":{"rendered":"Laborat\u00f3rio de Inform\u00e1tica"},"content":{"rendered":"\n<p>Os Laborat\u00f3rios de Inform\u00e1tica, localizados na UFSM \u2013 Campus Cachoeira do Sul reunem os equipamentos necess\u00e1rios para ministrar as disciplinas que fazem uso de softwares para o desenvolvimento de seus conte\u00fados, seja em algumas unidades ou exerc\u00edcios espec\u00edficos, seja na disciplina como um todo.\u00a0<\/p>\n<p>Atualmente, no LabINFO acontecem as aulas de Desenho Digital I e II, Conforto Ambiental I, II e III, Geoprocessamento para Arquitetura e Planejamento Urbano e Regional.<\/p>\n\n\n","protected":false},"excerpt":{"rendered":"<p>Os Laborat\u00f3rios de Inform\u00e1tica, localizados na UFSM \u2013 Campus Cachoeira do Sul reunem os equipamentos necess\u00e1rios para ministrar as disciplinas que fazem uso de softwares para o desenvolvimento de seus conte\u00fados, seja em algumas unidades ou exerc\u00edcios espec\u00edficos, seja na disciplina como um todo.\u00a0 Atualmente, no LabINFO acontecem as aulas de Desenho Digital I e [&hellip;]<\/p>\n","protected":false},"author":339,"featured_media":0,"parent":356,"menu_order":0,"comment_status":"closed","ping_status":"closed","template":"","meta":{"footnotes":""},"categories":[],"tags":[],"class_list":["post-425","page","type-page","status-publish","hentry"],"acf":[],"_links":{"self":[{"href":"https:\/\/www.ufsm.br\/cursos\/graduacao\/cachoeira-do-sul\/arquitetura-e-urbanismo\/wp-json\/wp\/v2\/pages\/425","targetHints":{"allow":["GET"]}}],"collection":[{"href":"https:\/\/www.ufsm.br\/cursos\/graduacao\/cachoeira-do-sul\/arquitetura-e-urbanismo\/wp-json\/wp\/v2\/pages"}],"about":[{"href":"https:\/\/www.ufsm.br\/cursos\/graduacao\/cachoeira-do-sul\/arquitetura-e-urbanismo\/wp-json\/wp\/v2\/types\/page"}],"author":[{"embeddable":true,"href":"https:\/\/www.ufsm.br\/cursos\/graduacao\/cachoeira-do-sul\/arquitetura-e-urbanismo\/wp-json\/wp\/v2\/users\/339"}],"replies":[{"embeddable":true,"href":"https:\/\/www.ufsm.br\/cursos\/graduacao\/cachoeira-do-sul\/arquitetura-e-urbanismo\/wp-json\/wp\/v2\/comments?post=425"}],"version-history":[{"count":0,"href":"https:\/\/www.ufsm.br\/cursos\/graduacao\/cachoeira-do-sul\/arquitetura-e-urbanismo\/wp-json\/wp\/v2\/pages\/425\/revisions"}],"up":[{"embeddable":true,"href":"https:\/\/www.ufsm.br\/cursos\/graduacao\/cachoeira-do-sul\/arquitetura-e-urbanismo\/wp-json\/wp\/v2\/pages\/356"}],"wp:attachment":[{"href":"https:\/\/www.ufsm.br\/cursos\/graduacao\/cachoeira-do-sul\/arquitetura-e-urbanismo\/wp-json\/wp\/v2\/media?parent=425"}],"wp:term":[{"taxonomy":"category","embeddable":true,"href":"https:\/\/www.ufsm.br\/cursos\/graduacao\/cachoeira-do-sul\/arquitetura-e-urbanismo\/wp-json\/wp\/v2\/categories?post=425"},{"taxonomy":"post_tag","embeddable":true,"href":"https:\/\/www.ufsm.br\/cursos\/graduacao\/cachoeira-do-sul\/arquitetura-e-urbanismo\/wp-json\/wp\/v2\/tags?post=425"}],"curies":[{"name":"wp","href":"https:\/\/api.w.org\/{rel}","templated":true}]}}