{"id":426,"date":"2019-09-26T21:27:51","date_gmt":"2019-09-27T00:27:51","guid":{"rendered":"https:\/\/www.ufsm.br\/cursos\/graduacao\/cachoeira-do-sul\/arquitetura-e-urbanismo\/?page_id=426"},"modified":"2025-09-22T10:58:00","modified_gmt":"2025-09-22T13:58:00","slug":"laboratorio-de-materiais-e-construcao-civil","status":"publish","type":"page","link":"https:\/\/www.ufsm.br\/cursos\/graduacao\/cachoeira-do-sul\/arquitetura-e-urbanismo\/laboratorios\/laboratorio-de-materiais-e-construcao-civil","title":{"rendered":"Laborat\u00f3rio de Materiais e Constru\u00e7\u00e3o Civil"},"content":{"rendered":"\n<p>O Laborat\u00f3rio de Materiais e Constru\u00e7\u00e3o Civil, localizado na UFSM \u2013 Campus Cachoeira do Sul (Pr\u00e9dio C3, sala 12), destina-se \u00e0 compila\u00e7\u00e3o, organiza\u00e7\u00e3o e acervo de materiais de Constru\u00e7\u00e3o Civil, bem como ao desenvolvimento de ensaios de materiais e estruturas diversas, apoiando principalmente as disciplinas da \u00e1rea de Tecnologia da Constru\u00e7\u00e3o e Sistemas Estruturais.\u00a0<\/p>\n","protected":false},"excerpt":{"rendered":"<p>O Laborat\u00f3rio de Materiais e Constru\u00e7\u00e3o Civil, localizado na UFSM \u2013 Campus Cachoeira do Sul (Pr\u00e9dio C3, sala 12), destina-se \u00e0 compila\u00e7\u00e3o, organiza\u00e7\u00e3o e acervo de materiais de Constru\u00e7\u00e3o Civil, bem como ao desenvolvimento de ensaios de materiais e estruturas diversas, apoiando principalmente as disciplinas da \u00e1rea de Tecnologia da Constru\u00e7\u00e3o e Sistemas Estruturais.\u00a0<\/p>\n","protected":false},"author":339,"featured_media":0,"parent":356,"menu_order":0,"comment_status":"closed","ping_status":"closed","template":"","meta":{"footnotes":""},"categories":[],"tags":[],"class_list":["post-426","page","type-page","status-publish","hentry"],"acf":[],"_links":{"self":[{"href":"https:\/\/www.ufsm.br\/cursos\/graduacao\/cachoeira-do-sul\/arquitetura-e-urbanismo\/wp-json\/wp\/v2\/pages\/426","targetHints":{"allow":["GET"]}}],"collection":[{"href":"https:\/\/www.ufsm.br\/cursos\/graduacao\/cachoeira-do-sul\/arquitetura-e-urbanismo\/wp-json\/wp\/v2\/pages"}],"about":[{"href":"https:\/\/www.ufsm.br\/cursos\/graduacao\/cachoeira-do-sul\/arquitetura-e-urbanismo\/wp-json\/wp\/v2\/types\/page"}],"author":[{"embeddable":true,"href":"https:\/\/www.ufsm.br\/cursos\/graduacao\/cachoeira-do-sul\/arquitetura-e-urbanismo\/wp-json\/wp\/v2\/users\/339"}],"replies":[{"embeddable":true,"href":"https:\/\/www.ufsm.br\/cursos\/graduacao\/cachoeira-do-sul\/arquitetura-e-urbanismo\/wp-json\/wp\/v2\/comments?post=426"}],"version-history":[{"count":0,"href":"https:\/\/www.ufsm.br\/cursos\/graduacao\/cachoeira-do-sul\/arquitetura-e-urbanismo\/wp-json\/wp\/v2\/pages\/426\/revisions"}],"up":[{"embeddable":true,"href":"https:\/\/www.ufsm.br\/cursos\/graduacao\/cachoeira-do-sul\/arquitetura-e-urbanismo\/wp-json\/wp\/v2\/pages\/356"}],"wp:attachment":[{"href":"https:\/\/www.ufsm.br\/cursos\/graduacao\/cachoeira-do-sul\/arquitetura-e-urbanismo\/wp-json\/wp\/v2\/media?parent=426"}],"wp:term":[{"taxonomy":"category","embeddable":true,"href":"https:\/\/www.ufsm.br\/cursos\/graduacao\/cachoeira-do-sul\/arquitetura-e-urbanismo\/wp-json\/wp\/v2\/categories?post=426"},{"taxonomy":"post_tag","embeddable":true,"href":"https:\/\/www.ufsm.br\/cursos\/graduacao\/cachoeira-do-sul\/arquitetura-e-urbanismo\/wp-json\/wp\/v2\/tags?post=426"}],"curies":[{"name":"wp","href":"https:\/\/api.w.org\/{rel}","templated":true}]}}