{"id":435,"date":"2019-09-27T23:05:48","date_gmt":"2019-09-28T02:05:48","guid":{"rendered":"https:\/\/www.ufsm.br\/cursos\/graduacao\/cachoeira-do-sul\/arquitetura-e-urbanismo\/?page_id=435"},"modified":"2019-09-27T23:05:52","modified_gmt":"2019-09-28T02:05:52","slug":"g-p-patologia-e-desempenho-das-edificacoes","status":"publish","type":"page","link":"https:\/\/www.ufsm.br\/cursos\/graduacao\/cachoeira-do-sul\/arquitetura-e-urbanismo\/laboratorios\/g-p-patologia-e-desempenho-das-edificacoes","title":{"rendered":"G.P. Patologia e Desempenho das Edifica\u00e7\u00f5es"},"content":{"rendered":"\n<p style=\"text-align: justify\">Realizar um levantamento das manifesta\u00e7\u00f5es patol\u00f3gicas de maior ocorr\u00eancia nas edifica\u00e7\u00f5es em Cachoeira do Sul, bem como analisar sua causa\/efeito relacionando tais evidencias com o projeto arquitet\u00f4nico, o conforto t\u00e9rmico, os materiais, as t\u00e9cnicas adotadas na constru\u00e7\u00e3o, o uso e a manuten\u00e7\u00e3o da edifica\u00e7\u00e3o. Analisar as informa\u00e7\u00f5es coletadas e disponibilizar para a elabora\u00e7\u00e3o de medidas preventivas em rela\u00e7\u00e3o as novas edifica\u00e7\u00f5es bem como fornecer subs\u00eddios para a corre\u00e7\u00e3o de forma a otimizar os custos de repara\u00e7\u00e3o nas constru\u00e7\u00f5es existentes. Contribuir para a melhor qualidade de vida dos moradores de Cachoeira do Sul. <br \/>Categoria: Pesquisa. <br \/>Coordenador: Ana Elisa Moraes Souto <br \/>Integrantes: <br \/>Andr\u00e9 Tavares da Cunha Guimar\u00e3es &#8211; FURG <br \/>Charles Rech &#8211; UFSM-CS <br \/>Jorge Luiz Oleinik Nunes &#8211; FURG <br \/>Luis Roberto Centeno Drehmer \u2013 UFSM-CS <br \/>Simone Erotildes Teleginski Ferraz &#8211; UFSM <br \/>T\u00e1ssia Fanton \u2013 UFSM &#8211; CS<\/p>\n","protected":false},"excerpt":{"rendered":"<p>Realizar um levantamento das manifesta\u00e7\u00f5es patol\u00f3gicas de maior ocorr\u00eancia nas edifica\u00e7\u00f5es em Cachoeira do Sul, bem como analisar sua causa\/efeito relacionando tais evidencias com o projeto arquitet\u00f4nico, o conforto t\u00e9rmico, os materiais, as t\u00e9cnicas adotadas na constru\u00e7\u00e3o, o uso e a manuten\u00e7\u00e3o da edifica\u00e7\u00e3o. Analisar as informa\u00e7\u00f5es coletadas e disponibilizar para a elabora\u00e7\u00e3o de medidas [&hellip;]<\/p>\n","protected":false},"author":339,"featured_media":0,"parent":356,"menu_order":0,"comment_status":"closed","ping_status":"closed","template":"","meta":{"footnotes":""},"categories":[],"tags":[],"class_list":["post-435","page","type-page","status-publish","hentry"],"acf":[],"_links":{"self":[{"href":"https:\/\/www.ufsm.br\/cursos\/graduacao\/cachoeira-do-sul\/arquitetura-e-urbanismo\/wp-json\/wp\/v2\/pages\/435","targetHints":{"allow":["GET"]}}],"collection":[{"href":"https:\/\/www.ufsm.br\/cursos\/graduacao\/cachoeira-do-sul\/arquitetura-e-urbanismo\/wp-json\/wp\/v2\/pages"}],"about":[{"href":"https:\/\/www.ufsm.br\/cursos\/graduacao\/cachoeira-do-sul\/arquitetura-e-urbanismo\/wp-json\/wp\/v2\/types\/page"}],"author":[{"embeddable":true,"href":"https:\/\/www.ufsm.br\/cursos\/graduacao\/cachoeira-do-sul\/arquitetura-e-urbanismo\/wp-json\/wp\/v2\/users\/339"}],"replies":[{"embeddable":true,"href":"https:\/\/www.ufsm.br\/cursos\/graduacao\/cachoeira-do-sul\/arquitetura-e-urbanismo\/wp-json\/wp\/v2\/comments?post=435"}],"version-history":[{"count":0,"href":"https:\/\/www.ufsm.br\/cursos\/graduacao\/cachoeira-do-sul\/arquitetura-e-urbanismo\/wp-json\/wp\/v2\/pages\/435\/revisions"}],"up":[{"embeddable":true,"href":"https:\/\/www.ufsm.br\/cursos\/graduacao\/cachoeira-do-sul\/arquitetura-e-urbanismo\/wp-json\/wp\/v2\/pages\/356"}],"wp:attachment":[{"href":"https:\/\/www.ufsm.br\/cursos\/graduacao\/cachoeira-do-sul\/arquitetura-e-urbanismo\/wp-json\/wp\/v2\/media?parent=435"}],"wp:term":[{"taxonomy":"category","embeddable":true,"href":"https:\/\/www.ufsm.br\/cursos\/graduacao\/cachoeira-do-sul\/arquitetura-e-urbanismo\/wp-json\/wp\/v2\/categories?post=435"},{"taxonomy":"post_tag","embeddable":true,"href":"https:\/\/www.ufsm.br\/cursos\/graduacao\/cachoeira-do-sul\/arquitetura-e-urbanismo\/wp-json\/wp\/v2\/tags?post=435"}],"curies":[{"name":"wp","href":"https:\/\/api.w.org\/{rel}","templated":true}]}}