{"id":437,"date":"2019-09-27T23:06:43","date_gmt":"2019-09-28T02:06:43","guid":{"rendered":"https:\/\/www.ufsm.br\/cursos\/graduacao\/cachoeira-do-sul\/arquitetura-e-urbanismo\/?page_id=437"},"modified":"2019-09-27T23:07:12","modified_gmt":"2019-09-28T02:07:12","slug":"g-p-processo-de-projeto-em-arquitetura-projelab","status":"publish","type":"page","link":"https:\/\/www.ufsm.br\/cursos\/graduacao\/cachoeira-do-sul\/arquitetura-e-urbanismo\/laboratorios\/g-p-processo-de-projeto-em-arquitetura-projelab","title":{"rendered":"G.P. Processo de Projeto em Arquitetura \u2013 PROJELAB"},"content":{"rendered":"\n<p style=\"text-align: justify\">Desenvolver a abordagem do projeto arquitet\u00f4nico enquanto investiga\u00e7\u00e3o de modo a integrar teoria, pesquisa, ensino e pr\u00e1tica. Prop\u00f5em-se que o projeto seja pensado em sua especificidade como ve\u00edculo para o conhecimento e reconfigura\u00e7\u00e3o de um mundo aberto a transforma\u00e7\u00f5es. An\u00e1lise do processo de projeto buscando verificar os m\u00e9todos, as opera\u00e7\u00f5es e os instrumentos utilizados para projetar.<br \/>Categoria: Pesquisa. <br \/>Coordenador: Ana Elisa Moraes Souto <br \/>Integrantes: <br \/>T\u00e1ssia Fanton- UFSM &#8211; CS <br \/>Vanessa de Conto- UFSM &#8211; CS<\/p>\n","protected":false},"excerpt":{"rendered":"<p>Desenvolver a abordagem do projeto arquitet\u00f4nico enquanto investiga\u00e7\u00e3o de modo a integrar teoria, pesquisa, ensino e pr\u00e1tica. Prop\u00f5em-se que o projeto seja pensado em sua especificidade como ve\u00edculo para o conhecimento e reconfigura\u00e7\u00e3o de um mundo aberto a transforma\u00e7\u00f5es. An\u00e1lise do processo de projeto buscando verificar os m\u00e9todos, as opera\u00e7\u00f5es e os instrumentos utilizados para [&hellip;]<\/p>\n","protected":false},"author":339,"featured_media":0,"parent":356,"menu_order":0,"comment_status":"closed","ping_status":"closed","template":"","meta":{"footnotes":""},"categories":[],"tags":[],"class_list":["post-437","page","type-page","status-publish","hentry"],"acf":[],"_links":{"self":[{"href":"https:\/\/www.ufsm.br\/cursos\/graduacao\/cachoeira-do-sul\/arquitetura-e-urbanismo\/wp-json\/wp\/v2\/pages\/437","targetHints":{"allow":["GET"]}}],"collection":[{"href":"https:\/\/www.ufsm.br\/cursos\/graduacao\/cachoeira-do-sul\/arquitetura-e-urbanismo\/wp-json\/wp\/v2\/pages"}],"about":[{"href":"https:\/\/www.ufsm.br\/cursos\/graduacao\/cachoeira-do-sul\/arquitetura-e-urbanismo\/wp-json\/wp\/v2\/types\/page"}],"author":[{"embeddable":true,"href":"https:\/\/www.ufsm.br\/cursos\/graduacao\/cachoeira-do-sul\/arquitetura-e-urbanismo\/wp-json\/wp\/v2\/users\/339"}],"replies":[{"embeddable":true,"href":"https:\/\/www.ufsm.br\/cursos\/graduacao\/cachoeira-do-sul\/arquitetura-e-urbanismo\/wp-json\/wp\/v2\/comments?post=437"}],"version-history":[{"count":0,"href":"https:\/\/www.ufsm.br\/cursos\/graduacao\/cachoeira-do-sul\/arquitetura-e-urbanismo\/wp-json\/wp\/v2\/pages\/437\/revisions"}],"up":[{"embeddable":true,"href":"https:\/\/www.ufsm.br\/cursos\/graduacao\/cachoeira-do-sul\/arquitetura-e-urbanismo\/wp-json\/wp\/v2\/pages\/356"}],"wp:attachment":[{"href":"https:\/\/www.ufsm.br\/cursos\/graduacao\/cachoeira-do-sul\/arquitetura-e-urbanismo\/wp-json\/wp\/v2\/media?parent=437"}],"wp:term":[{"taxonomy":"category","embeddable":true,"href":"https:\/\/www.ufsm.br\/cursos\/graduacao\/cachoeira-do-sul\/arquitetura-e-urbanismo\/wp-json\/wp\/v2\/categories?post=437"},{"taxonomy":"post_tag","embeddable":true,"href":"https:\/\/www.ufsm.br\/cursos\/graduacao\/cachoeira-do-sul\/arquitetura-e-urbanismo\/wp-json\/wp\/v2\/tags?post=437"}],"curies":[{"name":"wp","href":"https:\/\/api.w.org\/{rel}","templated":true}]}}