{"id":439,"date":"2019-09-27T23:09:32","date_gmt":"2019-09-28T02:09:32","guid":{"rendered":"https:\/\/www.ufsm.br\/cursos\/graduacao\/cachoeira-do-sul\/arquitetura-e-urbanismo\/?page_id=439"},"modified":"2019-09-27T23:09:34","modified_gmt":"2019-09-28T02:09:34","slug":"g-p-modelagem-e-tecnologias-aplicadas-meta","status":"publish","type":"page","link":"https:\/\/www.ufsm.br\/cursos\/graduacao\/cachoeira-do-sul\/arquitetura-e-urbanismo\/laboratorios\/g-p-modelagem-e-tecnologias-aplicadas-meta","title":{"rendered":"G.P. Modelagem e Tecnologias Aplicadas \u2013 META"},"content":{"rendered":"\n<p style=\"text-align: justify\">Visa complementar a forma\u00e7\u00e3o da comunidade acad\u00eamica nos cursos de Arquitetura e Urbanismo e Engenharias da UFSM-CS, atrav\u00e9s da realiza\u00e7\u00e3o de maquetes como m\u00e9todo experimental durante a concep\u00e7\u00e3o e representa\u00e7\u00e3o de temas abordados nas disciplinas. Espera-se que os modelos realizados venham servir como aporte te\u00f3rico e pr\u00e1tico, aproximando-os dos sistemas e t\u00e9cnicas presentes na pr\u00e1tica profissional. <br \/>Categoria: Ensino. <br \/>Coordenador: Ana Elisa Moraes Souto <br \/>Integrantes: <br \/>Fernanda M. Gon\u00e7alves (discente) <br \/>Henrique S. B. Oliveira (discente) <br \/>Let\u00edcia Laureano (discente) <br \/>Vanessa Virg\u00ednia Silva (discente) <br \/>Sabine R. De Paris (docente)<\/p>\n","protected":false},"excerpt":{"rendered":"<p>Visa complementar a forma\u00e7\u00e3o da comunidade acad\u00eamica nos cursos de Arquitetura e Urbanismo e Engenharias da UFSM-CS, atrav\u00e9s da realiza\u00e7\u00e3o de maquetes como m\u00e9todo experimental durante a concep\u00e7\u00e3o e representa\u00e7\u00e3o de temas abordados nas disciplinas. Espera-se que os modelos realizados venham servir como aporte te\u00f3rico e pr\u00e1tico, aproximando-os dos sistemas e t\u00e9cnicas presentes na pr\u00e1tica [&hellip;]<\/p>\n","protected":false},"author":339,"featured_media":0,"parent":356,"menu_order":0,"comment_status":"closed","ping_status":"closed","template":"","meta":{"footnotes":""},"categories":[],"tags":[],"class_list":["post-439","page","type-page","status-publish","hentry"],"acf":[],"_links":{"self":[{"href":"https:\/\/www.ufsm.br\/cursos\/graduacao\/cachoeira-do-sul\/arquitetura-e-urbanismo\/wp-json\/wp\/v2\/pages\/439","targetHints":{"allow":["GET"]}}],"collection":[{"href":"https:\/\/www.ufsm.br\/cursos\/graduacao\/cachoeira-do-sul\/arquitetura-e-urbanismo\/wp-json\/wp\/v2\/pages"}],"about":[{"href":"https:\/\/www.ufsm.br\/cursos\/graduacao\/cachoeira-do-sul\/arquitetura-e-urbanismo\/wp-json\/wp\/v2\/types\/page"}],"author":[{"embeddable":true,"href":"https:\/\/www.ufsm.br\/cursos\/graduacao\/cachoeira-do-sul\/arquitetura-e-urbanismo\/wp-json\/wp\/v2\/users\/339"}],"replies":[{"embeddable":true,"href":"https:\/\/www.ufsm.br\/cursos\/graduacao\/cachoeira-do-sul\/arquitetura-e-urbanismo\/wp-json\/wp\/v2\/comments?post=439"}],"version-history":[{"count":0,"href":"https:\/\/www.ufsm.br\/cursos\/graduacao\/cachoeira-do-sul\/arquitetura-e-urbanismo\/wp-json\/wp\/v2\/pages\/439\/revisions"}],"up":[{"embeddable":true,"href":"https:\/\/www.ufsm.br\/cursos\/graduacao\/cachoeira-do-sul\/arquitetura-e-urbanismo\/wp-json\/wp\/v2\/pages\/356"}],"wp:attachment":[{"href":"https:\/\/www.ufsm.br\/cursos\/graduacao\/cachoeira-do-sul\/arquitetura-e-urbanismo\/wp-json\/wp\/v2\/media?parent=439"}],"wp:term":[{"taxonomy":"category","embeddable":true,"href":"https:\/\/www.ufsm.br\/cursos\/graduacao\/cachoeira-do-sul\/arquitetura-e-urbanismo\/wp-json\/wp\/v2\/categories?post=439"},{"taxonomy":"post_tag","embeddable":true,"href":"https:\/\/www.ufsm.br\/cursos\/graduacao\/cachoeira-do-sul\/arquitetura-e-urbanismo\/wp-json\/wp\/v2\/tags?post=439"}],"curies":[{"name":"wp","href":"https:\/\/api.w.org\/{rel}","templated":true}]}}