{"id":440,"date":"2019-09-27T23:13:42","date_gmt":"2019-09-28T02:13:42","guid":{"rendered":"https:\/\/www.ufsm.br\/cursos\/graduacao\/cachoeira-do-sul\/arquitetura-e-urbanismo\/?page_id=440"},"modified":"2019-09-27T23:38:23","modified_gmt":"2019-09-28T02:38:23","slug":"nucleo-de-estudos-criativos-da-cidade-vivacidade","status":"publish","type":"page","link":"https:\/\/www.ufsm.br\/cursos\/graduacao\/cachoeira-do-sul\/arquitetura-e-urbanismo\/laboratorios\/nucleo-de-estudos-criativos-da-cidade-vivacidade","title":{"rendered":"N\u00facleo de Estudos Criativos da Cidade &#8211; vivaCIDADE"},"content":{"rendered":"\n<div dir=\"auto\"><img decoding=\"async\" class=\"wp-image-443 size-thumbnail aligncenter\" src=\"https:\/\/www.ufsm.br\/cursos\/graduacao\/cachoeira-do-sul\/arquitetura-e-urbanismo\/wp-content\/uploads\/sites\/221\/2019\/09\/VIVACIDADE-150x150.jpg\" alt=\"\" width=\"150\" height=\"150\" srcset=\"https:\/\/www.ufsm.br\/app\/uploads\/sites\/221\/2019\/09\/VIVACIDADE-150x150.jpg 150w, https:\/\/www.ufsm.br\/app\/uploads\/sites\/221\/2019\/09\/VIVACIDADE-300x300.jpg 300w, https:\/\/www.ufsm.br\/app\/uploads\/sites\/221\/2019\/09\/VIVACIDADE-768x768.jpg 768w, https:\/\/www.ufsm.br\/app\/uploads\/sites\/221\/2019\/09\/VIVACIDADE-1024x1024.jpg 1024w, https:\/\/www.ufsm.br\/app\/uploads\/sites\/221\/2019\/09\/VIVACIDADE.jpg 2048w\" sizes=\"(max-width: 150px) 100vw, 150px\" \/><\/div>\n<div dir=\"auto\">\u00a0<\/div>\n<div dir=\"auto\" style=\"text-align: justify\">Grupo de pesquisa, ensino e extens\u00e3o iniciado em 2015 para estudar e experimentar iniciativas propulsoras de transforma\u00e7\u00e3o das cidades em lugares melhores para viver.<\/div>\n<div dir=\"auto\" style=\"text-align: justify\">J\u00e1 foram realizadas a\u00e7\u00f5es nos espa\u00e7os p\u00fablicos de Cachoeira do Sul, sendo na Pra\u00e7a Honorato de Souza Santos com o Projeto Monumento de Solenidades do Centen\u00e1rio do Lions Clube, e na Pra\u00e7a Santo Ant\u00f4nio com o Projeto Pra\u00e7a Viva, um evento de ocupa\u00e7\u00e3o tempor\u00e1ria, de viv\u00eancia coletiva e de revitaliza\u00e7\u00e3o das rela\u00e7\u00f5es da comunidade com o local.<\/div>\n<div dir=\"auto\">\u00a0<\/div>\n<div dir=\"auto\"><b>Equipe:<\/b><\/div>\n<div dir=\"auto\">Coordena\u00e7\u00e3o: Prof\u00aa Michelle Campos Morais<\/div>\n<div dir=\"auto\">Acad\u00eamicos: Andreza da Costa, Luana Mendes, Pablo Dallagnol, Pedro Taschetto<\/div>\n<div dir=\"auto\">\u00a0<\/div>\n<div dir=\"auto\"><b>Contato:<\/b><\/div>\n<div dir=\"auto\"><a href=\"mailto:vivacidadeufsm@gmail.com\" target=\"_blank\" rel=\"noopener noreferrer\">vivacidadeufsm@gmail.com<\/a><\/div>\n<div dir=\"auto\"><a href=\"http:\/\/www.facebook.com\/vivacidadeufsm\" target=\"_blank\" rel=\"noopener noreferrer\" data-saferedirecturl=\"https:\/\/www.google.com\/url?q=http:\/\/www.facebook.com\/vivacidadeufsm&amp;source=gmail&amp;ust=1569722987413000&amp;usg=AFQjCNHNIJQImPAsI2h_V98ypmJgWuLM2w\">www.facebook.com\/vivacidadeufsm<\/a><b><br \/><\/b><\/div>\n<div dir=\"auto\"><a href=\"http:\/\/www.instagram.com\/vivacidadeufsm\" target=\"_blank\" rel=\"noopener noreferrer\" data-saferedirecturl=\"https:\/\/www.google.com\/url?q=http:\/\/www.instagram.com\/vivacidadeufsm&amp;source=gmail&amp;ust=1569722987413000&amp;usg=AFQjCNGFkqFPVnwONFRQKi20KS7GBBHnDQ\">www.instagram.com\/vivacidadeufsm<\/a><\/div>\n","protected":false},"excerpt":{"rendered":"<p>\u00a0 Grupo de pesquisa, ensino e extens\u00e3o iniciado em 2015 para estudar e experimentar iniciativas propulsoras de transforma\u00e7\u00e3o das cidades em lugares melhores para viver. J\u00e1 foram realizadas a\u00e7\u00f5es nos espa\u00e7os p\u00fablicos de Cachoeira do Sul, sendo na Pra\u00e7a Honorato de Souza Santos com o Projeto Monumento de Solenidades do Centen\u00e1rio do Lions Clube, e [&hellip;]<\/p>\n","protected":false},"author":339,"featured_media":0,"parent":356,"menu_order":0,"comment_status":"closed","ping_status":"closed","template":"","meta":{"footnotes":""},"categories":[],"tags":[],"class_list":["post-440","page","type-page","status-publish","hentry"],"acf":[],"_links":{"self":[{"href":"https:\/\/www.ufsm.br\/cursos\/graduacao\/cachoeira-do-sul\/arquitetura-e-urbanismo\/wp-json\/wp\/v2\/pages\/440","targetHints":{"allow":["GET"]}}],"collection":[{"href":"https:\/\/www.ufsm.br\/cursos\/graduacao\/cachoeira-do-sul\/arquitetura-e-urbanismo\/wp-json\/wp\/v2\/pages"}],"about":[{"href":"https:\/\/www.ufsm.br\/cursos\/graduacao\/cachoeira-do-sul\/arquitetura-e-urbanismo\/wp-json\/wp\/v2\/types\/page"}],"author":[{"embeddable":true,"href":"https:\/\/www.ufsm.br\/cursos\/graduacao\/cachoeira-do-sul\/arquitetura-e-urbanismo\/wp-json\/wp\/v2\/users\/339"}],"replies":[{"embeddable":true,"href":"https:\/\/www.ufsm.br\/cursos\/graduacao\/cachoeira-do-sul\/arquitetura-e-urbanismo\/wp-json\/wp\/v2\/comments?post=440"}],"version-history":[{"count":0,"href":"https:\/\/www.ufsm.br\/cursos\/graduacao\/cachoeira-do-sul\/arquitetura-e-urbanismo\/wp-json\/wp\/v2\/pages\/440\/revisions"}],"up":[{"embeddable":true,"href":"https:\/\/www.ufsm.br\/cursos\/graduacao\/cachoeira-do-sul\/arquitetura-e-urbanismo\/wp-json\/wp\/v2\/pages\/356"}],"wp:attachment":[{"href":"https:\/\/www.ufsm.br\/cursos\/graduacao\/cachoeira-do-sul\/arquitetura-e-urbanismo\/wp-json\/wp\/v2\/media?parent=440"}],"wp:term":[{"taxonomy":"category","embeddable":true,"href":"https:\/\/www.ufsm.br\/cursos\/graduacao\/cachoeira-do-sul\/arquitetura-e-urbanismo\/wp-json\/wp\/v2\/categories?post=440"},{"taxonomy":"post_tag","embeddable":true,"href":"https:\/\/www.ufsm.br\/cursos\/graduacao\/cachoeira-do-sul\/arquitetura-e-urbanismo\/wp-json\/wp\/v2\/tags?post=440"}],"curies":[{"name":"wp","href":"https:\/\/api.w.org\/{rel}","templated":true}]}}