{"id":442,"date":"2019-09-27T23:24:21","date_gmt":"2019-09-28T02:24:21","guid":{"rendered":"https:\/\/www.ufsm.br\/cursos\/graduacao\/cachoeira-do-sul\/arquitetura-e-urbanismo\/?page_id=442"},"modified":"2023-06-06T16:40:58","modified_gmt":"2023-06-06T19:40:58","slug":"gpsur","status":"publish","type":"page","link":"https:\/\/www.ufsm.br\/cursos\/graduacao\/cachoeira-do-sul\/arquitetura-e-urbanismo\/laboratorios\/gpsur","title":{"rendered":"G.P. Sistemas Urbanos e Regionais &#8211; GPSUR"},"content":{"rendered":"\n<p><a href=\"http:\/\/DGP CNPq GPSUR\" target=\"_blank\" rel=\"noopener\" data-wplink-url-error=\"true\"><img decoding=\"async\" class=\" wp-image-776 alignright\" src=\"https:\/\/www.ufsm.br\/app\/uploads\/sites\/221\/2023\/06\/logoGPSUR_2023-943x1024.jpg\" alt=\"\" width=\"149\" height=\"162\" srcset=\"https:\/\/www.ufsm.br\/app\/uploads\/sites\/221\/2023\/06\/logoGPSUR_2023-943x1024.jpg 943w, https:\/\/www.ufsm.br\/app\/uploads\/sites\/221\/2023\/06\/logoGPSUR_2023-276x300.jpg 276w, https:\/\/www.ufsm.br\/app\/uploads\/sites\/221\/2023\/06\/logoGPSUR_2023-768x834.jpg 768w, https:\/\/www.ufsm.br\/app\/uploads\/sites\/221\/2023\/06\/logoGPSUR_2023-1415x1536.jpg 1415w, https:\/\/www.ufsm.br\/app\/uploads\/sites\/221\/2023\/06\/logoGPSUR_2023-1887x2048.jpg 1887w, https:\/\/www.ufsm.br\/app\/uploads\/sites\/221\/2023\/06\/logoGPSUR_2023.jpg 1920w\" sizes=\"(max-width: 149px) 100vw, 149px\" \/><\/a>O\u00a0<strong>G.P. Sistemas Urbanos e Regionais (GPSUR)<\/strong> realiza suas atividades no \u00a0<a href=\"https:\/\/www.ufsm.br\/cursos\/graduacao\/cachoeira-do-sul\/arquitetura-e-urbanismo\/laboratorios\/labsur\" target=\"_blank\" rel=\"noopener\">LABSUR<\/a>, localizado na UFSM \u2013 Campus Cachoeira do Sul (Q5 LAB-2).<\/p>\n<p style=\"text-align: justify\">O GPSUR dedica-se \u00e0 pesquisa da din\u00e2mica socioespacial do sistema urbano e regional, buscando desenvolver teoria, m\u00e9todos e instrumenta\u00e7\u00e3o anal\u00edtica da morfologia urbana e da rede de cidades, bem como das cidades como patrim\u00f4nio, paisagem e habitat cultural.<\/p>\n<p><strong>Pesquisadores<\/strong><\/p>\n<ul>\n<li>Dra. B\u00e1rbara Giaccom (UFSM-CS) (coordenadora)<\/li>\n<li>Dra. D\u00e9bora Gregoletto (UFSM-CS) (coordenadora)<\/li>\n<li>Me. D\u00e9bora Sch\u00f6ffel (UFSM-CS)<\/li>\n<li>Dr. Gerson Schirmer (UFSM-CS)<\/li>\n<li>Me. Let\u00edcia Gabriel (UFSM-CS)<\/li>\n<li>Dra. Raquel Weiss (UFSM-CS)<\/li>\n<\/ul>\n<p><strong>Colaboradores<\/strong><\/p>\n<ul>\n<li>Dr. Alejandro Ruiz Padillo (UFSM-SM)<\/li>\n<li>Dra. Alice Rauber Gon\u00e7alves (UFRGS)<\/li>\n<li>Dra. Anicoli Romanini (IMED Humanitas)<\/li>\n<li>Dr. F\u00e1bio Correa Alves (INPE)<\/li>\n<li>Dra. Laline Cenci (UFSM-CS)<\/li>\n<li>Dra. Clarice Maraschin (UFRGS)<\/li>\n<li>Dra. Juliana Pavan (UFRJ)<\/li>\n<li>Dr. Leonardo Lima (UNIFATEA)<\/li>\n<li>Dr. Mateus Rosada (UFMG)<\/li>\n<\/ul>\n<p><strong>Estudantes de Gradua\u00e7\u00e3o<\/strong><\/p>\n<ul>\n<li>Ariel Felipe Geraldo Zaghetti (ArqUrb | UFSM-CS | Volunt\u00e1rio)<\/li>\n<li>Maria Alice de Oliveira Corr\u00eaa (ArqUrb | UFSM-CS | Bolsista)<\/li>\n<li>Martiele Wilhelm (ArqUrb | UFSM-CS | Bolsista)<\/li>\n<li>Mylene Pacini Costa (ArqUrb | UFSM-CS | Bolsista)<\/li>\n<li>Patr\u00edcia Bertoldo Stefanello (ArqUrb | UFSM-CS | Bolsista)<\/li>\n<li>Tha\u00eds Schumacher (ArqUrb | UFSM-CS | Volunt\u00e1ria)<\/li>\n<\/ul>\n<p><strong>Estudantes de P\u00f3s-Gradua\u00e7\u00e3o<\/strong><\/p>\n<ul>\n<li>Ariane Brum Rodrigues (PPGAUP | UFSM | Mestranda)<\/li>\n<li>Marhia Eduarda Bottlender Aued (PPGAUP | UFSM | Mestranda)<\/li>\n<li>Raquel Tatsch de Figueiredo Pahim (PROPUR | UFRGS | Mestranda)<\/li>\n<\/ul>\n<p><a href=\"http:\/\/dgp.cnpq.br\/dgp\/espelhogrupo\/9037366206570271\" target=\"_blank\" rel=\"noopener noreferrer\">Espelho do grupo &#8211; DGP CNPq\u00a0<\/a><\/p>\n","protected":false},"excerpt":{"rendered":"<p>O\u00a0G.P. Sistemas Urbanos e Regionais (GPSUR) realiza suas atividades no \u00a0LABSUR, localizado na UFSM \u2013 Campus Cachoeira do Sul (Q5 LAB-2). O GPSUR dedica-se \u00e0 pesquisa da din\u00e2mica socioespacial do sistema urbano e regional, buscando desenvolver teoria, m\u00e9todos e instrumenta\u00e7\u00e3o anal\u00edtica da morfologia urbana e da rede de cidades, bem como das cidades como patrim\u00f4nio, [&hellip;]<\/p>\n","protected":false},"author":339,"featured_media":0,"parent":356,"menu_order":0,"comment_status":"closed","ping_status":"closed","template":"","meta":{"footnotes":""},"categories":[],"tags":[],"class_list":["post-442","page","type-page","status-publish","hentry"],"acf":[],"_links":{"self":[{"href":"https:\/\/www.ufsm.br\/cursos\/graduacao\/cachoeira-do-sul\/arquitetura-e-urbanismo\/wp-json\/wp\/v2\/pages\/442","targetHints":{"allow":["GET"]}}],"collection":[{"href":"https:\/\/www.ufsm.br\/cursos\/graduacao\/cachoeira-do-sul\/arquitetura-e-urbanismo\/wp-json\/wp\/v2\/pages"}],"about":[{"href":"https:\/\/www.ufsm.br\/cursos\/graduacao\/cachoeira-do-sul\/arquitetura-e-urbanismo\/wp-json\/wp\/v2\/types\/page"}],"author":[{"embeddable":true,"href":"https:\/\/www.ufsm.br\/cursos\/graduacao\/cachoeira-do-sul\/arquitetura-e-urbanismo\/wp-json\/wp\/v2\/users\/339"}],"replies":[{"embeddable":true,"href":"https:\/\/www.ufsm.br\/cursos\/graduacao\/cachoeira-do-sul\/arquitetura-e-urbanismo\/wp-json\/wp\/v2\/comments?post=442"}],"version-history":[{"count":0,"href":"https:\/\/www.ufsm.br\/cursos\/graduacao\/cachoeira-do-sul\/arquitetura-e-urbanismo\/wp-json\/wp\/v2\/pages\/442\/revisions"}],"up":[{"embeddable":true,"href":"https:\/\/www.ufsm.br\/cursos\/graduacao\/cachoeira-do-sul\/arquitetura-e-urbanismo\/wp-json\/wp\/v2\/pages\/356"}],"wp:attachment":[{"href":"https:\/\/www.ufsm.br\/cursos\/graduacao\/cachoeira-do-sul\/arquitetura-e-urbanismo\/wp-json\/wp\/v2\/media?parent=442"}],"wp:term":[{"taxonomy":"category","embeddable":true,"href":"https:\/\/www.ufsm.br\/cursos\/graduacao\/cachoeira-do-sul\/arquitetura-e-urbanismo\/wp-json\/wp\/v2\/categories?post=442"},{"taxonomy":"post_tag","embeddable":true,"href":"https:\/\/www.ufsm.br\/cursos\/graduacao\/cachoeira-do-sul\/arquitetura-e-urbanismo\/wp-json\/wp\/v2\/tags?post=442"}],"curies":[{"name":"wp","href":"https:\/\/api.w.org\/{rel}","templated":true}]}}