{"id":452,"date":"2019-10-18T11:00:33","date_gmt":"2019-10-18T14:00:33","guid":{"rendered":"https:\/\/www.ufsm.br\/cursos\/graduacao\/cachoeira-do-sul\/arquitetura-e-urbanismo\/?page_id=452"},"modified":"2019-10-18T11:00:37","modified_gmt":"2019-10-18T14:00:37","slug":"laboratorio-de-psicologia-ambiental-lpa","status":"publish","type":"page","link":"https:\/\/www.ufsm.br\/cursos\/graduacao\/cachoeira-do-sul\/arquitetura-e-urbanismo\/laboratorios\/laboratorio-de-psicologia-ambiental-lpa","title":{"rendered":"Laborat\u00f3rio de Psicologia Ambiental &#8211; LPA"},"content":{"rendered":"\n<p>As pesquisas desenvolvidas pelo <strong>Laborat\u00f3rio de Psicologia Ambiental (LPA)<\/strong> \u00a0buscam investigar as rela\u00e7\u00f5es entre o ambiente natural ou constru\u00eddo e o usu\u00e1rio, identificando rela\u00e7\u00f5es entre a configura\u00e7\u00e3o espacial e as percep\u00e7\u00f5es, impress\u00f5es e comportamentos dos usu\u00e1rios que dele se apropriam.<\/p>\n<p><strong>Prof. Respons\u00e1vel:<\/strong> Dr. Olavo Avalone Neto<\/p>\n","protected":false},"excerpt":{"rendered":"<p>As pesquisas desenvolvidas pelo Laborat\u00f3rio de Psicologia Ambiental (LPA) \u00a0buscam investigar as rela\u00e7\u00f5es entre o ambiente natural ou constru\u00eddo e o usu\u00e1rio, identificando rela\u00e7\u00f5es entre a configura\u00e7\u00e3o espacial e as percep\u00e7\u00f5es, impress\u00f5es e comportamentos dos usu\u00e1rios que dele se apropriam. Prof. Respons\u00e1vel: Dr. Olavo Avalone Neto<\/p>\n","protected":false},"author":339,"featured_media":0,"parent":356,"menu_order":0,"comment_status":"closed","ping_status":"closed","template":"","meta":{"footnotes":""},"categories":[],"tags":[],"class_list":["post-452","page","type-page","status-publish","hentry"],"acf":[],"_links":{"self":[{"href":"https:\/\/www.ufsm.br\/cursos\/graduacao\/cachoeira-do-sul\/arquitetura-e-urbanismo\/wp-json\/wp\/v2\/pages\/452","targetHints":{"allow":["GET"]}}],"collection":[{"href":"https:\/\/www.ufsm.br\/cursos\/graduacao\/cachoeira-do-sul\/arquitetura-e-urbanismo\/wp-json\/wp\/v2\/pages"}],"about":[{"href":"https:\/\/www.ufsm.br\/cursos\/graduacao\/cachoeira-do-sul\/arquitetura-e-urbanismo\/wp-json\/wp\/v2\/types\/page"}],"author":[{"embeddable":true,"href":"https:\/\/www.ufsm.br\/cursos\/graduacao\/cachoeira-do-sul\/arquitetura-e-urbanismo\/wp-json\/wp\/v2\/users\/339"}],"replies":[{"embeddable":true,"href":"https:\/\/www.ufsm.br\/cursos\/graduacao\/cachoeira-do-sul\/arquitetura-e-urbanismo\/wp-json\/wp\/v2\/comments?post=452"}],"version-history":[{"count":0,"href":"https:\/\/www.ufsm.br\/cursos\/graduacao\/cachoeira-do-sul\/arquitetura-e-urbanismo\/wp-json\/wp\/v2\/pages\/452\/revisions"}],"up":[{"embeddable":true,"href":"https:\/\/www.ufsm.br\/cursos\/graduacao\/cachoeira-do-sul\/arquitetura-e-urbanismo\/wp-json\/wp\/v2\/pages\/356"}],"wp:attachment":[{"href":"https:\/\/www.ufsm.br\/cursos\/graduacao\/cachoeira-do-sul\/arquitetura-e-urbanismo\/wp-json\/wp\/v2\/media?parent=452"}],"wp:term":[{"taxonomy":"category","embeddable":true,"href":"https:\/\/www.ufsm.br\/cursos\/graduacao\/cachoeira-do-sul\/arquitetura-e-urbanismo\/wp-json\/wp\/v2\/categories?post=452"},{"taxonomy":"post_tag","embeddable":true,"href":"https:\/\/www.ufsm.br\/cursos\/graduacao\/cachoeira-do-sul\/arquitetura-e-urbanismo\/wp-json\/wp\/v2\/tags?post=452"}],"curies":[{"name":"wp","href":"https:\/\/api.w.org\/{rel}","templated":true}]}}