{"id":153,"date":"2018-11-27T13:16:57","date_gmt":"2018-11-27T15:16:57","guid":{"rendered":"https:\/\/www.ufsm.br\/cursos\/graduacao\/cachoeira-do-sul\/engenharia-agricola\/?page_id=153"},"modified":"2023-06-30T09:55:26","modified_gmt":"2023-06-30T12:55:26","slug":"estagio-supervisionado-tcc","status":"publish","type":"page","link":"https:\/\/www.ufsm.br\/cursos\/graduacao\/cachoeira-do-sul\/engenharia-agricola\/estagio-supervisionado-tcc","title":{"rendered":"Est\u00e1gios (final e extracurricular) e TCC"},"content":{"rendered":"<p>Estudantes que estejam no 9\u00ba semestre e tenham cursado com aproveitamento disciplinas chaves para a elabora\u00e7\u00e3o do trabalho de conclus\u00e3o de Curso (ver Pr\u00e9-Requisitos atualizados) podem matricular-se na disciplina de TCC. A tem\u00e1tica do TCC ser\u00e1 definida com orientador e todos os tramites ser\u00e3o apreciados no Colegiado de Curso, conforme normas em anexo.<\/p>\n<p>&gt;&gt;&gt;&gt;&gt;&gt;&gt;&gt;&gt;&gt;&gt;&gt;&gt;&gt;&gt;&gt;&gt;&gt;&gt;&gt;&gt;&gt;&gt;&gt;&gt;&gt;&gt;&gt;&gt;&gt;&gt;&gt;&gt;&gt;&gt;&gt;&gt;&gt;&gt;&gt;&gt;&gt;&gt;&gt;&gt;&gt;&gt;&gt;&gt;&gt;&gt;&gt;&gt;&gt;&gt;&gt;&gt;&gt;&gt;&gt;&gt;&gt;&gt;<\/p>\n<p>O d\u00e9cimo (10\u00b0) Semestre do curso \u00e9 dedicado exclusivamente \u00e0 disciplina de Est\u00e1gio Supervisionado. A disciplina de Est\u00e1gio Supervisionado d\u00e1 ao(a) acad\u00eamico(a) a oportunidade de entrar em contato com o mercado de trabalho. O aluno poder\u00e1 realizar seu est\u00e1gio em qualquer empresa ou institui\u00e7\u00e3o de ensino\/pesquisa do Brasil e exterior, que tenha conv\u00eanio com a UFSM. O estudante ter\u00e1 um orientador no Curso de Engenharia Agr\u00edcola e um supervisor no local de est\u00e1gio. O produto final ser\u00e1 um relat\u00f3rio de atividades, conforme normas em anexo.<\/p>\n<blockquote>\n<p>&gt;&gt;&gt;&gt;&gt;&gt;&gt;&gt;&gt;&gt;&gt;&gt;&gt;&gt;&gt;&gt;&gt;&gt;&gt;&gt;&gt;&gt;&gt;&gt;&gt;&gt;&gt;&gt;&gt;&gt;&gt;&gt;&gt;&gt;&gt;&gt;&gt;&gt;&gt;&gt;&gt;&gt;&gt;&gt;&gt;&gt;&gt;&gt;&gt;&gt;&gt;&gt;&gt;&gt;&gt;&gt;&gt;&gt;&gt;&gt;&gt;<\/p>\n<\/blockquote>\n<p>O est\u00e1gio extracurricular pode ser realizado em qualquer momento do Curso. Para tanto, o estudante deve ter um seguro de vida e formalizar com o termo de compromisso. O est\u00e1gio extracurricular contabiliza como ACG.<\/p>\n\n","protected":false},"excerpt":{"rendered":"<p>Estudantes que estejam no 9\u00ba semestre e tenham cursado com aproveitamento disciplinas chaves para a elabora\u00e7\u00e3o do trabalho de conclus\u00e3o de Curso (ver Pr\u00e9-Requisitos atualizados) podem matricular-se na disciplina de TCC. A tem\u00e1tica do TCC ser\u00e1 definida com orientador e todos os tramites ser\u00e3o apreciados no Colegiado de Curso, conforme normas em anexo. &gt;&gt;&gt;&gt;&gt;&gt;&gt;&gt;&gt;&gt;&gt;&gt;&gt;&gt;&gt;&gt;&gt;&gt;&gt;&gt;&gt;&gt;&gt;&gt;&gt;&gt;&gt;&gt;&gt;&gt;&gt;&gt;&gt;&gt;&gt;&gt;&gt;&gt;&gt;&gt;&gt;&gt;&gt;&gt;&gt;&gt;&gt;&gt;&gt;&gt;&gt;&gt;&gt;&gt;&gt;&gt;&gt;&gt;&gt;&gt;&gt;&gt;&gt; O [&hellip;]<\/p>\n","protected":false},"author":201,"featured_media":0,"parent":0,"menu_order":0,"comment_status":"closed","ping_status":"closed","template":"","meta":{"footnotes":""},"categories":[],"tags":[],"class_list":["post-153","page","type-page","status-publish","hentry"],"acf":[],"_links":{"self":[{"href":"https:\/\/www.ufsm.br\/cursos\/graduacao\/cachoeira-do-sul\/engenharia-agricola\/wp-json\/wp\/v2\/pages\/153","targetHints":{"allow":["GET"]}}],"collection":[{"href":"https:\/\/www.ufsm.br\/cursos\/graduacao\/cachoeira-do-sul\/engenharia-agricola\/wp-json\/wp\/v2\/pages"}],"about":[{"href":"https:\/\/www.ufsm.br\/cursos\/graduacao\/cachoeira-do-sul\/engenharia-agricola\/wp-json\/wp\/v2\/types\/page"}],"author":[{"embeddable":true,"href":"https:\/\/www.ufsm.br\/cursos\/graduacao\/cachoeira-do-sul\/engenharia-agricola\/wp-json\/wp\/v2\/users\/201"}],"replies":[{"embeddable":true,"href":"https:\/\/www.ufsm.br\/cursos\/graduacao\/cachoeira-do-sul\/engenharia-agricola\/wp-json\/wp\/v2\/comments?post=153"}],"version-history":[{"count":0,"href":"https:\/\/www.ufsm.br\/cursos\/graduacao\/cachoeira-do-sul\/engenharia-agricola\/wp-json\/wp\/v2\/pages\/153\/revisions"}],"wp:attachment":[{"href":"https:\/\/www.ufsm.br\/cursos\/graduacao\/cachoeira-do-sul\/engenharia-agricola\/wp-json\/wp\/v2\/media?parent=153"}],"wp:term":[{"taxonomy":"category","embeddable":true,"href":"https:\/\/www.ufsm.br\/cursos\/graduacao\/cachoeira-do-sul\/engenharia-agricola\/wp-json\/wp\/v2\/categories?post=153"},{"taxonomy":"post_tag","embeddable":true,"href":"https:\/\/www.ufsm.br\/cursos\/graduacao\/cachoeira-do-sul\/engenharia-agricola\/wp-json\/wp\/v2\/tags?post=153"}],"curies":[{"name":"wp","href":"https:\/\/api.w.org\/{rel}","templated":true}]}}