{"id":273,"date":"2019-01-26T09:49:36","date_gmt":"2019-01-26T11:49:36","guid":{"rendered":"https:\/\/www.ufsm.br\/cursos\/graduacao\/cachoeira-do-sul\/engenharia-agricola\/?page_id=273"},"modified":"2021-03-24T23:10:52","modified_gmt":"2021-03-25T02:10:52","slug":"orientacoes-para-o-inicio-do-semestre-2019-1","status":"publish","type":"page","link":"https:\/\/www.ufsm.br\/cursos\/graduacao\/cachoeira-do-sul\/engenharia-agricola\/orientacoes-para-o-inicio-do-semestre-2019-1","title":{"rendered":"Orienta\u00e7\u00f5es sobre as atividades durante a pandemia da COVID-19"},"content":{"rendered":"\n\n\n<p>A <a href=\"https:\/\/www.ufsm.br\/pro-reitorias\/proplan\/resolucao-n-024-2020\/\">Resolu\u00e7\u00e3o N. 024 da UFSM<\/a>, de 11 de agosto de 2020, Regula o Regime de Exerc\u00edcios Domiciliares Especiais (REDE) e outras disposi\u00e7\u00f5es afins, durante a Suspens\u00e3o das Atividades Acad\u00eamicas Presenciais em face da Pandemia da COVID-19.\u00a0<\/p>\n<p>Posteriormente, houve altera\u00e7\u00f5es estabelecidas pela <a href=\"https:\/\/www.ufsm.br\/pro-reitorias\/proplan\/resolucao-ufsm-n-042-2021\/\">Res. N.042\/2021<\/a>, com efeitos a partir do 1\u00ba semestre de 2021.<\/p>\n<div><b>ALGUMAS DATAS IMPORTANTES:<\/b><\/div>\n<div>\n<ol>\n<li>In\u00edcio do 1\u00ba Semestre de 2021: 12\/04\/2021.<\/li>\n<li>Encerramento do 1\u00ba Semestre de 2021: 24\/07\/2021.<\/li>\n<\/ol>\n<p>Atente-se para outras datas importantes que constam no <a href=\"https:\/\/www.ufsm.br\/calendario\/\">Calend\u00e1rio Acad\u00eamico<\/a>.<\/p>\n<\/div>\n\n\n\n<hr class=\"wp-block-separator\" \/>\n","protected":false},"excerpt":{"rendered":"<p>A Resolu\u00e7\u00e3o N. 024 da UFSM, de 11 de agosto de 2020, Regula o Regime de Exerc\u00edcios Domiciliares Especiais (REDE) e outras disposi\u00e7\u00f5es afins, durante a Suspens\u00e3o das Atividades Acad\u00eamicas Presenciais em face da Pandemia da COVID-19.\u00a0 Posteriormente, houve altera\u00e7\u00f5es estabelecidas pela Res. N.042\/2021, com efeitos a partir do 1\u00ba semestre de 2021. ALGUMAS DATAS [&hellip;]<\/p>\n","protected":false},"author":389,"featured_media":0,"parent":0,"menu_order":0,"comment_status":"closed","ping_status":"closed","template":"","meta":{"footnotes":""},"categories":[],"tags":[],"class_list":["post-273","page","type-page","status-publish","hentry"],"acf":[],"_links":{"self":[{"href":"https:\/\/www.ufsm.br\/cursos\/graduacao\/cachoeira-do-sul\/engenharia-agricola\/wp-json\/wp\/v2\/pages\/273","targetHints":{"allow":["GET"]}}],"collection":[{"href":"https:\/\/www.ufsm.br\/cursos\/graduacao\/cachoeira-do-sul\/engenharia-agricola\/wp-json\/wp\/v2\/pages"}],"about":[{"href":"https:\/\/www.ufsm.br\/cursos\/graduacao\/cachoeira-do-sul\/engenharia-agricola\/wp-json\/wp\/v2\/types\/page"}],"author":[{"embeddable":true,"href":"https:\/\/www.ufsm.br\/cursos\/graduacao\/cachoeira-do-sul\/engenharia-agricola\/wp-json\/wp\/v2\/users\/389"}],"replies":[{"embeddable":true,"href":"https:\/\/www.ufsm.br\/cursos\/graduacao\/cachoeira-do-sul\/engenharia-agricola\/wp-json\/wp\/v2\/comments?post=273"}],"version-history":[{"count":0,"href":"https:\/\/www.ufsm.br\/cursos\/graduacao\/cachoeira-do-sul\/engenharia-agricola\/wp-json\/wp\/v2\/pages\/273\/revisions"}],"wp:attachment":[{"href":"https:\/\/www.ufsm.br\/cursos\/graduacao\/cachoeira-do-sul\/engenharia-agricola\/wp-json\/wp\/v2\/media?parent=273"}],"wp:term":[{"taxonomy":"category","embeddable":true,"href":"https:\/\/www.ufsm.br\/cursos\/graduacao\/cachoeira-do-sul\/engenharia-agricola\/wp-json\/wp\/v2\/categories?post=273"},{"taxonomy":"post_tag","embeddable":true,"href":"https:\/\/www.ufsm.br\/cursos\/graduacao\/cachoeira-do-sul\/engenharia-agricola\/wp-json\/wp\/v2\/tags?post=273"}],"curies":[{"name":"wp","href":"https:\/\/api.w.org\/{rel}","templated":true}]}}