{"id":299,"date":"2019-04-05T11:34:12","date_gmt":"2019-04-05T14:34:12","guid":{"rendered":"https:\/\/www.ufsm.br\/cursos\/graduacao\/cachoeira-do-sul\/engenharia-agricola\/?page_id=299"},"modified":"2021-03-26T18:56:20","modified_gmt":"2021-03-26T21:56:20","slug":"registro-de-atividades-complementares-2019-1","status":"publish","type":"page","link":"https:\/\/www.ufsm.br\/cursos\/graduacao\/cachoeira-do-sul\/engenharia-agricola\/registro-de-atividades-complementares-2019-1","title":{"rendered":"Registro de Atividades Complementares 2020"},"content":{"rendered":"\n<p style=\"text-align: center\">S\u00e3o consideradas como atividades complementares aquelas que concretizam e aperfei\u00e7oam a forma\u00e7\u00e3o do aluno, aprofundando os conhecimentos te\u00f3ricos adquiridos com a\u00e7\u00f5es pr\u00e1ticas nas diferentes \u00e1reas das ci\u00eancias agr\u00e1rias. Nesse sentido, as atividades complementares devem estimular a pr\u00e1tica de estudos independentes, transversais, opcionais, de interdisciplinaridade e de contextualizada atualiza\u00e7\u00e3o profissional espec\u00edfica, sobretudo nas rela\u00e7\u00f5es com o mundo do trabalho.<\/p>\n<blockquote>\n<p>&gt;&gt;A documenta\u00e7\u00e3o que rege as ACG\u00b4S no Curso de Engenharia Agr\u00edcola pode ser acessada nos anexos dessa publica\u00e7\u00e3o&lt;&lt;&lt;&lt;<\/p>\n<\/blockquote>\n<p>.: Estudantes: atentem-se aos editais para registro das ACG\u00b4S que s\u00e3o lan\u00e7ados semestralmente pela Coordena\u00e7\u00e3o de Curso:.<\/p>\n\n\n\n\n\n\n\n\n","protected":false},"excerpt":{"rendered":"<p>S\u00e3o consideradas como atividades complementares aquelas que concretizam e aperfei\u00e7oam a forma\u00e7\u00e3o do aluno, aprofundando os conhecimentos te\u00f3ricos adquiridos com a\u00e7\u00f5es pr\u00e1ticas nas diferentes \u00e1reas das ci\u00eancias agr\u00e1rias. Nesse sentido, as atividades complementares devem estimular a pr\u00e1tica de estudos independentes, transversais, opcionais, de interdisciplinaridade e de contextualizada atualiza\u00e7\u00e3o profissional espec\u00edfica, sobretudo nas rela\u00e7\u00f5es com o [&hellip;]<\/p>\n","protected":false},"author":389,"featured_media":0,"parent":0,"menu_order":0,"comment_status":"closed","ping_status":"closed","template":"","meta":{"footnotes":""},"categories":[],"tags":[],"class_list":["post-299","page","type-page","status-publish","hentry"],"acf":[],"_links":{"self":[{"href":"https:\/\/www.ufsm.br\/cursos\/graduacao\/cachoeira-do-sul\/engenharia-agricola\/wp-json\/wp\/v2\/pages\/299","targetHints":{"allow":["GET"]}}],"collection":[{"href":"https:\/\/www.ufsm.br\/cursos\/graduacao\/cachoeira-do-sul\/engenharia-agricola\/wp-json\/wp\/v2\/pages"}],"about":[{"href":"https:\/\/www.ufsm.br\/cursos\/graduacao\/cachoeira-do-sul\/engenharia-agricola\/wp-json\/wp\/v2\/types\/page"}],"author":[{"embeddable":true,"href":"https:\/\/www.ufsm.br\/cursos\/graduacao\/cachoeira-do-sul\/engenharia-agricola\/wp-json\/wp\/v2\/users\/389"}],"replies":[{"embeddable":true,"href":"https:\/\/www.ufsm.br\/cursos\/graduacao\/cachoeira-do-sul\/engenharia-agricola\/wp-json\/wp\/v2\/comments?post=299"}],"version-history":[{"count":0,"href":"https:\/\/www.ufsm.br\/cursos\/graduacao\/cachoeira-do-sul\/engenharia-agricola\/wp-json\/wp\/v2\/pages\/299\/revisions"}],"wp:attachment":[{"href":"https:\/\/www.ufsm.br\/cursos\/graduacao\/cachoeira-do-sul\/engenharia-agricola\/wp-json\/wp\/v2\/media?parent=299"}],"wp:term":[{"taxonomy":"category","embeddable":true,"href":"https:\/\/www.ufsm.br\/cursos\/graduacao\/cachoeira-do-sul\/engenharia-agricola\/wp-json\/wp\/v2\/categories?post=299"},{"taxonomy":"post_tag","embeddable":true,"href":"https:\/\/www.ufsm.br\/cursos\/graduacao\/cachoeira-do-sul\/engenharia-agricola\/wp-json\/wp\/v2\/tags?post=299"}],"curies":[{"name":"wp","href":"https:\/\/api.w.org\/{rel}","templated":true}]}}