{"id":379,"date":"2019-08-21T14:02:08","date_gmt":"2019-08-21T17:02:08","guid":{"rendered":"https:\/\/www.ufsm.br\/cursos\/graduacao\/cachoeira-do-sul\/engenharia-agricola\/?page_id=379"},"modified":"2019-08-21T14:02:11","modified_gmt":"2019-08-21T17:02:11","slug":"guia-academico","status":"publish","type":"page","link":"https:\/\/www.ufsm.br\/cursos\/graduacao\/cachoeira-do-sul\/engenharia-agricola\/guia-academico","title":{"rendered":"Guia acad\u00eamico"},"content":{"rendered":"\n<p>Prezados estudantes o guia acad\u00eamico \u00e9 o documento que traz todas as informa\u00e7\u00f5es referentes a sua vida acad\u00eamica, por exemplo, matr\u00edcula extracurricular, frequ\u00eancia m\u00ednima, recupera\u00e7\u00e3o de avalia\u00e7\u00f5es, regime especial de avalia\u00e7\u00e3o, entre outras. Acesse e informe-se!<\/p>\n","protected":false},"excerpt":{"rendered":"<p>Prezados estudantes o guia acad\u00eamico \u00e9 o documento que traz todas as informa\u00e7\u00f5es referentes a sua vida acad\u00eamica, por exemplo, matr\u00edcula extracurricular, frequ\u00eancia m\u00ednima, recupera\u00e7\u00e3o de avalia\u00e7\u00f5es, regime especial de avalia\u00e7\u00e3o, entre outras. Acesse e informe-se!<\/p>\n","protected":false},"author":389,"featured_media":0,"parent":0,"menu_order":0,"comment_status":"closed","ping_status":"closed","template":"","meta":{"footnotes":""},"categories":[],"tags":[],"class_list":["post-379","page","type-page","status-publish","hentry"],"acf":[],"_links":{"self":[{"href":"https:\/\/www.ufsm.br\/cursos\/graduacao\/cachoeira-do-sul\/engenharia-agricola\/wp-json\/wp\/v2\/pages\/379","targetHints":{"allow":["GET"]}}],"collection":[{"href":"https:\/\/www.ufsm.br\/cursos\/graduacao\/cachoeira-do-sul\/engenharia-agricola\/wp-json\/wp\/v2\/pages"}],"about":[{"href":"https:\/\/www.ufsm.br\/cursos\/graduacao\/cachoeira-do-sul\/engenharia-agricola\/wp-json\/wp\/v2\/types\/page"}],"author":[{"embeddable":true,"href":"https:\/\/www.ufsm.br\/cursos\/graduacao\/cachoeira-do-sul\/engenharia-agricola\/wp-json\/wp\/v2\/users\/389"}],"replies":[{"embeddable":true,"href":"https:\/\/www.ufsm.br\/cursos\/graduacao\/cachoeira-do-sul\/engenharia-agricola\/wp-json\/wp\/v2\/comments?post=379"}],"version-history":[{"count":0,"href":"https:\/\/www.ufsm.br\/cursos\/graduacao\/cachoeira-do-sul\/engenharia-agricola\/wp-json\/wp\/v2\/pages\/379\/revisions"}],"wp:attachment":[{"href":"https:\/\/www.ufsm.br\/cursos\/graduacao\/cachoeira-do-sul\/engenharia-agricola\/wp-json\/wp\/v2\/media?parent=379"}],"wp:term":[{"taxonomy":"category","embeddable":true,"href":"https:\/\/www.ufsm.br\/cursos\/graduacao\/cachoeira-do-sul\/engenharia-agricola\/wp-json\/wp\/v2\/categories?post=379"},{"taxonomy":"post_tag","embeddable":true,"href":"https:\/\/www.ufsm.br\/cursos\/graduacao\/cachoeira-do-sul\/engenharia-agricola\/wp-json\/wp\/v2\/tags?post=379"}],"curies":[{"name":"wp","href":"https:\/\/api.w.org\/{rel}","templated":true}]}}