{"id":665,"date":"2022-09-09T20:59:47","date_gmt":"2022-09-09T23:59:47","guid":{"rendered":"https:\/\/www.ufsm.br\/cursos\/graduacao\/cachoeira-do-sul\/engenharia-agricola\/?page_id=665"},"modified":"2022-09-09T20:59:49","modified_gmt":"2022-09-09T23:59:49","slug":"yoga-no-campus","status":"publish","type":"page","link":"https:\/\/www.ufsm.br\/cursos\/graduacao\/cachoeira-do-sul\/engenharia-agricola\/yoga-no-campus","title":{"rendered":"Yoga no campus"},"content":{"rendered":"\n<div class=\"wp-block-media-text alignwide is-stacked-on-mobile\"><figure class=\"wp-block-media-text__media\"><img fetchpriority=\"high\" decoding=\"async\" width=\"1024\" height=\"1024\" src=\"https:\/\/www.ufsm.br\/app\/uploads\/sites\/259\/2022\/09\/yoga_1x1-insc-1024x1024.jpg\" alt=\"\" class=\"wp-image-662 size-full\" srcset=\"https:\/\/www.ufsm.br\/app\/uploads\/sites\/259\/2022\/09\/yoga_1x1-insc-1024x1024.jpg 1024w, https:\/\/www.ufsm.br\/app\/uploads\/sites\/259\/2022\/09\/yoga_1x1-insc-300x300.jpg 300w, https:\/\/www.ufsm.br\/app\/uploads\/sites\/259\/2022\/09\/yoga_1x1-insc-150x150.jpg 150w, https:\/\/www.ufsm.br\/app\/uploads\/sites\/259\/2022\/09\/yoga_1x1-insc-768x768.jpg 768w, https:\/\/www.ufsm.br\/app\/uploads\/sites\/259\/2022\/09\/yoga_1x1-insc-1536x1536.jpg 1536w, https:\/\/www.ufsm.br\/app\/uploads\/sites\/259\/2022\/09\/yoga_1x1-insc.jpg 1920w\" sizes=\"(max-width: 1024px) 100vw, 1024px\" \/><\/figure><div class=\"wp-block-media-text__content\">\n<p>\ud83d\uddd3<strong>Data<\/strong>: 24\/09<\/p>\n\n\n\n<p>\ud83d\udd5e<strong>Hor\u00e1rio<\/strong>: 15h30min<\/p>\n\n\n\n<p>\ud83c\udfeb<strong>Local<\/strong>: Campus UFSM Cachoeira do Sul<\/p>\n\n\n\n<p>\ud83d\udeba<strong>P\u00fablico<\/strong>: alunas, servidoras, professoras e demais interessadas da comunidade cachoeirense<\/p>\n\n\n\n<p><a href=\"https:\/\/forms.gle\/QGVSXorVKh4wgcCfA\">Inscreva-se aqui!<\/a><\/p>\n\n\n\n<p>(Re)come\u00e7o das aulas, (re)encontro com colegas: o in\u00edcio de semestre \u00e9 sempre de tirar o f\u00f4lego! Pensando nisso, o Curso recebe no campus a instrutora de yoga T\u00e2mar Giovinazzio para um momento muito especial: uma super aula ao ar livre!<\/p>\n\n\n\n<p><\/p>\n\n\n\n<p>\ud83e\uddd8\u200d\u2640\ufe0fVenha com uma roupa confort\u00e1vel, traga uma toalha, manta ou tapetinho para realizar sua pr\u00e1tica.<\/p>\n<\/div><\/div>\n\n\n\n<p style=\"text-align: left\">O evento \u00e9 gratuito, mas convidamos voc\u00ea a contribuir com a doa\u00e7\u00e3o de 1 kg ou litro de alimento n\u00e3o perec\u00edvel a ser levado no dia do evento, para fazermos uma carinhosa doa\u00e7\u00e3o a uma institui\u00e7\u00e3o de Cachoeira do Sul.<\/p>\n<p><span style=\"font-weight: 400\">\u26a0N\u00e3o \u00e9 necess\u00e1rio nenhum conhecimento pr\u00e9vio, condicionamento f\u00edsico ou alongamento, a aula acolher\u00e1 a sua melhor vers\u00e3o.<\/span><\/p>\n<p><span style=\"font-weight: 400\">\u26a0\ud83c\udf27Em casa de chuva, o evento ser\u00e1 cancelado<\/span><\/p>\n<p><a href=\"https:\/\/forms.gle\/QGVSXorVKh4wgcCfA\">Inscreva-se!<\/a><\/p>\n","protected":false},"excerpt":{"rendered":"<p>\ud83d\uddd3Data: 24\/09 \ud83d\udd5eHor\u00e1rio: 15h30min \ud83c\udfebLocal: Campus UFSM Cachoeira do Sul \ud83d\udebaP\u00fablico: alunas, servidoras, professoras e demais interessadas da comunidade cachoeirense Inscreva-se aqui! (Re)come\u00e7o das aulas, (re)encontro com colegas: o in\u00edcio de semestre \u00e9 sempre de tirar o f\u00f4lego! Pensando nisso, o Curso recebe no campus a instrutora de yoga T\u00e2mar Giovinazzio para um momento muito [&hellip;]<\/p>\n","protected":false},"author":1446,"featured_media":0,"parent":0,"menu_order":0,"comment_status":"closed","ping_status":"closed","template":"","meta":{"footnotes":""},"categories":[],"tags":[],"class_list":["post-665","page","type-page","status-publish","hentry"],"acf":[],"_links":{"self":[{"href":"https:\/\/www.ufsm.br\/cursos\/graduacao\/cachoeira-do-sul\/engenharia-agricola\/wp-json\/wp\/v2\/pages\/665","targetHints":{"allow":["GET"]}}],"collection":[{"href":"https:\/\/www.ufsm.br\/cursos\/graduacao\/cachoeira-do-sul\/engenharia-agricola\/wp-json\/wp\/v2\/pages"}],"about":[{"href":"https:\/\/www.ufsm.br\/cursos\/graduacao\/cachoeira-do-sul\/engenharia-agricola\/wp-json\/wp\/v2\/types\/page"}],"author":[{"embeddable":true,"href":"https:\/\/www.ufsm.br\/cursos\/graduacao\/cachoeira-do-sul\/engenharia-agricola\/wp-json\/wp\/v2\/users\/1446"}],"replies":[{"embeddable":true,"href":"https:\/\/www.ufsm.br\/cursos\/graduacao\/cachoeira-do-sul\/engenharia-agricola\/wp-json\/wp\/v2\/comments?post=665"}],"version-history":[{"count":0,"href":"https:\/\/www.ufsm.br\/cursos\/graduacao\/cachoeira-do-sul\/engenharia-agricola\/wp-json\/wp\/v2\/pages\/665\/revisions"}],"wp:attachment":[{"href":"https:\/\/www.ufsm.br\/cursos\/graduacao\/cachoeira-do-sul\/engenharia-agricola\/wp-json\/wp\/v2\/media?parent=665"}],"wp:term":[{"taxonomy":"category","embeddable":true,"href":"https:\/\/www.ufsm.br\/cursos\/graduacao\/cachoeira-do-sul\/engenharia-agricola\/wp-json\/wp\/v2\/categories?post=665"},{"taxonomy":"post_tag","embeddable":true,"href":"https:\/\/www.ufsm.br\/cursos\/graduacao\/cachoeira-do-sul\/engenharia-agricola\/wp-json\/wp\/v2\/tags?post=665"}],"curies":[{"name":"wp","href":"https:\/\/api.w.org\/{rel}","templated":true}]}}