{"id":718,"date":"2023-06-30T11:01:14","date_gmt":"2023-06-30T14:01:14","guid":{"rendered":"https:\/\/www.ufsm.br\/cursos\/graduacao\/cachoeira-do-sul\/engenharia-agricola\/?page_id=718"},"modified":"2025-10-17T08:17:39","modified_gmt":"2025-10-17T11:17:39","slug":"estagios","status":"publish","type":"page","link":"https:\/\/www.ufsm.br\/cursos\/graduacao\/cachoeira-do-sul\/engenharia-agricola\/estagios","title":{"rendered":"Est\u00e1gios"},"content":{"rendered":"<h2 style=\"font-size: 1.5rem;--bs-text-opacity: 1;color: #6c757d !important\">Grandes oportunidades para a forma\u00e7\u00e3o!<\/h2>\n<p><a>Est\u00e1gio obrigat\u00f3rio no Curso de Engenharia Agr\u00edcola<\/a><\/p>\n<p>Est\u00e1gio Supervisionado realizado no final do Curso de Engenharia Agr\u00edcola.<\/p>\n<p style=\"padding-left: 120px\"><strong>Documentos<\/strong><\/p>\n<ul>\n<li><a href=\"https:\/\/www.ufsm.br\/app\/uploads\/sites\/259\/2023\/08\/TCE-Estagio_Obrigatorio_Externo_protegido_atualizado_em_agosto_2023.docx\">Termo de compromisso para est\u00e1gio externo (geral)<\/a><\/li>\n<li><a href=\"https:\/\/www.ufsm.br\/app\/uploads\/sites\/259\/2023\/08\/TCE-Estagio-Estudante-da-UFSM-na-UFSM_protegido_atualizado_em_agosto_2023.docx\">Termo de compromisso para est\u00e1gio no campus<\/a><\/li>\n<\/ul>\n<ul>\n<li><a href=\"https:\/\/www.ufsm.br\/app\/uploads\/sites\/259\/2023\/06\/Relatorio_de_Atividades_de_Estagio_atualizado_em_junho_2023-1.doc\">Relat\u00f3rio de est\u00e1gio<\/a><\/li>\n<li><a href=\"https:\/\/www.ufsm.br\/app\/uploads\/sites\/259\/2023\/06\/Termo_de_Rescisao_protegido_atualizado_em_junho_2023.docx\">Termo de rescis\u00e3o<\/a><\/li>\n<\/ul>\n<ul>\n<li><a href=\"https:\/\/ntetube.nte.ufsm.br\/v\/1759941155\"><strong>NOVO SISTEMA DE EST\u00c1GIO DE GRADUA\u00c7\u00c3O<\/strong><\/a><\/li>\n<li><a href=\"https:\/\/www.youtube.com\/watch?v=8gRAb8wNfnw\">Tutorial de homologa\u00e7\u00e3o (em v\u00eddeo)<\/a><\/li>\n<li><a href=\"https:\/\/www.ufsm.br\/app\/uploads\/sites\/259\/2021\/05\/Tutorial-Homologacao-de-Termo-de-Estagio-v.2.pdf\">Tutorial para homologa\u00e7\u00e3o (documento)<\/a><\/li>\n<\/ul>\n<p><a href=\"https:\/\/www.ufsm.br\/pro-reitorias\/prograd\/code\/estagios\/estagio-obrigatorio\" target=\"_blank\" rel=\"noopener\"><i>Saiba mais!<\/i><\/a><\/p>\n<p><a>Est\u00e1gios n\u00e3o-obrigat\u00f3rios no Curso de Engenharia Agr\u00edcola<\/a><\/p>\n<p>Est\u00e1gio extracurricular que pode ser realizado ao longo do Curso, desde o primeiro semestre.<\/p>\n<p style=\"color: #1c1c1c;font-size: 16px;padding-left: 120px\">Documentos<\/p>\n<ul style=\"color: #1c1c1c;font-size: 16px\">\n<li><a href=\"https:\/\/www.ufsm.br\/app\/uploads\/sites\/259\/2023\/06\/TCE-Estagio_Nao_Obrigatorio_Externo_protegido_atualizado_em_junho_2023.docx\">Termo de compromisso<\/a><\/li>\n<li><a style=\"font-size: 16px;font-weight: var( --e-global-typography-text-font-weight );color: #204c90\" href=\"https:\/\/www.ufsm.br\/app\/uploads\/sites\/259\/2023\/06\/Relatorio_de_Atividades_de_Estagio_atualizado_em_junho_2023-1.doc\">Relat\u00f3rio de est\u00e1gio<\/a><\/li>\n<li><a style=\"color: #204c90\" href=\"https:\/\/www.ufsm.br\/app\/uploads\/sites\/259\/2023\/06\/Termo_de_Rescisao_protegido_atualizado_em_junho_2023.docx\">Termo de rescis\u00e3o<\/a><\/li>\n<\/ul>\n<ul style=\"color: #1c1c1c;font-size: 16px\">\n<li><a href=\"https:\/\/www.youtube.com\/watch?v=8gRAb8wNfnw\">Tutorial de homologa\u00e7\u00e3o (em v\u00eddeo)<\/a><\/li>\n<li><a href=\"https:\/\/www.ufsm.br\/app\/uploads\/sites\/259\/2021\/05\/Tutorial-Homologacao-de-Termo-de-Estagio-v.2.pdf\">Tutorial para homologa\u00e7\u00e3o (documento)<\/a><\/li>\n<\/ul>\n<p><a href=\"https:\/\/www.ufsm.br\/pro-reitorias\/prograd\/code\/estagios\/estagio-nao-obrigatorio\" target=\"_blank\" rel=\"noopener\"><i>Saiba mais!<\/i><\/a><\/p>\n<p><img fetchpriority=\"high\" decoding=\"async\" src=\"https:\/\/www.ufsm.br\/app\/uploads\/sites\/259\/2023\/06\/women-caring-plants-from-greenhouse-768x560.jpg\" alt=\"\" width=\"768\" height=\"560\" \/><\/p>\n<blockquote style=\"text-align: right\">\n<p style=\"text-align: right\">\u00a0<\/p>\n<p style=\"text-align: right\">\u00a0<\/p>\n<p style=\"text-align: right\">\u00a0<\/p>\n<p style=\"text-align: right\">&#8220;Desafiados a aplicar os conhecimentos te\u00f3ricos nas<\/p>\n<p style=\"text-align: right\">atividades pr\u00e1ticas do dia a dia e envolvidos em a\u00e7\u00f5es de<\/p>\n<p style=\"text-align: right\">capacita\u00e7\u00e3o internas, desenvolvem seu potencial e<\/p>\n<p style=\"text-align: right\">preparam-se para assumir posi\u00e7\u00f5es efetivas na organiza\u00e7\u00e3o.&#8221;<\/p>\n<\/blockquote>\n<p style=\"text-align: right\"><b>SLC Agr\u00edcola<br \/><\/b><em>Concendente de est\u00e1gios a nossos estudantes<\/em><\/p>\n<p style=\"text-align: right\">\u00a0<\/p>\n\n","protected":false},"excerpt":{"rendered":"<p>Grandes oportunidades para a forma\u00e7\u00e3o! Est\u00e1gio obrigat\u00f3rio no Curso de Engenharia Agr\u00edcola Est\u00e1gio Supervisionado realizado no final do Curso de Engenharia Agr\u00edcola. Documentos Termo de compromisso para est\u00e1gio externo (geral) Termo de compromisso para est\u00e1gio no campus Relat\u00f3rio de est\u00e1gio Termo de rescis\u00e3o NOVO SISTEMA DE EST\u00c1GIO DE GRADUA\u00c7\u00c3O Tutorial de homologa\u00e7\u00e3o (em v\u00eddeo) Tutorial [&hellip;]<\/p>\n","protected":false},"author":1446,"featured_media":0,"parent":0,"menu_order":0,"comment_status":"closed","ping_status":"closed","template":"","meta":{"footnotes":""},"categories":[],"tags":[],"class_list":["post-718","page","type-page","status-publish","hentry"],"acf":[],"_links":{"self":[{"href":"https:\/\/www.ufsm.br\/cursos\/graduacao\/cachoeira-do-sul\/engenharia-agricola\/wp-json\/wp\/v2\/pages\/718","targetHints":{"allow":["GET"]}}],"collection":[{"href":"https:\/\/www.ufsm.br\/cursos\/graduacao\/cachoeira-do-sul\/engenharia-agricola\/wp-json\/wp\/v2\/pages"}],"about":[{"href":"https:\/\/www.ufsm.br\/cursos\/graduacao\/cachoeira-do-sul\/engenharia-agricola\/wp-json\/wp\/v2\/types\/page"}],"author":[{"embeddable":true,"href":"https:\/\/www.ufsm.br\/cursos\/graduacao\/cachoeira-do-sul\/engenharia-agricola\/wp-json\/wp\/v2\/users\/1446"}],"replies":[{"embeddable":true,"href":"https:\/\/www.ufsm.br\/cursos\/graduacao\/cachoeira-do-sul\/engenharia-agricola\/wp-json\/wp\/v2\/comments?post=718"}],"version-history":[{"count":0,"href":"https:\/\/www.ufsm.br\/cursos\/graduacao\/cachoeira-do-sul\/engenharia-agricola\/wp-json\/wp\/v2\/pages\/718\/revisions"}],"wp:attachment":[{"href":"https:\/\/www.ufsm.br\/cursos\/graduacao\/cachoeira-do-sul\/engenharia-agricola\/wp-json\/wp\/v2\/media?parent=718"}],"wp:term":[{"taxonomy":"category","embeddable":true,"href":"https:\/\/www.ufsm.br\/cursos\/graduacao\/cachoeira-do-sul\/engenharia-agricola\/wp-json\/wp\/v2\/categories?post=718"},{"taxonomy":"post_tag","embeddable":true,"href":"https:\/\/www.ufsm.br\/cursos\/graduacao\/cachoeira-do-sul\/engenharia-agricola\/wp-json\/wp\/v2\/tags?post=718"}],"curies":[{"name":"wp","href":"https:\/\/api.w.org\/{rel}","templated":true}]}}