{"id":165,"date":"2018-11-26T14:48:09","date_gmt":"2018-11-26T16:48:09","guid":{"rendered":"https:\/\/www.ufsm.br\/cursos\/graduacao\/cachoeira-do-sul\/engenharia-de-transportes-e-logistica\/?page_id=165"},"modified":"2025-08-19T16:16:01","modified_gmt":"2025-08-19T19:16:01","slug":"estagio-nao-obrigatorio","status":"publish","type":"page","link":"https:\/\/www.ufsm.br\/cursos\/graduacao\/cachoeira-do-sul\/engenharia-de-transportes-e-logistica\/estagio-nao-obrigatorio","title":{"rendered":"Est\u00e1gio n\u00e3o obrigat\u00f3rio"},"content":{"rendered":"\t\t<div data-elementor-type=\"wp-page\" data-elementor-id=\"165\" class=\"elementor elementor-165\">\n\t\t\t\t\t\t<section class=\"elementor-section elementor-top-section elementor-element elementor-element-c6fcb38 elementor-section-boxed elementor-section-height-default elementor-section-height-default\" data-id=\"c6fcb38\" data-element_type=\"section\">\n\t\t\t\t\t\t<div class=\"elementor-container elementor-column-gap-default\">\n\t\t\t\t\t<div class=\"elementor-column elementor-col-100 elementor-top-column elementor-element elementor-element-46658b98\" data-id=\"46658b98\" data-element_type=\"column\">\n\t\t\t<div class=\"elementor-widget-wrap elementor-element-populated\">\n\t\t\t\t\t\t<div class=\"elementor-element elementor-element-78f87dde elementor-widget elementor-widget-text-editor\" data-id=\"78f87dde\" data-element_type=\"widget\" data-widget_type=\"text-editor.default\">\n\t\t\t\t<div class=\"elementor-widget-container\">\n\t\t\t\t\t\t\t<section data-id=\"8fc81ac\" data-element_type=\"section\">\n<div data-id=\"2f2c400\" data-element_type=\"column\">\n<div data-id=\"7392f84\" data-element_type=\"widget\" data-widget_type=\"text-editor.default\">\n<div>\n<div style=\"text-align: left\"><strong>Est\u00e1gio n\u00e3o-obrigat\u00f3rio:\u00a0<\/strong>\u00c9 aquele desenvolvido como atividade opcional, complementar \u00e0 forma\u00e7\u00e3o do(a) estudante, podendo ser contabilizada para integraliza\u00e7\u00e3o curricular<span style=\"font-size: inherit\">. O est\u00e1gio n\u00e3o obrigat\u00f3rio poder\u00e1 compor a integraliza\u00e7\u00e3o curricular conforme as normas de est\u00e1gio de cada projeto pedag\u00f3gico de curso (PPC).<\/span><\/div>\n<div style=\"text-align: left\">\u00a0<\/div>\n<div style=\"text-align: left\"><span style=\"font-size: inherit\">O termo de compromisso de est\u00e1gio \u00e9 um acordo tripartite que celebra o compromisso entre o educando, a parte concedente do est\u00e1gio e a institui\u00e7\u00e3o de ensino para a realiza\u00e7\u00e3o de est\u00e1gios obrigat\u00f3rios e n\u00e3o obrigat\u00f3rios. A celebra\u00e7\u00e3o do termo de compromisso \u00e9 uma exig\u00eancia da Lei n. 11.788, de 25 de setembro de 2008, e por meio dele devem ser indicadas as condi\u00e7\u00f5es de adequa\u00e7\u00e3o do est\u00e1gio \u00e0 proposta pedag\u00f3gica do curso, \u00e0 etapa e modalidade da forma\u00e7\u00e3o escolar do estudante e ao hor\u00e1rio e calend\u00e1rio escolar.<\/span><\/div>\n<\/div>\n<\/div>\n<div>\n<h2>\u00a0<\/h2>\n<h2><b>Destaca-se que toda a documenta\u00e7\u00e3o e suas assinaturas devem ser tramitadas de forma eletr\u00f4nica pelo sistema PEN-SIE.<\/b><\/h2>\n<div><b>\u00a0<\/b><\/div>\n<\/div>\n<p><strong>Docentes orientadores de Est\u00e1gio, por \u00e1reas de Atua\u00e7\u00e3o:<\/strong><\/p>\n<div><strong>Log\u00edstica:<\/strong><\/div>\n<div>A) Profa. Dra. Vanessa Teresinha Alves (<a href=\"mailto:vanessa.alves@ufsm.br\" target=\"_blank\" rel=\"noopener\" data-tooltip-position=\"top\" data-tooltip=\"Do Contatos do Google\">vanessa.alves@ufsm.br<\/a>)<br \/>B) Prof. Dr. Lucas Veiga \u00c1vila (<a href=\"mailto:lucas.avila@ufsm.br\" target=\"_blank\" rel=\"noopener\" data-tooltip-position=\"top\" data-tooltip=\"Do Contatos do Google\">lucas.avila@ufsm.br<\/a>)<\/div>\n<div>C) Profa. Dra. Maiara Tha\u00eds Tolfo (maiaratolfo@alumni.usp.br)\u00a0<br \/>D)Prof. Dr. Felipe Caleffi (<a href=\"mailto:felipe.caleffi@ufsm.br\" target=\"_blank\" rel=\"noopener\" data-tooltip-position=\"top\" data-tooltip=\"Do Contatos do Google\">felipe.caleffi@ufsm.br<\/a>)<\/div>\n<div><br \/><strong>Transportes:<\/strong><\/div>\n<div>A) Profa. Dra. Brenda Medeiros Pereira (<a href=\"mailto:brenda.pereira@ufsm.br\" target=\"_blank\" rel=\"noopener\" data-tooltip-position=\"top\" data-tooltip=\"Do Contatos do Google\">brenda.pereira@ufsm.br<\/a>)<br \/>B) Prof. Dr. Felipe Caleffi (<a href=\"mailto:felipe.caleffi@ufsm.br\" target=\"_blank\" rel=\"noopener\" data-tooltip-position=\"top\" data-tooltip=\"Do Contatos do Google\">felipe.caleffi@ufsm.br<\/a>)<br \/>C) Prof. Dr. Jo\u00e3o Rodrigo Guerreiro Mattos (<a href=\"mailto:joao.mattos@ufsm.br\" target=\"_blank\" rel=\"noopener\" data-tooltip-position=\"top\" data-tooltip=\"Do Contatos do Google\">joao.mattos@ufsm.br<\/a>)<\/div>\n<div>\u00a0<\/div>\n<div><strong>Infraestrutura:<\/strong>\n<div><span style=\"color: #000000;font-size: 1rem;font-weight: var( --e-global-typography-text-font-weight );text-align: var(--bs-body-text-align)\">A) Prof. Dr. Lucas Delongui (<\/span><a style=\"font-size: 1rem;font-weight: var( --e-global-typography-text-font-weight );text-align: var(--bs-body-text-align)\" href=\"mailto:lucas.delongui@ufsm.br\" target=\"_blank\" rel=\"noopener\" data-tooltip-position=\"top\" data-tooltip=\"Do Contatos do Google\">lucas.delongui@ufsm.br<\/a><span style=\"color: #000000;font-size: 1rem;font-weight: var( --e-global-typography-text-font-weight );text-align: var(--bs-body-text-align)\">)<\/span><br \/><span style=\"background-color: var(--bs-body-bg);color: #000000;font-size: 1rem;text-align: var(--bs-body-text-align);font-weight: var( --e-global-typography-text-font-weight )\">B) Prof. Dr. R\u00e9gis Leandro Lopes da Silva (<\/span><a style=\"font-size: 1rem;text-align: var(--bs-body-text-align);font-weight: var( --e-global-typography-text-font-weight )\" href=\"mailto:regis.silva@ufsm.br\" target=\"_blank\" rel=\"noopener\" data-tooltip-position=\"top\" data-tooltip=\"Do Contatos do Google\">regis.silva@ufsm.br<\/a><span style=\"background-color: var(--bs-body-bg);color: #000000;font-size: 1rem;text-align: var(--bs-body-text-align);font-weight: var( --e-global-typography-text-font-weight )\">)<\/span><br \/><span style=\"color: #000000;font-size: 1rem;font-weight: var( --e-global-typography-text-font-weight );text-align: var(--bs-body-text-align)\">C) Profa. Dra. Emanuele Amanda Gauer (<\/span><a style=\"font-size: 1rem;font-weight: var( --e-global-typography-text-font-weight );text-align: var(--bs-body-text-align)\" href=\"mailto:emanuele.gauer@ufsm.br\" target=\"_blank\" rel=\"noopener\" data-tooltip-position=\"top\" data-tooltip=\"Do Contatos do Google\">emanuele.gauer@ufsm.br<\/a><span style=\"color: #000000;font-size: 1rem;font-weight: var( --e-global-typography-text-font-weight );text-align: var(--bs-body-text-align)\">)<\/span><br \/><span style=\"color: #000000;font-size: 1rem;font-weight: var( --e-global-typography-text-font-weight );text-align: var(--bs-body-text-align)\">D) Profa. Dra. Tha\u00eds Aquino dos Santos (<\/span><a style=\"font-size: 1rem;font-weight: var( --e-global-typography-text-font-weight );text-align: var(--bs-body-text-align)\" href=\"mailto:thais.aquino@ufsm.br\" target=\"_blank\" rel=\"noopener\" data-tooltip-position=\"top\" data-tooltip=\"Do Contatos do Google\">thais.aquino@ufsm.br<\/a><span style=\"color: #000000;font-size: 1rem;font-weight: var( --e-global-typography-text-font-weight );text-align: var(--bs-body-text-align)\">)<\/span><br \/><span style=\"color: #000000;font-size: 1rem;font-weight: var( --e-global-typography-text-font-weight );text-align: var(--bs-body-text-align)\">E) Profa. Dra. Carolina Kuhn Novakoski (<\/span><a style=\"font-size: 1rem;font-weight: var( --e-global-typography-text-font-weight );text-align: var(--bs-body-text-align)\" href=\"mailto:carolina.novakoski@ufsm.br\" target=\"_blank\" rel=\"noopener\" data-tooltip-position=\"top\" data-tooltip=\"Do Contatos do Google\">carolina.novakoski@ufsm.br<\/a><span style=\"color: #000000;font-size: 1rem;font-weight: var( --e-global-typography-text-font-weight );text-align: var(--bs-body-text-align)\">)<\/span>\n<p>\u00a0<\/p>\n<p>OBS: Caso os professores da respectiva \u00e1rea de est\u00e1gio n\u00e3o possuam disponibilidade, em fun\u00e7\u00e3o do n\u00famero de alunos j\u00e1 orientados, o discente dever\u00e1 buscar outro professor(a), podendo ser das outras grandes areas do curso.<\/p>\n<\/div>\n<p>\u00a0<\/p>\n<\/div>\n<div>\n<p><strong style=\"font-size: inherit\"><span style=\"color: #ff0000\">Tutoriais<\/span>, <span style=\"color: #ff0000\">Documenta\u00e7\u00e3o<\/span> e <span style=\"color: #ff0000\">informa\u00e7\u00f5es<\/span> sobre Est\u00e1gios N\u00e3o-Obrigat\u00f3rios podem ser consultados na p\u00e1gina da Pr\u00f3-Reitoria de Gradua\u00e7\u00e3o &#8211; PROGRAD.<\/strong><\/p>\n<\/div>\n<\/div>\n<\/section>\n<section data-id=\"59a05a6\" data-element_type=\"section\">\n<div>\n<div>\n<div data-id=\"470fa2b\" data-element_type=\"column\">\n<div>\n<div>\n<div>\u00a0<\/div>\n<\/div>\n<\/div>\n<\/div>\n<\/div>\n<\/div>\n<\/section>\n<h3><a href=\"https:\/\/www.ufsm.br\/pro-reitorias\/prograd\/code\/estagios\/tutorial-de-processos-de-estagio-para-estudantes-de-graduacao\/\"><strong>Tutorial de processo de est\u00e1gio:<\/strong> Clique aqui.<\/a><\/h3>\n<p>\u00a0<\/p>\n<h2><strong><span style=\"color: #000000;font-size: 16px\">A Seguir, apresentam-se outros documentos necess\u00e1rios para o andamento do est\u00e1gio:<\/span><\/strong><\/h2>\n<div>\n<p style=\"color: #000000;font-size: 16px\"><a href=\"https:\/\/www.ufsm.br\/app\/uploads\/sites\/266\/2021\/05\/Declaracao-de-professor-orientador-de-estagio-obrigatorio.docx\" target=\"_blank\" rel=\"noopener\">Declara\u00e7\u00e3o do Professor Orientador de Est\u00e1gio Obrigat\u00f3rio: Clique aqui.<\/a><\/p>\n<p><a href=\"https:\/\/www.ufsm.br\/app\/uploads\/sites\/266\/2022\/01\/Plano-de-Atividades-Estagio.docx\">Modelo de Plano de Atividades de Est\u00e1gio: Clique aqui.<\/a><\/p>\n<p><a href=\"https:\/\/www.ufsm.br\/app\/uploads\/sites\/266\/2022\/01\/TERMO-DE-COMPROMISSO-DE-ESTAGIO-NAO-OBRIGATORIO.docx\">Termo de Compromisso de Est\u00e1gio N\u00e3o Obrigat\u00f3rio: Clique aqui.<\/a><\/p>\n<p><a href=\"https:\/\/www.ufsm.br\/app\/uploads\/sites\/266\/2022\/01\/Relatorio-de-atividades-de-estagio.docx\">Modelo de Relat\u00f3rio de Est\u00e1gio: Clique aqui.<\/a><\/p>\n<p><a href=\"https:\/\/www.ufsm.br\/app\/uploads\/sites\/266\/2022\/01\/TERMO-DE-ADITAMENTO-AO-TERMO-DE-COMPROMISSO-DE-ESTAGIO.docx\">Termo de Aditamento ao Termo de Compromisso de Est\u00e1gio: Clique aqui.<\/a><\/p>\n<p><a href=\"https:\/\/www.ufsm.br\/app\/uploads\/sites\/266\/2022\/01\/TERMO-DE-RESCISAO-AO-TERMO-DE-COMPROMISSO-DE-ESTAGIO.docx\">Termo de Rescis\u00e3o ao Termo de Compromisso de Est\u00e1gio: Clique aqui.<\/a><\/p>\n<\/div>\n<p><strong>Para mais informa\u00e7\u00f5es sobre os Documentos necess\u00e1rios, \u00e9 poss\u00edvel acess\u00e1-los no site da PROGRAD.<\/strong><\/p>\n<p><a href=\"https:\/\/www.ufsm.br\/pro-reitorias\/prograd\/code\/estagios\/estagio-nao-obrigatorio\/\" target=\"_blank\" rel=\"noopener\">\u00a0Documentos necess\u00e1rios e Informa\u00e7\u00f5es sobre o est\u00e1gio (PROGRAD): Clique aqui.\u00a0<\/a><\/p>\n<p><!-- wp:tadv\/classic-paragraph \/--><\/p>\t\t\t\t\t\t<\/div>\n\t\t\t\t<\/div>\n\t\t\t\t\t<\/div>\n\t\t<\/div>\n\t\t\t\t\t<\/div>\n\t\t<\/section>\n\t\t\t\t<section class=\"elementor-section elementor-top-section elementor-element elementor-element-170714f elementor-section-boxed elementor-section-height-default elementor-section-height-default\" data-id=\"170714f\" data-element_type=\"section\">\n\t\t\t\t\t\t<div class=\"elementor-container elementor-column-gap-default\">\n\t\t\t\t\t<div class=\"elementor-column elementor-col-100 elementor-top-column elementor-element elementor-element-1ec930f\" data-id=\"1ec930f\" data-element_type=\"column\">\n\t\t\t<div class=\"elementor-widget-wrap elementor-element-populated\">\n\t\t\t\t\t\t<div class=\"elementor-element elementor-element-b8f5cb2 elementor-widget elementor-widget-text-editor\" data-id=\"b8f5cb2\" data-element_type=\"widget\" data-widget_type=\"text-editor.default\">\n\t\t\t\t<div class=\"elementor-widget-container\">\n\t\t\t\t\t\t\t<p>Lorem ipsum dolor sit amet, consectetur adipiscing elit. Ut elit tellus, luctus nec ullamcorper mattis, pulvinar dapibus leo.<\/p>\t\t\t\t\t\t<\/div>\n\t\t\t\t<\/div>\n\t\t\t\t\t<\/div>\n\t\t<\/div>\n\t\t\t\t\t<\/div>\n\t\t<\/section>\n\t\t\t\t<\/div>\n\t\t","protected":false},"excerpt":{"rendered":"<p>Est\u00e1gio n\u00e3o-obrigat\u00f3rio:\u00a0\u00c9 aquele desenvolvido como atividade opcional, complementar \u00e0 forma\u00e7\u00e3o do(a) estudante, podendo ser contabilizada para integraliza\u00e7\u00e3o curricular. O est\u00e1gio n\u00e3o obrigat\u00f3rio poder\u00e1 compor a integraliza\u00e7\u00e3o curricular conforme as normas de est\u00e1gio de cada projeto pedag\u00f3gico de curso (PPC). \u00a0 O termo de compromisso de est\u00e1gio \u00e9 um acordo tripartite que celebra o compromisso entre [&hellip;]<\/p>\n","protected":false},"author":115,"featured_media":0,"parent":0,"menu_order":0,"comment_status":"closed","ping_status":"closed","template":"","meta":{"footnotes":""},"categories":[],"tags":[],"class_list":["post-165","page","type-page","status-publish","hentry"],"acf":[],"_links":{"self":[{"href":"https:\/\/www.ufsm.br\/cursos\/graduacao\/cachoeira-do-sul\/engenharia-de-transportes-e-logistica\/wp-json\/wp\/v2\/pages\/165","targetHints":{"allow":["GET"]}}],"collection":[{"href":"https:\/\/www.ufsm.br\/cursos\/graduacao\/cachoeira-do-sul\/engenharia-de-transportes-e-logistica\/wp-json\/wp\/v2\/pages"}],"about":[{"href":"https:\/\/www.ufsm.br\/cursos\/graduacao\/cachoeira-do-sul\/engenharia-de-transportes-e-logistica\/wp-json\/wp\/v2\/types\/page"}],"author":[{"embeddable":true,"href":"https:\/\/www.ufsm.br\/cursos\/graduacao\/cachoeira-do-sul\/engenharia-de-transportes-e-logistica\/wp-json\/wp\/v2\/users\/115"}],"replies":[{"embeddable":true,"href":"https:\/\/www.ufsm.br\/cursos\/graduacao\/cachoeira-do-sul\/engenharia-de-transportes-e-logistica\/wp-json\/wp\/v2\/comments?post=165"}],"version-history":[{"count":0,"href":"https:\/\/www.ufsm.br\/cursos\/graduacao\/cachoeira-do-sul\/engenharia-de-transportes-e-logistica\/wp-json\/wp\/v2\/pages\/165\/revisions"}],"wp:attachment":[{"href":"https:\/\/www.ufsm.br\/cursos\/graduacao\/cachoeira-do-sul\/engenharia-de-transportes-e-logistica\/wp-json\/wp\/v2\/media?parent=165"}],"wp:term":[{"taxonomy":"category","embeddable":true,"href":"https:\/\/www.ufsm.br\/cursos\/graduacao\/cachoeira-do-sul\/engenharia-de-transportes-e-logistica\/wp-json\/wp\/v2\/categories?post=165"},{"taxonomy":"post_tag","embeddable":true,"href":"https:\/\/www.ufsm.br\/cursos\/graduacao\/cachoeira-do-sul\/engenharia-de-transportes-e-logistica\/wp-json\/wp\/v2\/tags?post=165"}],"curies":[{"name":"wp","href":"https:\/\/api.w.org\/{rel}","templated":true}]}}