{"id":167,"date":"2018-11-26T14:50:34","date_gmt":"2018-11-26T16:50:34","guid":{"rendered":"https:\/\/www.ufsm.br\/cursos\/graduacao\/cachoeira-do-sul\/engenharia-de-transportes-e-logistica\/?page_id=167"},"modified":"2022-02-14T09:43:17","modified_gmt":"2022-02-14T12:43:17","slug":"estagio-supervisionado-e-tcc","status":"publish","type":"page","link":"https:\/\/www.ufsm.br\/cursos\/graduacao\/cachoeira-do-sul\/engenharia-de-transportes-e-logistica\/estagio-supervisionado-e-tcc","title":{"rendered":"Est\u00e1gio obrigat\u00f3rio Supervisionado"},"content":{"rendered":"\t\t<div data-elementor-type=\"wp-page\" data-elementor-id=\"167\" class=\"elementor elementor-167\">\n\t\t\t\t\t\t<section class=\"elementor-section elementor-top-section elementor-element elementor-element-1829c893 elementor-section-boxed elementor-section-height-default elementor-section-height-default\" data-id=\"1829c893\" data-element_type=\"section\">\n\t\t\t\t\t\t<div class=\"elementor-container elementor-column-gap-default\">\n\t\t\t\t\t<div class=\"elementor-column elementor-col-100 elementor-top-column elementor-element elementor-element-581cb428\" data-id=\"581cb428\" data-element_type=\"column\">\n\t\t\t<div class=\"elementor-widget-wrap elementor-element-populated\">\n\t\t\t\t\t\t<div class=\"elementor-element elementor-element-637fcd15 elementor-drop-cap-yes elementor-drop-cap-view-default elementor-widget elementor-widget-text-editor\" data-id=\"637fcd15\" data-element_type=\"widget\" data-settings=\"{&quot;drop_cap&quot;:&quot;yes&quot;}\" data-widget_type=\"text-editor.default\">\n\t\t\t\t<div class=\"elementor-widget-container\">\n\t\t\t\t\t\t\t<p><!-- wp:group --><\/p>\n<p>O est\u00e1gio curricular \u00e9 uma disciplina obrigat\u00f3ria do curso, para os estudantes que devem ter conclu\u00eddo no m\u00ednimo 3000h\/aula (75% do curso).<\/p>\n<p><!-- \/wp:group --><\/p>\n<p><!-- wp:paragraph --><\/p>\n<p><strong>Das\u00a0Condi\u00e7\u00f5es de Exequibilidade.<\/strong><\/p>\n<p><!-- \/wp:paragraph --><\/p>\n<p><!-- wp:paragraph --><\/p>\n<p><strong>Campos de Est\u00e1gio.<\/strong><\/p>\n<p><!-- \/wp:paragraph --><\/p>\n<p><!-- wp:paragraph --><\/p>\n<p>Empresas ou Institui\u00e7\u00f5es civis ou militares p\u00fablicas, privadas, aut\u00e1rquicas e de economia mista, localizadas no territ\u00f3rio nacional, a julgamento do Colegiado do Curso, ofere\u00e7am condi\u00e7\u00f5es para a pr\u00e1tica profissionalizante da Engenharia de Transportes e Log\u00edstica e que atendam aos objetivos do est\u00e1gio obrigat\u00f3rio.<\/p>\n<p><!-- \/wp:paragraph --><\/p>\n<p><!-- wp:paragraph --><\/p>\n<p><strong>Recursos Humanos.<\/strong><\/p>\n<p><!-- \/wp:paragraph --><\/p>\n<p><!-- wp:paragraph --><\/p>\n<p>Os orientadores ser\u00e3o professores lotados no Campus de Cachoeira do Sul.<\/p>\n<p><!-- \/wp:paragraph --><\/p>\n<p><!-- wp:paragraph --><\/p>\n<p>Os supervisores ser\u00e3o funcion\u00e1rios que atuam em empresas caracterizadas como campos de est\u00e1gio, com atribui\u00e7\u00e3o profissional e responsabilidade adequada \u00e0s atividades a serem desenvolvidas pelo estagi\u00e1rio na empresa.<\/p>\n<p><!-- \/wp:paragraph --><\/p>\n<p><!-- wp:paragraph --><\/p>\n<p>\u00a0<\/p>\n<p><!-- \/wp:paragraph --><\/p>\n<p><!-- wp:paragraph --><\/p>\n<p><strong>Recursos Financeiros.<\/strong><\/p>\n<p><!-- \/wp:paragraph --><\/p>\n<p><!-- wp:paragraph --><\/p>\n<p>Os recursos financeiros, necess\u00e1rios ao cumprimento da programa\u00e7\u00e3o da disciplina, ser\u00e3o previstos, anualmente, de acordo com a demanda, sob a forma de projeto de apoio \u00e0s atividades de est\u00e1gios.<\/p>\n<p><!-- \/wp:paragraph --><\/p>\n<p><!-- wp:tadv\/classic-paragraph --><\/p>\n<p><strong>Docentes orientadores de Est\u00e1gio, por \u00e1reas de Atua\u00e7\u00e3o:<\/strong><\/p>\n<div>\n<p><strong>Infraestrutura:<br \/><\/strong>A) Prof. Dr. Lucas Delongui (<a class=\"rABsFf RffVmb AL18ce\" href=\"mailto:lucas.delongui@ufsm.br\" target=\"_blank\" rel=\"noopener\" data-tooltip-position=\"top\" data-tooltip=\"Do Contatos do Google\">lucas.delongui@ufsm.br<\/a>)<\/p>\n<p><span style=\"color: #000000;font-size: 1rem;background-color: var(--bs-body-bg);text-align: var(--bs-body-text-align)\">B) Prof. Dr. R\u00e9gis Leandro Lopes da Silva (<a class=\"rABsFf RffVmb AL18ce\" href=\"mailto:regis.silva@ufsm.br\" target=\"_blank\" rel=\"noopener\" data-tooltip-position=\"top\" data-tooltip=\"Do Contatos do Google\">regis.silva@ufsm.br<\/a>)<\/span><\/p>\n<p>C) Profa. Dra. Emanuele Amanda Gauer (<a class=\"rABsFf RffVmb AL18ce\" href=\"mailto:emanuele.gauer@ufsm.br\" target=\"_blank\" rel=\"noopener\" data-tooltip-position=\"top\" data-tooltip=\"Do Contatos do Google\">emanuele.gauer@ufsm.br<\/a>)<\/p>\n<p>D) Profa. Dra. Tha\u00eds Aquino dos Santos (<a class=\"rABsFf RffVmb AL18ce\" href=\"mailto:thais.aquino@ufsm.br\" target=\"_blank\" rel=\"noopener\" data-tooltip-position=\"top\" data-tooltip=\"Do Contatos do Google\">thais.aquino@ufsm.br<\/a>)<\/p>\n<p>E) Profa. Dra. Carolina Kuhn Novakoski (<a class=\"rABsFf RffVmb AL18ce\" href=\"mailto:carolina.novakoski@ufsm.br\" target=\"_blank\" rel=\"noopener\" data-tooltip-position=\"top\" data-tooltip=\"Do Contatos do Google\">carolina.novakoski@ufsm.br<\/a>)<\/p>\n<p><strong>Log\u00edstica:<\/strong><br \/>A) Prof. Dr. Leander Luiz Klein (<a class=\"rABsFf RffVmb AL18ce\" href=\"mailto:leander.klein@ufsm.br\" target=\"_blank\" rel=\"noopener\" data-tooltip-position=\"top\" data-tooltip=\"Do Contatos do Google\">leander.klein@ufsm.br<\/a>)<br \/>B) Prof. Dr. Lucas Veiga Avila (<a class=\"rABsFf RffVmb AL18ce\" href=\"mailto:lucas.avila@ufsm.br\" target=\"_blank\" rel=\"noopener\" data-tooltip-position=\"top\" data-tooltip=\"Do Contatos do Google\">lucas.avila@ufsm.br<\/a>)<br \/>C) Profa. Dra. Vanessa Terezinha Alves (<a class=\"rABsFf RffVmb AL18ce\" href=\"mailto:vanessa.alves@ufsm.br\" target=\"_blank\" rel=\"noopener\" data-tooltip-position=\"top\" data-tooltip=\"Do Contatos do Google\">vanessa.alves@ufsm.br<\/a>)<\/p>\n<p><strong>Transportes:<\/strong><br \/>A) Profa. Dra. Brenda Medeiros Pereira (<a class=\"rABsFf RffVmb AL18ce\" href=\"mailto:brenda.pereira@ufsm.br\" target=\"_blank\" rel=\"noopener\" data-tooltip-position=\"top\" data-tooltip=\"Do Contatos do Google\">brenda.pereira@ufsm.br<\/a>)<br \/>B) Prof. Dr. Felipe Caleffi (<a class=\"rABsFf RffVmb AL18ce\" href=\"mailto:felipe.caleffi@ufsm.br\" target=\"_blank\" rel=\"noopener\" data-tooltip-position=\"top\" data-tooltip=\"Do Contatos do Google\">felipe.caleffi@ufsm.br<\/a>)<br \/>C) Prof. Dr. Jo\u00e3o Rodrigo Guerreiro Mattos (<a class=\"rABsFf RffVmb AL18ce\" href=\"mailto:joao.mattos@ufsm.br\" target=\"_blank\" rel=\"noopener\" data-tooltip-position=\"top\" data-tooltip=\"Do Contatos do Google\">joao.mattos@ufsm.br<\/a>)<\/p>\n<\/div>\n<div><b>Destaca-se que todos os docentes atuantes no Campus Cachoeira do Sul podem ser orientadores de est\u00e1gio. No link a seguir, s\u00e3o apresentados os demais docentes atuantes em diversas \u00e1reas do curso como: c\u00e1lculo, f\u00edsica, mec\u00e2nica, desenho, qu\u00edmica, tecnologia, etc.\u00a0<\/b><br \/><a href=\"https:\/\/www.ufsm.br\/cursos\/graduacao\/cachoeira-do-sul\/engenharia-de-transportes-e-logistica\/docentes\" target=\"_blank\" rel=\"noopener\">Lista completa de Docentes do curso: Clique aqui.\u00a0<\/a><b><br \/><\/b><\/div>\n<div><b>\u00a0<\/b><\/div>\n<div><b>Do Termo:<\/b><\/div>\n<div>\n<p>O termo de compromisso de est\u00e1gio \u00e9 um acordo tripartite que celebra o compromisso entre o educando, a parte concedente do est\u00e1gio e a institui\u00e7\u00e3o de ensino para a realiza\u00e7\u00e3o de est\u00e1gios obrigat\u00f3rios e n\u00e3o obrigat\u00f3rios. A celebra\u00e7\u00e3o do termo de compromisso \u00e9 uma exig\u00eancia da Lei n. 11.788, de 25 de setembro de 2008, e por meio dele devem ser indicadas as condi\u00e7\u00f5es de adequa\u00e7\u00e3o do est\u00e1gio \u00e0 proposta pedag\u00f3gica do curso, \u00e0 etapa e modalidade da forma\u00e7\u00e3o escolar do estudante e ao hor\u00e1rio e calend\u00e1rio escolar.<\/p>\n<p>\u00a0<\/p>\n<h3><b style=\"color: black;font-size: 2rem\">Destaca-se que toda a documenta\u00e7\u00e3o e suas assinaturas devem ser tramitadas de forma eletr\u00f4nica pelo sistema PEN-SIE.<\/b><\/h3>\n<p>\u00a0<\/p>\n<h3><a href=\"https:\/\/www.ufsm.br\/pro-reitorias\/prograd\/code\/estagios\/tutorial-de-processos-de-estagio-para-estudantes-de-graduacao\/\"><strong>Tutorial de processo de est\u00e1gio:<\/strong> Clique aqui.<\/a><\/h3>\n<div>\u00a0<\/div>\n<div>\u00a0<\/div>\n<h2><strong><span style=\"color: #000000;font-size: 16px\">A Seguir, apresentam-se outros documentos necess\u00e1rios para o andamento do est\u00e1gio:<\/span><\/strong><\/h2>\n<p>\u00a0<\/p>\n<p style=\"color: #000000;font-size: 16px\"><a href=\"https:\/\/www.ufsm.br\/app\/uploads\/sites\/266\/2021\/05\/Declaracao-de-professor-orientador-de-estagio-obrigatorio.docx\" target=\"_blank\" rel=\"noopener\">Declara\u00e7\u00e3o do Professor Orientador de Est\u00e1gio Obrigat\u00f3rio: Clique aqui.<\/a><\/p>\n<p><a href=\"https:\/\/www.ufsm.br\/app\/uploads\/sites\/266\/2022\/01\/Plano-de-Atividades-Estagio.docx\">Modelo de Plano de Atividades de Est\u00e1gio: Clique aqui.<\/a><\/p>\n<p><a href=\"https:\/\/www.ufsm.br\/app\/uploads\/sites\/266\/2022\/01\/TERMO-DE-COMPROMISSO-DE-ESTAGIO-OBRIGATORIO.docx\">Termo de Compromisso de Est\u00e1gio Obrigat\u00f3rio: Clique aqui.<\/a><\/p>\n<p style=\"color: #000000;font-size: 16px\"><a style=\"font-size: 1rem;background-color: var(--bs-body-bg);text-align: var(--bs-body-text-align)\" href=\"https:\/\/www.ufsm.br\/app\/uploads\/sites\/455\/2019\/08\/6.-Ap%C3%B3lice-de-Seguro-2019-2020.pdf\" target=\"_blank\" rel=\"noopener\">Ap\u00f3lice de seguro: Clique aqui<\/a>.<\/p>\n<p>\u00a0<\/p>\n<p><a href=\"https:\/\/www.ufsm.br\/app\/uploads\/sites\/266\/2022\/01\/Normas-de-estagio-obrigatorio-ETL.pdf\">Normas de est\u00e1gio obrigat\u00f3rio: Clique aqui.<\/a><\/p>\n<p><a href=\"https:\/\/www.ufsm.br\/app\/uploads\/sites\/266\/2022\/01\/Relatorio-de-atividades-de-estagio.docx\">Modelo de Relat\u00f3rio de Est\u00e1gio: Clique aqui.<\/a><\/p>\n<p><a href=\"https:\/\/www.ufsm.br\/app\/uploads\/sites\/266\/2021\/05\/Ata-de-avaliacao-de-estagio-obrigatorio.docx\"><span style=\"font-size: 1rem;background-color: #ffffff\">Ata de Avalia\u00e7\u00e3o de Est\u00e1gio Obrigat\u00f3rio: Clique aqui<\/span>.<\/a><\/p>\n<p>\u00a0<\/p>\n<p><a href=\"https:\/\/www.ufsm.br\/app\/uploads\/sites\/266\/2022\/01\/TERMO-DE-ADITAMENTO-AO-TERMO-DE-COMPROMISSO-DE-ESTAGIO.docx\">Termo de Aditamento ao Termo de Compromisso de Est\u00e1gio: Clique aqui.<\/a><\/p>\n<p><a href=\"https:\/\/www.ufsm.br\/app\/uploads\/sites\/266\/2022\/01\/TERMO-DE-RESCISAO-AO-TERMO-DE-COMPROMISSO-DE-ESTAGIO.docx\">Termo de Rescis\u00e3o ao Termo de Compromisso de Est\u00e1gio: Clique aqui.<\/a><\/p>\n<\/div>\n<p>\u00a0<\/p>\n<p><strong>Para mais informa\u00e7\u00f5es sobre os Documentos necess\u00e1rios, \u00e9 poss\u00edvel acess\u00e1-los no site da PROGRAD.<\/strong><\/p>\n<p><a href=\"https:\/\/www.ufsm.br\/pro-reitorias\/prograd\/code\/estagios\/estagio-obrigatorio\/\" target=\"_blank\" rel=\"noopener\">\u00a0Documentos necess\u00e1rios e Informa\u00e7\u00f5es sobre o est\u00e1gio (PROGRAD): Clique aqui.\u00a0<\/a><\/p>\n<p><!-- \/wp:tadv\/classic-paragraph --><\/p>\n<p><!-- wp:paragraph --><\/p>\n<p><!-- \/wp:paragraph --><\/p>\t\t\t\t\t\t<\/div>\n\t\t\t\t<\/div>\n\t\t\t\t\t<\/div>\n\t\t<\/div>\n\t\t\t\t\t<\/div>\n\t\t<\/section>\n\t\t\t\t<\/div>\n\t\t","protected":false},"excerpt":{"rendered":"<p>O est\u00e1gio curricular \u00e9 uma disciplina obrigat\u00f3ria do curso, para os estudantes que devem ter conclu\u00eddo no m\u00ednimo 3000h\/aula (75% do curso). Das\u00a0Condi\u00e7\u00f5es de Exequibilidade. Campos de Est\u00e1gio. Empresas ou Institui\u00e7\u00f5es civis ou militares p\u00fablicas, privadas, aut\u00e1rquicas e de economia mista, localizadas no territ\u00f3rio nacional, a julgamento do Colegiado do Curso, ofere\u00e7am condi\u00e7\u00f5es para a [&hellip;]<\/p>\n","protected":false},"author":598,"featured_media":0,"parent":0,"menu_order":0,"comment_status":"closed","ping_status":"closed","template":"","meta":{"footnotes":""},"categories":[],"tags":[],"class_list":["post-167","page","type-page","status-publish","hentry"],"acf":[],"_links":{"self":[{"href":"https:\/\/www.ufsm.br\/cursos\/graduacao\/cachoeira-do-sul\/engenharia-de-transportes-e-logistica\/wp-json\/wp\/v2\/pages\/167","targetHints":{"allow":["GET"]}}],"collection":[{"href":"https:\/\/www.ufsm.br\/cursos\/graduacao\/cachoeira-do-sul\/engenharia-de-transportes-e-logistica\/wp-json\/wp\/v2\/pages"}],"about":[{"href":"https:\/\/www.ufsm.br\/cursos\/graduacao\/cachoeira-do-sul\/engenharia-de-transportes-e-logistica\/wp-json\/wp\/v2\/types\/page"}],"author":[{"embeddable":true,"href":"https:\/\/www.ufsm.br\/cursos\/graduacao\/cachoeira-do-sul\/engenharia-de-transportes-e-logistica\/wp-json\/wp\/v2\/users\/598"}],"replies":[{"embeddable":true,"href":"https:\/\/www.ufsm.br\/cursos\/graduacao\/cachoeira-do-sul\/engenharia-de-transportes-e-logistica\/wp-json\/wp\/v2\/comments?post=167"}],"version-history":[{"count":0,"href":"https:\/\/www.ufsm.br\/cursos\/graduacao\/cachoeira-do-sul\/engenharia-de-transportes-e-logistica\/wp-json\/wp\/v2\/pages\/167\/revisions"}],"wp:attachment":[{"href":"https:\/\/www.ufsm.br\/cursos\/graduacao\/cachoeira-do-sul\/engenharia-de-transportes-e-logistica\/wp-json\/wp\/v2\/media?parent=167"}],"wp:term":[{"taxonomy":"category","embeddable":true,"href":"https:\/\/www.ufsm.br\/cursos\/graduacao\/cachoeira-do-sul\/engenharia-de-transportes-e-logistica\/wp-json\/wp\/v2\/categories?post=167"},{"taxonomy":"post_tag","embeddable":true,"href":"https:\/\/www.ufsm.br\/cursos\/graduacao\/cachoeira-do-sul\/engenharia-de-transportes-e-logistica\/wp-json\/wp\/v2\/tags?post=167"}],"curies":[{"name":"wp","href":"https:\/\/api.w.org\/{rel}","templated":true}]}}