{"id":162,"date":"2018-11-26T15:04:32","date_gmt":"2018-11-26T17:04:32","guid":{"rendered":"https:\/\/www.ufsm.br\/cursos\/graduacao\/cachoeira-do-sul\/engenharia-eletrica\/?page_id=162"},"modified":"2018-11-26T15:04:33","modified_gmt":"2018-11-26T17:04:33","slug":"atestado-de-frequencia","status":"publish","type":"page","link":"https:\/\/www.ufsm.br\/cursos\/graduacao\/cachoeira-do-sul\/engenharia-eletrica\/atestado-de-frequencia","title":{"rendered":"Atestado de Frequ\u00eancia"},"content":{"rendered":"<p>Para obter o atestado de frequ\u00eancia, o aluno deve preencher o formul\u00e1rio de Informa\u00e7\u00f5es para a Emiss\u00e3o de Atestado de Frequ\u00eancia, que deve ser assinado pelo professor de pelo menos\u00a0<strong>UMA\u00a0<\/strong>disciplina. O formul\u00e1rio devidamente preenchido deve ser entregue na Secretaria dos Cursos, onde ser\u00e1 confeccionado o Atestado. O formul\u00e1rio pode ser adquirido a baixo ou na Secretaria dos Cursos.<\/p>\n","protected":false},"excerpt":{"rendered":"<p>Para obter o atestado de frequ\u00eancia, o aluno deve preencher o formul\u00e1rio de Informa\u00e7\u00f5es para a Emiss\u00e3o de Atestado de Frequ\u00eancia, que deve ser assinado pelo professor de pelo menos\u00a0UMA\u00a0disciplina. O formul\u00e1rio devidamente preenchido deve ser entregue na Secretaria dos Cursos, onde ser\u00e1 confeccionado o Atestado. O formul\u00e1rio pode ser adquirido a baixo ou na [&hellip;]<\/p>\n","protected":false},"author":117,"featured_media":0,"parent":0,"menu_order":0,"comment_status":"closed","ping_status":"closed","template":"","meta":{"footnotes":""},"categories":[],"tags":[],"class_list":["post-162","page","type-page","status-publish","hentry"],"acf":[],"_links":{"self":[{"href":"https:\/\/www.ufsm.br\/cursos\/graduacao\/cachoeira-do-sul\/engenharia-eletrica\/wp-json\/wp\/v2\/pages\/162","targetHints":{"allow":["GET"]}}],"collection":[{"href":"https:\/\/www.ufsm.br\/cursos\/graduacao\/cachoeira-do-sul\/engenharia-eletrica\/wp-json\/wp\/v2\/pages"}],"about":[{"href":"https:\/\/www.ufsm.br\/cursos\/graduacao\/cachoeira-do-sul\/engenharia-eletrica\/wp-json\/wp\/v2\/types\/page"}],"author":[{"embeddable":true,"href":"https:\/\/www.ufsm.br\/cursos\/graduacao\/cachoeira-do-sul\/engenharia-eletrica\/wp-json\/wp\/v2\/users\/117"}],"replies":[{"embeddable":true,"href":"https:\/\/www.ufsm.br\/cursos\/graduacao\/cachoeira-do-sul\/engenharia-eletrica\/wp-json\/wp\/v2\/comments?post=162"}],"version-history":[{"count":0,"href":"https:\/\/www.ufsm.br\/cursos\/graduacao\/cachoeira-do-sul\/engenharia-eletrica\/wp-json\/wp\/v2\/pages\/162\/revisions"}],"wp:attachment":[{"href":"https:\/\/www.ufsm.br\/cursos\/graduacao\/cachoeira-do-sul\/engenharia-eletrica\/wp-json\/wp\/v2\/media?parent=162"}],"wp:term":[{"taxonomy":"category","embeddable":true,"href":"https:\/\/www.ufsm.br\/cursos\/graduacao\/cachoeira-do-sul\/engenharia-eletrica\/wp-json\/wp\/v2\/categories?post=162"},{"taxonomy":"post_tag","embeddable":true,"href":"https:\/\/www.ufsm.br\/cursos\/graduacao\/cachoeira-do-sul\/engenharia-eletrica\/wp-json\/wp\/v2\/tags?post=162"}],"curies":[{"name":"wp","href":"https:\/\/api.w.org\/{rel}","templated":true}]}}