{"id":169,"date":"2018-11-26T15:11:04","date_gmt":"2018-11-26T17:11:04","guid":{"rendered":"https:\/\/www.ufsm.br\/cursos\/graduacao\/cachoeira-do-sul\/engenharia-eletrica\/?page_id=169"},"modified":"2023-05-29T15:51:50","modified_gmt":"2023-05-29T18:51:50","slug":"recuperacao-avaliacoes-regime-domiciliares","status":"publish","type":"page","link":"https:\/\/www.ufsm.br\/cursos\/graduacao\/cachoeira-do-sul\/engenharia-eletrica\/recuperacao-avaliacoes-regime-domiciliares","title":{"rendered":"Requerimento de recupera\u00e7\u00e3o de atividades avaliativas \/ Regime de Exerc\u00edcios Domiciliares"},"content":{"rendered":"<p><strong>Requerimento de recupera\u00e7\u00e3o de atividades avaliativas<\/strong> &#8211; <strong><a href=\"https:\/\/www.ufsm.br\/app\/uploads\/sites\/342\/2019\/06\/Guia_UFSM_2019_Finalizado_9MB-1.pdf\">Guia acad\u00eamico da UFSM<\/a><\/strong> &#8211; P\u00e1gina 47 &#8211; item 6.7.8.<\/p>\n<p>Os alunos que, por motivos devidamente justificados, listados no guia acad\u00eamico da UFSM, n\u00e3o comparecerem \u00e0s atividades acad\u00eamicas sujeitas \u00e0 avalia\u00e7\u00e3o, poder\u00e3o requerer, no prazo m\u00e1ximo de 2 dias \u00fateis desde a data da avalia\u00e7\u00e3o, a oportunidade de realiz\u00e1-la em outra data, a crit\u00e9rio do departamento did\u00e1tico competente.<\/p>\n<p><strong>Orienta\u00e7\u00f5es para abertura de processo de Recupera\u00e7\u00e3o de Atividade Avaliativa de Aluno de gradua\u00e7\u00e3o:<\/strong><\/p>\n<ol type=\"1\">\n<li>Para abertura de PEN o aluno dever\u00e1 acessar o Portal Documentos (http:\/\/portal.ufsm.br\/documentos), realizar o login com n\u00famero de matr\u00edcula e senha do portal do aluno e, ap\u00f3s, selecionar a op\u00e7\u00e3o \u2018Novo\u2019 -&gt; &#8216;Processo&#8217;.<\/li>\n<li>No campo \u201cTipo documental\u201d, realizar a busca textual e selecionar a op\u00e7\u00e3o \u201c&#8221;Processo de recupera\u00e7\u00e3o de avalia\u00e7\u00e3o de aluno de gradua\u00e7\u00e3o (125.31)&#8221;. Os outros campos desta tela ser\u00e3o preenchidos automaticamente;<\/li>\n<li>Na tela seguinte dever\u00e3o ser adicionados os documentos necess\u00e1rios para abertura, conforme necessidade. O <a href=\"https:\/\/www.ufsm.br\/app\/uploads\/sites\/268\/2022\/06\/Requerimento-de-recuperacao-de-atividades-avaliativas.docx\">Requerimento de avalia\u00e7\u00e3o <\/a>e o(s) documento(s) comprobat\u00f3rio(s) que justificam a aus\u00eancia, nos termos do guia acad\u00eamico, s\u00e3o itens obrigat\u00f3rios. O aluno pode assinar o requerimento eletronicamente, caso j\u00e1 tenha sua assinatura cadastrada no PEN-SIE. Para se cadastrar, basta seguir o passo a passo para assinatura do Termo de Concord\u00e2ncia Assinatura Eletr\u00f4nica Cadastrada no SIE, dispon\u00edvel em:\u00a0<span style=\"color: #000000\"><a href=\"https:\/\/www.ufsm.br\/app\/uploads\/sites\/416\/2020\/04\/Passo-a-passo-termo-assinatura-eletronica-PEN-SIE.pdf\" target=\"_blank\" rel=\"noopener\" data-saferedirecturl=\"https:\/\/www.google.com\/url?q=https:\/\/www.ufsm.br\/app\/uploads\/sites\/416\/2020\/04\/Passo-a-passo-termo-assinatura-eletronica-PEN-SIE.pdf&amp;source=gmail&amp;ust=1656598508398000&amp;usg=AOvVaw3jxtnRCJTDafzVzUHSimWd\">https:\/\/www.ufsm.br\/app\/uploads\/sites\/416\/2020\/04\/Passo-a-passo-termo-assinatura-eletronica-PEN-SIE.pdf<\/a>.\u00a0\u00a0<\/span><\/li>\n<li>Ap\u00f3s incluir a documenta\u00e7\u00e3o no PEN, o aluno dever\u00e1 tramitar o processo para a Coordena\u00e7\u00e3o do Curso, que proceder\u00e1 a an\u00e1lise da solicita\u00e7\u00e3o e demais provid\u00eancias.<\/li>\n<li>Para acompanhar o processo, caso j\u00e1 tenha em m\u00e3os o NUP (N\u00famero \u00danico de Protocolo) do processo, basta acessar o Portal Documentos e digitar o respectivo NUP ou pesquisar pelos campos dispon\u00edveis na consulta, como nome do interessado, tipo documental, etc. O aluno pode acompanhar o processo fazendo login no Portal Documentos, ir na aba \u2018Meus Documentos\u2019, \u2018Interessado\u2019.<\/li>\n<\/ol>\n<p><strong>Requerimento Regime de Exerc\u00edcios Domiciliares<\/strong> &#8211; <strong><a href=\"https:\/\/www.ufsm.br\/app\/uploads\/sites\/342\/2019\/06\/Guia_UFSM_2019_Finalizado_9MB-1.pdf\">Guia acad\u00eamico da UFSM<\/a><\/strong> &#8211; P\u00e1gina 65 &#8211; item 9.1.10.<\/p>\n<p><strong>Orienta\u00e7\u00f5es sobre a abertura de processos de Regime domiciliar de aluno de gradua\u00e7\u00e3o via PEN<\/strong> &#8211;\u00a0<strong><a href=\"https:\/\/www.ufsm.br\/cursos\/graduacao\/santa-maria\/pedagogia\/2021\/01\/21\/memorando-progad-informacoes-sobre-a-nova-sistematica-de-solicitacao-de-regime-de-exercicios-domiciliares\/memo-circ-001-2021-de-20-01-2021-cursos-deptos-e-unidades-de-ensino-exercicios-domiciliares-2\/\" rel=\"attachment wp-att-1056\">Memorando Circular 001.2021 de 20.01.2021<\/a><\/strong><\/p>\n<ol>\n<li>Para abertura de PEN o aluno dever\u00e1 acessar o Portal Documentos (http:\/\/portal.ufsm.br\/documentos), realizar o login com n\u00famero de matr\u00edcula e senha do portal do aluno e, ap\u00f3s, selecionar a op\u00e7\u00e3o \u2018Novo\u2019 -&gt; &#8216;Processo&#8217;.<\/li>\n<li>No campo \u201cTipo documental\u201d, realizar a busca textual e selecionar a op\u00e7\u00e3o \u2018Processos de regime domiciliar de aluno de gradua\u00e7\u00e3o (125.52)\u2019. Os outros dos campos desta tela ser\u00e3o preenchidos automaticamente;<\/li>\n<li>Na tela seguinte dever\u00e3o ser adicionados os documentos necess\u00e1rios para abertura, conforme necessidade, sendo o <a href=\"https:\/\/www.ufsm.br\/app\/uploads\/sites\/268\/2022\/06\/Requerimento-Regime-de-Exercicios-Domiciliares.docx\">Requerimento de regime de exerc\u00edcios domiciliares<\/a> e o Atestado m\u00e9dico itens obrigat\u00f3rios. O aluno pode assinar o requerimento eletronicamente, caso j\u00e1 tenha sua assinatura cadastrada no PEN-SIE. Para se cadastrar, basta seguir o passo a passo para assinatura do Termo de Concord\u00e2ncia Assinatura Eletr\u00f4nica Cadastrada no SIE, dispon\u00edvel em:\u00a0<span style=\"color: #000000\"><a href=\"https:\/\/www.ufsm.br\/app\/uploads\/sites\/416\/2020\/04\/Passo-a-passo-termo-assinatura-eletronica-PEN-SIE.pdf\" target=\"_blank\" rel=\"noopener\" data-saferedirecturl=\"https:\/\/www.google.com\/url?q=https:\/\/www.ufsm.br\/app\/uploads\/sites\/416\/2020\/04\/Passo-a-passo-termo-assinatura-eletronica-PEN-SIE.pdf&amp;source=gmail&amp;ust=1656598508398000&amp;usg=AOvVaw3jxtnRCJTDafzVzUHSimWd\">https:\/\/www.ufsm.br\/app\/uploads\/sites\/416\/2020\/04\/Passo-a-passo-termo-assinatura-eletronica-PEN-SIE.pdf<\/a>.\u00a0\u00a0<\/span><\/li>\n<li>Ap\u00f3s incluir a documenta\u00e7\u00e3o no PEN, o aluno dever\u00e1 tramitar o processo para a Coordena\u00e7\u00e3o do Curso, que proceder\u00e1 a an\u00e1lise da solicita\u00e7\u00e3o e demais provid\u00eancias.<\/li>\n<li>Para acompanhar o processo, caso j\u00e1 tenha em m\u00e3os o NUP (N\u00famero \u00danico de Protocolo) do processo, basta acessar o Portal Documentos e digitar o respectivo NUP ou pesquisar pelos campos dispon\u00edveis na consulta, como nome do interessado, tipo documental, etc. O aluno pode acompanhar o processo fazendo login no Portal Documentos, ir na aba \u2018Meus Documentos\u2019, \u2018Interessado\u2019.<\/li>\n<\/ol>\n\n\n<p><\/p>\n","protected":false},"excerpt":{"rendered":"<p>Requerimento de recupera\u00e7\u00e3o de atividades avaliativas &#8211; Guia acad\u00eamico da UFSM &#8211; P\u00e1gina 47 &#8211; item 6.7.8. Os alunos que, por motivos devidamente justificados, listados no guia acad\u00eamico da UFSM, n\u00e3o comparecerem \u00e0s atividades acad\u00eamicas sujeitas \u00e0 avalia\u00e7\u00e3o, poder\u00e3o requerer, no prazo m\u00e1ximo de 2 dias \u00fateis desde a data da avalia\u00e7\u00e3o, a oportunidade de [&hellip;]<\/p>\n","protected":false},"author":407,"featured_media":0,"parent":0,"menu_order":0,"comment_status":"closed","ping_status":"closed","template":"","meta":{"footnotes":""},"categories":[],"tags":[],"class_list":["post-169","page","type-page","status-publish","hentry"],"acf":[],"_links":{"self":[{"href":"https:\/\/www.ufsm.br\/cursos\/graduacao\/cachoeira-do-sul\/engenharia-eletrica\/wp-json\/wp\/v2\/pages\/169","targetHints":{"allow":["GET"]}}],"collection":[{"href":"https:\/\/www.ufsm.br\/cursos\/graduacao\/cachoeira-do-sul\/engenharia-eletrica\/wp-json\/wp\/v2\/pages"}],"about":[{"href":"https:\/\/www.ufsm.br\/cursos\/graduacao\/cachoeira-do-sul\/engenharia-eletrica\/wp-json\/wp\/v2\/types\/page"}],"author":[{"embeddable":true,"href":"https:\/\/www.ufsm.br\/cursos\/graduacao\/cachoeira-do-sul\/engenharia-eletrica\/wp-json\/wp\/v2\/users\/407"}],"replies":[{"embeddable":true,"href":"https:\/\/www.ufsm.br\/cursos\/graduacao\/cachoeira-do-sul\/engenharia-eletrica\/wp-json\/wp\/v2\/comments?post=169"}],"version-history":[{"count":0,"href":"https:\/\/www.ufsm.br\/cursos\/graduacao\/cachoeira-do-sul\/engenharia-eletrica\/wp-json\/wp\/v2\/pages\/169\/revisions"}],"wp:attachment":[{"href":"https:\/\/www.ufsm.br\/cursos\/graduacao\/cachoeira-do-sul\/engenharia-eletrica\/wp-json\/wp\/v2\/media?parent=169"}],"wp:term":[{"taxonomy":"category","embeddable":true,"href":"https:\/\/www.ufsm.br\/cursos\/graduacao\/cachoeira-do-sul\/engenharia-eletrica\/wp-json\/wp\/v2\/categories?post=169"},{"taxonomy":"post_tag","embeddable":true,"href":"https:\/\/www.ufsm.br\/cursos\/graduacao\/cachoeira-do-sul\/engenharia-eletrica\/wp-json\/wp\/v2\/tags?post=169"}],"curies":[{"name":"wp","href":"https:\/\/api.w.org\/{rel}","templated":true}]}}