{"id":173,"date":"2018-11-26T15:12:30","date_gmt":"2018-11-26T17:12:30","guid":{"rendered":"https:\/\/www.ufsm.br\/cursos\/graduacao\/cachoeira-do-sul\/engenharia-eletrica\/?page_id=173"},"modified":"2019-02-20T16:50:15","modified_gmt":"2019-02-20T19:50:15","slug":"secretaria-dos-cursos-e-coordenacao","status":"publish","type":"page","link":"https:\/\/www.ufsm.br\/cursos\/graduacao\/cachoeira-do-sul\/engenharia-eletrica\/secretaria-dos-cursos-e-coordenacao","title":{"rendered":"Secretaria dos Cursos e Coordena\u00e7\u00e3o"},"content":{"rendered":"<p><strong>Equipe da Secretaria dos Cursos:<\/strong><\/p>\n<p>Gabriela Wioppiold Fritz<\/p>\n<p>Rosana Brettas<\/p>\n<p>Telefone: (51) 3724-8402<\/p>\n<p>E-mail:<span id=\"cloak756be92b2bcee79836c29353d8fc81ef\"><\/span><a href=\"mailto:cs.cursos@ufsm.br\">cs.cursos@ufsm.br<\/a><\/p>\n<p>Hor\u00e1rio de Funcionamento: de segunda a sexta, das 8h30min \u00e0s 11h30min e das 13h30min \u00e0s 21h30min<\/p>\n<p><strong>Coordenadora:\u00a0<\/strong>Profa. Dra. Cristiane Cauduro Gastaldini<\/p>\n<p><strong>Coordenador Substituto:\u00a0<\/strong>Prof. Dr. Celso Becker Tischer<\/p>\n<p>Telefone: (51) 3724-8413<\/p>\n<p>E-mail:\u00a0eletricacs@ufsm.br<\/p>\n","protected":false},"excerpt":{"rendered":"<p>Equipe da Secretaria dos Cursos: Gabriela Wioppiold Fritz Rosana Brettas Telefone: (51) 3724-8402 E-mail:cs.cursos@ufsm.br Hor\u00e1rio de Funcionamento: de segunda a sexta, das 8h30min \u00e0s 11h30min e das 13h30min \u00e0s 21h30min Coordenadora:\u00a0Profa. Dra. Cristiane Cauduro Gastaldini Coordenador Substituto:\u00a0Prof. Dr. Celso Becker Tischer Telefone: (51) 3724-8413 E-mail:\u00a0eletricacs@ufsm.br<\/p>\n","protected":false},"author":117,"featured_media":0,"parent":0,"menu_order":0,"comment_status":"closed","ping_status":"closed","template":"","meta":{"footnotes":""},"categories":[],"tags":[],"class_list":["post-173","page","type-page","status-publish","hentry"],"acf":[],"_links":{"self":[{"href":"https:\/\/www.ufsm.br\/cursos\/graduacao\/cachoeira-do-sul\/engenharia-eletrica\/wp-json\/wp\/v2\/pages\/173","targetHints":{"allow":["GET"]}}],"collection":[{"href":"https:\/\/www.ufsm.br\/cursos\/graduacao\/cachoeira-do-sul\/engenharia-eletrica\/wp-json\/wp\/v2\/pages"}],"about":[{"href":"https:\/\/www.ufsm.br\/cursos\/graduacao\/cachoeira-do-sul\/engenharia-eletrica\/wp-json\/wp\/v2\/types\/page"}],"author":[{"embeddable":true,"href":"https:\/\/www.ufsm.br\/cursos\/graduacao\/cachoeira-do-sul\/engenharia-eletrica\/wp-json\/wp\/v2\/users\/117"}],"replies":[{"embeddable":true,"href":"https:\/\/www.ufsm.br\/cursos\/graduacao\/cachoeira-do-sul\/engenharia-eletrica\/wp-json\/wp\/v2\/comments?post=173"}],"version-history":[{"count":0,"href":"https:\/\/www.ufsm.br\/cursos\/graduacao\/cachoeira-do-sul\/engenharia-eletrica\/wp-json\/wp\/v2\/pages\/173\/revisions"}],"wp:attachment":[{"href":"https:\/\/www.ufsm.br\/cursos\/graduacao\/cachoeira-do-sul\/engenharia-eletrica\/wp-json\/wp\/v2\/media?parent=173"}],"wp:term":[{"taxonomy":"category","embeddable":true,"href":"https:\/\/www.ufsm.br\/cursos\/graduacao\/cachoeira-do-sul\/engenharia-eletrica\/wp-json\/wp\/v2\/categories?post=173"},{"taxonomy":"post_tag","embeddable":true,"href":"https:\/\/www.ufsm.br\/cursos\/graduacao\/cachoeira-do-sul\/engenharia-eletrica\/wp-json\/wp\/v2\/tags?post=173"}],"curies":[{"name":"wp","href":"https:\/\/api.w.org\/{rel}","templated":true}]}}