{"id":2164,"date":"2019-10-15T12:32:41","date_gmt":"2019-10-15T15:32:41","guid":{"rendered":"https:\/\/www.ufsm.br\/cursos\/graduacao\/cachoeira-do-sul\/engenharia-eletrica\/?page_id=2164"},"modified":"2019-10-15T15:05:34","modified_gmt":"2019-10-15T18:05:34","slug":"inscricao-semana-atividades","status":"publish","type":"page","link":"https:\/\/www.ufsm.br\/cursos\/graduacao\/cachoeira-do-sul\/engenharia-eletrica\/inscricao-semana-atividades","title":{"rendered":"Semana de atividades do Curso de Engenharia El\u00e9trica"},"content":{"rendered":"\n<div class=\"wp-block-image\"><figure class=\"aligncenter\"><img decoding=\"async\" src=\"https:\/\/www.ufsm.br\/cursos\/graduacao\/cachoeira-do-sul\/engenharia-eletrica\/wp-content\/uploads\/sites\/268\/2019\/10\/Semana-de-atividades-eng..png\" alt=\"\" \/><\/figure><\/div>\n\n\n\n<h2>Links para as inscri\u00e7\u00f5es:<\/h2>\n\n\n\n<p><strong>Visita T\u00e9cnica: Empresa SCREW<\/strong><br> <a rel=\"noreferrer noopener\" href=\"https:\/\/forms.gle\/u2kjSeNd7ixwfsnr5\" target=\"_blank\">https:\/\/forms.gle\/u2kjSeNd7ixwfsnr5<\/a> <\/p>\n\n\n\n<p><strong>Visita T\u00e9cnica: Empresa CELETRO<br><\/strong><a rel=\"noreferrer noopener\" href=\"https:\/\/forms.gle\/jfaBdZ9qW1xdN86H8\" target=\"_blank\">https:\/\/forms.gle\/jfaBdZ9qW1xdN86H8<\/a><\/p>\n\n\n\n<p><strong>Minicurso: Instrumenta\u00e7\u00e3o<br><\/strong><a rel=\"noreferrer noopener\" href=\"https:\/\/forms.gle\/DELsEAYfKR6wmKxp6\" target=\"_blank\">https:\/\/forms.gle\/DELsEAYfKR6wmKxp6<\/a><\/p>\n\n\n\n<p><strong>Minicurso: Instala\u00e7\u00f5es El\u00e9tricas<br><\/strong><a rel=\"noreferrer noopener\" href=\"https:\/\/forms.gle\/x1R1g2UNganqKhg76\" target=\"_blank\">https:\/\/forms.gle\/x1R1g2UNganqKhg76<\/a><\/p>\n","protected":false},"excerpt":{"rendered":"<p>Links para as inscri\u00e7\u00f5es: Visita T\u00e9cnica: Empresa SCREW https:\/\/forms.gle\/u2kjSeNd7ixwfsnr5 Visita T\u00e9cnica: Empresa CELETROhttps:\/\/forms.gle\/jfaBdZ9qW1xdN86H8 Minicurso: Instrumenta\u00e7\u00e3ohttps:\/\/forms.gle\/DELsEAYfKR6wmKxp6 Minicurso: Instala\u00e7\u00f5es El\u00e9tricashttps:\/\/forms.gle\/x1R1g2UNganqKhg76<\/p>\n","protected":false},"author":407,"featured_media":0,"parent":0,"menu_order":0,"comment_status":"closed","ping_status":"closed","template":"","meta":{"footnotes":""},"categories":[],"tags":[],"class_list":["post-2164","page","type-page","status-publish","hentry"],"acf":[],"_links":{"self":[{"href":"https:\/\/www.ufsm.br\/cursos\/graduacao\/cachoeira-do-sul\/engenharia-eletrica\/wp-json\/wp\/v2\/pages\/2164","targetHints":{"allow":["GET"]}}],"collection":[{"href":"https:\/\/www.ufsm.br\/cursos\/graduacao\/cachoeira-do-sul\/engenharia-eletrica\/wp-json\/wp\/v2\/pages"}],"about":[{"href":"https:\/\/www.ufsm.br\/cursos\/graduacao\/cachoeira-do-sul\/engenharia-eletrica\/wp-json\/wp\/v2\/types\/page"}],"author":[{"embeddable":true,"href":"https:\/\/www.ufsm.br\/cursos\/graduacao\/cachoeira-do-sul\/engenharia-eletrica\/wp-json\/wp\/v2\/users\/407"}],"replies":[{"embeddable":true,"href":"https:\/\/www.ufsm.br\/cursos\/graduacao\/cachoeira-do-sul\/engenharia-eletrica\/wp-json\/wp\/v2\/comments?post=2164"}],"version-history":[{"count":0,"href":"https:\/\/www.ufsm.br\/cursos\/graduacao\/cachoeira-do-sul\/engenharia-eletrica\/wp-json\/wp\/v2\/pages\/2164\/revisions"}],"wp:attachment":[{"href":"https:\/\/www.ufsm.br\/cursos\/graduacao\/cachoeira-do-sul\/engenharia-eletrica\/wp-json\/wp\/v2\/media?parent=2164"}],"wp:term":[{"taxonomy":"category","embeddable":true,"href":"https:\/\/www.ufsm.br\/cursos\/graduacao\/cachoeira-do-sul\/engenharia-eletrica\/wp-json\/wp\/v2\/categories?post=2164"},{"taxonomy":"post_tag","embeddable":true,"href":"https:\/\/www.ufsm.br\/cursos\/graduacao\/cachoeira-do-sul\/engenharia-eletrica\/wp-json\/wp\/v2\/tags?post=2164"}],"curies":[{"name":"wp","href":"https:\/\/api.w.org\/{rel}","templated":true}]}}