{"id":2241,"date":"2020-03-15T15:46:18","date_gmt":"2020-03-15T18:46:18","guid":{"rendered":"https:\/\/www.ufsm.br\/cursos\/graduacao\/cachoeira-do-sul\/engenharia-eletrica\/?page_id=2241"},"modified":"2020-03-15T16:20:32","modified_gmt":"2020-03-15T19:20:32","slug":"visita-tecnica-subestacao-ceee-gt-santa-maria-3","status":"publish","type":"page","link":"https:\/\/www.ufsm.br\/cursos\/graduacao\/cachoeira-do-sul\/engenharia-eletrica\/visita-tecnica-subestacao-ceee-gt-santa-maria-3","title":{"rendered":"Visita t\u00e9cnica: Subesta\u00e7\u00e3o CEEE GT &#8211; Santa Maria 3"},"content":{"rendered":"\t\t<div data-elementor-type=\"wp-page\" data-elementor-id=\"2241\" class=\"elementor elementor-2241\">\n\t\t\t\t\t\t<section class=\"elementor-section elementor-top-section elementor-element elementor-element-e37da8c elementor-section-boxed elementor-section-height-default elementor-section-height-default\" data-id=\"e37da8c\" data-element_type=\"section\">\n\t\t\t\t\t\t<div class=\"elementor-container elementor-column-gap-default\">\n\t\t\t\t\t<div class=\"elementor-column elementor-col-100 elementor-top-column elementor-element elementor-element-8eeebf3\" data-id=\"8eeebf3\" data-element_type=\"column\">\n\t\t\t<div class=\"elementor-widget-wrap elementor-element-populated\">\n\t\t\t\t\t\t<div class=\"elementor-element elementor-element-6f37920 elementor-widget elementor-widget-image-gallery\" data-id=\"6f37920\" data-element_type=\"widget\" data-widget_type=\"image-gallery.default\">\n\t\t\t\t<div class=\"elementor-widget-container\">\n\t\t\t\t\t<div class=\"elementor-image-gallery\">\n\t\t\t<div id='gallery-1' class='gallery galleryid-2241 gallery-columns-4 gallery-size-thumbnail'><figure class='gallery-item'>\n\t\t\t<div class='gallery-icon landscape'>\n\t\t\t\t<a data-elementor-open-lightbox=\"yes\" data-elementor-lightbox-slideshow=\"6f37920\" data-elementor-lightbox-title=\"WhatsApp Image 2020-03-10 at 14.49.16\" data-e-action-hash=\"#elementor-action%3Aaction%3Dlightbox%26settings%3DeyJpZCI6MjI0MCwidXJsIjoiaHR0cHM6XC9cL3d3dy51ZnNtLmJyXC9hcHBcL3VwbG9hZHNcL3NpdGVzXC8yNjhcLzIwMjBcLzAzXC9XaGF0c0FwcC1JbWFnZS0yMDIwLTAzLTEwLWF0LTE0LjQ5LjE2LmpwZWciLCJzbGlkZXNob3ciOiI2ZjM3OTIwIn0%3D\" href='https:\/\/www.ufsm.br\/app\/uploads\/sites\/268\/2020\/03\/WhatsApp-Image-2020-03-10-at-14.49.16.jpeg'><img decoding=\"async\" width=\"150\" height=\"150\" src=\"https:\/\/www.ufsm.br\/app\/uploads\/sites\/268\/2020\/03\/WhatsApp-Image-2020-03-10-at-14.49.16-150x150.jpeg\" class=\"attachment-thumbnail size-thumbnail\" alt=\"\" \/><\/a>\n\t\t\t<\/div><\/figure><figure class='gallery-item'>\n\t\t\t<div class='gallery-icon landscape'>\n\t\t\t\t<a data-elementor-open-lightbox=\"yes\" data-elementor-lightbox-slideshow=\"6f37920\" data-elementor-lightbox-title=\"WhatsApp Image 2020-03-10 at 14.49.16 (1)\" data-e-action-hash=\"#elementor-action%3Aaction%3Dlightbox%26settings%3DeyJpZCI6MjIzOSwidXJsIjoiaHR0cHM6XC9cL3d3dy51ZnNtLmJyXC9hcHBcL3VwbG9hZHNcL3NpdGVzXC8yNjhcLzIwMjBcLzAzXC9XaGF0c0FwcC1JbWFnZS0yMDIwLTAzLTEwLWF0LTE0LjQ5LjE2LTEuanBlZyIsInNsaWRlc2hvdyI6IjZmMzc5MjAifQ%3D%3D\" href='https:\/\/www.ufsm.br\/app\/uploads\/sites\/268\/2020\/03\/WhatsApp-Image-2020-03-10-at-14.49.16-1.jpeg'><img decoding=\"async\" width=\"150\" height=\"150\" src=\"https:\/\/www.ufsm.br\/app\/uploads\/sites\/268\/2020\/03\/WhatsApp-Image-2020-03-10-at-14.49.16-1-150x150.jpeg\" class=\"attachment-thumbnail size-thumbnail\" alt=\"\" \/><\/a>\n\t\t\t<\/div><\/figure><figure class='gallery-item'>\n\t\t\t<div class='gallery-icon landscape'>\n\t\t\t\t<a data-elementor-open-lightbox=\"yes\" data-elementor-lightbox-slideshow=\"6f37920\" data-elementor-lightbox-title=\"WhatsApp Image 2020-03-10 at 14.49.15\" data-e-action-hash=\"#elementor-action%3Aaction%3Dlightbox%26settings%3DeyJpZCI6MjIzOCwidXJsIjoiaHR0cHM6XC9cL3d3dy51ZnNtLmJyXC9hcHBcL3VwbG9hZHNcL3NpdGVzXC8yNjhcLzIwMjBcLzAzXC9XaGF0c0FwcC1JbWFnZS0yMDIwLTAzLTEwLWF0LTE0LjQ5LjE1LmpwZWciLCJzbGlkZXNob3ciOiI2ZjM3OTIwIn0%3D\" href='https:\/\/www.ufsm.br\/app\/uploads\/sites\/268\/2020\/03\/WhatsApp-Image-2020-03-10-at-14.49.15.jpeg'><img decoding=\"async\" width=\"150\" height=\"150\" src=\"https:\/\/www.ufsm.br\/app\/uploads\/sites\/268\/2020\/03\/WhatsApp-Image-2020-03-10-at-14.49.15-150x150.jpeg\" class=\"attachment-thumbnail size-thumbnail\" alt=\"\" \/><\/a>\n\t\t\t<\/div><\/figure><figure class='gallery-item'>\n\t\t\t<div class='gallery-icon landscape'>\n\t\t\t\t<a data-elementor-open-lightbox=\"yes\" data-elementor-lightbox-slideshow=\"6f37920\" data-elementor-lightbox-title=\"WhatsApp Image 2020-03-10 at 14.49.15 (1)\" data-e-action-hash=\"#elementor-action%3Aaction%3Dlightbox%26settings%3DeyJpZCI6MjIzNywidXJsIjoiaHR0cHM6XC9cL3d3dy51ZnNtLmJyXC9hcHBcL3VwbG9hZHNcL3NpdGVzXC8yNjhcLzIwMjBcLzAzXC9XaGF0c0FwcC1JbWFnZS0yMDIwLTAzLTEwLWF0LTE0LjQ5LjE1LTEuanBlZyIsInNsaWRlc2hvdyI6IjZmMzc5MjAifQ%3D%3D\" href='https:\/\/www.ufsm.br\/app\/uploads\/sites\/268\/2020\/03\/WhatsApp-Image-2020-03-10-at-14.49.15-1.jpeg'><img loading=\"lazy\" decoding=\"async\" width=\"150\" height=\"150\" src=\"https:\/\/www.ufsm.br\/app\/uploads\/sites\/268\/2020\/03\/WhatsApp-Image-2020-03-10-at-14.49.15-1-150x150.jpeg\" class=\"attachment-thumbnail size-thumbnail\" alt=\"\" \/><\/a>\n\t\t\t<\/div><\/figure><figure class='gallery-item'>\n\t\t\t<div class='gallery-icon landscape'>\n\t\t\t\t<a data-elementor-open-lightbox=\"yes\" data-elementor-lightbox-slideshow=\"6f37920\" data-elementor-lightbox-title=\"WhatsApp Image 2020-03-10 at 14.49.14\" data-e-action-hash=\"#elementor-action%3Aaction%3Dlightbox%26settings%3DeyJpZCI6MjIzNiwidXJsIjoiaHR0cHM6XC9cL3d3dy51ZnNtLmJyXC9hcHBcL3VwbG9hZHNcL3NpdGVzXC8yNjhcLzIwMjBcLzAzXC9XaGF0c0FwcC1JbWFnZS0yMDIwLTAzLTEwLWF0LTE0LjQ5LjE0LmpwZWciLCJzbGlkZXNob3ciOiI2ZjM3OTIwIn0%3D\" href='https:\/\/www.ufsm.br\/app\/uploads\/sites\/268\/2020\/03\/WhatsApp-Image-2020-03-10-at-14.49.14.jpeg'><img loading=\"lazy\" decoding=\"async\" width=\"150\" height=\"150\" src=\"https:\/\/www.ufsm.br\/app\/uploads\/sites\/268\/2020\/03\/WhatsApp-Image-2020-03-10-at-14.49.14-150x150.jpeg\" class=\"attachment-thumbnail size-thumbnail\" alt=\"\" \/><\/a>\n\t\t\t<\/div><\/figure><figure class='gallery-item'>\n\t\t\t<div class='gallery-icon landscape'>\n\t\t\t\t<a data-elementor-open-lightbox=\"yes\" data-elementor-lightbox-slideshow=\"6f37920\" data-elementor-lightbox-title=\"WhatsApp Image 2020-03-10 at 14.49.14 (1)\" data-e-action-hash=\"#elementor-action%3Aaction%3Dlightbox%26settings%3DeyJpZCI6MjIzNSwidXJsIjoiaHR0cHM6XC9cL3d3dy51ZnNtLmJyXC9hcHBcL3VwbG9hZHNcL3NpdGVzXC8yNjhcLzIwMjBcLzAzXC9XaGF0c0FwcC1JbWFnZS0yMDIwLTAzLTEwLWF0LTE0LjQ5LjE0LTEuanBlZyIsInNsaWRlc2hvdyI6IjZmMzc5MjAifQ%3D%3D\" href='https:\/\/www.ufsm.br\/app\/uploads\/sites\/268\/2020\/03\/WhatsApp-Image-2020-03-10-at-14.49.14-1.jpeg'><img loading=\"lazy\" decoding=\"async\" width=\"150\" height=\"150\" src=\"https:\/\/www.ufsm.br\/app\/uploads\/sites\/268\/2020\/03\/WhatsApp-Image-2020-03-10-at-14.49.14-1-150x150.jpeg\" class=\"attachment-thumbnail size-thumbnail\" alt=\"\" \/><\/a>\n\t\t\t<\/div><\/figure><figure class='gallery-item'>\n\t\t\t<div class='gallery-icon portrait'>\n\t\t\t\t<a data-elementor-open-lightbox=\"yes\" data-elementor-lightbox-slideshow=\"6f37920\" data-elementor-lightbox-title=\"WhatsApp Image 2020-03-10 at 14.49.12\" data-e-action-hash=\"#elementor-action%3Aaction%3Dlightbox%26settings%3DeyJpZCI6MjIzNCwidXJsIjoiaHR0cHM6XC9cL3d3dy51ZnNtLmJyXC9hcHBcL3VwbG9hZHNcL3NpdGVzXC8yNjhcLzIwMjBcLzAzXC9XaGF0c0FwcC1JbWFnZS0yMDIwLTAzLTEwLWF0LTE0LjQ5LjEyLmpwZWciLCJzbGlkZXNob3ciOiI2ZjM3OTIwIn0%3D\" href='https:\/\/www.ufsm.br\/app\/uploads\/sites\/268\/2020\/03\/WhatsApp-Image-2020-03-10-at-14.49.12.jpeg'><img loading=\"lazy\" decoding=\"async\" width=\"150\" height=\"150\" src=\"https:\/\/www.ufsm.br\/app\/uploads\/sites\/268\/2020\/03\/WhatsApp-Image-2020-03-10-at-14.49.12-150x150.jpeg\" class=\"attachment-thumbnail size-thumbnail\" alt=\"\" \/><\/a>\n\t\t\t<\/div><\/figure><figure class='gallery-item'>\n\t\t\t<div class='gallery-icon landscape'>\n\t\t\t\t<a data-elementor-open-lightbox=\"yes\" data-elementor-lightbox-slideshow=\"6f37920\" data-elementor-lightbox-title=\"WhatsApp Image 2020-03-10 at 14.49.12 (2)\" data-e-action-hash=\"#elementor-action%3Aaction%3Dlightbox%26settings%3DeyJpZCI6MjIzMywidXJsIjoiaHR0cHM6XC9cL3d3dy51ZnNtLmJyXC9hcHBcL3VwbG9hZHNcL3NpdGVzXC8yNjhcLzIwMjBcLzAzXC9XaGF0c0FwcC1JbWFnZS0yMDIwLTAzLTEwLWF0LTE0LjQ5LjEyLTIuanBlZyIsInNsaWRlc2hvdyI6IjZmMzc5MjAifQ%3D%3D\" href='https:\/\/www.ufsm.br\/app\/uploads\/sites\/268\/2020\/03\/WhatsApp-Image-2020-03-10-at-14.49.12-2.jpeg'><img loading=\"lazy\" decoding=\"async\" width=\"150\" height=\"150\" src=\"https:\/\/www.ufsm.br\/app\/uploads\/sites\/268\/2020\/03\/WhatsApp-Image-2020-03-10-at-14.49.12-2-150x150.jpeg\" class=\"attachment-thumbnail size-thumbnail\" alt=\"\" \/><\/a>\n\t\t\t<\/div><\/figure><figure class='gallery-item'>\n\t\t\t<div class='gallery-icon landscape'>\n\t\t\t\t<a data-elementor-open-lightbox=\"yes\" data-elementor-lightbox-slideshow=\"6f37920\" data-elementor-lightbox-title=\"WhatsApp Image 2020-03-10 at 14.49.11\" data-e-action-hash=\"#elementor-action%3Aaction%3Dlightbox%26settings%3DeyJpZCI6MjIzMiwidXJsIjoiaHR0cHM6XC9cL3d3dy51ZnNtLmJyXC9hcHBcL3VwbG9hZHNcL3NpdGVzXC8yNjhcLzIwMjBcLzAzXC9XaGF0c0FwcC1JbWFnZS0yMDIwLTAzLTEwLWF0LTE0LjQ5LjExLmpwZWciLCJzbGlkZXNob3ciOiI2ZjM3OTIwIn0%3D\" href='https:\/\/www.ufsm.br\/app\/uploads\/sites\/268\/2020\/03\/WhatsApp-Image-2020-03-10-at-14.49.11.jpeg'><img loading=\"lazy\" decoding=\"async\" width=\"150\" height=\"150\" src=\"https:\/\/www.ufsm.br\/app\/uploads\/sites\/268\/2020\/03\/WhatsApp-Image-2020-03-10-at-14.49.11-150x150.jpeg\" class=\"attachment-thumbnail size-thumbnail\" alt=\"\" \/><\/a>\n\t\t\t<\/div><\/figure><figure class='gallery-item'>\n\t\t\t<div class='gallery-icon landscape'>\n\t\t\t\t<a data-elementor-open-lightbox=\"yes\" data-elementor-lightbox-slideshow=\"6f37920\" data-elementor-lightbox-title=\"WhatsApp Image 2020-03-10 at 14.49.10\" data-e-action-hash=\"#elementor-action%3Aaction%3Dlightbox%26settings%3DeyJpZCI6MjIzMSwidXJsIjoiaHR0cHM6XC9cL3d3dy51ZnNtLmJyXC9hcHBcL3VwbG9hZHNcL3NpdGVzXC8yNjhcLzIwMjBcLzAzXC9XaGF0c0FwcC1JbWFnZS0yMDIwLTAzLTEwLWF0LTE0LjQ5LjEwLmpwZWciLCJzbGlkZXNob3ciOiI2ZjM3OTIwIn0%3D\" href='https:\/\/www.ufsm.br\/app\/uploads\/sites\/268\/2020\/03\/WhatsApp-Image-2020-03-10-at-14.49.10.jpeg'><img loading=\"lazy\" decoding=\"async\" width=\"150\" height=\"150\" src=\"https:\/\/www.ufsm.br\/app\/uploads\/sites\/268\/2020\/03\/WhatsApp-Image-2020-03-10-at-14.49.10-150x150.jpeg\" class=\"attachment-thumbnail size-thumbnail\" alt=\"\" \/><\/a>\n\t\t\t<\/div><\/figure><figure class='gallery-item'>\n\t\t\t<div class='gallery-icon landscape'>\n\t\t\t\t<a data-elementor-open-lightbox=\"yes\" data-elementor-lightbox-slideshow=\"6f37920\" data-elementor-lightbox-title=\"IMG_20191112_162517944\" data-e-action-hash=\"#elementor-action%3Aaction%3Dlightbox%26settings%3DeyJpZCI6MjIzMCwidXJsIjoiaHR0cHM6XC9cL3d3dy51ZnNtLmJyXC9hcHBcL3VwbG9hZHNcL3NpdGVzXC8yNjhcLzIwMjBcLzAzXC9JTUdfMjAxOTExMTJfMTYyNTE3OTQ0LmpwZyIsInNsaWRlc2hvdyI6IjZmMzc5MjAifQ%3D%3D\" href='https:\/\/www.ufsm.br\/app\/uploads\/sites\/268\/2020\/03\/IMG_20191112_162517944.jpg'><img loading=\"lazy\" decoding=\"async\" width=\"150\" height=\"150\" src=\"https:\/\/www.ufsm.br\/app\/uploads\/sites\/268\/2020\/03\/IMG_20191112_162517944-150x150.jpg\" class=\"attachment-thumbnail size-thumbnail\" alt=\"\" \/><\/a>\n\t\t\t<\/div><\/figure><figure class='gallery-item'>\n\t\t\t<div class='gallery-icon landscape'>\n\t\t\t\t<a data-elementor-open-lightbox=\"yes\" data-elementor-lightbox-slideshow=\"6f37920\" data-elementor-lightbox-title=\"IMG_20191112_161405057\" data-e-action-hash=\"#elementor-action%3Aaction%3Dlightbox%26settings%3DeyJpZCI6MjIyOSwidXJsIjoiaHR0cHM6XC9cL3d3dy51ZnNtLmJyXC9hcHBcL3VwbG9hZHNcL3NpdGVzXC8yNjhcLzIwMjBcLzAzXC9JTUdfMjAxOTExMTJfMTYxNDA1MDU3LmpwZyIsInNsaWRlc2hvdyI6IjZmMzc5MjAifQ%3D%3D\" href='https:\/\/www.ufsm.br\/app\/uploads\/sites\/268\/2020\/03\/IMG_20191112_161405057.jpg'><img loading=\"lazy\" decoding=\"async\" width=\"150\" height=\"150\" src=\"https:\/\/www.ufsm.br\/app\/uploads\/sites\/268\/2020\/03\/IMG_20191112_161405057-150x150.jpg\" class=\"attachment-thumbnail size-thumbnail\" alt=\"\" \/><\/a>\n\t\t\t<\/div><\/figure><figure class='gallery-item'>\n\t\t\t<div class='gallery-icon landscape'>\n\t\t\t\t<a data-elementor-open-lightbox=\"yes\" data-elementor-lightbox-slideshow=\"6f37920\" data-elementor-lightbox-title=\"IMG_20191112_161350065\" data-e-action-hash=\"#elementor-action%3Aaction%3Dlightbox%26settings%3DeyJpZCI6MjIyOCwidXJsIjoiaHR0cHM6XC9cL3d3dy51ZnNtLmJyXC9hcHBcL3VwbG9hZHNcL3NpdGVzXC8yNjhcLzIwMjBcLzAzXC9JTUdfMjAxOTExMTJfMTYxMzUwMDY1LmpwZyIsInNsaWRlc2hvdyI6IjZmMzc5MjAifQ%3D%3D\" href='https:\/\/www.ufsm.br\/app\/uploads\/sites\/268\/2020\/03\/IMG_20191112_161350065.jpg'><img loading=\"lazy\" decoding=\"async\" width=\"150\" height=\"150\" src=\"https:\/\/www.ufsm.br\/app\/uploads\/sites\/268\/2020\/03\/IMG_20191112_161350065-150x150.jpg\" class=\"attachment-thumbnail size-thumbnail\" alt=\"\" \/><\/a>\n\t\t\t<\/div><\/figure><figure class='gallery-item'>\n\t\t\t<div class='gallery-icon landscape'>\n\t\t\t\t<a data-elementor-open-lightbox=\"yes\" data-elementor-lightbox-slideshow=\"6f37920\" data-elementor-lightbox-title=\"IMG_20191112_155149467\" data-e-action-hash=\"#elementor-action%3Aaction%3Dlightbox%26settings%3DeyJpZCI6MjIyNywidXJsIjoiaHR0cHM6XC9cL3d3dy51ZnNtLmJyXC9hcHBcL3VwbG9hZHNcL3NpdGVzXC8yNjhcLzIwMjBcLzAzXC9JTUdfMjAxOTExMTJfMTU1MTQ5NDY3LmpwZyIsInNsaWRlc2hvdyI6IjZmMzc5MjAifQ%3D%3D\" href='https:\/\/www.ufsm.br\/app\/uploads\/sites\/268\/2020\/03\/IMG_20191112_155149467.jpg'><img loading=\"lazy\" decoding=\"async\" width=\"150\" height=\"150\" src=\"https:\/\/www.ufsm.br\/app\/uploads\/sites\/268\/2020\/03\/IMG_20191112_155149467-150x150.jpg\" class=\"attachment-thumbnail size-thumbnail\" alt=\"\" \/><\/a>\n\t\t\t<\/div><\/figure><figure class='gallery-item'>\n\t\t\t<div class='gallery-icon landscape'>\n\t\t\t\t<a data-elementor-open-lightbox=\"yes\" data-elementor-lightbox-slideshow=\"6f37920\" data-elementor-lightbox-title=\"IMG_20191112_155144401\" data-e-action-hash=\"#elementor-action%3Aaction%3Dlightbox%26settings%3DeyJpZCI6MjIyNiwidXJsIjoiaHR0cHM6XC9cL3d3dy51ZnNtLmJyXC9hcHBcL3VwbG9hZHNcL3NpdGVzXC8yNjhcLzIwMjBcLzAzXC9JTUdfMjAxOTExMTJfMTU1MTQ0NDAxLmpwZyIsInNsaWRlc2hvdyI6IjZmMzc5MjAifQ%3D%3D\" href='https:\/\/www.ufsm.br\/app\/uploads\/sites\/268\/2020\/03\/IMG_20191112_155144401.jpg'><img loading=\"lazy\" decoding=\"async\" width=\"150\" height=\"150\" src=\"https:\/\/www.ufsm.br\/app\/uploads\/sites\/268\/2020\/03\/IMG_20191112_155144401-150x150.jpg\" class=\"attachment-thumbnail size-thumbnail\" alt=\"\" \/><\/a>\n\t\t\t<\/div><\/figure><figure class='gallery-item'>\n\t\t\t<div class='gallery-icon landscape'>\n\t\t\t\t<a data-elementor-open-lightbox=\"yes\" data-elementor-lightbox-slideshow=\"6f37920\" data-elementor-lightbox-title=\"IMG_20191112_153203356\" data-e-action-hash=\"#elementor-action%3Aaction%3Dlightbox%26settings%3DeyJpZCI6MjIyNSwidXJsIjoiaHR0cHM6XC9cL3d3dy51ZnNtLmJyXC9hcHBcL3VwbG9hZHNcL3NpdGVzXC8yNjhcLzIwMjBcLzAzXC9JTUdfMjAxOTExMTJfMTUzMjAzMzU2LmpwZyIsInNsaWRlc2hvdyI6IjZmMzc5MjAifQ%3D%3D\" href='https:\/\/www.ufsm.br\/app\/uploads\/sites\/268\/2020\/03\/IMG_20191112_153203356.jpg'><img loading=\"lazy\" decoding=\"async\" width=\"150\" height=\"150\" src=\"https:\/\/www.ufsm.br\/app\/uploads\/sites\/268\/2020\/03\/IMG_20191112_153203356-150x150.jpg\" class=\"attachment-thumbnail size-thumbnail\" alt=\"\" \/><\/a>\n\t\t\t<\/div><\/figure><figure class='gallery-item'>\n\t\t\t<div class='gallery-icon landscape'>\n\t\t\t\t<a data-elementor-open-lightbox=\"yes\" data-elementor-lightbox-slideshow=\"6f37920\" data-elementor-lightbox-title=\"IMG_20191112_153042914\" data-e-action-hash=\"#elementor-action%3Aaction%3Dlightbox%26settings%3DeyJpZCI6MjIyNCwidXJsIjoiaHR0cHM6XC9cL3d3dy51ZnNtLmJyXC9hcHBcL3VwbG9hZHNcL3NpdGVzXC8yNjhcLzIwMjBcLzAzXC9JTUdfMjAxOTExMTJfMTUzMDQyOTE0LmpwZyIsInNsaWRlc2hvdyI6IjZmMzc5MjAifQ%3D%3D\" href='https:\/\/www.ufsm.br\/app\/uploads\/sites\/268\/2020\/03\/IMG_20191112_153042914.jpg'><img loading=\"lazy\" decoding=\"async\" width=\"150\" height=\"150\" src=\"https:\/\/www.ufsm.br\/app\/uploads\/sites\/268\/2020\/03\/IMG_20191112_153042914-150x150.jpg\" class=\"attachment-thumbnail size-thumbnail\" alt=\"\" \/><\/a>\n\t\t\t<\/div><\/figure><figure class='gallery-item'>\n\t\t\t<div class='gallery-icon landscape'>\n\t\t\t\t<a data-elementor-open-lightbox=\"yes\" data-elementor-lightbox-slideshow=\"6f37920\" data-elementor-lightbox-title=\"IMG_20191112_153008398\" data-e-action-hash=\"#elementor-action%3Aaction%3Dlightbox%26settings%3DeyJpZCI6MjIyMywidXJsIjoiaHR0cHM6XC9cL3d3dy51ZnNtLmJyXC9hcHBcL3VwbG9hZHNcL3NpdGVzXC8yNjhcLzIwMjBcLzAzXC9JTUdfMjAxOTExMTJfMTUzMDA4Mzk4LmpwZyIsInNsaWRlc2hvdyI6IjZmMzc5MjAifQ%3D%3D\" href='https:\/\/www.ufsm.br\/app\/uploads\/sites\/268\/2020\/03\/IMG_20191112_153008398.jpg'><img loading=\"lazy\" decoding=\"async\" width=\"150\" height=\"150\" src=\"https:\/\/www.ufsm.br\/app\/uploads\/sites\/268\/2020\/03\/IMG_20191112_153008398-150x150.jpg\" class=\"attachment-thumbnail size-thumbnail\" alt=\"\" \/><\/a>\n\t\t\t<\/div><\/figure><figure class='gallery-item'>\n\t\t\t<div class='gallery-icon portrait'>\n\t\t\t\t<a data-elementor-open-lightbox=\"yes\" data-elementor-lightbox-slideshow=\"6f37920\" data-elementor-lightbox-title=\"IMG_20191112_150124805\" data-e-action-hash=\"#elementor-action%3Aaction%3Dlightbox%26settings%3DeyJpZCI6MjIyMiwidXJsIjoiaHR0cHM6XC9cL3d3dy51ZnNtLmJyXC9hcHBcL3VwbG9hZHNcL3NpdGVzXC8yNjhcLzIwMjBcLzAzXC9JTUdfMjAxOTExMTJfMTUwMTI0ODA1LmpwZyIsInNsaWRlc2hvdyI6IjZmMzc5MjAifQ%3D%3D\" href='https:\/\/www.ufsm.br\/app\/uploads\/sites\/268\/2020\/03\/IMG_20191112_150124805.jpg'><img loading=\"lazy\" decoding=\"async\" width=\"150\" height=\"150\" src=\"https:\/\/www.ufsm.br\/app\/uploads\/sites\/268\/2020\/03\/IMG_20191112_150124805-150x150.jpg\" class=\"attachment-thumbnail size-thumbnail\" alt=\"\" \/><\/a>\n\t\t\t<\/div><\/figure><figure class='gallery-item'>\n\t\t\t<div class='gallery-icon portrait'>\n\t\t\t\t<a data-elementor-open-lightbox=\"yes\" data-elementor-lightbox-slideshow=\"6f37920\" data-elementor-lightbox-title=\"IMG_20191112_150118627\" data-e-action-hash=\"#elementor-action%3Aaction%3Dlightbox%26settings%3DeyJpZCI6MjIyMSwidXJsIjoiaHR0cHM6XC9cL3d3dy51ZnNtLmJyXC9hcHBcL3VwbG9hZHNcL3NpdGVzXC8yNjhcLzIwMjBcLzAzXC9JTUdfMjAxOTExMTJfMTUwMTE4NjI3LmpwZyIsInNsaWRlc2hvdyI6IjZmMzc5MjAifQ%3D%3D\" href='https:\/\/www.ufsm.br\/app\/uploads\/sites\/268\/2020\/03\/IMG_20191112_150118627.jpg'><img loading=\"lazy\" decoding=\"async\" width=\"150\" height=\"150\" src=\"https:\/\/www.ufsm.br\/app\/uploads\/sites\/268\/2020\/03\/IMG_20191112_150118627-150x150.jpg\" class=\"attachment-thumbnail size-thumbnail\" alt=\"\" \/><\/a>\n\t\t\t<\/div><\/figure><figure class='gallery-item'>\n\t\t\t<div class='gallery-icon landscape'>\n\t\t\t\t<a data-elementor-open-lightbox=\"yes\" data-elementor-lightbox-slideshow=\"6f37920\" data-elementor-lightbox-title=\"IMG_20191112_145535785\" data-e-action-hash=\"#elementor-action%3Aaction%3Dlightbox%26settings%3DeyJpZCI6MjIyMCwidXJsIjoiaHR0cHM6XC9cL3d3dy51ZnNtLmJyXC9hcHBcL3VwbG9hZHNcL3NpdGVzXC8yNjhcLzIwMjBcLzAzXC9JTUdfMjAxOTExMTJfMTQ1NTM1Nzg1LmpwZyIsInNsaWRlc2hvdyI6IjZmMzc5MjAifQ%3D%3D\" href='https:\/\/www.ufsm.br\/app\/uploads\/sites\/268\/2020\/03\/IMG_20191112_145535785.jpg'><img loading=\"lazy\" decoding=\"async\" width=\"150\" height=\"150\" src=\"https:\/\/www.ufsm.br\/app\/uploads\/sites\/268\/2020\/03\/IMG_20191112_145535785-150x150.jpg\" class=\"attachment-thumbnail size-thumbnail\" alt=\"\" \/><\/a>\n\t\t\t<\/div><\/figure><figure class='gallery-item'>\n\t\t\t<div class='gallery-icon landscape'>\n\t\t\t\t<a data-elementor-open-lightbox=\"yes\" data-elementor-lightbox-slideshow=\"6f37920\" data-elementor-lightbox-title=\"IMG_20191112_142947129\" data-e-action-hash=\"#elementor-action%3Aaction%3Dlightbox%26settings%3DeyJpZCI6MjIxOCwidXJsIjoiaHR0cHM6XC9cL3d3dy51ZnNtLmJyXC9hcHBcL3VwbG9hZHNcL3NpdGVzXC8yNjhcLzIwMjBcLzAzXC9JTUdfMjAxOTExMTJfMTQyOTQ3MTI5LmpwZyIsInNsaWRlc2hvdyI6IjZmMzc5MjAifQ%3D%3D\" href='https:\/\/www.ufsm.br\/app\/uploads\/sites\/268\/2020\/03\/IMG_20191112_142947129.jpg'><img loading=\"lazy\" decoding=\"async\" width=\"150\" height=\"150\" src=\"https:\/\/www.ufsm.br\/app\/uploads\/sites\/268\/2020\/03\/IMG_20191112_142947129-150x150.jpg\" class=\"attachment-thumbnail size-thumbnail\" alt=\"\" \/><\/a>\n\t\t\t<\/div><\/figure><figure class='gallery-item'>\n\t\t\t<div class='gallery-icon landscape'>\n\t\t\t\t<a data-elementor-open-lightbox=\"yes\" data-elementor-lightbox-slideshow=\"6f37920\" data-elementor-lightbox-title=\"IMG_20191112_141541186_MP\" data-e-action-hash=\"#elementor-action%3Aaction%3Dlightbox%26settings%3DeyJpZCI6MjIxNywidXJsIjoiaHR0cHM6XC9cL3d3dy51ZnNtLmJyXC9hcHBcL3VwbG9hZHNcL3NpdGVzXC8yNjhcLzIwMjBcLzAzXC9JTUdfMjAxOTExMTJfMTQxNTQxMTg2X01QLmpwZyIsInNsaWRlc2hvdyI6IjZmMzc5MjAifQ%3D%3D\" href='https:\/\/www.ufsm.br\/app\/uploads\/sites\/268\/2020\/03\/IMG_20191112_141541186_MP.jpg'><img loading=\"lazy\" decoding=\"async\" width=\"150\" height=\"150\" src=\"https:\/\/www.ufsm.br\/app\/uploads\/sites\/268\/2020\/03\/IMG_20191112_141541186_MP-150x150.jpg\" class=\"attachment-thumbnail size-thumbnail\" alt=\"\" \/><\/a>\n\t\t\t<\/div><\/figure><figure class='gallery-item'>\n\t\t\t<div class='gallery-icon landscape'>\n\t\t\t\t<a data-elementor-open-lightbox=\"yes\" data-elementor-lightbox-slideshow=\"6f37920\" data-elementor-lightbox-title=\"IMG_20191112_141533421\" data-e-action-hash=\"#elementor-action%3Aaction%3Dlightbox%26settings%3DeyJpZCI6MjIxNSwidXJsIjoiaHR0cHM6XC9cL3d3dy51ZnNtLmJyXC9hcHBcL3VwbG9hZHNcL3NpdGVzXC8yNjhcLzIwMjBcLzAzXC9JTUdfMjAxOTExMTJfMTQxNTMzNDIxLmpwZyIsInNsaWRlc2hvdyI6IjZmMzc5MjAifQ%3D%3D\" href='https:\/\/www.ufsm.br\/app\/uploads\/sites\/268\/2020\/03\/IMG_20191112_141533421.jpg'><img loading=\"lazy\" decoding=\"async\" width=\"150\" height=\"150\" src=\"https:\/\/www.ufsm.br\/app\/uploads\/sites\/268\/2020\/03\/IMG_20191112_141533421-150x150.jpg\" class=\"attachment-thumbnail size-thumbnail\" alt=\"\" \/><\/a>\n\t\t\t<\/div><\/figure>\n\t\t<\/div>\n\t\t<\/div>\n\t\t\t\t<\/div>\n\t\t\t\t<\/div>\n\t\t\t\t\t<\/div>\n\t\t<\/div>\n\t\t\t\t\t<\/div>\n\t\t<\/section>\n\t\t\t\t<\/div>\n\t\t","protected":false},"excerpt":{"rendered":"","protected":false},"author":407,"featured_media":0,"parent":0,"menu_order":0,"comment_status":"closed","ping_status":"closed","template":"","meta":{"footnotes":""},"categories":[],"tags":[],"class_list":["post-2241","page","type-page","status-publish","hentry"],"acf":[],"_links":{"self":[{"href":"https:\/\/www.ufsm.br\/cursos\/graduacao\/cachoeira-do-sul\/engenharia-eletrica\/wp-json\/wp\/v2\/pages\/2241","targetHints":{"allow":["GET"]}}],"collection":[{"href":"https:\/\/www.ufsm.br\/cursos\/graduacao\/cachoeira-do-sul\/engenharia-eletrica\/wp-json\/wp\/v2\/pages"}],"about":[{"href":"https:\/\/www.ufsm.br\/cursos\/graduacao\/cachoeira-do-sul\/engenharia-eletrica\/wp-json\/wp\/v2\/types\/page"}],"author":[{"embeddable":true,"href":"https:\/\/www.ufsm.br\/cursos\/graduacao\/cachoeira-do-sul\/engenharia-eletrica\/wp-json\/wp\/v2\/users\/407"}],"replies":[{"embeddable":true,"href":"https:\/\/www.ufsm.br\/cursos\/graduacao\/cachoeira-do-sul\/engenharia-eletrica\/wp-json\/wp\/v2\/comments?post=2241"}],"version-history":[{"count":0,"href":"https:\/\/www.ufsm.br\/cursos\/graduacao\/cachoeira-do-sul\/engenharia-eletrica\/wp-json\/wp\/v2\/pages\/2241\/revisions"}],"wp:attachment":[{"href":"https:\/\/www.ufsm.br\/cursos\/graduacao\/cachoeira-do-sul\/engenharia-eletrica\/wp-json\/wp\/v2\/media?parent=2241"}],"wp:term":[{"taxonomy":"category","embeddable":true,"href":"https:\/\/www.ufsm.br\/cursos\/graduacao\/cachoeira-do-sul\/engenharia-eletrica\/wp-json\/wp\/v2\/categories?post=2241"},{"taxonomy":"post_tag","embeddable":true,"href":"https:\/\/www.ufsm.br\/cursos\/graduacao\/cachoeira-do-sul\/engenharia-eletrica\/wp-json\/wp\/v2\/tags?post=2241"}],"curies":[{"name":"wp","href":"https:\/\/api.w.org\/{rel}","templated":true}]}}